{"id":200,"date":"2016-09-22T12:08:47","date_gmt":"2016-09-22T10:08:47","guid":{"rendered":"http:\/\/grupo.us.es\/newiwpr\/?page_id=200"},"modified":"2017-12-18T12:54:22","modified_gmt":"2017-12-18T11:54:22","slug":"envejecimiento-activo","status":"publish","type":"page","link":"https:\/\/grupo.us.es\/iwpr\/biblioteca\/envejecimiento-activo\/","title":{"rendered":"Envejecimiento activo"},"content":{"rendered":"<p>En esta p\u00e1gina encontrar\u00e1s enlaces a documentos de inter\u00e9s sobre esta materia:<\/p>\n<p>&nbsp;<\/p>\n<ul>\n<li><strong>\u00a0 <a href=\"http:\/\/grupo.us.es\/iwpr\/wp-content\/uploads\/2017\/12\/JoseManuel.pdf\" target=\"_blank\" rel=\"noopener\">El tratamiento del empleo de los trabajadores maduros por parte de los poderes p\u00fablicos y de las pol\u00edticas empresariales de Recursos Humanos<\/a>, dirigido por Jos\u00e9 Manuel Morales Ortega y elaborado en el seno de este proyecto de investigaci\u00f3n, por investigadores adscritos al mismo.<\/strong><\/li>\n<\/ul>\n<p>&nbsp;<\/p>\n<ul>\n<li><strong><a href=\"http:\/\/www.eduardorojotorrecilla.es\/2017\/12\/reflexiones-generales-sobre-el-trabajo.html\">Reflexiones generales sobre el trabajo aut\u00f3nomo como posible, y limitada, v\u00eda de acceso al mercado laboral para los trabajadores de edad<\/a>, estudio de Eduardo Rojo Torrecilla<\/strong><\/li>\n<\/ul>\n<p>&nbsp;<\/p>\n<ul>\n<li class=\"Default\">\n<p class=\"Default\"><strong><span style=\"font-family: 'Times New Roman',serif;\"><a href=\"http:\/\/wp.me\/p7HIjh-cb\">\u201cEl retroceso en la protecci\u00f3n social de los trabajadores de edad en materia de desempleo y jubilaci\u00f3n\u201d<\/a>, estudio de Ricardo Esteban Legarreta Carolina Gala Dur\u00e1n, en el Anuario del Institut d\u2019Estudis del Treball (IET) 2016, vol.3\u00a0<\/span><\/strong><\/p>\n<\/li>\n<\/ul>\n<p>&nbsp;<\/p>\n<ul>\n<li class=\"Default\">\n<p class=\"Default\"><strong><span style=\"font-family: 'Times New Roman',serif;\">\u201c<a href=\"http:\/\/wp.me\/p7HIjh-c8\">La afectaci\u00f3n prioritaria de los trabajadores de mayor edad en el despido colectivo<\/a>\u201d, estudio de Xavier Sol\u00e0 i Monells en el Anuario del Institut d\u2019Estudis del Treball (IET) 2016, vol.3\u00a0<\/span><\/strong><\/p>\n<\/li>\n<\/ul>\n<p>&nbsp;<\/p>\n<ul>\n<li class=\"Default\">\n<p class=\"Default\"><strong><span style=\"font-family: 'Times New Roman',serif;\"><a href=\"http:\/\/wp.me\/p7HIjh-c4\">\u201cLa garant\u00eda de empleo de las personas de edad. Su concreci\u00f3n en el \u00e1mbito internacional y en la Uni\u00f3n Europea\u201d<\/a>, art\u00edculo de Francesc P\u00e9rez Amor\u00f3s &amp; Eduardo Rojo Torrecilla en el Anuario del Institut d\u2019Estudis del Treball (IET) 2016, vol.3\u00a0<\/span><\/strong><\/p>\n<\/li>\n<\/ul>\n<p>&nbsp;<\/p>\n<ul>\n<li><strong><a href=\"http:\/\/wp.me\/p7HIjh-be\">Mayores de 55 a\u00f1os en el mercado de trabajo espa\u00f1ol, informe de UGT<\/a>,\u00a0<\/strong><strong>informe de UGT<\/strong><\/li>\n<\/ul>\n<p>&nbsp;<\/p>\n<ul>\n<li><strong><a href=\"http:\/\/wp.me\/p7HIjh-3B\">Entre el mal menor y el da\u00f1o insostenible: el despido colectivo y los trabajadores de edad<\/a>, art\u00edculo de Miguel Rodr\u00edguez-Pi\u00f1ero Royo<\/strong><\/li>\n<\/ul>\n<p>&nbsp;<\/p>\n","protected":false},"excerpt":{"rendered":"<p>En esta p\u00e1gina encontrar\u00e1s enlaces a documentos de inter\u00e9s sobre esta materia: &nbsp; \u00a0 El tratamiento del empleo de los trabajadores maduros por parte de los poderes p\u00fablicos y de las pol\u00edticas empresariales de Recursos Humanos, dirigido por Jos\u00e9 Manuel Morales Ortega y elaborado en el seno de este proyecto de investigaci\u00f3n, por investigadores adscritos&#8230;<\/p>\n","protected":false},"author":1,"featured_media":0,"parent":47,"menu_order":3,"comment_status":"closed","ping_status":"closed","template":"","meta":{"jetpack_post_was_ever_published":false,"footnotes":""},"class_list":["post-200","page","type-page","status-publish","hentry"],"jetpack_shortlink":"https:\/\/wp.me\/P7HIjh-3e","jetpack-related-posts":[{"id":451,"url":"https:\/\/grupo.us.es\/iwpr\/envejecimiento-activo\/responsabilidad-social-y-trabajadores-maduros\/","url_meta":{"origin":200,"position":0},"title":"Responsabilidad Social y trabajadores maduros","author":"Fco. Javier Calvo Gallego","date":"15 diciembre, 2016","format":false,"excerpt":"Puedes acceder al contenido completo de este trabajo en el siguiente enlace\u00a0que te conducir\u00e1 al cap\u00edtulo: \u201cLa responsabilidad social y las personas de edad: un enfoque desde la gesti\u00f3n de los recursos humanos\u201d publicado dentro de la monograf\u00eda AAVV.,\u00a0 El tratamiento del empleo de los trabajadores maduros por parte de\u2026","rel":"","context":"Entrada similar","block_context":{"text":"Entrada similar","link":""},"img":{"alt_text":"","src":"","width":0,"height":0},"classes":[]},{"id":461,"url":"https:\/\/grupo.us.es\/iwpr\/envejecimiento-activo\/trabajadores-maduros-y-memorias-de-rse\/","url_meta":{"origin":200,"position":1},"title":"Trabajadores maduros y Memorias de RSE","author":"Fco. Javier Calvo Gallego","date":"15 diciembre, 2016","format":false,"excerpt":"Puedes acceder al contenido completo de este trabajo en el siguiente enlace\u00a0que te conducir\u00e1 al cap\u00edtulo: \u201cRecursos humanos, memorias de responsabilidad social, empresarial y trabajadores maduros\u201d publicado dentro de la monograf\u00eda AAVV.,\u00a0 El tratamiento del empleo de los trabajadores maduros por parte de los poderes p\u00fablicos y de las pol\u00edticas\u2026","rel":"","context":"Entrada similar","block_context":{"text":"Entrada similar","link":""},"img":{"alt_text":"","src":"","width":0,"height":0},"classes":[]},{"id":5579,"url":"https:\/\/grupo.us.es\/iwpr\/proyecto-segundo-aniversario-de-la-ley-riders\/","url_meta":{"origin":200,"position":2},"title":"PROYECTO SEGUNDO ANIVERSARIO DE LA LEY RIDERS","author":"Miguel Carlos Rodr\u00edguez-Pi\u00f1ero Royo","date":"28 diciembre, 2023","format":false,"excerpt":"\u00a0 \u00a0 IUSLABLOG, en colaboraci\u00f3n con la revista electr\u00f3nica \u201cTrabajo, persona, derecho, mercado\u201d, lanza la iniciativa \u201cProyecto: 2\u00ba Aniversario de la Ley Riders 2023\u201d. Se trata de un proyecto destinado a la valoraci\u00f3n de la Ley 12\/2021, de 28 de septiembre tras dos a\u00f1os de vigencia. Esta norma, no exenta\u2026","rel":"","context":"Entrada similar","block_context":{"text":"Entrada similar","link":""},"img":{"alt_text":"","src":"https:\/\/i0.wp.com\/grupo.us.es\/iwpr\/wp-content\/uploads\/2023\/12\/Imagen3-300x125.png?resize=350%2C200","width":350,"height":200},"classes":[]},{"id":457,"url":"https:\/\/grupo.us.es\/iwpr\/envejecimiento-activo\/la-edad-maxima-para-el-acceso-al-empleo\/","url_meta":{"origin":200,"position":3},"title":"La edad m\u00e1xima para el acceso al empleo","author":"Fco. Javier Calvo Gallego","date":"15 diciembre, 2016","format":false,"excerpt":"LA EDAD M\u00c1XIMA PARA ACCEDER A UN EMPLEO Y SU POSIBLE CAR\u00c1CTER DE CONDICI\u00d3N LABORAL DISCRIMINATORIA INJUSTA Puedes acceder al contenido completo de este trabajo en el siguiente enlace\u00a0que te conducir\u00e1 al cap\u00edtulo: \"La edad m\u00e1xima para acceder a un empleo y su posible car\u00e1cter de condici\u00f3n laboral discriminatoria injusta\"\u2026","rel":"","context":"Entrada similar","block_context":{"text":"Entrada similar","link":""},"img":{"alt_text":"","src":"","width":0,"height":0},"classes":[]},{"id":28,"url":"https:\/\/grupo.us.es\/iwpr\/blogs-personales\/miguel-carlos-rodriguez-pinero-royo\/","url_meta":{"origin":200,"position":4},"title":"Miguel Carlos Rodr\u00edguez-Pi\u00f1ero Royo","author":"Fco. Javier Calvo Gallego","date":"8 julio, 2016","format":false,"excerpt":"Miguel\u00a0 Rodr\u00edguez-Pi\u00f1ero Royo es Catedr\u00e1tico de Derecho del Trabajo y de la Seguridad Social de la Universidad de Sevilla. Imparte su docencia en la Facultad de Derecho y en la Facultad de Ciencias del Trabajo de la Universidad de Sevilla. Colabora con la firma legal PwC Tax & Legal Services\u2026","rel":"","context":"Entrada similar","block_context":{"text":"Entrada similar","link":""},"img":{"alt_text":"","src":"https:\/\/i0.wp.com\/grupo.us.es\/iwpr\/wp-content\/uploads\/2016\/07\/IMG_20171211_163633-225x300.jpg?resize=350%2C200","width":350,"height":200},"classes":[]},{"id":1061,"url":"https:\/\/grupo.us.es\/iwpr\/envejecimiento-activo\/incentivos-a-la-contratacion-de-las-personas-de-edad-avanzada\/","url_meta":{"origin":200,"position":5},"title":"Incentivos a la  contrataci\u00f3n de las personas de edad avanzada","author":"Fco. Javier Calvo Gallego","date":"20 diciembre, 2017","format":false,"excerpt":"Puedes acceder al contenido completo de este trabajo en el siguiente enlace\u00a0que te conducir\u00e1 al cap\u00edtulo: \u201cIncentivos a la contrataci\u00f3n de las personas de edad avanzada\u201d publicado dentro de la monograf\u00eda AAVV.,\u00a0 El tratamiento del empleo de los trabajadores maduros por parte de los poderes p\u00fablicos y de las pol\u00edticas\u2026","rel":"","context":"Entrada similar","block_context":{"text":"Entrada similar","link":""},"img":{"alt_text":"","src":"","width":0,"height":0},"classes":[]}],"jetpack_sharing_enabled":true,"_links":{"self":[{"href":"https:\/\/grupo.us.es\/iwpr\/wp-json\/wp\/v2\/pages\/200","targetHints":{"allow":["GET"]}}],"collection":[{"href":"https:\/\/grupo.us.es\/iwpr\/wp-json\/wp\/v2\/pages"}],"about":[{"href":"https:\/\/grupo.us.es\/iwpr\/wp-json\/wp\/v2\/types\/page"}],"author":[{"embeddable":true,"href":"https:\/\/grupo.us.es\/iwpr\/wp-json\/wp\/v2\/users\/1"}],"replies":[{"embeddable":true,"href":"https:\/\/grupo.us.es\/iwpr\/wp-json\/wp\/v2\/comments?post=200"}],"version-history":[{"count":0,"href":"https:\/\/grupo.us.es\/iwpr\/wp-json\/wp\/v2\/pages\/200\/revisions"}],"up":[{"embeddable":true,"href":"https:\/\/grupo.us.es\/iwpr\/wp-json\/wp\/v2\/pages\/47"}],"wp:attachment":[{"href":"https:\/\/grupo.us.es\/iwpr\/wp-json\/wp\/v2\/media?parent=200"}],"curies":[{"name":"wp","href":"https:\/\/api.w.org\/{rel}","templated":true}]}}