{"id":1611,"date":"2020-03-19T14:11:11","date_gmt":"2020-03-19T13:11:11","guid":{"rendered":"http:\/\/grupo.us.es\/newiwpr\/?page_id=1611"},"modified":"2020-03-31T18:46:39","modified_gmt":"2020-03-31T16:46:39","slug":"covid-19-y-derecho-social","status":"publish","type":"page","link":"https:\/\/grupo.us.es\/iwpr\/covid-19-y-derecho-social\/","title":{"rendered":"Covid-19 y Derecho Social"},"content":{"rendered":"<p style=\"text-align: justify;\">El 11 de marzo de 2020 la Organizaci\u00f3n Mundial de la Salud (OMS) declar\u00f3 el brote de COVID-19 como pandemia internacional y, posteriormente, el\u00a0 Real Decreto 463\/2020, de 14 de marzo procedi\u00f3 a declarar el estado de alarma para la gesti\u00f3n de la situaci\u00f3n de crisis sanitaria ocasionada por el mismo.<\/p>\n<p style=\"text-align: justify;\">En este contexto, absolutamente an\u00f3malo, se han ido sucediendo m\u00faltiples normas laborales y de protecci\u00f3n social, con una enorme importancia cuantitativa y cualitativa para la poblaci\u00f3n espa\u00f1ola y para cuyo conocimientos los medios tradicionales de estudio resultan ciertamente insuficientes.<\/p>\n<p style=\"text-align: justify;\">Por todo ello, los diversos proyectos de investigaci\u00f3n que se entrelazan en esta web consideramos parte de nuestra responsabilidad ofrecer alguna informaci\u00f3n, aunque sea de manera provisional y constantemente actualizada, sobre todas estas cuestiones, aunque, obviamente, en algunas ocasiones esta pueda ser, como decimos, provisional o insuficiente, m\u00e1xime ante el ritmo extraordinariamente acelerado en el que se encuentra este proceso.<\/p>\n<p style=\"text-align: justify;\">Con este fin, iremos publicando, diversos comentarios sobre las principales novedades relativas a los aspectos laborales y de protecci\u00f3n social de las siguientes normas:<\/p>\n<ul>\n<li><a href=\"https:\/\/www.boe.es\/buscar\/act.php?id=BOE-A-2020-3692&amp;tn=1&amp;p=20200314\" target=\"_blank\" rel=\"noopener noreferrer\">Real Decreto 463\/2020, de 14 de marzo, por el que se declara el estado de alarma para la gesti\u00f3n de la situaci\u00f3n de crisis sanitaria ocasionada por el COVID-19.<\/a>\n<ul>\n<li>\n<p class=\"documento-tit\"><a href=\"https:\/\/www.boe.es\/buscar\/act.php?id=BOE-A-2020-4155\" target=\"_blank\" rel=\"noopener noreferrer\">Real Decreto 476\/2020, de 27 de marzo, por el que se prorroga el estado de alarma declarado por el Real Decreto 463\/2020, de 14 de marzo, por el que se declara el estado de alarma para la gesti\u00f3n de la situaci\u00f3n de crisis sanitaria ocasionada por el COVID-19.<\/a><\/p>\n<\/li>\n<\/ul>\n<\/li>\n<li>\n<p class=\"documento-tit\"><a href=\"https:\/\/www.boe.es\/buscar\/act.php?id=BOE-A-2020-3434&amp;p=20200311&amp;tn=1#aq\" target=\"_blank\" rel=\"noopener noreferrer\">Real Decreto-ley 6\/2020, de 10 de marzo, por el que se adoptan determinadas medidas urgentes en el \u00e1mbito econ\u00f3mico y para la protecci\u00f3n de la salud p\u00fablica<\/a><\/p>\n<\/li>\n<li>\n<p class=\"documento-tit\"><a href=\"https:\/\/www.boe.es\/buscar\/act.php?id=BOE-A-2020-3580&amp;p=20200313&amp;tn=2\" target=\"_blank\" rel=\"noopener noreferrer\">Real Decreto-ley 7\/2020, de 12 de marzo, por el que se adoptan medidas urgentes para responder al impacto econ\u00f3mico del COVID-19<\/a><\/p>\n<\/li>\n<li><a href=\"https:\/\/www.boe.es\/boe\/dias\/2020\/03\/18\/pdfs\/BOE-A-2020-3824.pdf\" target=\"_blank\" rel=\"noopener noreferrer\">Real Decreto-ley 8\/2020, de 17 de marzo, de medidas urgentes extraordinarias para hacer frente al impacto econ\u00f3mico y social del COVID-19<\/a><\/li>\n<\/ul>\n<ul>\n<li>\n<p class=\"documento-tit\"><a href=\"https:\/\/www.boe.es\/buscar\/act.php?id=BOE-A-2020-4152\" target=\"_blank\" rel=\"noopener noreferrer\">Real Decreto-ley 9\/2020, de 27 de marzo, por el que se adoptan medidas complementarias, en el \u00e1mbito laboral, para paliar los efectos derivados del COVID-19<\/a>.<\/p>\n<\/li>\n<li>\n<p class=\"documento-tit\"><a href=\"https:\/\/www.boe.es\/buscar\/act.php?id=BOE-A-2020-4166\" target=\"_blank\" rel=\"noopener noreferrer\">Real Decreto-ley 10\/2020, de 29 de marzo, por el que se regula un permiso retribuido recuperable para las personas trabajadoras por cuenta ajena que no presten servicios esenciales, con el fin de reducir la movilidad de la poblaci\u00f3n en el contexto de la lucha contra el COVID-19<\/a><\/p>\n<\/li>\n<\/ul>\n<p>La estructura de estos estudios se articula como sigue:<\/p>\n<ul>\n<li><a href=\"http:\/\/grupo.us.es\/iwpr\/covid-19-y-derecho-social\/aspectos-laborales-del-r-d-463-2020\/\">Medidas contempladas en el Real Decreto\u00a0463\/2020, de 14 de marzo, por el que se declara el estado de alarma<\/a><\/li>\n<\/ul>\n<ul>\n<li><a href=\"http:\/\/grupo.us.es\/iwpr\/covid-19-y-derecho-social\/objetivos-y-principales-medidas-en-el-plano-laboral\/\">Objetivos y principales medidas en el plano laboral (RDL 8\/2020)<\/a><\/li>\n<\/ul>\n<ul>\n<li style=\"list-style-type: none;\">\n<ul>\n<li><a href=\"http:\/\/grupo.us.es\/iwpr\/covid-19-y-derecho-social\/objetivos-y-principales-medidas-en-el-plano-laboral\/expedientes-de-regulacion-temporal-de-empleo-erte\/\">Expedientes de regulaci\u00f3n temporal de empleo derivados del COVID-19<\/a><\/li>\n<li>\n<p class=\"entry-title\"><a href=\"http:\/\/grupo.us.es\/iwpr\/2020\/03\/30\/permiso-obligatorio-retribuido-pero-recuperable\/\" target=\"_blank\" rel=\"noopener noreferrer\">\u201cPermiso\u201d obligatorio, retribuido pero recuperable<\/a><\/p>\n<\/li>\n<li><a href=\"http:\/\/grupo.us.es\/iwpr\/covid-19-y-derecho-social\/objetivos-y-principales-medidas-en-el-plano-laboral\/covid-19-y-extincion-del-contrato-mucho-ruido-para-que-nueces\/\" target=\"_blank\" rel=\"noopener noreferrer\">Covid-19 y extinci\u00f3n del contrato de trabajo: mucho ruido para qu\u00e9 nueces\u2026<\/a><\/li>\n<\/ul>\n<\/li>\n<\/ul>\n<ul>\n<li style=\"list-style-type: none;\">\n<ul>\n<li><a href=\"http:\/\/grupo.us.es\/iwpr\/covid-19-y-derecho-social\/objetivos-y-principales-medidas-en-el-plano-laboral\/trabajo-a-distancia\/\">Car\u00e1cter preferente del trabajo a distancia<\/a><\/li>\n<\/ul>\n<\/li>\n<\/ul>\n<ul>\n<li style=\"list-style-type: none;\">\n<ul>\n<li><a href=\"http:\/\/grupo.us.es\/iwpr\/covid-19-y-derecho-social\/objetivos-y-principales-medidas-en-el-plano-laboral\/adaptacion-y-reduccion-de-jornada\/\" target=\"_blank\" rel=\"noopener noreferrer\">Derecho de adaptaci\u00f3n del horario y reducci\u00f3n de jornada<\/a><\/li>\n<\/ul>\n<\/li>\n<\/ul>\n<ul>\n<li style=\"list-style-type: none;\">\n<ul>\n<li><a href=\"http:\/\/grupo.us.es\/iwpr\/2020\/03\/31\/interrupcion-del-computo-de-la-duracion-maxima-de-los-contratos-temporales\/\" target=\"_blank\" rel=\"noopener noreferrer\">Pr\u00f3rroga de los contratos temporales<\/a><\/li>\n<\/ul>\n<\/li>\n<\/ul>\n<ul>\n<li><a href=\"http:\/\/grupo.us.es\/iwpr\/covid-19-y-derecho-social\/aspectos-de-seguridad-social\/\">Aspectos de Seguridad Social<\/a><\/li>\n<\/ul>\n<ul>\n<li style=\"list-style-type: none;\">\n<ul>\n<li><a href=\"http:\/\/grupo.us.es\/iwpr\/covid-19-y-derecho-social\/aspectos-de-seguridad-social\/incapacidad-temporal-y-covid-19\/\">El tratamiento de la Incapacidad Temporal<\/a><\/li>\n<li>\n<p class=\"articulo\"><a href=\"http:\/\/grupo.us.es\/iwpr\/covid-19-y-derecho-social\/aspectos-de-seguridad-social\/prestacion-extraordinaria-por-cese-de-actividad-y-cuotas-de-autonomos\/\" target=\"_blank\" rel=\"noopener noreferrer\">Prestaci\u00f3n extraordinaria por cese de actividad<\/a><\/p>\n<\/li>\n<li><a href=\"http:\/\/grupo.us.es\/iwpr\/covid-19-y-derecho-social\/aspectos-de-seguridad-social\/erte-y-seguridad-social\/\" target=\"_blank\" rel=\"noopener noreferrer\">ERTE y Seguridad Social<\/a>:<\/li>\n<\/ul>\n<\/li>\n<\/ul>\n<ul>\n<li style=\"list-style-type: none;\">\n<ul>\n<li style=\"list-style-type: none;\">\n<ul>\n<li><a href=\"http:\/\/grupo.us.es\/iwpr\/covid-19-y-derecho-social\/aspectos-de-seguridad-social\/erte-y-seguridad-social\/exoneracion-de-cotizacion-empresarial-en-los-erte-por-fuerza-mayor\/\" target=\"_blank\" rel=\"noopener noreferrer\">Medidas extraordinarias en materia de cotizaci\u00f3n en los ERTE por fuerza mayor<\/a><\/li>\n<li>\n<p class=\"articulo\"><a href=\"http:\/\/grupo.us.es\/iwpr\/covid-19-y-derecho-social\/aspectos-de-seguridad-social\/erte-y-seguridad-social\/desempleo-y-erte-medidas-extraordinarias\/\" target=\"_blank\" rel=\"noopener noreferrer\">Medidas extraordinarias en materia de protecci\u00f3n por desempleo<\/a><\/p>\n<\/li>\n<\/ul>\n<\/li>\n<\/ul>\n<\/li>\n<\/ul>\n<ul>\n<li style=\"list-style-type: none;\">\n<ul>\n<li><a href=\"http:\/\/grupo.us.es\/iwpr\/covid-19-y-derecho-social\/aspectos-de-seguridad-social\/otras-modificaciones-en-materia-de-desempleo-arts-26-a-28-rdl-8-2020\/\" target=\"_blank\" rel=\"noopener noreferrer\">Otras modificaciones en materia de desempleo (arts. 26 a 28 RDL 8\/2020)<\/a><\/li>\n<\/ul>\n<\/li>\n<\/ul>\n<ul>\n<li style=\"list-style-type: none;\">\n<ul>\n<li>\n<p class=\"entry-title\"><a href=\"http:\/\/grupo.us.es\/iwpr\/2020\/03\/28\/apuntes-de-urgencia-sobre-las-modificaciones-en-la-proteccion-por-desempleo-en-el-rd-ley-9-2020\/\" rel=\"bookmark\">Las Modificaciones En La Protecci\u00f3n Por Desempleo En El RD-Ley 9\/2020<\/a><\/p>\n<\/li>\n<\/ul>\n<\/li>\n<\/ul>\n<ul>\n<li style=\"list-style-type: none;\">\n<ul>\n<li>Otras normas de Seguridad Social (DA 3 RDL 8\/2020 y art. 13 Real Decreto-ley 7\/2020, de 12 de marzo)<\/li>\n<\/ul>\n<\/li>\n<\/ul>\n<ul>\n<li><a href=\"http:\/\/grupo.us.es\/iwpr\/2020\/03\/25\/ideas-para-gestionar-personas-durante-la-crisis-sanitaria\/\" target=\"_blank\" rel=\"noopener noreferrer\">Ideas para gestionar personas durante la crisis sanitaria<\/a><\/li>\n<\/ul>\n<p style=\"text-align: justify;\">Os rogamos que disculp\u00e9is las inevitables erratas y errores de un trabajo de urgencia como este. Os animamos, adem\u00e1s, a participar en el mismo mediante comentaros o sugerencias que intentaremos ir \u00absubiendo\u00bb conforme los vayamos recibiendo.<\/p>\n<h4>Documentos y estudios de inter\u00e9s<\/h4>\n<p>Adem\u00e1s de los documentos espec\u00edficos, se\u00f1alados en los distintos apartados de estos estudios, son de extraordinario inter\u00e9s los siguientes documentos en la red:<\/p>\n<ul>\n<li><a href=\"https:\/\/www.boe.es\/biblioteca_juridica\/codigos\/codigo.php?id=355\" target=\"_blank\" rel=\"noopener noreferrer\">C\u00f3digo elaborado por el BOE con las normas relativas a la \u00abCrisis sanitaria Covid-19<\/a><\/li>\n<\/ul>\n<ul>\n<li><a href=\"http:\/\/prensa.mitramiss.gob.es\/WebPrensa\/pdf\/guia_definitiva.pdf\" target=\"_blank\" rel=\"noopener noreferrer\">Gu\u00eda para la actuaci\u00f3n en el \u00e1mbito laboral en relaci\u00f3n al nuevo coronovirus<\/a>, Ministerio de Trabajo y Econom\u00eda Social<\/li>\n<\/ul>\n<ul>\n<li><a href=\"https:\/\/www.mscbs.gob.es\/profesionales\/saludPublica\/ccayes\/alertasActual\/nCov-China\/documentos\/Procedimiento_servicios_prevencion_riesgos_laborales_COVID-19.pdf\" target=\"_blank\" rel=\"noopener noreferrer\">Procedimiento de actuaci\u00f3n para los servicios de prevenci\u00f3n de riesgos laborales frente a la exposici\u00f3n al nuevo coronavirus (SARS-COV-2<\/a>),\u00a0 Ministerio de Sanidad, 5 de marzo de 2020.<\/li>\n<\/ul>\n<ul>\n<li><a href=\"https:\/\/www.mscbs.gob.es\/profesionales\/saludPublica\/ccayes\/alertasActual\/nCov-China\/documentos\/PrevencionRRLL_COVID-19.pdf\" target=\"_blank\" rel=\"noopener noreferrer\">Procedimiento de actuaci\u00f3n para los servicios de prevenci\u00f3n de riesgos laborales frente a la exposici\u00f3n al nuevo coronavirus (SARS-COV-2),<\/a>\u00a0 Ministerio de Sanidad, 26 de marzo de 2020.<\/li>\n<li>\n<p class=\"post-title entry-title\"><a href=\"http:\/\/jesuscruzvillalon.blogspot.com\/2020\/03\/efectos-laborales-de-la-declaracion-del.html\" target=\"_blank\" rel=\"noopener noreferrer\">Efectos laborales de la declaraci\u00f3n del estado de alarma<\/a>, del Pr. Dr. Jes\u00fas Cruz Villal\u00f3n<\/p>\n<\/li>\n<li>\n<p class=\"post-title entry-title\"><a href=\"https:\/\/baylos.blogspot.com\/2020\/03\/estado-de-alarma-sanitario-covid-19-y.html\" target=\"_blank\" rel=\"noopener noreferrer\">Estado de alarma sanitario, covid-19 y relaciones de trabajo<\/a> en el Blog Seg\u00fan Antonio Baylos<\/p>\n<\/li>\n<li>\n<p class=\"entry-title\"><a href=\"https:\/\/ignasibeltran.com\/2020\/03\/18\/sintesis-de-urgencia-del-rdley-8-2020-para-hacer-frente-al-impacto-del-covid-19\/\" rel=\"bookmark\">S\u00edntesis de urgencia del RDLey 8\/2020 para hacer frente al impacto del COVID-19<\/a> de Ignasi Beltran de Heredia Ruiz<\/p>\n<\/li>\n<li><a href=\"https:\/\/www.garrigues.com\/sites\/default\/files\/documents\/covid19_real_decreto-ley_82020_resumen_garrigues.pdf\" target=\"_blank\" rel=\"noopener noreferrer\">El Real Decreto-ley 8\/2020, de 17 de marzo, lanza medidas urgentes y extraordinarias para hacer frente al impacto econ\u00f3mico y social del COVID-19<\/a>, Garrigues<\/li>\n<\/ul>\n<ul>\n<li><a href=\"https:\/\/www.ugt.es\/sites\/default\/files\/propuestas_conjuntas_coronavirussindicato-empre_0.pdf\" target=\"_blank\" rel=\"noopener noreferrer\">Documento de propuestas conjuntas de las organizaciones sindicales. CCOO y UGT, y empresariales, CEOE y CEPYME, para abordar mediante medidas extraordinarias la problem\u00e1tica laboral generada por la incidencia del nuevo tipo de coronavirus<\/a><\/li>\n<\/ul>\n<ul>\n<li><a href=\"https:\/\/www.ugt.es\/sites\/default\/files\/infografia-coronavirus-2-v3-14032020.pdf\" target=\"_blank\" rel=\"noopener noreferrer\">Propuestas sindicales y empresariales para abordar la crisis del coronavirus<\/a><\/li>\n<\/ul>\n<ul>\n<li><a href=\"https:\/\/www.ugt.es\/sites\/default\/files\/informacion-sindical-basica-delegados-coronavirus.pdf\" target=\"_blank\" rel=\"noopener noreferrer\">Informaci\u00f3n sindical b\u00e1sica para delegados y delegadas de prevenci\u00f3n de riesgos laborales ante el coronavirus<\/a>, de UGT<\/li>\n<\/ul>\n<ul>\n<li><a href=\"https:\/\/www.ugt.es\/sites\/default\/files\/200313_preguntas_y_respuestas_coronavirus.pdf\" target=\"_blank\" rel=\"noopener noreferrer\">Listado de preguntas y respuestas m\u00e1s frecuentes elaborado por UGT<\/a><\/li>\n<\/ul>\n<ul>\n<li><a href=\"https:\/\/www.ugt.es\/sites\/default\/files\/analisis_y_contextos_rdl_8-2020.pdf\" target=\"_blank\" rel=\"noopener noreferrer\">Breve exposici\u00f3n y an\u00e1lisis de las medidas laborales del Real decreto-ley 8\/2020<\/a>, elaborado por el Servicio de Estudios de la Confederaci\u00f3n UGT de 18 de marzo de 2020.<\/li>\n<\/ul>\n<ul>\n<li><a href=\"https:\/\/madrid.ccoo.es\/\/b5322dcfd9d4690989308fe066d82a6a000045.pdf\" target=\"_blank\" rel=\"noopener noreferrer\">Gu\u00eda con las preguntas m\u00e1s frecuentes<\/a> preparada por CCOO.<\/li>\n<\/ul>\n<ul>\n<li><a href=\"https:\/\/www.corresponsables.com\/opinion\/ods8-rosariogomezalvarezdiaz-franciscogomezgarcia-departamentoeconomia-historiaeconomica-universidad-sevilla\" target=\"_blank\" rel=\"noopener noreferrer\">Pandemia y salida de la crisis econ\u00f3mica; \u00bfQu\u00e9 podemos aprender de la econom\u00eda del bienestar subjetivo y de la del bien com\u00fan?<\/a>, art\u00edculo de opini\u00f3n de\u00a0Rosario G\u00f3mez-\u00c1lvarez D\u00edaz y Francisco G\u00f3mez Garc\u00eda, Departamento de Econom\u00eda e Historia Econ\u00f3mica Universidad de Sevilla (@unisevilla)<\/li>\n<\/ul>\n","protected":false},"excerpt":{"rendered":"<p>El 11 de marzo de 2020 la Organizaci\u00f3n Mundial de la Salud (OMS) declar\u00f3 el brote de COVID-19 como pandemia internacional y, posteriormente, el\u00a0 Real Decreto 463\/2020, de 14 de marzo procedi\u00f3 a declarar el estado de alarma para la gesti\u00f3n de la situaci\u00f3n de crisis sanitaria ocasionada por el mismo. En este contexto, absolutamente&#8230;<\/p>\n","protected":false},"author":1,"featured_media":0,"parent":0,"menu_order":0,"comment_status":"open","ping_status":"closed","template":"","meta":{"jetpack_post_was_ever_published":false,"footnotes":""},"class_list":["post-1611","page","type-page","status-publish","hentry"],"jetpack_shortlink":"https:\/\/wp.me\/P7HIjh-pZ","jetpack-related-posts":[{"id":1669,"url":"https:\/\/grupo.us.es\/iwpr\/covid-19-y-derecho-social\/aspectos-de-seguridad-social\/incapacidad-temporal-y-covid-19\/","url_meta":{"origin":1611,"position":0},"title":"Incapacidad Temporal y COVID-19","author":"Fco. Javier Calvo Gallego","date":"19 marzo, 2020","format":false,"excerpt":"1. El tratamiento inicial y su encuadramiento en la enfermedad com\u00fan Inicialmente, tanto las bajas como las situaciones de aislamiento preventivo sufridos por los trabajadores como consecuencia del COVID-19 fueron considerados normalmente como causadas por enfermedad com\u00fan siguiendo el viejo criterio que la Direcci\u00f3n General de Ordenaci\u00f3n de la Seguridad\u2026","rel":"","context":"Entrada similar","block_context":{"text":"Entrada similar","link":""},"img":{"alt_text":"","src":"","width":0,"height":0},"classes":[]},{"id":1679,"url":"https:\/\/grupo.us.es\/iwpr\/covid-19-y-derecho-social\/aspectos-de-seguridad-social\/erte-y-seguridad-social\/","url_meta":{"origin":1611,"position":1},"title":"ERTE y Seguridad Social","author":"Fco. Javier Calvo Gallego","date":"20 marzo, 2020","format":false,"excerpt":"1. Fines y tipolog\u00eda de las medidas El intento del ejecutivo de convertir\u00a0 los ERTE en uno de los elementos centrales en la gesti\u00f3n empresarial de la pandemia provocada por el COVID-19, no solo ha conducido a una evidente aceleraci\u00f3n y agilizaci\u00f3n de su procedimiento administrativo -aspectos estos ya analizados\u2026","rel":"","context":"Entrada similar","block_context":{"text":"Entrada similar","link":""},"img":{"alt_text":"","src":"","width":0,"height":0},"classes":[]},{"id":1615,"url":"https:\/\/grupo.us.es\/iwpr\/covid-19-y-derecho-social\/objetivos-y-principales-medidas-en-el-plano-laboral\/","url_meta":{"origin":1611,"position":2},"title":"Objetivos y principales medidas en el plano laboral","author":"Fco. Javier Calvo Gallego","date":"19 marzo, 2020","format":false,"excerpt":"Objetivos y principales medidas en el plano laboral Las principales innovaciones laborales introducidas durante estos \u00faltimos d\u00edas como consecuencia de la pandemia del covid-19 se concretan en diversas normas introducidas por los Real Decreto-ley 8\/2020, de 17 de marzo y 9\/2020, de 27 de marzo, y que tienen, seguramente, dos\u2026","rel":"","context":"Entrada similar","block_context":{"text":"Entrada similar","link":""},"img":{"alt_text":"","src":"","width":0,"height":0},"classes":[]},{"id":1764,"url":"https:\/\/grupo.us.es\/iwpr\/covid-19-y-derecho-social\/aspectos-de-seguridad-social\/prestacion-extraordinaria-por-cese-de-actividad-y-cuotas-de-autonomos\/","url_meta":{"origin":1611,"position":3},"title":"Prestaci\u00f3n extraordinaria por cese de actividad y cuotas de aut\u00f3nomos","author":"Fco. Javier Calvo Gallego","date":"22 marzo, 2020","format":false,"excerpt":"La prestaci\u00f3n \u201cextraordinaria por cese de actividad\u201d de los trabajadores aut\u00f3nomo durante el Estado de Alarma (pendiente de actualizaci\u00f3n) Javier Calvo Gallego, Catedr\u00e1tico Universidad de Sevilla \u00a0 \u00a0 \u00a0 \u00a0 \u00a0 \u00a0 \u00a0 \u00a0 \u00a0 \u00a0 \u00a0 \u00a0 \u00a0 \u00a0 \u00a0 \u00a0 \u00a0 \u00a0 \u00a0 \u00a0 \u00a0 Juan Carlos \u00c1lvarez\u2026","rel":"","context":"Con 3 comentarios","block_context":{"text":"Con 3 comentarios","link":"https:\/\/grupo.us.es\/iwpr\/covid-19-y-derecho-social\/aspectos-de-seguridad-social\/prestacion-extraordinaria-por-cese-de-actividad-y-cuotas-de-autonomos\/#comments"},"img":{"alt_text":"","src":"","width":0,"height":0},"classes":[]},{"id":1620,"url":"https:\/\/grupo.us.es\/iwpr\/covid-19-y-derecho-social\/aspectos-laborales-del-r-d-463-2020\/","url_meta":{"origin":1611,"position":4},"title":"Aspectos laborales del RD. 463\/2020","author":"Fco. Javier Calvo Gallego","date":"19 marzo, 2020","format":false,"excerpt":"Medidas contempladas en el Real Decreto 463\/2020, de 14 de marzo, por el que se declara el estado de alarma 1. Sectores cuya actividad queda suspendida (y remisi\u00f3n a posibles ERTE por fuerza mayor y prestaciones extraordinarias de cese de actividad) En diversos preceptos del RD 463\/2020 se procede a\u2026","rel":"","context":"Entrada similar","block_context":{"text":"Entrada similar","link":""},"img":{"alt_text":"","src":"","width":0,"height":0},"classes":[]},{"id":1698,"url":"https:\/\/grupo.us.es\/iwpr\/covid-19-y-derecho-social\/aspectos-de-seguridad-social\/erte-y-seguridad-social\/exoneracion-de-cotizacion-empresarial-en-los-erte-por-fuerza-mayor\/","url_meta":{"origin":1611,"position":5},"title":"Exoneraci\u00f3n de cotizaci\u00f3n empresarial en los ERTE por fuerza mayor","author":"Fco. Javier Calvo Gallego","date":"20 marzo, 2020","format":false,"excerpt":"Desde una perspectiva empresarial, seguramente una de las medidas m\u00e1s incisivas e importantes a la hora de fomentar los ERTE ser\u00e1 la exoneraci\u00f3n tanto de la aportaci\u00f3n empresarial contemplada en el art.\u00a0273.2 LGSS\u00a0 como de las cuotas por recaudaci\u00f3n conjunta de los que es obligado este mismo sujeto -esto es,\u2026","rel":"","context":"Entrada similar","block_context":{"text":"Entrada similar","link":""},"img":{"alt_text":"","src":"","width":0,"height":0},"classes":[]}],"jetpack_sharing_enabled":true,"_links":{"self":[{"href":"https:\/\/grupo.us.es\/iwpr\/wp-json\/wp\/v2\/pages\/1611","targetHints":{"allow":["GET"]}}],"collection":[{"href":"https:\/\/grupo.us.es\/iwpr\/wp-json\/wp\/v2\/pages"}],"about":[{"href":"https:\/\/grupo.us.es\/iwpr\/wp-json\/wp\/v2\/types\/page"}],"author":[{"embeddable":true,"href":"https:\/\/grupo.us.es\/iwpr\/wp-json\/wp\/v2\/users\/1"}],"replies":[{"embeddable":true,"href":"https:\/\/grupo.us.es\/iwpr\/wp-json\/wp\/v2\/comments?post=1611"}],"version-history":[{"count":0,"href":"https:\/\/grupo.us.es\/iwpr\/wp-json\/wp\/v2\/pages\/1611\/revisions"}],"wp:attachment":[{"href":"https:\/\/grupo.us.es\/iwpr\/wp-json\/wp\/v2\/media?parent=1611"}],"curies":[{"name":"wp","href":"https:\/\/api.w.org\/{rel}","templated":true}]}}