{"id":15,"date":"2016-07-08T09:33:00","date_gmt":"2016-07-08T09:33:00","guid":{"rendered":"http:\/\/grupo.us.es\/newiwpr\/?page_id=15"},"modified":"2017-12-15T12:20:49","modified_gmt":"2017-12-15T11:20:49","slug":"pobreza-en-el-trabajo","status":"publish","type":"page","link":"https:\/\/grupo.us.es\/iwpr\/pobreza-en-el-trabajo\/","title":{"rendered":"Pobreza en el Trabajo"},"content":{"rendered":"<p>Como ya se\u00f1al\u00f3 en su momento el Plan Nacional de Acci\u00f3n para la Inclusi\u00f3n Social del Reino de Espa\u00f1a 2013-2016 la crisis econ\u00f3mica y los cambios estructurales de la econom\u00eda espa\u00f1ola han provocado, entre otros importantes efectos, la consolidaci\u00f3n de perfiles menos tradicionales de pobreza y exclusi\u00f3n social, como es el caso de los denominados trabajadores pobres.<\/p>\n<p>Se trata de un perfil preocupante no ya solo porque viene a contradecir la tradicional percepci\u00f3n de acuerdo con la cual la mejor v\u00eda para eludir la exclusi\u00f3n ser\u00eda el desarrollo de una actividad econ\u00f3mica -ya fuese esta por cuenta propia o ajena-, sino tambi\u00e9n por su llamativo crecimiento en nuestro pa\u00eds. De hecho, nos limitaremos aqu\u00ed a recordar c\u00f3mo, de acuerdo con los \u00faltimos datos -actualizados a julio de 2015- del Eurostat, la tasa de personas que estaban en riesgo de exclusi\u00f3n social o bajo el umbral relativo de la pobreza y cuya principal relaci\u00f3n con la actividad era la ocupaci\u00f3n habr\u00eda pasado en nuestro pa\u00eds del 12,8 en 2005 al 15 en 2014, situ\u00e1ndose siempre por encima de la media de los pa\u00edses de la zona euro.<\/p>\n<p>Partiendo de esta premisa, el presente proyecto pretende, en primer lugar, analizar por un lado la evoluci\u00f3n cuantitativa y cualitativa de esta categor\u00eda de ocupados que, como decimos, por la escasa intensidad laboral de sus hogares, o por sus bajos ingresos, corren el riesgo de quedar subsumidos, ya sea en el indicador europeo AROPE o en la categor\u00eda m\u00e1s difusa de working poor.<\/p>\n<p>En su primera anualidad el equipo multidisciplinar que conforma este proyecto realizar\u00e1, por un lado, un estudio sobre los distintos indicadores utilizables a estos efectos y su evoluci\u00f3n cuantitativa y cualitiva. Igualmente indagar\u00e1 en los factores jur\u00eddicos que han podido incidir en dicha evoluci\u00f3n, prestando una especial atenci\u00f3n a su posible impacto. Finalmente, el equipo de economistas analizar\u00e1n las principales caracter\u00edsticas de este colectivo, especialmente aquellos rasgos m\u00e1s relacionadas con su ocupabilidad, para la identificaci\u00f3n de grupos espec\u00edficos que pudieran requerir medidas y tratamiento que, a\u00fan personalizados, est\u00e9n dotados al mismo tiempo de la necesaria estandarizaci\u00f3n.<\/p>\n<ul>\n<li>En la segunda anualidad, los integrantes del proyecto abordar\u00e1n la delimitaci\u00f3n del tipo de ocupaci\u00f3n o empleo al que debieran dirigirse las transiciones y trayectorias de este colectivo. Partiendo de una concepci\u00f3n multidimensional de la calidad en el empleo, se identificar\u00e1n sus distintas \u00e1reas, lo que permitir\u00e1, no ya solo la posible elaboraci\u00f3n de un indicador sint\u00e9tico que logre delimitar su evoluci\u00f3n, sino tambi\u00e9n la realizaci\u00f3n de propuestas m\u00e1s amplias y omnicomprensivas de instrumentos normativos que faciliten las transiciones inclusivas.<\/li>\n<\/ul>\n<ul>\n<li>De hecho, la tercera anualidad estar\u00e1 dedicada a analizar e identificar estos instrumentos normativos. Y en este caso, creemos que el car\u00e1cter multidisciplinar de nuestro equipo ayudar\u00e1, por ejemplo, en la b\u00fasqueda de instrumentos formativos y de mejora del nivel de cualificaci\u00f3n de dichos ocupados; en la elaboraci\u00f3n de propuestas en relaci\u00f3n con las pol\u00edticas activas y la gesti\u00f3n de las mismas por parte de los SPE y otros entes colaboradores; en el dise\u00f1o de pol\u00edticas de apoyo al emprendimiento y a los aut\u00f3nomos (tema este en el que se colaborar\u00e1 con otro subproyecto \/Empleo 3.0) o, ya por \u00faltimo, de medidas laborales y de protecci\u00f3n social que reduzcan el riesgo de exclusi\u00f3n social y mejoren la calidad de su empleo y ocupaci\u00f3n.<\/li>\n<\/ul>\n<p>Puedes acceder al texto completo de la primera monograf\u00eda resultado de este proyecto,\u00a0<a href=\"http:\/\/grupo.us.es\/iwpr\/wp-content\/uploads\/2017\/12\/libro1.pdf\" rel=\"attachment wp-att-896\">Trabajadores pobres y pobreza en el trabajo. Concepto y evoluci\u00f3n de la pobreza en la ocupaci\u00f3n: el impacto de las \u00faltimas reformas legales <\/a>(dirigido por Fco Javier Calvo Gallego y M\u00aa. Rosario G\u00f3mez-\u00c1lvarez D\u00edaz), Editorial Laborum, Murcia, 2017,\u00a0ISBN: 978-84-946595-7-7\u00a0en el siguiente\u00a0<a href=\"http:\/\/grupo.us.es\/iwpr\/wp-content\/uploads\/2017\/12\/libro1.pdf\" target=\"_blank\" rel=\"attachment noopener wp-att-903\">enlace<\/a><\/p>\n","protected":false},"excerpt":{"rendered":"<p>Como ya se\u00f1al\u00f3 en su momento el Plan Nacional de Acci\u00f3n para la Inclusi\u00f3n Social del Reino de Espa\u00f1a 2013-2016 la crisis econ\u00f3mica y los cambios estructurales de la econom\u00eda espa\u00f1ola han provocado, entre otros importantes efectos, la consolidaci\u00f3n de perfiles menos tradicionales de pobreza y exclusi\u00f3n social, como es el caso de los denominados&#8230;<\/p>\n","protected":false},"author":1,"featured_media":0,"parent":0,"menu_order":0,"comment_status":"closed","ping_status":"closed","template":"","meta":{"jetpack_post_was_ever_published":false,"footnotes":""},"class_list":["post-15","page","type-page","status-publish","hentry"],"jetpack_shortlink":"https:\/\/wp.me\/P7HIjh-f","jetpack-related-posts":[{"id":348,"url":"https:\/\/grupo.us.es\/iwpr\/pobreza-en-el-trabajo\/introduccion\/","url_meta":{"origin":15,"position":0},"title":"Una primera aproximaci\u00f3n","author":"Fco. Javier Calvo Gallego","date":"30 noviembre, 2016","format":false,"excerpt":"Para acceder a este cap\u00edtulo,\u00a0 elaborado por el Pr. Dr. Fco. Javier Calvo Gallego, y publicado en la monograf\u00eda Trabajadores pobres y pobreza en la ocupaci\u00f3n: concepto y evoluci\u00f3n de la pobreza en la ocupaci\u00f3n: el impacto de las \u00faltimas reformas legales, (dir. Fco Javier Calvo Gallego, M.R. G\u00f3mez- \u00c1lvarez\u2026","rel":"","context":"Entrada similar","block_context":{"text":"Entrada similar","link":""},"img":{"alt_text":"","src":"","width":0,"height":0},"classes":[]},{"id":953,"url":"https:\/\/grupo.us.es\/iwpr\/pobreza-en-el-trabajo\/las-recientes-reformas-laborales-como-instrumento-de-politica-economica-y-su-impacto-sobre-algunas-condiciones-ligadas-a-la-pobreza-en-el-trabajo\/","url_meta":{"origin":15,"position":1},"title":"Las recientes reformas laborales como instrumento de pol\u00edtica econ\u00f3mica y su impacto sobre algunas condiciones ligadas a la pobreza en el trabajo","author":"Fco. Javier Calvo Gallego","date":"15 diciembre, 2017","format":false,"excerpt":"Para acceder a este cap\u00edtulo,\u00a0 elaborado por los Profesores Drs. Fco Javier Calvo Gallego y Miguel Carlos Rodr\u00edguez-Pi\u00f1ero Royo, y publicado en la monograf\u00eda Trabajadores pobres y pobreza en la ocupaci\u00f3n: concepto y evoluci\u00f3n de la pobreza en la ocupaci\u00f3n: el impacto de las \u00faltimas reformas legales, (dir. Fco Javier\u2026","rel":"","context":"Entrada similar","block_context":{"text":"Entrada similar","link":""},"img":{"alt_text":"","src":"","width":0,"height":0},"classes":[]},{"id":2431,"url":"https:\/\/grupo.us.es\/iwpr\/desigualdad-precariedad-y-exclusion-social-en-el-mercado-de-trabajo-del-siglo-xxi\/","url_meta":{"origin":15,"position":2},"title":"Desigualdad, precariedad y exclusi\u00f3n social en el mercado de trabajo del siglo XXI","author":"Fco. Javier Calvo Gallego","date":"23 septiembre, 2020","format":false,"excerpt":"Se trata de un Proyecto de Investigaci\u00f3n financiado con 17.000 euros por el Ministerio de Ciencia Innovaci\u00f3n y Universidades, enmarcado en el Plan Estatal 2017-2020 Retos - Proyectos I+D+i con referencia RTI2018-098794-B-C31 cuyos responsables son \u00a0Francisco Javier Calvo Gallego y\u00a0Miguel Rodr\u00edguez-Pi\u00f1ero Royo. Tiene una duraci\u00f3n de tres a\u00f1os, desde el\u2026","rel":"","context":"Entrada similar","block_context":{"text":"Entrada similar","link":""},"img":{"alt_text":"","src":"","width":0,"height":0},"classes":[]},{"id":451,"url":"https:\/\/grupo.us.es\/iwpr\/envejecimiento-activo\/responsabilidad-social-y-trabajadores-maduros\/","url_meta":{"origin":15,"position":3},"title":"Responsabilidad Social y trabajadores maduros","author":"Fco. Javier Calvo Gallego","date":"15 diciembre, 2016","format":false,"excerpt":"Puedes acceder al contenido completo de este trabajo en el siguiente enlace\u00a0que te conducir\u00e1 al cap\u00edtulo: \u201cLa responsabilidad social y las personas de edad: un enfoque desde la gesti\u00f3n de los recursos humanos\u201d publicado dentro de la monograf\u00eda AAVV.,\u00a0 El tratamiento del empleo de los trabajadores maduros por parte de\u2026","rel":"","context":"Entrada similar","block_context":{"text":"Entrada similar","link":""},"img":{"alt_text":"","src":"","width":0,"height":0},"classes":[]},{"id":3942,"url":"https:\/\/grupo.us.es\/iwpr\/proyecto-reforma-laboral-2021\/","url_meta":{"origin":15,"position":4},"title":"Proyecto Reforma Laboral 2021","author":"Admin","date":"3 diciembre, 2021","format":false,"excerpt":"IUSLABLOG, en colaboraci\u00f3n con la revista electr\u00f3nica \u201cTrabajo, persona, derecho, mercado\u201d, lanza la iniciativa \u201cProyecto Reforma Laboral 2021\u201d. Se trata de un proyecto destinado al an\u00e1lisis y la difusi\u00f3n del proceso de reforma. Colaboran con esta iniciativa el Grupo de Investigaci\u00f3n PAIDI SEJ-322 y el proyecto FEDER18-1264479 \u201cNuevas Causas y\u2026","rel":"","context":"Entrada similar","block_context":{"text":"Entrada similar","link":""},"img":{"alt_text":"","src":"","width":0,"height":0},"classes":[]},{"id":6020,"url":"https:\/\/grupo.us.es\/iwpr\/federico-pozo-cuevas\/","url_meta":{"origin":15,"position":5},"title":"Federico Pozo Cuevas","author":"Jaime Rom\u00e1n Lemos","date":"21 marzo, 2024","format":false,"excerpt":"Actualmente es profesor ayudante doctor en el Departamento de Sociolog\u00eda de la Universidad de Sevilla. Es licenciado en Sociolog\u00eda (Universidad Complutense de Madrid -UCM-), Doctor (Universidad Pablo de Olavide -UPO-) y cuenta con estudios de especializaci\u00f3n en Evaluaci\u00f3n de programas y pol\u00edticas p\u00fablicas (UCM). Desarrolla una carrera profesional de m\u00e1s\u2026","rel":"","context":"Entrada similar","block_context":{"text":"Entrada similar","link":""},"img":{"alt_text":"","src":"https:\/\/i0.wp.com\/grupo.us.es\/iwpr\/wp-content\/uploads\/2024\/03\/Federico-Pozo-Cuevas-211x300.png?resize=350%2C200","width":350,"height":200},"classes":[]}],"jetpack_sharing_enabled":true,"_links":{"self":[{"href":"https:\/\/grupo.us.es\/iwpr\/wp-json\/wp\/v2\/pages\/15","targetHints":{"allow":["GET"]}}],"collection":[{"href":"https:\/\/grupo.us.es\/iwpr\/wp-json\/wp\/v2\/pages"}],"about":[{"href":"https:\/\/grupo.us.es\/iwpr\/wp-json\/wp\/v2\/types\/page"}],"author":[{"embeddable":true,"href":"https:\/\/grupo.us.es\/iwpr\/wp-json\/wp\/v2\/users\/1"}],"replies":[{"embeddable":true,"href":"https:\/\/grupo.us.es\/iwpr\/wp-json\/wp\/v2\/comments?post=15"}],"version-history":[{"count":1,"href":"https:\/\/grupo.us.es\/iwpr\/wp-json\/wp\/v2\/pages\/15\/revisions"}],"predecessor-version":[{"id":7075,"href":"https:\/\/grupo.us.es\/iwpr\/wp-json\/wp\/v2\/pages\/15\/revisions\/7075"}],"wp:attachment":[{"href":"https:\/\/grupo.us.es\/iwpr\/wp-json\/wp\/v2\/media?parent=15"}],"curies":[{"name":"wp","href":"https:\/\/api.w.org\/{rel}","templated":true}]}}