

{"id":1463,"date":"2025-12-19T18:47:33","date_gmt":"2025-12-19T17:47:33","guid":{"rendered":"https:\/\/grupo.us.es\/iroacamm\/?page_id=1463"},"modified":"2025-12-22T09:51:10","modified_gmt":"2025-12-22T08:51:10","slug":"reyes-leon-vergara","status":"publish","type":"page","link":"https:\/\/grupo.us.es\/iroacamm\/reyes-leon-vergara\/","title":{"rendered":"Reyes Le\u00f3n-Vergara"},"content":{"rendered":"\t\t<div data-elementor-type=\"wp-page\" data-elementor-id=\"1463\" class=\"elementor elementor-1463\">\n\t\t\t\t<div class=\"elementor-element elementor-element-9f7c227 e-flex e-con-boxed e-con e-parent\" data-id=\"9f7c227\" data-element_type=\"container\">\n\t\t\t\t\t<div class=\"e-con-inner\">\n\t\t\t\t<div class=\"elementor-element elementor-element-8c8a0a9 elementor-widget elementor-widget-spacer\" data-id=\"8c8a0a9\" data-element_type=\"widget\" data-widget_type=\"spacer.default\">\n\t\t\t\t<div class=\"elementor-widget-container\">\n\t\t\t\t\t\t\t<div class=\"elementor-spacer\">\n\t\t\t<div class=\"elementor-spacer-inner\"><\/div>\n\t\t<\/div>\n\t\t\t\t\t\t<\/div>\n\t\t\t\t<\/div>\n\t\t\t\t\t<\/div>\n\t\t\t\t<\/div>\n\t\t<div class=\"elementor-element elementor-element-e52e969 e-flex e-con-boxed e-con e-parent\" data-id=\"e52e969\" data-element_type=\"container\">\n\t\t\t\t\t<div class=\"e-con-inner\">\n\t\t<div class=\"elementor-element elementor-element-bde652d e-con-full e-flex e-con e-child\" data-id=\"bde652d\" data-element_type=\"container\">\n\t\t\t\t<div class=\"elementor-element elementor-element-7585cab elementor-widget elementor-widget-image\" data-id=\"7585cab\" data-element_type=\"widget\" data-widget_type=\"image.default\">\n\t\t\t\t<div class=\"elementor-widget-container\">\n\t\t\t\t\t\t\t\t\t\t\t\t\t\t\t<img fetchpriority=\"high\" decoding=\"async\" width=\"1378\" height=\"1378\" src=\"https:\/\/grupo.us.es\/iroacamm\/wp-content\/uploads\/2025\/12\/rlv.jpg\" class=\"attachment-full size-full wp-image-1458\" alt=\"\" srcset=\"https:\/\/grupo.us.es\/iroacamm\/wp-content\/uploads\/2025\/12\/rlv.jpg 1378w, https:\/\/grupo.us.es\/iroacamm\/wp-content\/uploads\/2025\/12\/rlv-300x300.jpg 300w, https:\/\/grupo.us.es\/iroacamm\/wp-content\/uploads\/2025\/12\/rlv-1024x1024.jpg 1024w, https:\/\/grupo.us.es\/iroacamm\/wp-content\/uploads\/2025\/12\/rlv-150x150.jpg 150w, https:\/\/grupo.us.es\/iroacamm\/wp-content\/uploads\/2025\/12\/rlv-768x768.jpg 768w\" sizes=\"(max-width: 1378px) 100vw, 1378px\" \/>\t\t\t\t\t\t\t\t\t\t\t\t\t\t\t<\/div>\n\t\t\t\t<\/div>\n\t\t\t\t<div class=\"elementor-element elementor-element-890f5a5 elementor-hidden-desktop elementor-widget elementor-widget-heading\" data-id=\"890f5a5\" data-element_type=\"widget\" data-widget_type=\"heading.default\">\n\t\t\t\t<div class=\"elementor-widget-container\">\n\t\t\t\t\t<h4 class=\"elementor-heading-title elementor-size-default\">Ph.D. st. Reyes Le\u00f3n-Vergara<\/h4>\t\t\t\t<\/div>\n\t\t\t\t<\/div>\n\t\t\t\t<div class=\"elementor-element elementor-element-215d987 elementor-widget elementor-widget-heading\" data-id=\"215d987\" data-element_type=\"widget\" data-widget_type=\"heading.default\">\n\t\t\t\t<div class=\"elementor-widget-container\">\n\t\t\t\t\t<h4 class=\"elementor-heading-title elementor-size-default\">Profesora asociada<\/h4>\t\t\t\t<\/div>\n\t\t\t\t<\/div>\n\t\t\t\t<div class=\"elementor-element elementor-element-51ea740 elementor-widget elementor-widget-heading\" data-id=\"51ea740\" data-element_type=\"widget\" data-widget_type=\"heading.default\">\n\t\t\t\t<div class=\"elementor-widget-container\">\n\t\t\t\t\t<h5 class=\"elementor-heading-title elementor-size-default\">UNIVERSITAT OBERTA DE CATALUNYA<\/h5>\t\t\t\t<\/div>\n\t\t\t\t<\/div>\n\t\t\t\t<div class=\"elementor-element elementor-element-0f23a87 elementor-widget elementor-widget-text-editor\" data-id=\"0f23a87\" data-element_type=\"widget\" data-widget_type=\"text-editor.default\">\n\t\t\t\t<div class=\"elementor-widget-container\">\n\t\t\t\t\t\t\t\t\t<p><a href=\"mailto:mleonve@uoc.edu\" target=\"_blank\" rel=\"noopener\">mleonve@uoc.edu<\/a><\/p>\t\t\t\t\t\t\t\t<\/div>\n\t\t\t\t<\/div>\n\t\t\t\t<div class=\"elementor-element elementor-element-ca7965f elementor-widget elementor-widget-spacer\" data-id=\"ca7965f\" data-element_type=\"widget\" data-widget_type=\"spacer.default\">\n\t\t\t\t<div class=\"elementor-widget-container\">\n\t\t\t\t\t\t\t<div class=\"elementor-spacer\">\n\t\t\t<div class=\"elementor-spacer-inner\"><\/div>\n\t\t<\/div>\n\t\t\t\t\t\t<\/div>\n\t\t\t\t<\/div>\n\t\t<div class=\"elementor-element elementor-element-978b3da e-grid e-con-full e-con e-child\" data-id=\"978b3da\" data-element_type=\"container\">\n\t\t\t\t<div class=\"elementor-element elementor-element-a16edc5 e-transform elementor-hidden-desktop elementor-hidden-tablet elementor-hidden-mobile elementor-widget elementor-widget-image\" data-id=\"a16edc5\" data-element_type=\"widget\" data-settings=\"{&quot;_transform_scale_effect_hover&quot;:{&quot;unit&quot;:&quot;px&quot;,&quot;size&quot;:1.1,&quot;sizes&quot;:[]},&quot;_transform_scale_effect_hover_tablet&quot;:{&quot;unit&quot;:&quot;px&quot;,&quot;size&quot;:&quot;&quot;,&quot;sizes&quot;:[]},&quot;_transform_scale_effect_hover_mobile&quot;:{&quot;unit&quot;:&quot;px&quot;,&quot;size&quot;:&quot;&quot;,&quot;sizes&quot;:[]}}\" data-widget_type=\"image.default\">\n\t\t\t\t<div class=\"elementor-widget-container\">\n\t\t\t\t\t\t\t\t\t\t\t\t\t\t\t<img decoding=\"async\" width=\"1024\" height=\"1024\" src=\"https:\/\/grupo.us.es\/iroacamm\/wp-content\/uploads\/2025\/12\/ORCID_iD.svg.png\" class=\"attachment-large size-large wp-image-1355\" alt=\"\" srcset=\"https:\/\/grupo.us.es\/iroacamm\/wp-content\/uploads\/2025\/12\/ORCID_iD.svg.png 1024w, https:\/\/grupo.us.es\/iroacamm\/wp-content\/uploads\/2025\/12\/ORCID_iD.svg-300x300.png 300w, https:\/\/grupo.us.es\/iroacamm\/wp-content\/uploads\/2025\/12\/ORCID_iD.svg-150x150.png 150w, https:\/\/grupo.us.es\/iroacamm\/wp-content\/uploads\/2025\/12\/ORCID_iD.svg-768x768.png 768w\" sizes=\"(max-width: 1024px) 100vw, 1024px\" \/>\t\t\t\t\t\t\t\t\t\t\t\t\t\t\t<\/div>\n\t\t\t\t<\/div>\n\t\t\t\t<div class=\"elementor-element elementor-element-390e262 e-transform elementor-hidden-desktop elementor-hidden-tablet elementor-hidden-mobile elementor-widget elementor-widget-image\" data-id=\"390e262\" data-element_type=\"widget\" data-settings=\"{&quot;_transform_scale_effect_hover&quot;:{&quot;unit&quot;:&quot;px&quot;,&quot;size&quot;:1.1,&quot;sizes&quot;:[]},&quot;_transform_scale_effect_hover_tablet&quot;:{&quot;unit&quot;:&quot;px&quot;,&quot;size&quot;:&quot;&quot;,&quot;sizes&quot;:[]},&quot;_transform_scale_effect_hover_mobile&quot;:{&quot;unit&quot;:&quot;px&quot;,&quot;size&quot;:&quot;&quot;,&quot;sizes&quot;:[]}}\" data-widget_type=\"image.default\">\n\t\t\t\t<div class=\"elementor-widget-container\">\n\t\t\t\t\t\t\t\t\t\t\t\t\t\t\t<img decoding=\"async\" width=\"225\" height=\"225\" src=\"https:\/\/grupo.us.es\/iroacamm\/wp-content\/uploads\/2025\/12\/wos-removebg-preview.png\" class=\"attachment-large size-large wp-image-1361\" alt=\"\" srcset=\"https:\/\/grupo.us.es\/iroacamm\/wp-content\/uploads\/2025\/12\/wos-removebg-preview.png 225w, https:\/\/grupo.us.es\/iroacamm\/wp-content\/uploads\/2025\/12\/wos-removebg-preview-150x150.png 150w\" sizes=\"(max-width: 225px) 100vw, 225px\" \/>\t\t\t\t\t\t\t\t\t\t\t\t\t\t\t<\/div>\n\t\t\t\t<\/div>\n\t\t\t\t<div class=\"elementor-element elementor-element-ef76aaa e-transform elementor-hidden-desktop elementor-hidden-tablet elementor-hidden-mobile elementor-widget elementor-widget-image\" data-id=\"ef76aaa\" data-element_type=\"widget\" data-settings=\"{&quot;_transform_scale_effect_hover&quot;:{&quot;unit&quot;:&quot;px&quot;,&quot;size&quot;:1.1,&quot;sizes&quot;:[]},&quot;_transform_scale_effect_hover_tablet&quot;:{&quot;unit&quot;:&quot;px&quot;,&quot;size&quot;:&quot;&quot;,&quot;sizes&quot;:[]},&quot;_transform_scale_effect_hover_mobile&quot;:{&quot;unit&quot;:&quot;px&quot;,&quot;size&quot;:&quot;&quot;,&quot;sizes&quot;:[]}}\" data-widget_type=\"image.default\">\n\t\t\t\t<div class=\"elementor-widget-container\">\n\t\t\t\t\t\t\t\t\t\t\t\t\t\t\t<img loading=\"lazy\" decoding=\"async\" width=\"256\" height=\"256\" src=\"https:\/\/grupo.us.es\/iroacamm\/wp-content\/uploads\/2025\/12\/descarga.png\" class=\"attachment-large size-large wp-image-1363\" alt=\"\" srcset=\"https:\/\/grupo.us.es\/iroacamm\/wp-content\/uploads\/2025\/12\/descarga.png 256w, https:\/\/grupo.us.es\/iroacamm\/wp-content\/uploads\/2025\/12\/descarga-150x150.png 150w\" sizes=\"(max-width: 256px) 100vw, 256px\" \/>\t\t\t\t\t\t\t\t\t\t\t\t\t\t\t<\/div>\n\t\t\t\t<\/div>\n\t\t\t\t<div class=\"elementor-element elementor-element-6dfbe41 e-transform elementor-hidden-desktop elementor-hidden-tablet elementor-hidden-mobile elementor-widget elementor-widget-image\" data-id=\"6dfbe41\" data-element_type=\"widget\" data-settings=\"{&quot;_transform_scale_effect_hover&quot;:{&quot;unit&quot;:&quot;px&quot;,&quot;size&quot;:1.1,&quot;sizes&quot;:[]},&quot;_transform_scale_effect_hover_tablet&quot;:{&quot;unit&quot;:&quot;px&quot;,&quot;size&quot;:&quot;&quot;,&quot;sizes&quot;:[]},&quot;_transform_scale_effect_hover_mobile&quot;:{&quot;unit&quot;:&quot;px&quot;,&quot;size&quot;:&quot;&quot;,&quot;sizes&quot;:[]}}\" data-widget_type=\"image.default\">\n\t\t\t\t<div class=\"elementor-widget-container\">\n\t\t\t\t\t\t\t\t\t\t\t\t\t\t\t<img loading=\"lazy\" decoding=\"async\" width=\"400\" height=\"400\" src=\"https:\/\/grupo.us.es\/iroacamm\/wp-content\/uploads\/2025\/12\/dialnet-logo.png\" class=\"attachment-large size-large wp-image-1362\" alt=\"\" srcset=\"https:\/\/grupo.us.es\/iroacamm\/wp-content\/uploads\/2025\/12\/dialnet-logo.png 400w, https:\/\/grupo.us.es\/iroacamm\/wp-content\/uploads\/2025\/12\/dialnet-logo-300x300.png 300w, https:\/\/grupo.us.es\/iroacamm\/wp-content\/uploads\/2025\/12\/dialnet-logo-150x150.png 150w\" sizes=\"(max-width: 400px) 100vw, 400px\" \/>\t\t\t\t\t\t\t\t\t\t\t\t\t\t\t<\/div>\n\t\t\t\t<\/div>\n\t\t\t\t<div class=\"elementor-element elementor-element-aa16368 e-transform elementor-widget elementor-widget-image\" data-id=\"aa16368\" data-element_type=\"widget\" data-settings=\"{&quot;_transform_scale_effect_hover&quot;:{&quot;unit&quot;:&quot;px&quot;,&quot;size&quot;:1.1,&quot;sizes&quot;:[]},&quot;_transform_scale_effect_hover_tablet&quot;:{&quot;unit&quot;:&quot;px&quot;,&quot;size&quot;:&quot;&quot;,&quot;sizes&quot;:[]},&quot;_transform_scale_effect_hover_mobile&quot;:{&quot;unit&quot;:&quot;px&quot;,&quot;size&quot;:&quot;&quot;,&quot;sizes&quot;:[]}}\" data-widget_type=\"image.default\">\n\t\t\t\t<div class=\"elementor-widget-container\">\n\t\t\t\t\t\t\t\t\t\t\t\t\t\t\t\t<a href=\"https:\/\/scholar.google.com\/citations?user=ce2LwY8AAAAJ&#038;hl=es\" target=\"_blank\">\n\t\t\t\t\t\t\t<img loading=\"lazy\" decoding=\"async\" width=\"1024\" height=\"1024\" src=\"https:\/\/grupo.us.es\/iroacamm\/wp-content\/uploads\/2025\/12\/Google_Scholar_logo.svg-1024x1024.png\" class=\"attachment-large size-large wp-image-1360\" alt=\"\" srcset=\"https:\/\/grupo.us.es\/iroacamm\/wp-content\/uploads\/2025\/12\/Google_Scholar_logo.svg-1024x1024.png 1024w, https:\/\/grupo.us.es\/iroacamm\/wp-content\/uploads\/2025\/12\/Google_Scholar_logo.svg-300x300.png 300w, https:\/\/grupo.us.es\/iroacamm\/wp-content\/uploads\/2025\/12\/Google_Scholar_logo.svg-150x150.png 150w, https:\/\/grupo.us.es\/iroacamm\/wp-content\/uploads\/2025\/12\/Google_Scholar_logo.svg-768x768.png 768w, https:\/\/grupo.us.es\/iroacamm\/wp-content\/uploads\/2025\/12\/Google_Scholar_logo.svg.png 1200w\" sizes=\"(max-width: 1024px) 100vw, 1024px\" \/>\t\t\t\t\t\t\t\t<\/a>\n\t\t\t\t\t\t\t\t\t\t\t\t\t\t\t<\/div>\n\t\t\t\t<\/div>\n\t\t\t\t<div class=\"elementor-element elementor-element-74a7ead e-transform elementor-hidden-desktop elementor-hidden-tablet elementor-hidden-mobile elementor-widget elementor-widget-image\" data-id=\"74a7ead\" data-element_type=\"widget\" data-settings=\"{&quot;_transform_scale_effect_hover&quot;:{&quot;unit&quot;:&quot;px&quot;,&quot;size&quot;:1.1,&quot;sizes&quot;:[]},&quot;_transform_scale_effect_hover_tablet&quot;:{&quot;unit&quot;:&quot;px&quot;,&quot;size&quot;:&quot;&quot;,&quot;sizes&quot;:[]},&quot;_transform_scale_effect_hover_mobile&quot;:{&quot;unit&quot;:&quot;px&quot;,&quot;size&quot;:&quot;&quot;,&quot;sizes&quot;:[]}}\" data-widget_type=\"image.default\">\n\t\t\t\t<div class=\"elementor-widget-container\">\n\t\t\t\t\t\t\t\t\t\t\t\t\t\t\t<img loading=\"lazy\" decoding=\"async\" width=\"1024\" height=\"1024\" src=\"https:\/\/grupo.us.es\/iroacamm\/wp-content\/uploads\/2025\/12\/ResearchGate_icon_SVG.svg-1024x1024.png\" class=\"attachment-large size-large wp-image-1358\" alt=\"\" srcset=\"https:\/\/grupo.us.es\/iroacamm\/wp-content\/uploads\/2025\/12\/ResearchGate_icon_SVG.svg-1024x1024.png 1024w, https:\/\/grupo.us.es\/iroacamm\/wp-content\/uploads\/2025\/12\/ResearchGate_icon_SVG.svg-300x300.png 300w, https:\/\/grupo.us.es\/iroacamm\/wp-content\/uploads\/2025\/12\/ResearchGate_icon_SVG.svg-150x150.png 150w, https:\/\/grupo.us.es\/iroacamm\/wp-content\/uploads\/2025\/12\/ResearchGate_icon_SVG.svg-768x768.png 768w, https:\/\/grupo.us.es\/iroacamm\/wp-content\/uploads\/2025\/12\/ResearchGate_icon_SVG.svg.png 1200w\" sizes=\"(max-width: 1024px) 100vw, 1024px\" \/>\t\t\t\t\t\t\t\t\t\t\t\t\t\t\t<\/div>\n\t\t\t\t<\/div>\n\t\t\t\t<\/div>\n\t\t\t\t<\/div>\n\t\t<div class=\"elementor-element elementor-element-d5df997 e-con-full e-flex e-con e-child\" data-id=\"d5df997\" data-element_type=\"container\">\n\t\t\t\t<div class=\"elementor-element elementor-element-c480e84 elementor-hidden-tablet elementor-hidden-mobile elementor-widget elementor-widget-heading\" data-id=\"c480e84\" data-element_type=\"widget\" data-widget_type=\"heading.default\">\n\t\t\t\t<div class=\"elementor-widget-container\">\n\t\t\t\t\t<h4 class=\"elementor-heading-title elementor-size-default\">Ph.D. st. Reyes Le\u00f3n-Vergara<\/h4>\t\t\t\t<\/div>\n\t\t\t\t<\/div>\n\t\t\t\t<div class=\"elementor-element elementor-element-626e90a elementor-widget elementor-widget-text-editor\" data-id=\"626e90a\" data-element_type=\"widget\" data-widget_type=\"text-editor.default\">\n\t\t\t\t<div class=\"elementor-widget-container\">\n\t\t\t\t\t\t\t\t\t<p>Licenciada en Ciencias de la Informaci\u00f3n por la Universidad de Sevilla. Suficiencia investigadora obtenida en 2002 y actualmente en el Programa de Doctorado Interuniversitario en Comunicaci\u00f3n. M\u00e1ster en Direcci\u00f3n de Marketing y Direcci\u00f3n de Comunicaci\u00f3n por la UOC, Experta Universitaria en Proyectos de Divulgaci\u00f3n y Comunicaci\u00f3n cient\u00edfica por la UPO y Experta Universitaria en Gesti\u00f3n de Organizaciones no Lucrativas (ONL) por la UNED. Cuento con m\u00e1s de 25 a\u00f1os de experiencia en departamentos de Comunicaci\u00f3n, sobre todo del sector p\u00fablico y en concreto, desde hace 18 a\u00f1os, en el \u00e1mbito de la Salud. El asesoramiento estrat\u00e9gico, la gesti\u00f3n de las relaciones corporativas con otras instituciones, la organizaci\u00f3n de eventos o la configuraci\u00f3n de material divulgativo y su difusi\u00f3n son algunas de las tareas que constituyen mi actividad principal en la Fundaci\u00f3n Progreso y Salud, entidad de la Junta de Andaluc\u00eda en la que coordino su Unidad de Comunicaci\u00f3n y Relaciones Institucionales. Esta actividad se ha simultaneado con la de docente en universidades p\u00fablicas y privadas como profesora asociada y colaboradora docente. En la actualidad, soy directora de Trabajo de Fin de M\u00e1ster en la UOC y contin\u00fao con la investigaci\u00f3n en Comunicaci\u00f3n y Salud, campo en el que cuento con publicaciones en revistas cient\u00edficas y comunicaciones y ponencias.<\/p>\t\t\t\t\t\t\t\t<\/div>\n\t\t\t\t<\/div>\n\t\t\t\t<\/div>\n\t\t<div class=\"elementor-element elementor-element-ea56fef e-con-full e-flex e-con e-child\" data-id=\"ea56fef\" data-element_type=\"container\">\n\t\t\t\t<div class=\"elementor-element elementor-element-271873a elementor-widget elementor-widget-text-editor\" data-id=\"271873a\" data-element_type=\"widget\" data-widget_type=\"text-editor.default\">\n\t\t\t\t<div class=\"elementor-widget-container\">\n\t\t\t\t\t\t\t\t\t<p><strong>\u00daLTIMAS PUBLICACIONES<\/strong><\/p>\t\t\t\t\t\t\t\t<\/div>\n\t\t\t\t<\/div>\n\t\t\t\t<div class=\"elementor-element elementor-element-2efd293 elementor-widget elementor-widget-shortcode\" data-id=\"2efd293\" data-element_type=\"widget\" data-widget_type=\"shortcode.default\">\n\t\t\t\t<div class=\"elementor-widget-container\">\n\t\t\t\t\t\t\t<div class=\"elementor-shortcode\">        <div class=\"spf-container\" data-order=\"desc\">\n            <div class=\"spf-publication-list\">\n                                                        <article class=\"spf-publication-item\">\n                        <header class=\"spf-item-header\">\n                            <h3 class=\"spf-item-title\">\n                                <a href=\"https:\/\/scholar.google.com\/citations?view_op=view_citation&#038;hl=en&#038;oe=ASCII&#038;user=ce2LwY8AAAAJ&#038;pagesize=100&#038;sortby=pubdate&#038;citation_for_view=ce2LwY8AAAAJ:qjMakFHDy7sC\" target=\"_blank\" rel=\"noopener noreferrer\">\n                                    La Comunicaci\u00f3n Al Interior De Las Organizaciones: Un Factor Clave En Su Desarrollo Estrat\u00e9gico                                <\/a>\n                            <\/h3>\n                            <div class=\"spf-item-meta\">\n                                <span class=\"spf-authors\">RL Vergara<\/span>\n                                <span class=\"spf-journal\">Junio De, 2013<\/span>\n                            <\/div>\n                        <\/header>\n                                                <footer class=\"spf-item-footer\">\n                            <span class=\"spf-year\">2013<\/span>\n                        <\/footer>\n                    <\/article>\n                            <\/div>\n\n                            <div class=\"spf-more-link-wrapper\">\n                    <a href=\"https:\/\/scholar.google.com\/citations?hl=en&#038;user=ce2LwY8AAAAJ&#038;view_op=list_works&#038;sortby=pubdate\"\n                       class=\"spf-button\" target=\"_blank\" rel=\"noopener noreferrer\">\n                        View All Publications                    <\/a>\n                <\/div>\n                    <\/div>\n        <\/div>\n\t\t\t\t\t\t<\/div>\n\t\t\t\t<\/div>\n\t\t\t\t<\/div>\n\t\t\t\t\t<\/div>\n\t\t\t\t<\/div>\n\t\t\t\t<\/div>\n\t\t","protected":false},"excerpt":{"rendered":"<p>Ph.D. st. Reyes Le\u00f3n-Vergara Profesora asociada UNIVERSITAT OBERTA DE CATALUNYA mleonve@uoc.edu Ph.D. st. Reyes Le\u00f3n-Vergara Licenciada en Ciencias de la Informaci\u00f3n por la Universidad de Sevilla. Suficiencia investigadora obtenida en 2002 y actualmente en el Programa de Doctorado Interuniversitario en Comunicaci\u00f3n. M\u00e1ster en Direcci\u00f3n de Marketing y Direcci\u00f3n de Comunicaci\u00f3n por la UOC, Experta Universitaria [&hellip;]<\/p>\n","protected":false},"author":1,"featured_media":0,"parent":0,"menu_order":0,"comment_status":"closed","ping_status":"closed","template":"","meta":{"site-sidebar-layout":"no-sidebar","site-content-layout":"page-builder","ast-site-content-layout":"full-width-container","site-content-style":"default","site-sidebar-style":"default","ast-global-header-display":"","ast-banner-title-visibility":"","ast-main-header-display":"","ast-hfb-above-header-display":"","ast-hfb-below-header-display":"","ast-hfb-mobile-header-display":"","site-post-title":"disabled","ast-breadcrumbs-content":"","ast-featured-img":"disabled","footer-sml-layout":"","ast-disable-related-posts":"","theme-transparent-header-meta":"default","adv-header-id-meta":"","stick-header-meta":"","header-above-stick-meta":"","header-main-stick-meta":"","header-below-stick-meta":"","astra-migrate-meta-layouts":"set","ast-page-background-enabled":"default","ast-page-background-meta":{"desktop":{"background-color":"","background-image":"","background-repeat":"repeat","background-position":"center center","background-size":"auto","background-attachment":"scroll","background-type":"","background-media":"","overlay-type":"","overlay-color":"","overlay-opacity":"","overlay-gradient":""},"tablet":{"background-color":"","background-image":"","background-repeat":"repeat","background-position":"center center","background-size":"auto","background-attachment":"scroll","background-type":"","background-media":"","overlay-type":"","overlay-color":"","overlay-opacity":"","overlay-gradient":""},"mobile":{"background-color":"","background-image":"","background-repeat":"repeat","background-position":"center center","background-size":"auto","background-attachment":"scroll","background-type":"","background-media":"","overlay-type":"","overlay-color":"","overlay-opacity":"","overlay-gradient":""}},"ast-content-background-meta":{"desktop":{"background-color":"var(--ast-global-color-5)","background-image":"","background-repeat":"repeat","background-position":"center center","background-size":"auto","background-attachment":"scroll","background-type":"","background-media":"","overlay-type":"","overlay-color":"","overlay-opacity":"","overlay-gradient":""},"tablet":{"background-color":"var(--ast-global-color-5)","background-image":"","background-repeat":"repeat","background-position":"center center","background-size":"auto","background-attachment":"scroll","background-type":"","background-media":"","overlay-type":"","overlay-color":"","overlay-opacity":"","overlay-gradient":""},"mobile":{"background-color":"var(--ast-global-color-5)","background-image":"","background-repeat":"repeat","background-position":"center center","background-size":"auto","background-attachment":"scroll","background-type":"","background-media":"","overlay-type":"","overlay-color":"","overlay-opacity":"","overlay-gradient":""}},"footnotes":""},"class_list":["post-1463","page","type-page","status-publish","hentry"],"jetpack_sharing_enabled":true,"_links":{"self":[{"href":"https:\/\/grupo.us.es\/iroacamm\/wp-json\/wp\/v2\/pages\/1463","targetHints":{"allow":["GET"]}}],"collection":[{"href":"https:\/\/grupo.us.es\/iroacamm\/wp-json\/wp\/v2\/pages"}],"about":[{"href":"https:\/\/grupo.us.es\/iroacamm\/wp-json\/wp\/v2\/types\/page"}],"author":[{"embeddable":true,"href":"https:\/\/grupo.us.es\/iroacamm\/wp-json\/wp\/v2\/users\/1"}],"replies":[{"embeddable":true,"href":"https:\/\/grupo.us.es\/iroacamm\/wp-json\/wp\/v2\/comments?post=1463"}],"version-history":[{"count":34,"href":"https:\/\/grupo.us.es\/iroacamm\/wp-json\/wp\/v2\/pages\/1463\/revisions"}],"predecessor-version":[{"id":1804,"href":"https:\/\/grupo.us.es\/iroacamm\/wp-json\/wp\/v2\/pages\/1463\/revisions\/1804"}],"wp:attachment":[{"href":"https:\/\/grupo.us.es\/iroacamm\/wp-json\/wp\/v2\/media?parent=1463"}],"curies":[{"name":"wp","href":"https:\/\/api.w.org\/{rel}","templated":true}]}}