{"id":2740,"date":"2023-08-20T08:16:49","date_gmt":"2023-08-20T06:16:49","guid":{"rendered":"https:\/\/grupo.us.es\/iberjoyce\/?page_id=2740"},"modified":"2023-08-03T11:18:09","modified_gmt":"2023-08-03T09:18:09","slug":"468-15-22-ve-y-escucha","status":"publish","type":"page","link":"https:\/\/grupo.us.es\/iberjoyce\/468-15-22-ve-y-escucha\/","title":{"rendered":"468.15-22 ve y escucha"},"content":{"rendered":"<p>&nbsp;<\/p>\n<p>His hearing is indoubting just as my seeing is onbelieving. So dactylise him up<\/p>\n<p>to blankpoint and let him blink for himself where you speak the<\/p>\n<p>best ticklish. You&#8217;ll feel what I mean. Fond namer, let me never<\/p>\n<p>see thee blame a kiss for shame a knee!<\/p>\n<p>Echo, read ending! Siparioramoci! But from the stress of<\/p>\n<p>their sunder enlivening, ay clasp, deciduously, a nikrokosmikon<\/p>\n<p>must come to mike.<\/p>\n<p>&nbsp;<\/p>\n<p>Oir para creer lo pone en duda, tanto como ver es creer. As\u00ed que dactil\u00edzalo a quema ropa deja que pesta\u00f1ee cuando t\u00fa hables en tu mejor ingle. Sentir\u00e1s lo que digo. \u00a1Que yo no te vea nunca culpar por verg\u00fcenza un beso en la rodilla!<\/p>\n<p>\u00a1As\u00edque, eso, lee el final! \u00a1Abajo cortina! Mas reviviendo su separaci\u00f3n, ay, ag\u00e1rrate, decididamente, a Mike va a llegar un mikroskopikon.<\/p>\n","protected":false},"excerpt":{"rendered":"<p>&nbsp; His hearing is indoubting just as my seeing is onbelieving. So dactylise him up to blankpoint and let him blink for himself where you speak the best ticklish. You&#8217;ll feel what I mean. Fond namer, let me never see thee blame a kiss for shame a knee! Echo, read ending! Siparioramoci! But from the [&hellip;]<\/p>\n","protected":false},"author":4,"featured_media":0,"parent":0,"menu_order":0,"comment_status":"open","ping_status":"open","template":"","meta":{"_genesis_hide_title":false,"_genesis_hide_breadcrumbs":false,"_genesis_hide_singular_image":false,"_genesis_hide_footer_widgets":false,"_genesis_custom_body_class":"","_genesis_custom_post_class":"","_genesis_layout":"","footnotes":""},"class_list":{"0":"post-2740","1":"page","2":"type-page","3":"status-publish","5":"entry"},"_links":{"self":[{"href":"https:\/\/grupo.us.es\/iberjoyce\/wp-json\/wp\/v2\/pages\/2740","targetHints":{"allow":["GET"]}}],"collection":[{"href":"https:\/\/grupo.us.es\/iberjoyce\/wp-json\/wp\/v2\/pages"}],"about":[{"href":"https:\/\/grupo.us.es\/iberjoyce\/wp-json\/wp\/v2\/types\/page"}],"author":[{"embeddable":true,"href":"https:\/\/grupo.us.es\/iberjoyce\/wp-json\/wp\/v2\/users\/4"}],"replies":[{"embeddable":true,"href":"https:\/\/grupo.us.es\/iberjoyce\/wp-json\/wp\/v2\/comments?post=2740"}],"version-history":[{"count":2,"href":"https:\/\/grupo.us.es\/iberjoyce\/wp-json\/wp\/v2\/pages\/2740\/revisions"}],"predecessor-version":[{"id":2742,"href":"https:\/\/grupo.us.es\/iberjoyce\/wp-json\/wp\/v2\/pages\/2740\/revisions\/2742"}],"wp:attachment":[{"href":"https:\/\/grupo.us.es\/iberjoyce\/wp-json\/wp\/v2\/media?parent=2740"}],"curies":[{"name":"wp","href":"https:\/\/api.w.org\/{rel}","templated":true}]}}