{"id":2,"date":"2013-08-06T13:04:15","date_gmt":"2013-08-06T13:04:15","guid":{"rendered":"https:\/\/grupo.us.es\/iberjoyce\/?page_id=2"},"modified":"2015-12-08T17:03:29","modified_gmt":"2015-12-08T15:03:29","slug":"asociacion-espanola-james-joyce","status":"publish","type":"page","link":"https:\/\/grupo.us.es\/iberjoyce\/asociacion-espanola-james-joyce\/","title":{"rendered":"La Asociaci\u00f3n"},"content":{"rendered":"<p>La <strong>Asociaci\u00f3n Espa\u00f1ola James Joyce<\/strong> pretende divulgar y promover el estudio de la vida y obra del autor irland\u00e9s en nuestro pa\u00eds. Con este fin, la Asociaci\u00f3n publica una revista internacional de car\u00e1cter anual y con evaluaci\u00f3n entre pares llamada <a title=\"Papers on Joyce\" href=\"https:\/\/grupo.us.es\/iberjoyce\/papers-on-joyce\/\"><strong>Papers on Joyce<\/strong><\/a>. La sede de la misma es itinerante y cada a\u00f1o nos reunimos en Abril en una universidad espa\u00f1ola diferente.<\/p>\n<p><a href=\"https:\/\/grupo.us.es\/iberjoyce\/wp-content\/uploads\/2013\/08\/JD.jpg\"><img loading=\"lazy\" decoding=\"async\" class=\"size-medium wp-image-78 aligncenter\" alt=\"JD\" src=\"https:\/\/grupo.us.es\/iberjoyce\/wp-content\/uploads\/2013\/08\/JD-300x225.jpg\" width=\"300\" height=\"225\" srcset=\"https:\/\/grupo.us.es\/iberjoyce\/wp-content\/uploads\/2013\/08\/JD-300x225.jpg 300w, https:\/\/grupo.us.es\/iberjoyce\/wp-content\/uploads\/2013\/08\/JD.jpg 1024w\" sizes=\"auto, (max-width: 300px) 100vw, 300px\" \/><\/a><\/p>\n<p><strong>Junta Directiva:<\/strong><br \/>\n<em>Presidente:<\/em> Dr.D. Francisco Garc\u00eda Tortosa (Universidad de Sevilla)<br \/>\n<em>Tesorero:<\/em> Dr.D. Ricardo Navarrete Franco (Universidad de Sevilla)<br \/>\n<em>Secretario:<\/em> Dr.D\u00aa. Margarita Est\u00e9vez Sa\u00e1 (Universidad de Santiago)<br \/>\n<em>Vocal:<\/em> Dr.D. Antonio Ra\u00fal de Toro Santos (Universidad de La Coru\u00f1a)<\/p>\n<p>&nbsp;<\/p>\n<h2>Contacta:<\/h2>\n<p>[contact-form-7 id=\u00bb72&#8243; title=\u00bbFormulario de contacto 1&#8243;]<\/p>\n","protected":false},"excerpt":{"rendered":"<p>La Asociaci\u00f3n Espa\u00f1ola James Joyce pretende divulgar y promover el estudio de la vida y obra del autor irland\u00e9s en nuestro pa\u00eds. Con este fin, la Asociaci\u00f3n publica una revista internacional de car\u00e1cter anual y con evaluaci\u00f3n entre pares llamada Papers on Joyce. La sede de la misma es itinerante y cada a\u00f1o nos reunimos [&hellip;]<\/p>\n","protected":false},"author":1,"featured_media":167,"parent":0,"menu_order":1,"comment_status":"closed","ping_status":"closed","template":"","meta":{"_genesis_hide_title":false,"_genesis_hide_breadcrumbs":false,"_genesis_hide_singular_image":false,"_genesis_hide_footer_widgets":false,"_genesis_custom_body_class":"","_genesis_custom_post_class":"","_genesis_layout":"","footnotes":""},"class_list":{"0":"post-2","1":"page","2":"type-page","3":"status-publish","4":"has-post-thumbnail","6":"entry"},"_links":{"self":[{"href":"https:\/\/grupo.us.es\/iberjoyce\/wp-json\/wp\/v2\/pages\/2","targetHints":{"allow":["GET"]}}],"collection":[{"href":"https:\/\/grupo.us.es\/iberjoyce\/wp-json\/wp\/v2\/pages"}],"about":[{"href":"https:\/\/grupo.us.es\/iberjoyce\/wp-json\/wp\/v2\/types\/page"}],"author":[{"embeddable":true,"href":"https:\/\/grupo.us.es\/iberjoyce\/wp-json\/wp\/v2\/users\/1"}],"replies":[{"embeddable":true,"href":"https:\/\/grupo.us.es\/iberjoyce\/wp-json\/wp\/v2\/comments?post=2"}],"version-history":[{"count":17,"href":"https:\/\/grupo.us.es\/iberjoyce\/wp-json\/wp\/v2\/pages\/2\/revisions"}],"predecessor-version":[{"id":1331,"href":"https:\/\/grupo.us.es\/iberjoyce\/wp-json\/wp\/v2\/pages\/2\/revisions\/1331"}],"wp:featuredmedia":[{"embeddable":true,"href":"https:\/\/grupo.us.es\/iberjoyce\/wp-json\/wp\/v2\/media\/167"}],"wp:attachment":[{"href":"https:\/\/grupo.us.es\/iberjoyce\/wp-json\/wp\/v2\/media?parent=2"}],"curies":[{"name":"wp","href":"https:\/\/api.w.org\/{rel}","templated":true}]}}