{"id":39,"date":"2022-12-07T15:21:43","date_gmt":"2022-12-07T15:21:43","guid":{"rendered":"http:\/\/grupo.us.es\/iacrob\/?page_id=39"},"modified":"2026-02-10T13:00:06","modified_gmt":"2026-02-10T13:00:06","slug":"members","status":"publish","type":"page","link":"https:\/\/grupo.us.es\/iacrob\/members\/","title":{"rendered":"Members"},"content":{"rendered":"\t\t<div data-elementor-type=\"wp-page\" data-elementor-id=\"39\" class=\"elementor elementor-39\">\n\t\t\t\t\t\t<section class=\"elementor-section elementor-top-section elementor-element elementor-element-c1690c7 elementor-section-full_width elementor-section-height-default elementor-section-height-default\" data-id=\"c1690c7\" data-element_type=\"section\" data-e-type=\"section\">\n\t\t\t\t\t\t<div class=\"elementor-container elementor-column-gap-default\">\n\t\t\t\t\t<div class=\"elementor-column elementor-col-100 elementor-top-column elementor-element elementor-element-ea14ff5\" data-id=\"ea14ff5\" data-element_type=\"column\" data-e-type=\"column\">\n\t\t\t<div class=\"elementor-widget-wrap elementor-element-populated\">\n\t\t\t\t\t\t<div class=\"elementor-element elementor-element-e04ef9c elementor-widget__width-inherit elementor-widget elementor-widget-image\" data-id=\"e04ef9c\" data-element_type=\"widget\" data-e-type=\"widget\" data-widget_type=\"image.default\">\n\t\t\t\t<div class=\"elementor-widget-container\">\n\t\t\t\t\t\t\t\t\t\t\t\t\t\t\t<img fetchpriority=\"high\" decoding=\"async\" width=\"1536\" height=\"372\" src=\"https:\/\/grupo.us.es\/iacrob\/wp-content\/uploads\/2023\/01\/rect9749-1536x372.webp\" class=\"attachment-1536x1536 size-1536x1536 wp-image-881\" alt=\"\" srcset=\"https:\/\/grupo.us.es\/iacrob\/wp-content\/uploads\/2023\/01\/rect9749-1536x372.webp 1536w, https:\/\/grupo.us.es\/iacrob\/wp-content\/uploads\/2023\/01\/rect9749-300x73.webp 300w, https:\/\/grupo.us.es\/iacrob\/wp-content\/uploads\/2023\/01\/rect9749-1024x248.webp 1024w, https:\/\/grupo.us.es\/iacrob\/wp-content\/uploads\/2023\/01\/rect9749-768x186.webp 768w, https:\/\/grupo.us.es\/iacrob\/wp-content\/uploads\/2023\/01\/rect9749-2048x496.webp 2048w\" sizes=\"(max-width: 1536px) 100vw, 1536px\" \/>\t\t\t\t\t\t\t\t\t\t\t\t\t\t\t<\/div>\n\t\t\t\t<\/div>\n\t\t\t\t\t<\/div>\n\t\t<\/div>\n\t\t\t\t\t<\/div>\n\t\t<\/section>\n\t\t\t\t<section class=\"elementor-section elementor-top-section elementor-element elementor-element-8f7e472 elementor-section-boxed elementor-section-height-default elementor-section-height-default\" data-id=\"8f7e472\" data-element_type=\"section\" data-e-type=\"section\">\n\t\t\t\t\t\t<div class=\"elementor-container elementor-column-gap-default\">\n\t\t\t\t\t<div class=\"elementor-column elementor-col-100 elementor-top-column elementor-element elementor-element-2b52c7b\" data-id=\"2b52c7b\" data-element_type=\"column\" data-e-type=\"column\">\n\t\t\t<div class=\"elementor-widget-wrap elementor-element-populated\">\n\t\t\t\t\t\t<div class=\"elementor-element elementor-element-eda8cb2 elementor-widget elementor-widget-heading\" data-id=\"eda8cb2\" data-element_type=\"widget\" data-e-type=\"widget\" data-widget_type=\"heading.default\">\n\t\t\t\t<div class=\"elementor-widget-container\">\n\t\t\t\t\t<h2 class=\"elementor-heading-title elementor-size-default\">Members<\/h2>\t\t\t\t<\/div>\n\t\t\t\t<\/div>\n\t\t\t\t\t<\/div>\n\t\t<\/div>\n\t\t\t\t\t<\/div>\n\t\t<\/section>\n\t\t\t\t<section class=\"elementor-section elementor-top-section elementor-element elementor-element-6a5981a elementor-section-boxed elementor-section-height-default elementor-section-height-default\" data-id=\"6a5981a\" data-element_type=\"section\" data-e-type=\"section\">\n\t\t\t\t\t\t<div class=\"elementor-container elementor-column-gap-default\">\n\t\t\t\t\t<div class=\"elementor-column elementor-col-100 elementor-top-column elementor-element elementor-element-afad8aa\" data-id=\"afad8aa\" data-element_type=\"column\" data-e-type=\"column\">\n\t\t\t<div class=\"elementor-widget-wrap elementor-element-populated\">\n\t\t\t\t\t\t<div class=\"elementor-element elementor-element-451edd4 elementor-widget elementor-widget-heading\" data-id=\"451edd4\" data-element_type=\"widget\" data-e-type=\"widget\" data-widget_type=\"heading.default\">\n\t\t\t\t<div class=\"elementor-widget-container\">\n\t\t\t\t\t<h2 class=\"elementor-heading-title elementor-size-medium\">Professors<\/h2>\t\t\t\t<\/div>\n\t\t\t\t<\/div>\n\t\t\t\t\t<\/div>\n\t\t<\/div>\n\t\t\t\t\t<\/div>\n\t\t<\/section>\n\t\t\t\t<section class=\"elementor-section elementor-top-section elementor-element elementor-element-a2e619b elementor-section-boxed elementor-section-height-default elementor-section-height-default\" data-id=\"a2e619b\" data-element_type=\"section\" data-e-type=\"section\">\n\t\t\t\t\t\t<div class=\"elementor-container elementor-column-gap-default\">\n\t\t\t\t\t<div class=\"elementor-column elementor-col-100 elementor-top-column elementor-element elementor-element-345796f\" data-id=\"345796f\" data-element_type=\"column\" data-e-type=\"column\">\n\t\t\t<div class=\"elementor-widget-wrap elementor-element-populated\">\n\t\t\t\t\t\t<div class=\"elementor-element elementor-element-9f80fae elementor-widget elementor-widget-html\" data-id=\"9f80fae\" data-element_type=\"widget\" data-e-type=\"widget\" data-widget_type=\"html.default\">\n\t\t\t\t<div class=\"elementor-widget-container\">\n\t\t\t\t\t<html>\n<head>\n    <style>\n\n    <\/style>\n<\/head>\n<body>\n<table summary=\"Los grupos de m\u00fasica punk m\u00e1s famosos del Reino Unido\">\n  <tbody>\n    <tr>\n      <th scope=\"row\"><a class=\"SinSubrayado\" href=\"pag-perso-mgol\">Manuel G. Ortega Linares (investigador principal)<\/a><\/th>\n      <td>mortega@us.es<\/td>\n      <td>+34 954 48 60 37<\/td>\n    <\/tr>\n    <tr>\n      <th scope=\"row\"><a class=\"SinSubrayado\" href=\"pag-perso-frr\">Francisco Rodr\u00edguez Rubio<\/a><\/th>\n      <td>rubio@us.es<\/td>\n      <td>+34 954 48 73 50<\/td>\n    <\/tr>\n    <tr>\n      <th scope=\"row\"><a class=\"SinSubrayado\" href=\"pag-perso-mvv\">Manuel Vargas Villanueva<\/a><\/th>\n      <td>mvargas@us.es<\/td>\n      <td>+34 954 48 60 36<\/td>\n    <\/tr>\n    <tr>\n      <th scope=\"row\"><a class=\"SinSubrayado\" href=\"pag-perso-cvv\">Carlos Vivas Venegas<\/a><\/th>\n      <td>vivas@us.es<\/td>\n      <td>+34 954 48 73 59<\/td>\n    <\/tr>\n    <tr>\n      <th scope=\"row\"><a class=\"SinSubrayado\" href=\"pag-perso-fcc\">Luis Fernando Casta\u00f1o Casta\u00f1o<\/a><\/th>\n      <td>fercas@us.es<\/td>\n      <td>+34 954 48 73 55<\/td>\n    <\/tr>\n    <tr>\n    <th scope=\"row\"><a class=\"SinSubrayado\" href=\"pag-perso-jmfr\">Jos\u00e9 Manuel Forn\u00e9s Rumbao<\/a><\/th>\n      <td>jfornes@us.es<\/td>\n      <td>+34 954 48 73 84<\/td>\n    <\/tr>\n    <tr>\n    <th scope=\"row\"><a class=\"SinSubrayado\" href=\"pag-perso-mlm\">Manuel L\u00f3pez Mat\u00ednez<\/a><\/th>\n      <td>mlm@us.es<\/td>\n      <td>---<\/td>\n    <\/tr>\n    <tr>\n        <th scope=\"row\"><a class=\"SinSubrayado\" href=\"pag-perso-mgs\">Manuel Garrido Satu\u00e9<\/a><\/th>\n      <td>mgarrido16@us.es<\/td>\n      <td>---<\/td>\n    <\/tr>\n  <\/tbody>\n<\/table>\n<\/body>\n<\/html>\n\t\t\t\t<\/div>\n\t\t\t\t<\/div>\n\t\t\t\t\t<\/div>\n\t\t<\/div>\n\t\t\t\t\t<\/div>\n\t\t<\/section>\n\t\t\t\t<section class=\"elementor-section elementor-top-section elementor-element elementor-element-ebb153c elementor-section-boxed elementor-section-height-default elementor-section-height-default\" data-id=\"ebb153c\" data-element_type=\"section\" data-e-type=\"section\">\n\t\t\t\t\t\t<div class=\"elementor-container elementor-column-gap-default\">\n\t\t\t\t\t<div class=\"elementor-column elementor-col-100 elementor-top-column elementor-element elementor-element-4970900\" data-id=\"4970900\" data-element_type=\"column\" data-e-type=\"column\">\n\t\t\t<div class=\"elementor-widget-wrap elementor-element-populated\">\n\t\t\t\t\t\t<div class=\"elementor-element elementor-element-aa4537b elementor-widget elementor-widget-heading\" data-id=\"aa4537b\" data-element_type=\"widget\" data-e-type=\"widget\" data-widget_type=\"heading.default\">\n\t\t\t\t<div class=\"elementor-widget-container\">\n\t\t\t\t\t<h2 class=\"elementor-heading-title elementor-size-medium\">Researchers and PhD students<\/h2>\t\t\t\t<\/div>\n\t\t\t\t<\/div>\n\t\t\t\t\t<\/div>\n\t\t<\/div>\n\t\t\t\t\t<\/div>\n\t\t<\/section>\n\t\t\t\t<section class=\"elementor-section elementor-top-section elementor-element elementor-element-5573156 elementor-section-boxed elementor-section-height-default elementor-section-height-default\" data-id=\"5573156\" data-element_type=\"section\" data-e-type=\"section\">\n\t\t\t\t\t\t<div class=\"elementor-container elementor-column-gap-default\">\n\t\t\t\t\t<div class=\"elementor-column elementor-col-100 elementor-top-column elementor-element elementor-element-c81d1ea\" data-id=\"c81d1ea\" data-element_type=\"column\" data-e-type=\"column\">\n\t\t\t<div class=\"elementor-widget-wrap elementor-element-populated\">\n\t\t\t\t\t\t<div class=\"elementor-element elementor-element-a656798 elementor-widget elementor-widget-html\" data-id=\"a656798\" data-element_type=\"widget\" data-e-type=\"widget\" data-widget_type=\"html.default\">\n\t\t\t\t<div class=\"elementor-widget-container\">\n\t\t\t\t\t<html>\n<head>\n    <style>\n\n    <\/style>\n<\/head>\n<body>\n<table>\n  <tbody>\n    <tr>\n      <th scope=\"row\"><a class=\"SinSubrayado\" href=\"pag_perso_lfab\">Francisco Jos\u00e9 Barrero Serrano<\/a><\/th>\n      <td>fbarrero1@us.es<\/td>\n      <td>---<\/td>\n    <\/tr>\n    <tr>\n<!--\n    <th scope=\"row\"><a class=\"SinSubrayado\"href=\"pag_perso_lfab\">David Castellano Curado<\/a><\/th>\n      <td>dcastellano1@us.es<\/td>\n      <td>tlf<\/td>\n    <\/tr>\n    <tr>\n-->    \n    <th scope=\"row\"><a class=\"SinSubrayado\" href=\"pag_perso_lfab\">Juan Feij\u00f3o Rodr\u00edguez<\/a><\/th>\n      <td>juafeirod@alum.us.es<\/td>\n      <td>---<\/td>\n    <\/tr>\n  <\/tbody>\n<\/table>\n<\/body>\n<\/html>\n\t\t\t\t<\/div>\n\t\t\t\t<\/div>\n\t\t\t\t\t<\/div>\n\t\t<\/div>\n\t\t\t\t\t<\/div>\n\t\t<\/section>\n\t\t\t\t<\/div>\n\t\t","protected":false},"excerpt":{"rendered":"<p>Members Professors Manuel G. Ortega Linares (investigador principal) mortega@us.es +34 954 48 60 37 Francisco Rodr\u00edguez Rubio rubio@us.es +34 954 48 73 50 Manuel Vargas Villanueva mvargas@us.es +34 954 48 60 36 Carlos Vivas Venegas vivas@us.es +34 954 48 73 59 Luis Fernando Casta\u00f1o Casta\u00f1o fercas@us.es +34 954 48 73 55 Jos\u00e9 Manuel Forn\u00e9s Rumbao [&hellip;]<\/p>\n","protected":false},"author":1,"featured_media":0,"parent":0,"menu_order":1,"comment_status":"closed","ping_status":"closed","template":"","meta":{"site-sidebar-layout":"no-sidebar","site-content-layout":"page-builder","ast-site-content-layout":"default","site-content-style":"default","site-sidebar-style":"default","ast-global-header-display":"","ast-banner-title-visibility":"","ast-main-header-display":"","ast-hfb-above-header-display":"","ast-hfb-below-header-display":"","ast-hfb-mobile-header-display":"","site-post-title":"disabled","ast-breadcrumbs-content":"","ast-featured-img":"disabled","footer-sml-layout":"","ast-disable-related-posts":"","theme-transparent-header-meta":"","adv-header-id-meta":"","stick-header-meta":"","header-above-stick-meta":"","header-main-stick-meta":"","header-below-stick-meta":"","astra-migrate-meta-layouts":"default","ast-page-background-enabled":"default","ast-page-background-meta":{"desktop":{"background-color":"var(--ast-global-color-4)","background-image":"","background-repeat":"repeat","background-position":"center center","background-size":"auto","background-attachment":"scroll","background-type":"","background-media":"","overlay-type":"","overlay-color":"","overlay-opacity":"","overlay-gradient":""},"tablet":{"background-color":"","background-image":"","background-repeat":"repeat","background-position":"center center","background-size":"auto","background-attachment":"scroll","background-type":"","background-media":"","overlay-type":"","overlay-color":"","overlay-opacity":"","overlay-gradient":""},"mobile":{"background-color":"","background-image":"","background-repeat":"repeat","background-position":"center center","background-size":"auto","background-attachment":"scroll","background-type":"","background-media":"","overlay-type":"","overlay-color":"","overlay-opacity":"","overlay-gradient":""}},"ast-content-background-meta":{"desktop":{"background-color":"var(--ast-global-color-5)","background-image":"","background-repeat":"repeat","background-position":"center center","background-size":"auto","background-attachment":"scroll","background-type":"","background-media":"","overlay-type":"","overlay-color":"","overlay-opacity":"","overlay-gradient":""},"tablet":{"background-color":"var(--ast-global-color-5)","background-image":"","background-repeat":"repeat","background-position":"center center","background-size":"auto","background-attachment":"scroll","background-type":"","background-media":"","overlay-type":"","overlay-color":"","overlay-opacity":"","overlay-gradient":""},"mobile":{"background-color":"var(--ast-global-color-5)","background-image":"","background-repeat":"repeat","background-position":"center center","background-size":"auto","background-attachment":"scroll","background-type":"","background-media":"","overlay-type":"","overlay-color":"","overlay-opacity":"","overlay-gradient":""}},"footnotes":""},"class_list":["post-39","page","type-page","status-publish","hentry"],"_links":{"self":[{"href":"https:\/\/grupo.us.es\/iacrob\/wp-json\/wp\/v2\/pages\/39","targetHints":{"allow":["GET"]}}],"collection":[{"href":"https:\/\/grupo.us.es\/iacrob\/wp-json\/wp\/v2\/pages"}],"about":[{"href":"https:\/\/grupo.us.es\/iacrob\/wp-json\/wp\/v2\/types\/page"}],"author":[{"embeddable":true,"href":"https:\/\/grupo.us.es\/iacrob\/wp-json\/wp\/v2\/users\/1"}],"replies":[{"embeddable":true,"href":"https:\/\/grupo.us.es\/iacrob\/wp-json\/wp\/v2\/comments?post=39"}],"version-history":[{"count":138,"href":"https:\/\/grupo.us.es\/iacrob\/wp-json\/wp\/v2\/pages\/39\/revisions"}],"predecessor-version":[{"id":1316,"href":"https:\/\/grupo.us.es\/iacrob\/wp-json\/wp\/v2\/pages\/39\/revisions\/1316"}],"wp:attachment":[{"href":"https:\/\/grupo.us.es\/iacrob\/wp-json\/wp\/v2\/media?parent=39"}],"curies":[{"name":"wp","href":"https:\/\/api.w.org\/{rel}","templated":true}]}}