{"id":9,"date":"2023-07-31T21:13:13","date_gmt":"2023-07-31T19:13:13","guid":{"rendered":"http:\/\/grupo.us.es\/hum120litimatrad\/?page_id=9"},"modified":"2023-10-19T19:53:12","modified_gmt":"2023-10-19T17:53:12","slug":"presentacion","status":"publish","type":"page","link":"https:\/\/grupo.us.es\/hum120litimatrad\/","title":{"rendered":"Presentaci\u00f3n"},"content":{"rendered":"\n<h1 class=\"wp-block-heading titulo has-large-font-size\"><strong>\u00bfQui\u00e9nes somos?<\/strong><\/h1>\n\n\n\n<p class=\"justificado\">El grupo de investigaci\u00f3n&nbsp;<strong>LITERATURA IMAGEN Y TRADUCCI\u00d3N<\/strong>&nbsp;(Grupo HUM-120 del Plan Andaluz de Investigaci\u00f3n (PAIDI)) est\u00e1 principalmente formado por profesoras de la Universidad de C\u00e1diz y de la Universidad de Sevilla.<\/p>\n\n\n\n<p class=\"justificado\">El Grupo de investigaci\u00f3n LITERATURA-IMAGEN-TRADUCCI\u00d3N (HUM-120) fue creado en 1990 por un grupo de investigadores del \u00e1rea de Filolog\u00eda Francesa de las universidades de Sevilla y C\u00e1diz, en el marco del Plan Andaluz de Investigaci\u00f3n (PAIDI). Dirigido en sus inicios por la Dra. Carmen Camero P\u00e9rez (US), traslad\u00f3 posteriormente su sede a la UCA, donde la Dra. Lola Berm\u00fadez Medina ha sido su responsable hasta su jubilaci\u00f3n. Desde 2022, la responsable es la Dra. Inmaculada Illanes Ortega, por lo que el equipo se encuentra nuevamente vinculado administrativamente a la US.<\/p>\n\n\n\n<p>A lo largo de su trayectoria, el equipo ha integrado a investigadores de las dos universidades principales, ampliando progresivamente su inicial campo de estudio e incorporando miembros y colaboradores de otras universidades.<\/p>\n\n\n\n<div class=\"wp-block-columns is-layout-flex wp-container-core-columns-is-layout-9d6595d7 wp-block-columns-is-layout-flex\">\n<div class=\"wp-block-column m-0 is-layout-flow wp-block-column-is-layout-flow\">\n<figure class=\"wp-block-image size-large m-0\"><img decoding=\"async\" src=\"http:\/\/grupo.us.es\/hum120litimatrad\/wp-content\/uploads\/footer-1.jpg\" alt=\"\"\/><\/figure>\n<\/div>\n<\/div>\n","protected":false},"excerpt":{"rendered":"\u00bfQui\u00e9nes somos? El grupo de investigaci\u00f3n&nbsp;LITERATURA IMAGEN Y TRADUCCI\u00d3N&nbsp;(Grupo HUM-120 del Plan Andaluz de Investigaci\u00f3n (PAIDI)) est\u00e1 principalmente formado por profesoras de la Universidad de C\u00e1diz y de la Universidad de Sevilla. El Grupo de investigaci\u00f3n LITERATURA-IMAGEN-TRADUCCI\u00d3N (HUM-120) fue creado en 1990 por un grupo de investigadores del \u00e1rea de Filolog\u00eda Francesa de las universidades [&hellip;]","protected":false},"author":3,"featured_media":0,"parent":0,"menu_order":0,"comment_status":"closed","ping_status":"closed","template":"","meta":{"footnotes":""},"class_list":["post-9","page","type-page","status-publish","hentry"],"acf":[],"_links":{"self":[{"href":"https:\/\/grupo.us.es\/hum120litimatrad\/wp-json\/wp\/v2\/pages\/9","targetHints":{"allow":["GET"]}}],"collection":[{"href":"https:\/\/grupo.us.es\/hum120litimatrad\/wp-json\/wp\/v2\/pages"}],"about":[{"href":"https:\/\/grupo.us.es\/hum120litimatrad\/wp-json\/wp\/v2\/types\/page"}],"author":[{"embeddable":true,"href":"https:\/\/grupo.us.es\/hum120litimatrad\/wp-json\/wp\/v2\/users\/3"}],"replies":[{"embeddable":true,"href":"https:\/\/grupo.us.es\/hum120litimatrad\/wp-json\/wp\/v2\/comments?post=9"}],"version-history":[{"count":55,"href":"https:\/\/grupo.us.es\/hum120litimatrad\/wp-json\/wp\/v2\/pages\/9\/revisions"}],"predecessor-version":[{"id":371,"href":"https:\/\/grupo.us.es\/hum120litimatrad\/wp-json\/wp\/v2\/pages\/9\/revisions\/371"}],"wp:attachment":[{"href":"https:\/\/grupo.us.es\/hum120litimatrad\/wp-json\/wp\/v2\/media?parent=9"}],"curies":[{"name":"wp","href":"https:\/\/api.w.org\/{rel}","templated":true}]}}