{"id":387,"date":"2023-10-19T20:26:44","date_gmt":"2023-10-19T18:26:44","guid":{"rendered":"http:\/\/grupo.us.es\/hum120litimatrad\/?page_id=387"},"modified":"2023-12-21T22:03:27","modified_gmt":"2023-12-21T21:03:27","slug":"contacto","status":"publish","type":"page","link":"https:\/\/grupo.us.es\/hum120litimatrad\/contacto\/","title":{"rendered":"Contacto"},"content":{"rendered":"\n<div class=\"\">\n<span class=\"h4\">Grupo de investigaci\u00f3n <br class=\"d-block d-sm-none d-md-block d-lg-none\"><strong class=\"h3 text-wrap strong\" style=\"color:#7e077e\">LITERATURA IMAGEN Y TRADUCCI\u00d3N<\/strong><\/span><br>\n\t<span class=\"h4 text-secondary\">Grupo HUM-120 del Plan Andaluz de Investigaci\u00f3n (PAIDI)<\/span>\n<\/div>\n\n\n\n<div class=\"wp-block-columns is-layout-flex wp-container-core-columns-is-layout-9d6595d7 wp-block-columns-is-layout-flex\">\n<div class=\"wp-block-column is-layout-flow wp-block-column-is-layout-flow\" style=\"flex-basis:40%\">\n<h2 class=\"wp-block-heading mt-4\">Direcci\u00f3n del grupo:<\/h2>\n\n\n\n<p>Inmaculada Illanes Ortega<\/p>\n\n\n\n<p><strong>Tel\u00e9fono:<\/strong> (+34)954551511<br><strong>Correo:<\/strong> iillanes@us.es <br><em>C\/ Palos de la Frontera, s\/n. 41004 &#8211; Sevilla. Andaluc\u00eda. Espa\u00f1a<\/em><\/p>\n\n\n\n<iframe src=\"https:\/\/www.google.com\/maps\/embed?pb=!1m18!1m12!1m3!1d3170.41859503075!2d-5.991926!3d37.3799318!2m3!1f0!2f0!3f0!3m2!1i1024!2i768!4f13.1!3m3!1m2!1s0xd126c228446aa75%3A0xbfd8254c63f2ce9!2sC.%20Palos%20de%20la%20Frontera%2C%20Casco%20Antiguo%2C%2041004%20Sevilla!5e0!3m2!1ses!2ses!4v1702926008496!5m2!1ses!2ses\" width=\"100%\" height=\"450\" style=\"border:0;\" allowfullscreen=\"\" loading=\"lazy\" referrerpolicy=\"no-referrer-when-downgrade\"><\/iframe>\n\n\n\n<p class=\"mt-4 has-small-font-size\">La Facultad de Filolog\u00eda se encuenttra en el centro hist\u00f3rico de la ciudad de Sevilla, en lo que era la antigua F\u00e1brica de Tabacos. Se puede acceder a ella recorriendo a pie la c\/ San Fernando, entrando por la fachada principal (norte) y cruzando los dos patios. Tambi\u00e9n se accede a ella, a pie o en veh\u00edculo a motor autorizado, entrando por la fachada sur (c\/ Palos de la Frontera), que es donde se ubica la Conserjer\u00eda.<\/p>\n<\/div>\n\n\n\n<div class=\"wp-block-column ms-4 ps-4 is-layout-flow wp-block-column-is-layout-flow\" style=\"flex-basis:60%\">\n<h2 class=\"wp-block-heading mt-4\">Formulario de contacto<\/h2>\n\n\n\n<div class=\"wpcf7 no-js\" id=\"wpcf7-f502-o1\" lang=\"es-ES\" dir=\"ltr\">\n<div class=\"screen-reader-response\"><p role=\"status\" aria-live=\"polite\" aria-atomic=\"true\"><\/p> <ul><\/ul><\/div>\n<form action=\"\/hum120litimatrad\/wp-json\/wp\/v2\/pages\/387#wpcf7-f502-o1\" method=\"post\" class=\"wpcf7-form init form-inline\" aria-label=\"Formulario de contacto\" novalidate=\"novalidate\" data-status=\"init\">\n<div style=\"display: none;\">\n<input type=\"hidden\" name=\"_wpcf7\" value=\"502\" \/>\n<input type=\"hidden\" name=\"_wpcf7_version\" value=\"5.8.4\" \/>\n<input type=\"hidden\" name=\"_wpcf7_locale\" value=\"es_ES\" \/>\n<input type=\"hidden\" name=\"_wpcf7_unit_tag\" value=\"wpcf7-f502-o1\" \/>\n<input type=\"hidden\" name=\"_wpcf7_container_post\" value=\"0\" \/>\n<input type=\"hidden\" name=\"_wpcf7_posted_data_hash\" value=\"\" \/>\n<\/div>\n<style>\n.form-group {\n  max-width: 100% !important;\n}\n\n.alert-warning {\n  --bs-alert-color: #664d03;\n  --bs-alert-bg: #fff;\n  --bs-alert-border-color: #fff;\n}\n\n.accept-this-1 label input{\nmargin-right: 10px;\n}\n<\/style>\n\n<div class=\"form-group row\">\n  <div class=\"col-md-6\">\n    <label> Nombre (requerido) <\/label>\n    <div class=\"form-group your-name\"><input class=\"wpcf7-form-control wpcf7-text wpcf7-validates-as-required form-control\" name=\"your-name\" type=\"text\" value=\"\" aria-invalid=\"false\" aria-required=\"true\" required><\/div>\n  <\/div>\n\n  <div class=\"col-md-6\">\n    <label> Apellidos<\/label>\n    <div class=\"form-group your-name2\"><input class=\"wpcf7-form-control wpcf7-text form-control\" name=\"your-name2\" type=\"text\" value=\"\" aria-invalid=\"false\"><\/div>\n  <\/div>\n\n  <div class=\"col-md-12\">\n    <label> Tu correo electr\u00f3nico (requerido) <\/label>\n    <div class=\"form-group your-email\"><input class=\"wpcf7-form-control wpcf7-email wpcf7-validates-as-required wpcf7-text wpcf7-validates-as-email form-control\" name=\"your-email\" type=\"email\" value=\"\" aria-invalid=\"false\" aria-required=\"true\" required><\/div>\n  <\/div>\n\n  <div class=\"col-md-12\">\n    <label> Asunto <\/label>\n    <div class=\"form-group your-subject\"><input class=\"wpcf7-form-control wpcf7-text form-control\" name=\"your-subject\" type=\"text\" value=\"\" aria-invalid=\"false\"><\/div> \n  <\/div>\n\n  <div class=\"col-md-12\">\n    <label> Mensaje <\/label>\n    <div class=\"form-group your-message\"><textarea class=\"wpcf7-form-control wpcf7-textarea form-control\" name=\"your-message\" rows=\"4\" aria-invalid=\"false\"><\/textarea><\/div>\n  <\/div>\n\n  <div class=\"col-md-12 my-3\">\n    <div class=\"form-group wpcf7-form-control wpcf7-acceptance accept-this-1\"><div class=\"checkbox wpcf7-form-control wpcf7-acceptance accept-this-1\"><label ><input name=\"accept-this-1\" type=\"checkbox\" value=\"1\" aria-invalid=\"false\">He le\u00eddo y acepto la <a href=\"https:\/\/www.us.es\/proteccion-datos\">Pol\u00edtica de Protecci\u00f3n de datos<\/a>. <\/label><\/div><\/div>\n  <\/div>\n<\/div>\n\n<div class=\"form-group\"><div><input class=\"wpcf7-form-control wpcf7-submit btn btn-primary\" type=\"submit\" value=\"Enviar\"><\/div><\/div>\n\n<label class=\"my-3\">\n<ol><li>Responsable de los datos: https:\/\/www.us.es\/<\/li>\n<li>Finalidad de los datos: Env\u00edo de respuestas.<\/li>\n<li>Derechos: En cualquier momento puedes <a href=\"https:\/\/www.us.es\/proteccion-datos\">consultar nuestra pol\u00edtica de protecci\u00f3n de datos<\/a>.<\/li><\/ol><\/label><div class=\"wpcf7-response-output alert alert-warning\"><\/div>\n<\/form>\n<\/div>\n\n<\/div>\n<\/div>\n","protected":false},"excerpt":{"rendered":"Grupo de investigaci\u00f3n LITERATURA IMAGEN Y TRADUCCI\u00d3N Grupo HUM-120 del Plan Andaluz de Investigaci\u00f3n (PAIDI) Direcci\u00f3n del grupo: Inmaculada Illanes Ortega Tel\u00e9fono: (+34)954551511Correo: iillanes@us.es C\/ Palos de la Frontera, s\/n. 41004 &#8211; Sevilla. Andaluc\u00eda. Espa\u00f1a La Facultad de Filolog\u00eda se encuenttra en el centro hist\u00f3rico de la ciudad de Sevilla, en lo que era la [&hellip;]","protected":false},"author":3,"featured_media":0,"parent":0,"menu_order":0,"comment_status":"closed","ping_status":"closed","template":"","meta":{"footnotes":""},"class_list":["post-387","page","type-page","status-publish","hentry"],"acf":[],"_links":{"self":[{"href":"https:\/\/grupo.us.es\/hum120litimatrad\/wp-json\/wp\/v2\/pages\/387","targetHints":{"allow":["GET"]}}],"collection":[{"href":"https:\/\/grupo.us.es\/hum120litimatrad\/wp-json\/wp\/v2\/pages"}],"about":[{"href":"https:\/\/grupo.us.es\/hum120litimatrad\/wp-json\/wp\/v2\/types\/page"}],"author":[{"embeddable":true,"href":"https:\/\/grupo.us.es\/hum120litimatrad\/wp-json\/wp\/v2\/users\/3"}],"replies":[{"embeddable":true,"href":"https:\/\/grupo.us.es\/hum120litimatrad\/wp-json\/wp\/v2\/comments?post=387"}],"version-history":[{"count":33,"href":"https:\/\/grupo.us.es\/hum120litimatrad\/wp-json\/wp\/v2\/pages\/387\/revisions"}],"predecessor-version":[{"id":522,"href":"https:\/\/grupo.us.es\/hum120litimatrad\/wp-json\/wp\/v2\/pages\/387\/revisions\/522"}],"wp:attachment":[{"href":"https:\/\/grupo.us.es\/hum120litimatrad\/wp-json\/wp\/v2\/media?parent=387"}],"curies":[{"name":"wp","href":"https:\/\/api.w.org\/{rel}","templated":true}]}}