{"id":15,"date":"2023-07-31T21:28:42","date_gmt":"2023-07-31T19:28:42","guid":{"rendered":"http:\/\/grupo.us.es\/hum120litimatrad\/?page_id=15"},"modified":"2024-01-18T11:27:50","modified_gmt":"2024-01-18T10:27:50","slug":"enlaces","status":"publish","type":"page","link":"https:\/\/grupo.us.es\/hum120litimatrad\/enlaces\/","title":{"rendered":"Enlaces"},"content":{"rendered":"\n<h2 class=\"wp-block-heading\">Asociaciones y grupos de investigaci\u00f3n<\/h2>\n\n\n\n<ul class=\"wp-block-list\">\n<li>Asociaci\u00f3n de Francesistas de la Universidad Espa\u00f1ola (AFUE): <a href=\"http:\/\/francais.afue.org\/\" target=\"_blank\" rel=\"noreferrer noopener\">http:\/\/francais.afue.org<\/a><\/li>\n\n\n\n<li>Escritoras y personajes femeninos en la literatura &#8211; Universidad de Salamanca: <a href=\"https:\/\/escritoras.usal.es\/\">https:\/\/escritoras.usal.es<\/a><\/li>\n\n\n\n<li>ADHUC\u2013Centro de Investigaci\u00f3n Teor\u00eda, G\u00e9nero, Sexualidad &#8211; Universidat de Barcelona:<em> <\/em><a href=\"https:\/\/www.ub.edu\/adhuc\/es\" target=\"_blank\" rel=\"noreferrer noopener\">https:\/\/www.ub.edu\/adhuc\/es<\/a><\/li>\n\n\n\n<li>LASLAR &#8211; Lettres Arts du Spectacle Langues Romanes &#8211; Universit\u00e9 de Caen Normandie: <a href=\"https:\/\/laslar.unicaen.fr\/\" data-type=\"link\" data-id=\"https:\/\/laslar.unicaen.fr\/\">https:\/\/laslar.unicaen.fr\/<\/a><\/li>\n<\/ul>\n\n\n\n<h2 class=\"wp-block-heading\">Revistas<\/h2>\n\n\n\n<ul class=\"wp-block-list\">\n<li>\u00c7edille: <a href=\"http:\/\/ull.es\/revistas\/index.php\/cedille\">ull.es\/revistas\/index.php\/cedille<\/a><\/li>\n\n\n\n<li>Th\u00e9l\u00e8me Revista complutense de Estudios Franceses: <a href=\"https:\/\/revistas.ucm.es\/index.php\/THEL\" target=\"_blank\" rel=\"noreferrer noopener\">https:\/\/revistas.ucm.es\/index.php\/THEL<\/a><\/li>\n\n\n\n<li>Anales de Filolog\u00eda Francesa: <a href=\"http:\/\/revistas.um.es\/analesff\">revistas.um.es\/analesff<\/a><\/li>\n\n\n\n<li>Lectora: revista de dones i textualitat: <a href=\"https:\/\/revistes.ub.edu\/index.php\/lectora\" target=\"_blank\" rel=\"noreferrer noopener\">https:\/\/revistes.ub.edu\/index.php\/lectora<\/a> <\/li>\n<\/ul>\n\n\n\n<h2 class=\"wp-block-heading\">Repositorios y bases de datos<\/h2>\n\n\n\n<ul class=\"wp-block-list\">\n<li>Repositorio Idus (Universidad de Sevilla): <a href=\"https:\/\/idus.us.es\/\" data-type=\"link\" data-id=\"https:\/\/idus.us.es\/\">https:\/\/idus.us.es\/<\/a><\/li>\n\n\n\n<li>Repositorio Rodin (Universidad de C\u00e1diz): <a href=\"https:\/\/rodin.uca.es\/\" data-type=\"link\" data-id=\"https:\/\/rodin.uca.es\/\">https:\/\/rodin.uca.es\/<\/a><\/li>\n\n\n\n<li>Dialnet: <a href=\"http:\/\/dialnet.unirioja.es\">dialnet.unirioja.es<\/a><\/li>\n<\/ul>\n","protected":false},"excerpt":{"rendered":"Asociaciones y grupos de investigaci\u00f3n Revistas Repositorios y bases de datos","protected":false},"author":3,"featured_media":0,"parent":0,"menu_order":0,"comment_status":"closed","ping_status":"closed","template":"","meta":{"footnotes":""},"class_list":["post-15","page","type-page","status-publish","hentry"],"acf":[],"_links":{"self":[{"href":"https:\/\/grupo.us.es\/hum120litimatrad\/wp-json\/wp\/v2\/pages\/15","targetHints":{"allow":["GET"]}}],"collection":[{"href":"https:\/\/grupo.us.es\/hum120litimatrad\/wp-json\/wp\/v2\/pages"}],"about":[{"href":"https:\/\/grupo.us.es\/hum120litimatrad\/wp-json\/wp\/v2\/types\/page"}],"author":[{"embeddable":true,"href":"https:\/\/grupo.us.es\/hum120litimatrad\/wp-json\/wp\/v2\/users\/3"}],"replies":[{"embeddable":true,"href":"https:\/\/grupo.us.es\/hum120litimatrad\/wp-json\/wp\/v2\/comments?post=15"}],"version-history":[{"count":14,"href":"https:\/\/grupo.us.es\/hum120litimatrad\/wp-json\/wp\/v2\/pages\/15\/revisions"}],"predecessor-version":[{"id":524,"href":"https:\/\/grupo.us.es\/hum120litimatrad\/wp-json\/wp\/v2\/pages\/15\/revisions\/524"}],"wp:attachment":[{"href":"https:\/\/grupo.us.es\/hum120litimatrad\/wp-json\/wp\/v2\/media?parent=15"}],"curies":[{"name":"wp","href":"https:\/\/api.w.org\/{rel}","templated":true}]}}