{"id":11,"date":"2023-07-31T21:17:34","date_gmt":"2023-07-31T19:17:34","guid":{"rendered":"http:\/\/grupo.us.es\/hum120litimatrad\/?page_id=11"},"modified":"2023-09-27T21:44:13","modified_gmt":"2023-09-27T19:44:13","slug":"integrantes","status":"publish","type":"page","link":"https:\/\/grupo.us.es\/hum120litimatrad\/integrantes\/","title":{"rendered":"Integrantes"},"content":{"rendered":"\n<p><strong>Responsable<\/strong><strong>: ILLANES ORTEGA, INMACULADA (Universidad de Sevilla)<\/strong><strong><\/strong><\/p>\n\n\n\n<p><strong>Miembros:<\/strong><\/p>\n\n\n\n<p><strong>Universidad de Sevilla<\/strong><\/p>\n\n\n\n<p><a href=\"https:\/\/hum120.uca.es\/miembros\/\">FOUCHARD , FLAVIE<\/a> <a>(US)<\/a><\/p>\n\n\n\n<p><a href=\"https:\/\/hum120.uca.es\/miembros\/\">PICH PONCE, EVA<\/a> (US)<\/p>\n\n\n\n<p><strong>Universidad de C\u00e1diz<\/strong><\/p>\n\n\n\n<p>ARAG\u00d3N RONSANO, FLAVIA <a>(UCA)<\/a><\/p>\n\n\n\n<p>BERM\u00daDEZ MEDINA, DOLORES (UCA)<\/p>\n\n\n\n<p>FERRETY MONTIEL, VICTORIA (UCA)<\/p>\n\n\n\n<p>LOJO TIZ\u00d3N, M\u00aa DEL CARMEN (UCA)<\/p>\n\n\n\n<p>PINTO BUZ\u00d3N, PILAR (UCA)<\/p>\n\n\n\n<p>ROMERO ALFARO, M\u00aa ELENA (UCA)<\/p>\n\n\n\n<p>TRAVIESO GANAZA, MERCEDES (UCA)<\/p>\n\n\n\n<p><strong>Universidad de Huelva<\/strong><\/p>\n\n\n\n<p><a href=\"https:\/\/hum120.uca.es\/miembros\/\">BORGE ROBLES, ARIADNA<\/a> (UHU)<\/p>\n\n\n\n<p><strong>Colaboradoras:<\/strong><\/p>\n\n\n\n<p><a href=\"https:\/\/hum120.uca.es\/miembros\/\">ATALAYA FERN\u00c1NDEZ, IRENE<\/a> (UAM)<\/p>\n\n\n\n<p>HERN\u00c1NDEZ TORRES, ESPERANZA (US)<\/p>\n\n\n\n<p><strong>Antiguos miembros<\/strong><\/p>\n\n\n\n<p>Emilia Alonso Montilla &#8211; Carmen Camero P\u00e9rez &#8211; Khatima El Khrir \u2013 Marina Garc\u00eda Romero -Claudine L\u00e9crivain Viel \u2013 Josefa Molina Rueda -Manuel Rubiales Torrej\u00f3n \u2013<\/p>\n","protected":false},"excerpt":{"rendered":"Responsable: ILLANES ORTEGA, INMACULADA (Universidad de Sevilla) Miembros: Universidad de Sevilla FOUCHARD , FLAVIE (US) PICH PONCE, EVA (US) Universidad de C\u00e1diz ARAG\u00d3N RONSANO, FLAVIA (UCA) BERM\u00daDEZ MEDINA, DOLORES (UCA) FERRETY MONTIEL, VICTORIA (UCA) LOJO TIZ\u00d3N, M\u00aa DEL CARMEN (UCA) PINTO BUZ\u00d3N, PILAR (UCA) ROMERO ALFARO, M\u00aa ELENA (UCA) TRAVIESO GANAZA, MERCEDES (UCA) Universidad de [&hellip;]","protected":false},"author":1,"featured_media":0,"parent":0,"menu_order":0,"comment_status":"closed","ping_status":"closed","template":"","meta":{"footnotes":""},"class_list":["post-11","page","type-page","status-publish","hentry"],"acf":[],"_links":{"self":[{"href":"https:\/\/grupo.us.es\/hum120litimatrad\/wp-json\/wp\/v2\/pages\/11","targetHints":{"allow":["GET"]}}],"collection":[{"href":"https:\/\/grupo.us.es\/hum120litimatrad\/wp-json\/wp\/v2\/pages"}],"about":[{"href":"https:\/\/grupo.us.es\/hum120litimatrad\/wp-json\/wp\/v2\/types\/page"}],"author":[{"embeddable":true,"href":"https:\/\/grupo.us.es\/hum120litimatrad\/wp-json\/wp\/v2\/users\/1"}],"replies":[{"embeddable":true,"href":"https:\/\/grupo.us.es\/hum120litimatrad\/wp-json\/wp\/v2\/comments?post=11"}],"version-history":[{"count":1,"href":"https:\/\/grupo.us.es\/hum120litimatrad\/wp-json\/wp\/v2\/pages\/11\/revisions"}],"predecessor-version":[{"id":12,"href":"https:\/\/grupo.us.es\/hum120litimatrad\/wp-json\/wp\/v2\/pages\/11\/revisions\/12"}],"wp:attachment":[{"href":"https:\/\/grupo.us.es\/hum120litimatrad\/wp-json\/wp\/v2\/media?parent=11"}],"curies":[{"name":"wp","href":"https:\/\/api.w.org\/{rel}","templated":true}]}}