{"id":889,"date":"2022-03-31T17:30:25","date_gmt":"2022-03-31T17:30:25","guid":{"rendered":"https:\/\/grupo.us.es\/hislabinst\/?page_id=889"},"modified":"2025-10-29T01:11:43","modified_gmt":"2025-10-29T01:11:43","slug":"elisabetta-venezia","status":"publish","type":"page","link":"https:\/\/grupo.us.es\/hislabinst\/elisabetta-venezia\/","title":{"rendered":"Elisabetta Venezia"},"content":{"rendered":"<p>[et_pb_section fb_built=&#8221;1&#8243; custom_padding_last_edited=&#8221;on|phone&#8221; _builder_version=&#8221;4.10.8&#8243; _module_preset=&#8221;default&#8221; custom_padding=&#8221;|0px|0px||false|false&#8221; custom_padding_tablet=&#8221;||20px||false|false&#8221; custom_padding_phone=&#8221;&#8221; locked=&#8221;off&#8221; global_colors_info=&#8221;{}&#8221;][et_pb_row _builder_version=&#8221;4.10.8&#8243; _module_preset=&#8221;default&#8221; custom_padding=&#8221;||||false|false&#8221; global_colors_info=&#8221;{}&#8221;][et_pb_column type=&#8221;4_4&#8243; _builder_version=&#8221;4.10.8&#8243; _module_preset=&#8221;default&#8221; global_colors_info=&#8221;{}&#8221;][et_pb_text _builder_version=&#8221;4.10.8&#8243; _module_preset=&#8221;default&#8221; text_font=&#8221;|600|||||||&#8221; text_text_color=&#8221;#055169&#8243; text_font_size=&#8221;13px&#8221; link_text_color=&#8221;#055169&#8243; custom_padding=&#8221;||0px||false|false&#8221; hover_enabled=&#8221;0&#8243; global_colors_info=&#8221;{}&#8221; sticky_enabled=&#8221;0&#8243;]<\/p>\n<p><a href=\"https:\/\/grupo.us.es\/hislabinst\/\">Home<\/a>\u00a0<svg xmlns=\"http:\/\/www.w3.org\/2000\/svg\" viewbox=\"-11 -2 30 17\" width=\"15\" fill=\"currentColor\"><path d=\"M5.314 7.071l-4.95-4.95A1 1 0 0 1 1.778.707l5.657 5.657a1 1 0 0 1 0 1.414l-5.657 5.657a1 1 0 0 1-1.414-1.414l4.95-4.95z\"><\/path><\/svg> <a href=\"https:\/\/grupo.us.es\/hislabinst\/team\/\">Team<\/a>\u00a0<svg xmlns=\"http:\/\/www.w3.org\/2000\/svg\" viewbox=\"-11 -2 30 17\" width=\"15\" fill=\"currentColor\"><path d=\"M5.314 7.071l-4.95-4.95A1 1 0 0 1 1.778.707l5.657 5.657a1 1 0 0 1 0 1.414l-5.657 5.657a1 1 0 0 1-1.414-1.414l4.95-4.95z\"><\/path><\/svg> Elisabetta Venezia<\/p>\n<p>[\/et_pb_text][\/et_pb_column][\/et_pb_row][\/et_pb_section][et_pb_section fb_built=&#8221;1&#8243; use_custom_gutter=&#8221;on&#8221; gutter_width=&#8221;1&#8243; specialty=&#8221;on&#8221; _builder_version=&#8221;4.10.8&#8243; _module_preset=&#8221;default&#8221; inner_width=&#8221;90%&#8221; inner_width_tablet=&#8221;70%&#8221; inner_width_phone=&#8221;&#8221; inner_width_last_edited=&#8221;on|phone&#8221; inner_max_width=&#8221;100%&#8221; custom_padding=&#8221;0px||||false|false&#8221; global_colors_info=&#8221;{}&#8221;][et_pb_column type=&#8221;1_3&#8243; _builder_version=&#8221;3.25&#8243; global_colors_info=&#8221;{}&#8221; custom_padding__hover=&#8221;|||&#8221;][et_pb_image src=&#8221;https:\/\/grupo.us.es\/hislabinst\/wp-content\/uploads\/2022\/03\/Elisabetta_Venezia.png&#8221; title_text=&#8221;Elisabetta_Venezia&#8221; align=&#8221;center&#8221; _builder_version=&#8221;4.10.8&#8243; _module_preset=&#8221;default&#8221; width=&#8221;210px&#8221; module_alignment=&#8221;center&#8221; height=&#8221;200px&#8221; animation_style=&#8221;fade&#8221; hover_enabled=&#8221;0&#8243; border_radii=&#8221;on|1000px|1000px|1000px|1000px&#8221; border_width_all=&#8221;8px&#8221; border_color_all=&#8221;#E17E23&#8243; global_colors_info=&#8221;{}&#8221; sticky_enabled=&#8221;0&#8243;][\/et_pb_image][et_pb_text _builder_version=&#8221;4.10.8&#8243; _module_preset=&#8221;default&#8221; text_font=&#8221;Prata|700|||||||&#8221; text_text_color=&#8221;#055169&#8243; text_font_size=&#8221;20px&#8221; text_line_height=&#8221;1.5em&#8221; text_orientation=&#8221;center&#8221; custom_margin=&#8221;20px||||false|false&#8221; animation_style=&#8221;fade&#8221; hover_enabled=&#8221;0&#8243; global_colors_info=&#8221;{}&#8221; sticky_enabled=&#8221;0&#8243;]<\/p>\n<p>Elisabetta Venezia<\/p>\n<p>[\/et_pb_text][\/et_pb_column][et_pb_column type=&#8221;2_3&#8243; specialty_columns=&#8221;2&#8243; _builder_version=&#8221;3.25&#8243; global_colors_info=&#8221;{}&#8221; custom_padding__hover=&#8221;|||&#8221;][et_pb_row_inner _builder_version=&#8221;4.10.8&#8243; _module_preset=&#8221;default&#8221; custom_margin=&#8221;||||false|false&#8221; custom_margin_tablet=&#8221;30px||||false|false&#8221; custom_margin_phone=&#8221;&#8221; custom_margin_last_edited=&#8221;on|phone&#8221; global_colors_info=&#8221;{}&#8221;][et_pb_column_inner saved_specialty_column_type=&#8221;2_3&#8243; _builder_version=&#8221;4.10.8&#8243; _module_preset=&#8221;default&#8221; global_colors_info=&#8221;{}&#8221;][et_pb_text _builder_version=&#8221;4.10.8&#8243; _module_preset=&#8221;default&#8221; text_font_size=&#8221;14px&#8221; text_orientation=&#8221;justified&#8221; custom_margin=&#8221;10px|50px||50px|false|true&#8221; custom_margin_tablet=&#8221;|-70px||-70px|false|true&#8221; custom_margin_phone=&#8221;|-35px||-35px|false|true&#8221; custom_margin_last_edited=&#8221;on|tablet&#8221; custom_padding=&#8221;|30px||30px|false|false&#8221; animation_style=&#8221;fade&#8221; hover_enabled=&#8221;0&#8243; border_radii=&#8221;on|20px|20px|20px|20px&#8221; border_width_right=&#8221;5px&#8221; border_color_right=&#8221;#DADADA&#8221; border_width_left=&#8221;5px&#8221; border_color_left=&#8221;#DADADA&#8221; global_colors_info=&#8221;{}&#8221; sticky_enabled=&#8221;0&#8243;]<\/p>\n<p align=\"justify\">Elisabetta Venezia, docente di Economia Applicata presso l&#8217;Universit\u00e0 degli Studi di Bari Aldo Moro, Dipartimento di Economia e Finanza.<\/p>\n<p align=\"justify\">Si \u00e8 formata presso l\u2019Universit\u00e0 degli studi di Bari Aldo Moro, la London School of Economics di Londra, la University of Westminster di Londra e l\u2019Universit\u00e0 di Bologna.<\/p>\n<p align=\"justify\">Insegna Economia dei trasporti, Economia della mobilit\u00e0 e Valutazione economica degli investimenti.<\/p>\n<p align=\"justify\">E\u2019 presidente della Commissione Traffico e Circolazione dell\u2019ACI Bari-Bat.<\/p>\n<p align=\"justify\"><a name=\"_GoBack\"><\/a> E\u2019 componente del Nucleo di valutazione e verifica degli investimenti pubblici nel settore dei trasporti per la Regione Puglia.<\/p>\n<p align=\"justify\">La sua attivit\u00e0 di ricerca si concentra principalmente sui trasporti sostenibili, la valutazione economica di infrastrutture e progetti, l\u2019analisi costi e benefici, l\u2019equit\u00e0 nel settore dei trasporti e i comportamenti di viaggio.<\/p>\n<p align=\"justify\">\u00c8 autrice di oltre 90 pubblicazioni ed \u00e8 coordinatrice e componente di diversi gruppi di progetti di ricerca a livello nazionale e internazionale.<\/p>\n<p align=\"justify\">\u00c8 consulente di diversi ministeri e autorit\u00e0 locali come economista senior, prevalentemente nei settori dell&#8217;economia dei trasporti e della sostenibilit\u00e0, tra i quali:<\/p>\n<p align=\"justify\">&#8211; Presidenza del Consiglio dei Ministri, Dipartimento per lo Sviluppo e la Coesione Territoriale, Roma<\/p>\n<p align=\"justify\">&#8211; Commissione Europea, Bruxelles<\/p>\n<p align=\"justify\">&#8211; Ministero dell\u2019Istruzione, dell\u2019Universit\u00e0 e della Ricerca, Roma<\/p>\n<p align=\"justify\">&#8211; Banca Europea degli Investimenti, Bruxelles<\/p>\n<p align=\"justify\">&#8211; OCSE-Fondazione CRUI, Roma<\/p>\n<p align=\"justify\">&#8211; Presidenza del Consiglio dei Ministri, Dipartimento per gli affari giuridici e legislativi, Roma.<\/p>\n<p align=\"justify\">\u00c8 esperta scientifica indipendente per la valutazione scientifica della ricerca italiana per il Ministero dell&#8217;Istruzione e della Ricerca Scientifica ed \u00e8 iscritta nell\u2019elenco nazionale dell&#8217;Organismo Italiano di Valutazione (O.I.V.).<\/p>\n<p>[\/et_pb_text][\/et_pb_column_inner][\/et_pb_row_inner][et_pb_row_inner use_custom_gutter=&#8221;on&#8221; gutter_width=&#8221;1&#8243; _builder_version=&#8221;4.10.8&#8243; _module_preset=&#8221;default&#8221; width=&#8221;100%&#8221; max_width=&#8221;100%&#8221; module_alignment=&#8221;center&#8221; global_colors_info=&#8221;{}&#8221; locked=&#8221;off&#8221;][et_pb_column_inner saved_specialty_column_type=&#8221;2_3&#8243; _builder_version=&#8221;4.10.8&#8243; _module_preset=&#8221;default&#8221; global_colors_info=&#8221;{}&#8221;][et_pb_button button_url=&#8221;https:\/\/www.uniba.it\/ricerca\/dipartimenti\/dse\/dipartimento\/personale\/personale-docente\/docenti\/venezia-elisabetta&#8221; url_new_window=&#8221;on&#8221; button_text=&#8221;UNIBA&#8221; button_alignment=&#8221;center&#8221; _builder_version=&#8221;4.10.8&#8243; _module_preset=&#8221;default&#8221; custom_button=&#8221;on&#8221; button_text_size=&#8221;13px&#8221; button_text_color=&#8221;#DADADA&#8221; button_bg_color=&#8221;#055169&#8243; button_border_radius=&#8221;10px&#8221; custom_margin=&#8221;||||false|false&#8221; custom_margin_tablet=&#8221;5px||5px||true|false&#8221; custom_margin_phone=&#8221;&#8221; custom_margin_last_edited=&#8221;on|phone&#8221; animation_style=&#8221;fade&#8221; hover_enabled=&#8221;0&#8243; locked=&#8221;off&#8221; global_colors_info=&#8221;{}&#8221; sticky_enabled=&#8221;0&#8243;][\/et_pb_button][\/et_pb_column_inner][\/et_pb_row_inner][\/et_pb_column][\/et_pb_section]<\/p>\n","protected":false},"excerpt":{"rendered":"<p>Home\u00a0 Team\u00a0 Elisabetta VeneziaElisabetta VeneziaElisabetta Venezia, docente di Economia Applicata presso l&#8217;Universit\u00e0 degli Studi di Bari Aldo Moro, Dipartimento di Economia e Finanza. Si \u00e8 formata presso l\u2019Universit\u00e0 degli studi di Bari Aldo Moro, la London School of Economics di Londra, la University of Westminster di Londra e l\u2019Universit\u00e0 di Bologna. Insegna Economia dei trasporti, [&hellip;]<\/p>\n","protected":false},"author":1,"featured_media":0,"parent":0,"menu_order":0,"comment_status":"closed","ping_status":"closed","template":"","meta":{"_et_pb_use_builder":"on","_et_pb_old_content":"","_et_gb_content_width":"","footnotes":""},"class_list":["post-889","page","type-page","status-publish","hentry"],"yoast_head":"<!-- This site is optimized with the Yoast SEO plugin v19.2 - https:\/\/yoast.com\/wordpress\/plugins\/seo\/ -->\n<title>Elisabetta Venezia - History and Economic Institutions<\/title>\n<meta name=\"robots\" content=\"index, follow, max-snippet:-1, max-image-preview:large, max-video-preview:-1\" \/>\n<link rel=\"canonical\" href=\"https:\/\/grupo.us.es\/hislabinst\/elisabetta-venezia\/\" \/>\n<meta property=\"og:locale\" content=\"en_GB\" \/>\n<meta property=\"og:type\" content=\"article\" \/>\n<meta property=\"og:title\" content=\"Elisabetta Venezia - History and Economic Institutions\" \/>\n<meta property=\"og:description\" content=\"Home\u00a0 Team\u00a0 Elisabetta VeneziaElisabetta VeneziaElisabetta Venezia, docente di Economia Applicata presso l&#039;Universit\u00e0 degli Studi di Bari Aldo Moro, Dipartimento di Economia e Finanza. Si \u00e8 formata presso l\u2019Universit\u00e0 degli studi di Bari Aldo Moro, la London School of Economics di Londra, la University of Westminster di Londra e l\u2019Universit\u00e0 di Bologna. Insegna Economia dei trasporti, [&hellip;]\" \/>\n<meta property=\"og:url\" content=\"https:\/\/grupo.us.es\/hislabinst\/elisabetta-venezia\/\" \/>\n<meta property=\"og:site_name\" content=\"History and Economic Institutions\" \/>\n<meta property=\"article:modified_time\" content=\"2025-10-29T01:11:43+00:00\" \/>\n<meta name=\"author\" content=\"eheconomica\" \/>\n<meta name=\"twitter:card\" content=\"summary_large_image\" \/>\n<meta name=\"twitter:label1\" content=\"Estimated reading time\" \/>\n\t<meta name=\"twitter:data1\" content=\"4 minutes\" \/>\n<script type=\"application\/ld+json\" class=\"yoast-schema-graph\">{\"@context\":\"https:\/\/schema.org\",\"@graph\":[{\"@type\":\"WebSite\",\"@id\":\"https:\/\/grupo.us.es\/hislabinst\/#website\",\"url\":\"https:\/\/grupo.us.es\/hislabinst\/\",\"name\":\"History and Economic Institutions\",\"description\":\"\",\"potentialAction\":[{\"@type\":\"SearchAction\",\"target\":{\"@type\":\"EntryPoint\",\"urlTemplate\":\"https:\/\/grupo.us.es\/hislabinst\/?s={search_term_string}\"},\"query-input\":\"required name=search_term_string\"}],\"inLanguage\":\"en-GB\"},{\"@type\":\"WebPage\",\"@id\":\"https:\/\/grupo.us.es\/hislabinst\/elisabetta-venezia\/#webpage\",\"url\":\"https:\/\/grupo.us.es\/hislabinst\/elisabetta-venezia\/\",\"name\":\"Elisabetta Venezia - History and Economic Institutions\",\"isPartOf\":{\"@id\":\"https:\/\/grupo.us.es\/hislabinst\/#website\"},\"datePublished\":\"2022-03-31T17:30:25+00:00\",\"dateModified\":\"2025-10-29T01:11:43+00:00\",\"breadcrumb\":{\"@id\":\"https:\/\/grupo.us.es\/hislabinst\/elisabetta-venezia\/#breadcrumb\"},\"inLanguage\":\"en-GB\",\"potentialAction\":[{\"@type\":\"ReadAction\",\"target\":[\"https:\/\/grupo.us.es\/hislabinst\/elisabetta-venezia\/\"]}]},{\"@type\":\"BreadcrumbList\",\"@id\":\"https:\/\/grupo.us.es\/hislabinst\/elisabetta-venezia\/#breadcrumb\",\"itemListElement\":[{\"@type\":\"ListItem\",\"position\":1,\"name\":\"Portada\",\"item\":\"https:\/\/grupo.us.es\/hislabinst\/\"},{\"@type\":\"ListItem\",\"position\":2,\"name\":\"Elisabetta Venezia\"}]}]}<\/script>\n<!-- \/ Yoast SEO plugin. -->","yoast_head_json":{"title":"Elisabetta Venezia - History and Economic Institutions","robots":{"index":"index","follow":"follow","max-snippet":"max-snippet:-1","max-image-preview":"max-image-preview:large","max-video-preview":"max-video-preview:-1"},"canonical":"https:\/\/grupo.us.es\/hislabinst\/elisabetta-venezia\/","og_locale":"en_GB","og_type":"article","og_title":"Elisabetta Venezia - History and Economic Institutions","og_description":"Home\u00a0 Team\u00a0 Elisabetta VeneziaElisabetta VeneziaElisabetta Venezia, docente di Economia Applicata presso l'Universit\u00e0 degli Studi di Bari Aldo Moro, Dipartimento di Economia e Finanza. Si \u00e8 formata presso l\u2019Universit\u00e0 degli studi di Bari Aldo Moro, la London School of Economics di Londra, la University of Westminster di Londra e l\u2019Universit\u00e0 di Bologna. Insegna Economia dei trasporti, [&hellip;]","og_url":"https:\/\/grupo.us.es\/hislabinst\/elisabetta-venezia\/","og_site_name":"History and Economic Institutions","article_modified_time":"2025-10-29T01:11:43+00:00","author":"eheconomica","twitter_card":"summary_large_image","twitter_misc":{"Estimated reading time":"4 minutes"},"schema":{"@context":"https:\/\/schema.org","@graph":[{"@type":"WebSite","@id":"https:\/\/grupo.us.es\/hislabinst\/#website","url":"https:\/\/grupo.us.es\/hislabinst\/","name":"History and Economic Institutions","description":"","potentialAction":[{"@type":"SearchAction","target":{"@type":"EntryPoint","urlTemplate":"https:\/\/grupo.us.es\/hislabinst\/?s={search_term_string}"},"query-input":"required name=search_term_string"}],"inLanguage":"en-GB"},{"@type":"WebPage","@id":"https:\/\/grupo.us.es\/hislabinst\/elisabetta-venezia\/#webpage","url":"https:\/\/grupo.us.es\/hislabinst\/elisabetta-venezia\/","name":"Elisabetta Venezia - History and Economic Institutions","isPartOf":{"@id":"https:\/\/grupo.us.es\/hislabinst\/#website"},"datePublished":"2022-03-31T17:30:25+00:00","dateModified":"2025-10-29T01:11:43+00:00","breadcrumb":{"@id":"https:\/\/grupo.us.es\/hislabinst\/elisabetta-venezia\/#breadcrumb"},"inLanguage":"en-GB","potentialAction":[{"@type":"ReadAction","target":["https:\/\/grupo.us.es\/hislabinst\/elisabetta-venezia\/"]}]},{"@type":"BreadcrumbList","@id":"https:\/\/grupo.us.es\/hislabinst\/elisabetta-venezia\/#breadcrumb","itemListElement":[{"@type":"ListItem","position":1,"name":"Portada","item":"https:\/\/grupo.us.es\/hislabinst\/"},{"@type":"ListItem","position":2,"name":"Elisabetta Venezia"}]}]}},"_links":{"self":[{"href":"https:\/\/grupo.us.es\/hislabinst\/wp-json\/wp\/v2\/pages\/889","targetHints":{"allow":["GET"]}}],"collection":[{"href":"https:\/\/grupo.us.es\/hislabinst\/wp-json\/wp\/v2\/pages"}],"about":[{"href":"https:\/\/grupo.us.es\/hislabinst\/wp-json\/wp\/v2\/types\/page"}],"author":[{"embeddable":true,"href":"https:\/\/grupo.us.es\/hislabinst\/wp-json\/wp\/v2\/users\/1"}],"replies":[{"embeddable":true,"href":"https:\/\/grupo.us.es\/hislabinst\/wp-json\/wp\/v2\/comments?post=889"}],"version-history":[{"count":7,"href":"https:\/\/grupo.us.es\/hislabinst\/wp-json\/wp\/v2\/pages\/889\/revisions"}],"predecessor-version":[{"id":1228,"href":"https:\/\/grupo.us.es\/hislabinst\/wp-json\/wp\/v2\/pages\/889\/revisions\/1228"}],"wp:attachment":[{"href":"https:\/\/grupo.us.es\/hislabinst\/wp-json\/wp\/v2\/media?parent=889"}],"curies":[{"name":"wp","href":"https:\/\/api.w.org\/{rel}","templated":true}]}}