{"id":853,"date":"2022-03-31T16:21:00","date_gmt":"2022-03-31T16:21:00","guid":{"rendered":"https:\/\/grupo.us.es\/hislabinst\/?page_id=853"},"modified":"2025-04-11T19:11:34","modified_gmt":"2025-04-11T19:11:34","slug":"ana-isabel-fernandez-asperilla","status":"publish","type":"page","link":"https:\/\/grupo.us.es\/hislabinst\/ana-isabel-fernandez-asperilla\/","title":{"rendered":"Ana Isabel Fern\u00e1ndez Asperilla"},"content":{"rendered":"<p>[et_pb_section fb_built=&#8221;1&#8243; custom_padding_last_edited=&#8221;on|phone&#8221; _builder_version=&#8221;4.10.8&#8243; _module_preset=&#8221;default&#8221; custom_padding=&#8221;|0px|0px||false|false&#8221; custom_padding_tablet=&#8221;||20px||false|false&#8221; custom_padding_phone=&#8221;&#8221; locked=&#8221;off&#8221; global_colors_info=&#8221;{}&#8221;][et_pb_row _builder_version=&#8221;4.10.8&#8243; _module_preset=&#8221;default&#8221; custom_padding=&#8221;||||false|false&#8221; global_colors_info=&#8221;{}&#8221;][et_pb_column type=&#8221;4_4&#8243; _builder_version=&#8221;4.10.8&#8243; _module_preset=&#8221;default&#8221; global_colors_info=&#8221;{}&#8221;][et_pb_text _builder_version=&#8221;4.10.8&#8243; _module_preset=&#8221;default&#8221; text_font=&#8221;|600|||||||&#8221; text_text_color=&#8221;#055169&#8243; text_font_size=&#8221;13px&#8221; link_text_color=&#8221;#055169&#8243; custom_padding=&#8221;||0px||false|false&#8221; global_colors_info=&#8221;{}&#8221;]<\/p>\n<p><a href=\"https:\/\/grupo.us.es\/hislabinst\/\">Home<\/a>\u00a0<svg xmlns=\"http:\/\/www.w3.org\/2000\/svg\" viewbox=\"-11 -2 30 17\" width=\"15\" fill=\"currentColor\"><path d=\"M5.314 7.071l-4.95-4.95A1 1 0 0 1 1.778.707l5.657 5.657a1 1 0 0 1 0 1.414l-5.657 5.657a1 1 0 0 1-1.414-1.414l4.95-4.95z\"><\/path><\/svg> <a href=\"https:\/\/grupo.us.es\/hislabinst\/team\/\">Team<\/a>\u00a0<svg xmlns=\"http:\/\/www.w3.org\/2000\/svg\" viewbox=\"-11 -2 30 17\" width=\"15\" fill=\"currentColor\"><path d=\"M5.314 7.071l-4.95-4.95A1 1 0 0 1 1.778.707l5.657 5.657a1 1 0 0 1 0 1.414l-5.657 5.657a1 1 0 0 1-1.414-1.414l4.95-4.95z\"><\/path><\/svg> Ana Isabel Fern\u00e1ndez Asperilla<\/p>\n<p>[\/et_pb_text][\/et_pb_column][\/et_pb_row][\/et_pb_section][et_pb_section fb_built=&#8221;1&#8243; use_custom_gutter=&#8221;on&#8221; gutter_width=&#8221;1&#8243; specialty=&#8221;on&#8221; _builder_version=&#8221;4.10.8&#8243; _module_preset=&#8221;default&#8221; inner_width=&#8221;90%&#8221; inner_width_tablet=&#8221;70%&#8221; inner_width_phone=&#8221;&#8221; inner_width_last_edited=&#8221;on|phone&#8221; inner_max_width=&#8221;100%&#8221; custom_padding=&#8221;0px||||false|false&#8221; global_colors_info=&#8221;{}&#8221;][et_pb_column type=&#8221;1_3&#8243; _builder_version=&#8221;3.25&#8243; global_colors_info=&#8221;{}&#8221; custom_padding__hover=&#8221;|||&#8221;][et_pb_image src=&#8221;https:\/\/grupo.us.es\/hislabinst\/wp-content\/uploads\/2022\/03\/Ana_Isabel_Fernandez_Asperilla.png&#8221; title_text=&#8221;Ana_Isabel_Fernandez_Asperilla&#8221; align=&#8221;center&#8221; _builder_version=&#8221;4.10.8&#8243; _module_preset=&#8221;default&#8221; width=&#8221;210px&#8221; module_alignment=&#8221;center&#8221; height=&#8221;200px&#8221; animation_style=&#8221;fade&#8221; border_radii=&#8221;on|1000px|1000px|1000px|1000px&#8221; border_width_all=&#8221;8px&#8221; border_color_all=&#8221;#E17E23&#8243; global_colors_info=&#8221;{}&#8221;][\/et_pb_image][et_pb_text _builder_version=&#8221;4.10.8&#8243; _module_preset=&#8221;default&#8221; text_font=&#8221;Prata|700|||||||&#8221; text_text_color=&#8221;#055169&#8243; text_font_size=&#8221;20px&#8221; text_line_height=&#8221;1.5em&#8221; text_orientation=&#8221;center&#8221; custom_margin=&#8221;20px||||false|false&#8221; animation_style=&#8221;fade&#8221; global_colors_info=&#8221;{}&#8221;]<\/p>\n<p>Ana Isabel Fern\u00e1ndez Asperilla<\/p>\n<p>[\/et_pb_text][\/et_pb_column][et_pb_column type=&#8221;2_3&#8243; specialty_columns=&#8221;2&#8243; _builder_version=&#8221;3.25&#8243; global_colors_info=&#8221;{}&#8221; custom_padding__hover=&#8221;|||&#8221;][et_pb_row_inner _builder_version=&#8221;4.10.8&#8243; _module_preset=&#8221;default&#8221; custom_margin=&#8221;||||false|false&#8221; custom_margin_tablet=&#8221;30px||||false|false&#8221; custom_margin_phone=&#8221;&#8221; custom_margin_last_edited=&#8221;on|phone&#8221; global_colors_info=&#8221;{}&#8221;][et_pb_column_inner saved_specialty_column_type=&#8221;2_3&#8243; _builder_version=&#8221;4.10.8&#8243; _module_preset=&#8221;default&#8221; global_colors_info=&#8221;{}&#8221;][et_pb_text _builder_version=&#8221;4.10.8&#8243; _module_preset=&#8221;default&#8221; text_font_size=&#8221;14px&#8221; text_orientation=&#8221;justified&#8221; custom_margin=&#8221;10px|50px||50px|false|true&#8221; custom_margin_tablet=&#8221;|-70px||-70px|false|true&#8221; custom_margin_phone=&#8221;|-35px||-35px|false|true&#8221; custom_margin_last_edited=&#8221;on|tablet&#8221; custom_padding=&#8221;|30px||30px|false|false&#8221; animation_style=&#8221;fade&#8221; border_radii=&#8221;on|20px|20px|20px|20px&#8221; border_width_right=&#8221;5px&#8221; border_color_right=&#8221;#DADADA&#8221; border_width_left=&#8221;5px&#8221; border_color_left=&#8221;#DADADA&#8221; global_colors_info=&#8221;{}&#8221;]Profesora Ayudante-Doctora del Departamento de Historia, Teor\u00eda y Geograf\u00eda Pol\u00edticas de la Facultad de Ciencias Pol\u00edticas y Sociolog\u00eda de la Universidad Complutense de Madrid. Es Doctora en Historia Contempor\u00e1nea por la Universidad Aut\u00f3noma de Madrid y est\u00e1 acreditada como Profesora Contratada Doctora en 2015 por la Agencia Nacional de Evaluaci\u00f3n de la Calidad y Acreditaci\u00f3n (ANECA).<\/p>\n<p>Ha impartido docencia en estudios de Grado, Master, Acceso a la Universidad para Mayores de 25 A\u00f1os y en Cursos de Especialista Universitario en varias universidades p\u00fablicas espa\u00f1olas.<\/p>\n<p>Autora de m\u00e1s de medio centenar de publicaciones cient\u00edficas &#8211; art\u00edculos, cap\u00edtulos de libros y monograf\u00edas- sobre la Historia de las Migraciones en la Espa\u00f1a contempor\u00e1nea y la Historia de la Dictadura Franquista. En sus investigaciones ha prestado una especial atenci\u00f3n a los movimientos migratorios desde la segunda mitad del siglo XX hasta la actualidad. Ha abordado el estudio de las migraciones econ\u00f3micas, la actividad laboral de las personas migrantes, su inserci\u00f3n en los mercados de trabajo internacionales, su participaci\u00f3n en el sindicalismo europeo y los procesos de retorno. Se ha ocupado de las migraciones femeninas, del asociacionismo \u00e9tnico y de la vida pol\u00edtica y cultural de los migrantes. En sus investigaciones m\u00e1s recientes se ha interesado por la relaci\u00f3n entre las crisis econ\u00f3micas y la emigraci\u00f3n en los siglos XX y XXI en Espa\u00f1a. Ha participado en proyectos de investigaci\u00f3n nacionales e internacionales, en r\u00e9gimen competitivo y durante m\u00e1s de una d\u00e9cada dirigi\u00f3 el Centro de Documentaci\u00f3n de las Migraciones de la Fundaci\u00f3n 1\u00ba de Mayo.[\/et_pb_text][\/et_pb_column_inner][\/et_pb_row_inner][\/et_pb_column][\/et_pb_section]<\/p>\n","protected":false},"excerpt":{"rendered":"<p>Home\u00a0 Team\u00a0 Ana Isabel Fern\u00e1ndez AsperillaAna Isabel Fern\u00e1ndez AsperillaProfesora Ayudante-Doctora del Departamento de Historia, Teor\u00eda y Geograf\u00eda Pol\u00edticas de la Facultad de Ciencias Pol\u00edticas y Sociolog\u00eda de la Universidad Complutense de Madrid. Es Doctora en Historia Contempor\u00e1nea por la Universidad Aut\u00f3noma de Madrid y est\u00e1 acreditada como Profesora Contratada Doctora en 2015 por la Agencia [&hellip;]<\/p>\n","protected":false},"author":1,"featured_media":0,"parent":0,"menu_order":0,"comment_status":"closed","ping_status":"closed","template":"","meta":{"_et_pb_use_builder":"on","_et_pb_old_content":"","_et_gb_content_width":"","footnotes":""},"class_list":["post-853","page","type-page","status-publish","hentry"],"yoast_head":"<!-- This site is optimized with the Yoast SEO plugin v19.2 - https:\/\/yoast.com\/wordpress\/plugins\/seo\/ -->\n<title>Ana Isabel Fern\u00e1ndez Asperilla - History and Economic Institutions<\/title>\n<meta name=\"robots\" content=\"index, follow, max-snippet:-1, max-image-preview:large, max-video-preview:-1\" \/>\n<link rel=\"canonical\" href=\"https:\/\/grupo.us.es\/hislabinst\/ana-isabel-fernandez-asperilla\/\" \/>\n<meta property=\"og:locale\" content=\"en_GB\" \/>\n<meta property=\"og:type\" content=\"article\" \/>\n<meta property=\"og:title\" content=\"Ana Isabel Fern\u00e1ndez Asperilla - History and Economic Institutions\" \/>\n<meta property=\"og:description\" content=\"Home\u00a0 Team\u00a0 Ana Isabel Fern\u00e1ndez AsperillaAna Isabel Fern\u00e1ndez AsperillaProfesora Ayudante-Doctora del Departamento de Historia, Teor\u00eda y Geograf\u00eda Pol\u00edticas de la Facultad de Ciencias Pol\u00edticas y Sociolog\u00eda de la Universidad Complutense de Madrid. Es Doctora en Historia Contempor\u00e1nea por la Universidad Aut\u00f3noma de Madrid y est\u00e1 acreditada como Profesora Contratada Doctora en 2015 por la Agencia [&hellip;]\" \/>\n<meta property=\"og:url\" content=\"https:\/\/grupo.us.es\/hislabinst\/ana-isabel-fernandez-asperilla\/\" \/>\n<meta property=\"og:site_name\" content=\"History and Economic Institutions\" \/>\n<meta property=\"article:modified_time\" content=\"2025-04-11T19:11:34+00:00\" \/>\n<meta name=\"author\" content=\"eheconomica\" \/>\n<meta name=\"twitter:card\" content=\"summary_large_image\" \/>\n<meta name=\"twitter:label1\" content=\"Estimated reading time\" \/>\n\t<meta name=\"twitter:data1\" content=\"4 minutes\" \/>\n<script type=\"application\/ld+json\" class=\"yoast-schema-graph\">{\"@context\":\"https:\/\/schema.org\",\"@graph\":[{\"@type\":\"WebSite\",\"@id\":\"https:\/\/grupo.us.es\/hislabinst\/#website\",\"url\":\"https:\/\/grupo.us.es\/hislabinst\/\",\"name\":\"History and Economic Institutions\",\"description\":\"\",\"potentialAction\":[{\"@type\":\"SearchAction\",\"target\":{\"@type\":\"EntryPoint\",\"urlTemplate\":\"https:\/\/grupo.us.es\/hislabinst\/?s={search_term_string}\"},\"query-input\":\"required name=search_term_string\"}],\"inLanguage\":\"en-GB\"},{\"@type\":\"WebPage\",\"@id\":\"https:\/\/grupo.us.es\/hislabinst\/ana-isabel-fernandez-asperilla\/#webpage\",\"url\":\"https:\/\/grupo.us.es\/hislabinst\/ana-isabel-fernandez-asperilla\/\",\"name\":\"Ana Isabel Fern\u00e1ndez Asperilla - History and Economic Institutions\",\"isPartOf\":{\"@id\":\"https:\/\/grupo.us.es\/hislabinst\/#website\"},\"datePublished\":\"2022-03-31T16:21:00+00:00\",\"dateModified\":\"2025-04-11T19:11:34+00:00\",\"breadcrumb\":{\"@id\":\"https:\/\/grupo.us.es\/hislabinst\/ana-isabel-fernandez-asperilla\/#breadcrumb\"},\"inLanguage\":\"en-GB\",\"potentialAction\":[{\"@type\":\"ReadAction\",\"target\":[\"https:\/\/grupo.us.es\/hislabinst\/ana-isabel-fernandez-asperilla\/\"]}]},{\"@type\":\"BreadcrumbList\",\"@id\":\"https:\/\/grupo.us.es\/hislabinst\/ana-isabel-fernandez-asperilla\/#breadcrumb\",\"itemListElement\":[{\"@type\":\"ListItem\",\"position\":1,\"name\":\"Portada\",\"item\":\"https:\/\/grupo.us.es\/hislabinst\/\"},{\"@type\":\"ListItem\",\"position\":2,\"name\":\"Ana Isabel Fern\u00e1ndez Asperilla\"}]}]}<\/script>\n<!-- \/ Yoast SEO plugin. -->","yoast_head_json":{"title":"Ana Isabel Fern\u00e1ndez Asperilla - History and Economic Institutions","robots":{"index":"index","follow":"follow","max-snippet":"max-snippet:-1","max-image-preview":"max-image-preview:large","max-video-preview":"max-video-preview:-1"},"canonical":"https:\/\/grupo.us.es\/hislabinst\/ana-isabel-fernandez-asperilla\/","og_locale":"en_GB","og_type":"article","og_title":"Ana Isabel Fern\u00e1ndez Asperilla - History and Economic Institutions","og_description":"Home\u00a0 Team\u00a0 Ana Isabel Fern\u00e1ndez AsperillaAna Isabel Fern\u00e1ndez AsperillaProfesora Ayudante-Doctora del Departamento de Historia, Teor\u00eda y Geograf\u00eda Pol\u00edticas de la Facultad de Ciencias Pol\u00edticas y Sociolog\u00eda de la Universidad Complutense de Madrid. Es Doctora en Historia Contempor\u00e1nea por la Universidad Aut\u00f3noma de Madrid y est\u00e1 acreditada como Profesora Contratada Doctora en 2015 por la Agencia [&hellip;]","og_url":"https:\/\/grupo.us.es\/hislabinst\/ana-isabel-fernandez-asperilla\/","og_site_name":"History and Economic Institutions","article_modified_time":"2025-04-11T19:11:34+00:00","author":"eheconomica","twitter_card":"summary_large_image","twitter_misc":{"Estimated reading time":"4 minutes"},"schema":{"@context":"https:\/\/schema.org","@graph":[{"@type":"WebSite","@id":"https:\/\/grupo.us.es\/hislabinst\/#website","url":"https:\/\/grupo.us.es\/hislabinst\/","name":"History and Economic Institutions","description":"","potentialAction":[{"@type":"SearchAction","target":{"@type":"EntryPoint","urlTemplate":"https:\/\/grupo.us.es\/hislabinst\/?s={search_term_string}"},"query-input":"required name=search_term_string"}],"inLanguage":"en-GB"},{"@type":"WebPage","@id":"https:\/\/grupo.us.es\/hislabinst\/ana-isabel-fernandez-asperilla\/#webpage","url":"https:\/\/grupo.us.es\/hislabinst\/ana-isabel-fernandez-asperilla\/","name":"Ana Isabel Fern\u00e1ndez Asperilla - History and Economic Institutions","isPartOf":{"@id":"https:\/\/grupo.us.es\/hislabinst\/#website"},"datePublished":"2022-03-31T16:21:00+00:00","dateModified":"2025-04-11T19:11:34+00:00","breadcrumb":{"@id":"https:\/\/grupo.us.es\/hislabinst\/ana-isabel-fernandez-asperilla\/#breadcrumb"},"inLanguage":"en-GB","potentialAction":[{"@type":"ReadAction","target":["https:\/\/grupo.us.es\/hislabinst\/ana-isabel-fernandez-asperilla\/"]}]},{"@type":"BreadcrumbList","@id":"https:\/\/grupo.us.es\/hislabinst\/ana-isabel-fernandez-asperilla\/#breadcrumb","itemListElement":[{"@type":"ListItem","position":1,"name":"Portada","item":"https:\/\/grupo.us.es\/hislabinst\/"},{"@type":"ListItem","position":2,"name":"Ana Isabel Fern\u00e1ndez Asperilla"}]}]}},"_links":{"self":[{"href":"https:\/\/grupo.us.es\/hislabinst\/wp-json\/wp\/v2\/pages\/853","targetHints":{"allow":["GET"]}}],"collection":[{"href":"https:\/\/grupo.us.es\/hislabinst\/wp-json\/wp\/v2\/pages"}],"about":[{"href":"https:\/\/grupo.us.es\/hislabinst\/wp-json\/wp\/v2\/types\/page"}],"author":[{"embeddable":true,"href":"https:\/\/grupo.us.es\/hislabinst\/wp-json\/wp\/v2\/users\/1"}],"replies":[{"embeddable":true,"href":"https:\/\/grupo.us.es\/hislabinst\/wp-json\/wp\/v2\/comments?post=853"}],"version-history":[{"count":4,"href":"https:\/\/grupo.us.es\/hislabinst\/wp-json\/wp\/v2\/pages\/853\/revisions"}],"predecessor-version":[{"id":1214,"href":"https:\/\/grupo.us.es\/hislabinst\/wp-json\/wp\/v2\/pages\/853\/revisions\/1214"}],"wp:attachment":[{"href":"https:\/\/grupo.us.es\/hislabinst\/wp-json\/wp\/v2\/media?parent=853"}],"curies":[{"name":"wp","href":"https:\/\/api.w.org\/{rel}","templated":true}]}}