{"id":775,"date":"2022-02-18T10:28:59","date_gmt":"2022-02-18T10:28:59","guid":{"rendered":"https:\/\/grupo.us.es\/hislabinst\/?page_id=775"},"modified":"2025-04-11T05:46:21","modified_gmt":"2025-04-11T05:46:21","slug":"pablo-gutierrez-gonzalez","status":"publish","type":"page","link":"https:\/\/grupo.us.es\/hislabinst\/pablo-gutierrez-gonzalez\/","title":{"rendered":"Pablo Guti\u00e9rrez Gonz\u00e1lez"},"content":{"rendered":"<p>[et_pb_section fb_built=&#8221;1&#8243; custom_padding_last_edited=&#8221;on|phone&#8221; _builder_version=&#8221;4.10.8&#8243; _module_preset=&#8221;default&#8221; custom_padding=&#8221;|0px|0px||false|false&#8221; custom_padding_tablet=&#8221;||20px||false|false&#8221; custom_padding_phone=&#8221;&#8221; locked=&#8221;off&#8221; global_colors_info=&#8221;{}&#8221;][et_pb_row _builder_version=&#8221;4.10.8&#8243; _module_preset=&#8221;default&#8221; custom_padding=&#8221;||||false|false&#8221; global_colors_info=&#8221;{}&#8221;][et_pb_column type=&#8221;4_4&#8243; _builder_version=&#8221;4.10.8&#8243; _module_preset=&#8221;default&#8221; global_colors_info=&#8221;{}&#8221;][et_pb_text _builder_version=&#8221;4.10.8&#8243; _module_preset=&#8221;default&#8221; text_font=&#8221;|600|||||||&#8221; text_text_color=&#8221;#055169&#8243; text_font_size=&#8221;13px&#8221; link_text_color=&#8221;#055169&#8243; custom_padding=&#8221;||0px||false|false&#8221; global_colors_info=&#8221;{}&#8221;]<\/p>\n<p><a href=\"https:\/\/grupo.us.es\/hislabinst\/\">Home<\/a>\u00a0<svg xmlns=\"http:\/\/www.w3.org\/2000\/svg\" viewbox=\"-11 -2 30 17\" width=\"15\" fill=\"currentColor\"><path d=\"M5.314 7.071l-4.95-4.95A1 1 0 0 1 1.778.707l5.657 5.657a1 1 0 0 1 0 1.414l-5.657 5.657a1 1 0 0 1-1.414-1.414l4.95-4.95z\"><\/path><\/svg> <a href=\"https:\/\/grupo.us.es\/hislabinst\/team\/\">Team<\/a>\u00a0<svg xmlns=\"http:\/\/www.w3.org\/2000\/svg\" viewbox=\"-11 -2 30 17\" width=\"15\" fill=\"currentColor\"><path d=\"M5.314 7.071l-4.95-4.95A1 1 0 0 1 1.778.707l5.657 5.657a1 1 0 0 1 0 1.414l-5.657 5.657a1 1 0 0 1-1.414-1.414l4.95-4.95z\"><\/path><\/svg> Pablo Guti\u00e9rrez Gonz\u00e1lez<\/p>\n<p>[\/et_pb_text][\/et_pb_column][\/et_pb_row][\/et_pb_section][et_pb_section fb_built=&#8221;1&#8243; use_custom_gutter=&#8221;on&#8221; gutter_width=&#8221;1&#8243; specialty=&#8221;on&#8221; _builder_version=&#8221;4.10.8&#8243; _module_preset=&#8221;default&#8221; inner_width=&#8221;90%&#8221; inner_width_tablet=&#8221;70%&#8221; inner_width_phone=&#8221;&#8221; inner_width_last_edited=&#8221;on|phone&#8221; inner_max_width=&#8221;100%&#8221; custom_padding=&#8221;0px||||false|false&#8221; global_colors_info=&#8221;{}&#8221;][et_pb_column type=&#8221;1_3&#8243; _builder_version=&#8221;3.25&#8243; global_colors_info=&#8221;{}&#8221; custom_padding__hover=&#8221;|||&#8221;][et_pb_image src=&#8221;https:\/\/grupo.us.es\/hislabinst\/wp-content\/uploads\/2022\/03\/Pablo_Gutierrez_Gonzalez.png&#8221; title_text=&#8221;Pablo_Gutierrez_Gonzalez&#8221; align=&#8221;center&#8221; _builder_version=&#8221;4.10.8&#8243; _module_preset=&#8221;default&#8221; width=&#8221;210px&#8221; module_alignment=&#8221;center&#8221; height=&#8221;200px&#8221; animation_style=&#8221;fade&#8221; border_radii=&#8221;on|1000px|1000px|1000px|1000px&#8221; border_width_all=&#8221;8px&#8221; border_color_all=&#8221;#E17E23&#8243; global_colors_info=&#8221;{}&#8221;][\/et_pb_image][et_pb_text _builder_version=&#8221;4.10.8&#8243; _module_preset=&#8221;default&#8221; text_font=&#8221;Prata|700|||||||&#8221; text_text_color=&#8221;#055169&#8243; text_font_size=&#8221;20px&#8221; text_line_height=&#8221;1.5em&#8221; text_orientation=&#8221;center&#8221; custom_margin=&#8221;20px||||false|false&#8221; animation_style=&#8221;fade&#8221; global_colors_info=&#8221;{}&#8221;]<\/p>\n<p><span>Pablo Guti\u00e9rrez Gonz\u00e1lez<\/span><\/p>\n<p>[\/et_pb_text][\/et_pb_column][et_pb_column type=&#8221;2_3&#8243; specialty_columns=&#8221;2&#8243; _builder_version=&#8221;3.25&#8243; global_colors_info=&#8221;{}&#8221; custom_padding__hover=&#8221;|||&#8221;][et_pb_row_inner _builder_version=&#8221;4.10.8&#8243; _module_preset=&#8221;default&#8221; custom_margin=&#8221;||||false|false&#8221; custom_margin_tablet=&#8221;30px||||false|false&#8221; custom_margin_phone=&#8221;&#8221; custom_margin_last_edited=&#8221;on|phone&#8221; global_colors_info=&#8221;{}&#8221;][et_pb_column_inner saved_specialty_column_type=&#8221;2_3&#8243; _builder_version=&#8221;4.10.8&#8243; _module_preset=&#8221;default&#8221; global_colors_info=&#8221;{}&#8221;][et_pb_text _builder_version=&#8221;4.10.8&#8243; _module_preset=&#8221;default&#8221; text_font_size=&#8221;14px&#8221; text_orientation=&#8221;justified&#8221; custom_margin=&#8221;10px|50px||50px|false|true&#8221; custom_margin_tablet=&#8221;|-70px||-70px|false|true&#8221; custom_margin_phone=&#8221;|-35px||-35px|false|true&#8221; custom_margin_last_edited=&#8221;on|tablet&#8221; custom_padding=&#8221;|30px||30px|false|false&#8221; animation_style=&#8221;fade&#8221; border_radii=&#8221;on|20px|20px|20px|20px&#8221; border_width_right=&#8221;5px&#8221; border_color_right=&#8221;#DADADA&#8221; border_width_left=&#8221;5px&#8221; border_color_left=&#8221;#DADADA&#8221; global_colors_info=&#8221;{}&#8221;]<\/p>\n<p>Pablo Guti\u00e9rrez Gonz\u00e1lez es Profesor Ayudante Doctor en el Departamento de Econom\u00eda e Historia econ\u00f3mica de la Universidad de Sevilla.<\/p>\n<p>Sus investigaciones se han centrado en el desarrollo hist\u00f3rico del sector asegurador en Espa\u00f1a y el estudio de sus pr\u00e1cticas financieras y, m\u00e1s recientemente, en el an\u00e1lisis del mercado de trabajo y la influencia de las instituciones que lo regulan utilizando herramientas microeconom\u00e9tricas. Actualmente, su investigaci\u00f3n se desarrolla en dos v\u00edas: la estructura y remuneraci\u00f3n de la mano de obra industrial durante la dictadura franquista, su contribuci\u00f3n al crecimiento econ\u00f3mico durante el desarrollismo y su impacto en la evoluci\u00f3n de la desigualdad salarial; y, conjuntamente con Marcial S\u00e1nchez-Mosquera, estudia el papel de los sindicatos y organizaciones patronales en el funcionamiento de los mercados de trabajo de las \u00faltimas d\u00e9cadas.<\/p>\n<p>Ha publicado los resultados de su investigaci\u00f3n en la <i>Serie Roja <\/i>de Estudios de Historia Econ\u00f3mica del Banco de Espa\u00f1a, en trabajos separados en revistas cient\u00edficas como<i> Enterprise and Society, Business History<\/i>, <i>The Economic History Review<\/i> y la <i>Revista de Historia Industrial<\/i> y en cap\u00edtulos de libro en obras colectivas editadas por Marcial Pons, Peter Lang y Palgrave.<\/p>\n<p>[\/et_pb_text][\/et_pb_column_inner][\/et_pb_row_inner][et_pb_row_inner column_structure=&#8221;1_4,1_4,1_4,1_4&#8243; use_custom_gutter=&#8221;on&#8221; gutter_width=&#8221;1&#8243; _builder_version=&#8221;4.10.8&#8243; _module_preset=&#8221;default&#8221; width=&#8221;100%&#8221; width_tablet=&#8221;40%&#8221; width_phone=&#8221;60%&#8221; width_last_edited=&#8221;on|tablet&#8221; max_width=&#8221;100%&#8221; module_alignment=&#8221;center&#8221; custom_padding=&#8221;||0px||false|false&#8221; global_colors_info=&#8221;{}&#8221;][et_pb_column_inner type=&#8221;1_4&#8243; saved_specialty_column_type=&#8221;2_3&#8243; _builder_version=&#8221;4.10.8&#8243; _module_preset=&#8221;default&#8221; global_colors_info=&#8221;{}&#8221;][et_pb_button button_url=&#8221;https:\/\/investigacion.us.es\/sisius\/sis_showpub.php?idpers=20234&#8243; url_new_window=&#8221;on&#8221; button_text=&#8221;SISIUS&#8221; button_alignment=&#8221;center&#8221; _builder_version=&#8221;4.10.8&#8243; _module_preset=&#8221;default&#8221; custom_button=&#8221;on&#8221; button_text_size=&#8221;13px&#8221; button_text_color=&#8221;#DADADA&#8221; button_bg_color=&#8221;#055169&#8243; button_border_radius=&#8221;10px&#8221; custom_margin=&#8221;||||false|false&#8221; custom_margin_tablet=&#8221;5px||5px||true|false&#8221; custom_margin_phone=&#8221;&#8221; custom_margin_last_edited=&#8221;on|phone&#8221; animation_style=&#8221;fade&#8221; locked=&#8221;off&#8221; global_colors_info=&#8221;{}&#8221;][\/et_pb_button][\/et_pb_column_inner][et_pb_column_inner type=&#8221;1_4&#8243; saved_specialty_column_type=&#8221;2_3&#8243; _builder_version=&#8221;4.10.8&#8243; _module_preset=&#8221;default&#8221; global_colors_info=&#8221;{}&#8221;][et_pb_button button_url=&#8221;https:\/\/www.cesit.net.br\/membros\/&#8221; url_new_window=&#8221;on&#8221; button_text=&#8221;GOOGLE SCHOLAR&#8221; button_alignment=&#8221;center&#8221; _builder_version=&#8221;4.10.8&#8243; _module_preset=&#8221;default&#8221; custom_button=&#8221;on&#8221; button_text_size=&#8221;13px&#8221; button_text_color=&#8221;#DADADA&#8221; button_bg_color=&#8221;#055169&#8243; button_border_radius=&#8221;10px&#8221; custom_margin=&#8221;||||false|false&#8221; custom_margin_tablet=&#8221;5px||5px||true|false&#8221; custom_margin_phone=&#8221;&#8221; custom_margin_last_edited=&#8221;on|phone&#8221; animation_style=&#8221;fade&#8221; locked=&#8221;off&#8221; global_colors_info=&#8221;{}&#8221;][\/et_pb_button][\/et_pb_column_inner][et_pb_column_inner type=&#8221;1_4&#8243; saved_specialty_column_type=&#8221;2_3&#8243; _builder_version=&#8221;4.10.8&#8243; _module_preset=&#8221;default&#8221; global_colors_info=&#8221;{}&#8221;][et_pb_button button_url=&#8221;https:\/\/dialnet.unirioja.es\/servlet\/autor?codigo=3324071&#8243; url_new_window=&#8221;on&#8221; button_text=&#8221;DIALNET&#8221; button_alignment=&#8221;center&#8221; _builder_version=&#8221;4.10.8&#8243; _module_preset=&#8221;default&#8221; custom_button=&#8221;on&#8221; button_text_size=&#8221;13px&#8221; button_text_color=&#8221;#DADADA&#8221; button_bg_color=&#8221;#055169&#8243; button_border_radius=&#8221;10px&#8221; custom_margin=&#8221;||||false|false&#8221; custom_margin_tablet=&#8221;5px||5px||true|false&#8221; custom_margin_phone=&#8221;&#8221; custom_margin_last_edited=&#8221;on|phone&#8221; animation_style=&#8221;fade&#8221; locked=&#8221;off&#8221; global_colors_info=&#8221;{}&#8221;][\/et_pb_button][\/et_pb_column_inner][et_pb_column_inner type=&#8221;1_4&#8243; saved_specialty_column_type=&#8221;2_3&#8243; _builder_version=&#8221;4.10.8&#8243; _module_preset=&#8221;default&#8221; global_colors_info=&#8221;{}&#8221;][et_pb_button button_url=&#8221;https:\/\/dialnet.unirioja.es\/servlet\/autor?codigo=3324071&#8243; url_new_window=&#8221;on&#8221; button_text=&#8221;RESERACH GATE&#8221; button_alignment=&#8221;center&#8221; _builder_version=&#8221;4.10.8&#8243; _module_preset=&#8221;default&#8221; custom_button=&#8221;on&#8221; button_text_size=&#8221;13px&#8221; button_text_color=&#8221;#DADADA&#8221; button_bg_color=&#8221;#055169&#8243; button_border_radius=&#8221;10px&#8221; custom_margin=&#8221;||||false|false&#8221; custom_margin_tablet=&#8221;5px||5px||true|false&#8221; custom_margin_phone=&#8221;&#8221; custom_margin_last_edited=&#8221;on|phone&#8221; animation_style=&#8221;fade&#8221; locked=&#8221;off&#8221; global_colors_info=&#8221;{}&#8221;][\/et_pb_button][\/et_pb_column_inner][\/et_pb_row_inner][et_pb_row_inner column_structure=&#8221;1_3,1_3,1_3&#8243; use_custom_gutter=&#8221;on&#8221; gutter_width=&#8221;1&#8243; custom_padding_last_edited=&#8221;on|desktop&#8221; _builder_version=&#8221;4.10.8&#8243; _module_preset=&#8221;default&#8221; width=&#8221;80%&#8221; width_tablet=&#8221;&#8221; width_phone=&#8221;&#8221; width_last_edited=&#8221;on|phone&#8221; max_width=&#8221;100%&#8221; module_alignment=&#8221;center&#8221; custom_padding_tablet=&#8221;0px||||false|false&#8221; custom_padding_phone=&#8221;0px||||false|false&#8221; locked=&#8221;off&#8221; global_colors_info=&#8221;{}&#8221;][et_pb_column_inner type=&#8221;1_3&#8243; saved_specialty_column_type=&#8221;2_3&#8243; _builder_version=&#8221;4.10.8&#8243; _module_preset=&#8221;default&#8221; global_colors_info=&#8221;{}&#8221;][\/et_pb_column_inner][et_pb_column_inner type=&#8221;1_3&#8243; saved_specialty_column_type=&#8221;2_3&#8243; _builder_version=&#8221;4.10.8&#8243; _module_preset=&#8221;default&#8221; global_colors_info=&#8221;{}&#8221;][et_pb_button button_url=&#8221;https:\/\/personal.us.es\/pgutierrez1\/&#8221; url_new_window=&#8221;on&#8221; button_text=&#8221;PERSONAL&#8221; button_alignment=&#8221;center&#8221; _builder_version=&#8221;4.10.8&#8243; _module_preset=&#8221;default&#8221; custom_button=&#8221;on&#8221; button_text_size=&#8221;13px&#8221; button_text_color=&#8221;#DADADA&#8221; button_bg_color=&#8221;#055169&#8243; button_border_radius=&#8221;10px&#8221; custom_margin=&#8221;||||false|false&#8221; custom_margin_tablet=&#8221;5px||5px||true|false&#8221; custom_margin_phone=&#8221;&#8221; custom_margin_last_edited=&#8221;on|phone&#8221; animation_style=&#8221;fade&#8221; locked=&#8221;off&#8221; global_colors_info=&#8221;{}&#8221;][\/et_pb_button][\/et_pb_column_inner][et_pb_column_inner type=&#8221;1_3&#8243; saved_specialty_column_type=&#8221;2_3&#8243; _builder_version=&#8221;4.10.8&#8243; _module_preset=&#8221;default&#8221; global_colors_info=&#8221;{}&#8221;][\/et_pb_column_inner][\/et_pb_row_inner][\/et_pb_column][\/et_pb_section]<\/p>\n","protected":false},"excerpt":{"rendered":"<p>Home\u00a0 Team\u00a0 Pablo Guti\u00e9rrez Gonz\u00e1lezPablo Guti\u00e9rrez Gonz\u00e1lezPablo Guti\u00e9rrez Gonz\u00e1lez es Profesor Ayudante Doctor en el Departamento de Econom\u00eda e Historia econ\u00f3mica de la Universidad de Sevilla. Sus investigaciones se han centrado en el desarrollo hist\u00f3rico del sector asegurador en Espa\u00f1a y el estudio de sus pr\u00e1cticas financieras y, m\u00e1s recientemente, en el an\u00e1lisis del mercado [&hellip;]<\/p>\n","protected":false},"author":1,"featured_media":0,"parent":0,"menu_order":0,"comment_status":"closed","ping_status":"closed","template":"","meta":{"_et_pb_use_builder":"on","_et_pb_old_content":"","_et_gb_content_width":"","footnotes":""},"class_list":["post-775","page","type-page","status-publish","hentry"],"yoast_head":"<!-- This site is optimized with the Yoast SEO plugin v19.2 - https:\/\/yoast.com\/wordpress\/plugins\/seo\/ -->\n<title>Pablo Guti\u00e9rrez Gonz\u00e1lez - History and Economic Institutions<\/title>\n<meta name=\"robots\" content=\"index, follow, max-snippet:-1, max-image-preview:large, max-video-preview:-1\" \/>\n<link rel=\"canonical\" href=\"https:\/\/grupo.us.es\/hislabinst\/pablo-gutierrez-gonzalez\/\" \/>\n<meta property=\"og:locale\" content=\"en_GB\" \/>\n<meta property=\"og:type\" content=\"article\" \/>\n<meta property=\"og:title\" content=\"Pablo Guti\u00e9rrez Gonz\u00e1lez - History and Economic Institutions\" \/>\n<meta property=\"og:description\" content=\"Home\u00a0 Team\u00a0 Pablo Guti\u00e9rrez Gonz\u00e1lezPablo Guti\u00e9rrez Gonz\u00e1lezPablo Guti\u00e9rrez Gonz\u00e1lez es Profesor Ayudante Doctor en el Departamento de Econom\u00eda e Historia econ\u00f3mica de la Universidad de Sevilla. Sus investigaciones se han centrado en el desarrollo hist\u00f3rico del sector asegurador en Espa\u00f1a y el estudio de sus pr\u00e1cticas financieras y, m\u00e1s recientemente, en el an\u00e1lisis del mercado [&hellip;]\" \/>\n<meta property=\"og:url\" content=\"https:\/\/grupo.us.es\/hislabinst\/pablo-gutierrez-gonzalez\/\" \/>\n<meta property=\"og:site_name\" content=\"History and Economic Institutions\" \/>\n<meta property=\"article:modified_time\" content=\"2025-04-11T05:46:21+00:00\" \/>\n<meta name=\"author\" content=\"eheconomica\" \/>\n<meta name=\"twitter:card\" content=\"summary_large_image\" \/>\n<meta name=\"twitter:label1\" content=\"Estimated reading time\" \/>\n\t<meta name=\"twitter:data1\" content=\"6 minutes\" \/>\n<script type=\"application\/ld+json\" class=\"yoast-schema-graph\">{\"@context\":\"https:\/\/schema.org\",\"@graph\":[{\"@type\":\"WebSite\",\"@id\":\"https:\/\/grupo.us.es\/hislabinst\/#website\",\"url\":\"https:\/\/grupo.us.es\/hislabinst\/\",\"name\":\"History and Economic Institutions\",\"description\":\"\",\"potentialAction\":[{\"@type\":\"SearchAction\",\"target\":{\"@type\":\"EntryPoint\",\"urlTemplate\":\"https:\/\/grupo.us.es\/hislabinst\/?s={search_term_string}\"},\"query-input\":\"required name=search_term_string\"}],\"inLanguage\":\"en-GB\"},{\"@type\":\"WebPage\",\"@id\":\"https:\/\/grupo.us.es\/hislabinst\/pablo-gutierrez-gonzalez\/#webpage\",\"url\":\"https:\/\/grupo.us.es\/hislabinst\/pablo-gutierrez-gonzalez\/\",\"name\":\"Pablo Guti\u00e9rrez Gonz\u00e1lez - History and Economic Institutions\",\"isPartOf\":{\"@id\":\"https:\/\/grupo.us.es\/hislabinst\/#website\"},\"datePublished\":\"2022-02-18T10:28:59+00:00\",\"dateModified\":\"2025-04-11T05:46:21+00:00\",\"breadcrumb\":{\"@id\":\"https:\/\/grupo.us.es\/hislabinst\/pablo-gutierrez-gonzalez\/#breadcrumb\"},\"inLanguage\":\"en-GB\",\"potentialAction\":[{\"@type\":\"ReadAction\",\"target\":[\"https:\/\/grupo.us.es\/hislabinst\/pablo-gutierrez-gonzalez\/\"]}]},{\"@type\":\"BreadcrumbList\",\"@id\":\"https:\/\/grupo.us.es\/hislabinst\/pablo-gutierrez-gonzalez\/#breadcrumb\",\"itemListElement\":[{\"@type\":\"ListItem\",\"position\":1,\"name\":\"Portada\",\"item\":\"https:\/\/grupo.us.es\/hislabinst\/\"},{\"@type\":\"ListItem\",\"position\":2,\"name\":\"Pablo Guti\u00e9rrez Gonz\u00e1lez\"}]}]}<\/script>\n<!-- \/ Yoast SEO plugin. -->","yoast_head_json":{"title":"Pablo Guti\u00e9rrez Gonz\u00e1lez - History and Economic Institutions","robots":{"index":"index","follow":"follow","max-snippet":"max-snippet:-1","max-image-preview":"max-image-preview:large","max-video-preview":"max-video-preview:-1"},"canonical":"https:\/\/grupo.us.es\/hislabinst\/pablo-gutierrez-gonzalez\/","og_locale":"en_GB","og_type":"article","og_title":"Pablo Guti\u00e9rrez Gonz\u00e1lez - History and Economic Institutions","og_description":"Home\u00a0 Team\u00a0 Pablo Guti\u00e9rrez Gonz\u00e1lezPablo Guti\u00e9rrez Gonz\u00e1lezPablo Guti\u00e9rrez Gonz\u00e1lez es Profesor Ayudante Doctor en el Departamento de Econom\u00eda e Historia econ\u00f3mica de la Universidad de Sevilla. Sus investigaciones se han centrado en el desarrollo hist\u00f3rico del sector asegurador en Espa\u00f1a y el estudio de sus pr\u00e1cticas financieras y, m\u00e1s recientemente, en el an\u00e1lisis del mercado [&hellip;]","og_url":"https:\/\/grupo.us.es\/hislabinst\/pablo-gutierrez-gonzalez\/","og_site_name":"History and Economic Institutions","article_modified_time":"2025-04-11T05:46:21+00:00","author":"eheconomica","twitter_card":"summary_large_image","twitter_misc":{"Estimated reading time":"6 minutes"},"schema":{"@context":"https:\/\/schema.org","@graph":[{"@type":"WebSite","@id":"https:\/\/grupo.us.es\/hislabinst\/#website","url":"https:\/\/grupo.us.es\/hislabinst\/","name":"History and Economic Institutions","description":"","potentialAction":[{"@type":"SearchAction","target":{"@type":"EntryPoint","urlTemplate":"https:\/\/grupo.us.es\/hislabinst\/?s={search_term_string}"},"query-input":"required name=search_term_string"}],"inLanguage":"en-GB"},{"@type":"WebPage","@id":"https:\/\/grupo.us.es\/hislabinst\/pablo-gutierrez-gonzalez\/#webpage","url":"https:\/\/grupo.us.es\/hislabinst\/pablo-gutierrez-gonzalez\/","name":"Pablo Guti\u00e9rrez Gonz\u00e1lez - History and Economic Institutions","isPartOf":{"@id":"https:\/\/grupo.us.es\/hislabinst\/#website"},"datePublished":"2022-02-18T10:28:59+00:00","dateModified":"2025-04-11T05:46:21+00:00","breadcrumb":{"@id":"https:\/\/grupo.us.es\/hislabinst\/pablo-gutierrez-gonzalez\/#breadcrumb"},"inLanguage":"en-GB","potentialAction":[{"@type":"ReadAction","target":["https:\/\/grupo.us.es\/hislabinst\/pablo-gutierrez-gonzalez\/"]}]},{"@type":"BreadcrumbList","@id":"https:\/\/grupo.us.es\/hislabinst\/pablo-gutierrez-gonzalez\/#breadcrumb","itemListElement":[{"@type":"ListItem","position":1,"name":"Portada","item":"https:\/\/grupo.us.es\/hislabinst\/"},{"@type":"ListItem","position":2,"name":"Pablo Guti\u00e9rrez Gonz\u00e1lez"}]}]}},"_links":{"self":[{"href":"https:\/\/grupo.us.es\/hislabinst\/wp-json\/wp\/v2\/pages\/775","targetHints":{"allow":["GET"]}}],"collection":[{"href":"https:\/\/grupo.us.es\/hislabinst\/wp-json\/wp\/v2\/pages"}],"about":[{"href":"https:\/\/grupo.us.es\/hislabinst\/wp-json\/wp\/v2\/types\/page"}],"author":[{"embeddable":true,"href":"https:\/\/grupo.us.es\/hislabinst\/wp-json\/wp\/v2\/users\/1"}],"replies":[{"embeddable":true,"href":"https:\/\/grupo.us.es\/hislabinst\/wp-json\/wp\/v2\/comments?post=775"}],"version-history":[{"count":15,"href":"https:\/\/grupo.us.es\/hislabinst\/wp-json\/wp\/v2\/pages\/775\/revisions"}],"predecessor-version":[{"id":1211,"href":"https:\/\/grupo.us.es\/hislabinst\/wp-json\/wp\/v2\/pages\/775\/revisions\/1211"}],"wp:attachment":[{"href":"https:\/\/grupo.us.es\/hislabinst\/wp-json\/wp\/v2\/media?parent=775"}],"curies":[{"name":"wp","href":"https:\/\/api.w.org\/{rel}","templated":true}]}}