{"id":526,"date":"2021-11-08T19:55:06","date_gmt":"2021-11-08T19:55:06","guid":{"rendered":"https:\/\/grupo.us.es\/hislabinst\/?page_id=526"},"modified":"2022-07-13T09:34:41","modified_gmt":"2022-07-13T09:34:41","slug":"inicio","status":"publish","type":"page","link":"https:\/\/grupo.us.es\/hislabinst\/","title":{"rendered":"Inicio"},"content":{"rendered":"<p>[et_pb_section fb_built=&#8221;1&#8243; use_custom_gutter=&#8221;on&#8221; gutter_width=&#8221;1&#8243; specialty=&#8221;on&#8221; _builder_version=&#8221;4.10.8&#8243; _module_preset=&#8221;default&#8221; background_image=&#8221;https:\/\/grupo.us.es\/hislabinst\/wp-content\/uploads\/2022\/02\/04310008.jpg&#8221; inner_width=&#8221;100%&#8221; inner_max_width=&#8221;100%&#8221; height=&#8221;100%&#8221; custom_padding=&#8221;40vh||20vh||false|false&#8221; hover_enabled=&#8221;0&#8243; global_colors_info=&#8221;{}&#8221; sticky_enabled=&#8221;0&#8243;][et_pb_column type=&#8221;2_3&#8243; specialty_columns=&#8221;2&#8243; _builder_version=&#8221;3.25&#8243; global_colors_info=&#8221;{}&#8221; custom_padding__hover=&#8221;|||&#8221;][\/et_pb_column][et_pb_column type=&#8221;1_3&#8243; _builder_version=&#8221;3.25&#8243; global_colors_info=&#8221;{}&#8221; custom_padding__hover=&#8221;|||&#8221;][et_pb_text content_tablet=&#8221;Los determinantes institucionales del funcionamiento del mercado de trabajo en Espa\u00f1a (1939-2017).<\/p>\n<p><span style=\"%22font-size:\" 16px;%22=\"\">Un estudio en perspectiva comparada en el marco de la Europa del Sur.<\/span>&#8221; content_phone=&#8221;<\/p>\n<p>Los determinantes institucionales del funcionamiento del mercado de trabajo en Espa\u00f1a (1939-2017).<\/p>\n<p><span style=\"%22font-size:\" 16px;=\"\" line-height:=\"\" 0.1em;%22=\"\">Un estudio en perspectiva comparada en el marco de la Europa del Sur.<\/span><\/p>\n<p>&#8221; content_last_edited=&#8221;on|phone&#8221; _builder_version=&#8221;4.10.8&#8243; _module_preset=&#8221;default&#8221; text_font=&#8221;Prata||||||||&#8221; text_text_color=&#8221;#FFFFFF&#8221; text_font_size=&#8221;22px&#8221; text_line_height=&#8221;1.5em&#8221; background_color=&#8221;rgba(225,126,35,0.95)&#8221; height=&#8221;100%&#8221; custom_margin=&#8221;|0px||-100px|false|false&#8221; custom_margin_tablet=&#8221;|0px||100px|false|false&#8221; custom_margin_phone=&#8221;|||120px|false|false&#8221; custom_margin_last_edited=&#8221;on|desktop&#8221; custom_padding=&#8221;20px|10px|20px|20px|true|false&#8221; custom_padding_tablet=&#8221;|70px|||true|false&#8221; custom_padding_phone=&#8221;|35px|||true|false&#8221; custom_padding_last_edited=&#8221;on|tablet&#8221; text_font_size_tablet=&#8221;&#8221; text_font_size_phone=&#8221;&#8221; text_font_size_last_edited=&#8221;on|desktop&#8221; text_line_height_phone=&#8221;1.5em&#8221; text_line_height_last_edited=&#8221;off|phone&#8221; custom_css_main_element=&#8221;display: flex;||flex-wrap: wrap;||align-content: center;&#8221; text_text_shadow_style=&#8221;preset2&#8243; text_text_shadow_horizontal_length=&#8221;0.12em&#8221; text_text_shadow_vertical_length=&#8221;0.12em&#8221; text_text_shadow_blur_strength=&#8221;0.03em&#8221; global_colors_info=&#8221;{}&#8221;]<\/p>\n<p>Los determinantes institucionales del funcionamiento del mercado de trabajo en Espa\u00f1a (1939-2017).<\/p>\n<p><span style=\"font-size: 18px;\">Un estudio en perspectiva comparada en el marco de la Europa del Sur.<\/span><\/p>\n<p>[\/et_pb_text][\/et_pb_column][\/et_pb_section][et_pb_section fb_built=&#8221;1&#8243; _builder_version=&#8221;4.10.8&#8243; _module_preset=&#8221;default&#8221; min_height=&#8221;610px&#8221; global_colors_info=&#8221;{}&#8221;][et_pb_row _builder_version=&#8221;4.10.8&#8243; _module_preset=&#8221;default&#8221; global_colors_info=&#8221;{}&#8221;][et_pb_column type=&#8221;4_4&#8243; _builder_version=&#8221;4.10.8&#8243; _module_preset=&#8221;default&#8221; global_colors_info=&#8221;{}&#8221;][et_pb_text _builder_version=&#8221;4.10.8&#8243; _module_preset=&#8221;default&#8221; text_font=&#8221;Prata|700|||||||&#8221; text_text_color=&#8221;#055169&#8243; text_font_size=&#8221;25px&#8221; text_line_height=&#8221;1.1em&#8221; text_orientation=&#8221;center&#8221; module_alignment=&#8221;center&#8221; custom_margin=&#8221;-30px||||false|false&#8221; global_colors_info=&#8221;{}&#8221;]<\/p>\n<p>Agenda &amp; Noticias<\/p>\n<p>[\/et_pb_text][et_pb_divider color=&#8221;#E17E23&#8243; divider_weight=&#8221;2px&#8221; _builder_version=&#8221;4.10.8&#8243; _module_preset=&#8221;default&#8221; width=&#8221;10%&#8221; module_alignment=&#8221;center&#8221; custom_margin=&#8221;-5px||||false|false&#8221; global_colors_info=&#8221;{}&#8221;][\/et_pb_divider][\/et_pb_column][\/et_pb_row][et_pb_row column_structure=&#8221;1_3,1_3,1_3&#8243; _builder_version=&#8221;4.10.8&#8243; _module_preset=&#8221;default&#8221; locked=&#8221;off&#8221; global_colors_info=&#8221;{}&#8221;][et_pb_column type=&#8221;1_3&#8243; _builder_version=&#8221;4.10.8&#8243; _module_preset=&#8221;default&#8221; global_colors_info=&#8221;{}&#8221;][et_pb_image src=&#8221;https:\/\/grupo.us.es\/hislabinst\/wp-content\/uploads\/2022\/02\/INDUYCO-DSC00849_nb.png&#8221; title_text=&#8221;INDUYCO-DSC00849_nb&#8221; url=&#8221;https:\/\/www.mdpi.com\/1660-4601\/17\/6\/1892\/htm&#8221; url_new_window=&#8221;on&#8221; _builder_version=&#8221;4.10.8&#8243; _module_preset=&#8221;default&#8221; animation_style=&#8221;fade&#8221; global_colors_info=&#8221;{}&#8221;][\/et_pb_image][et_pb_divider color=&#8221;#E17E23&#8243; divider_weight=&#8221;3px&#8221; _builder_version=&#8221;4.10.8&#8243; _module_preset=&#8221;default&#8221; custom_margin=&#8221;||5px||false|false&#8221; global_colors_info=&#8221;{}&#8221;][\/et_pb_divider][et_pb_text _builder_version=&#8221;4.10.8&#8243; _module_preset=&#8221;default&#8221; text_text_color=&#8221;#055169&#8243; text_font_size=&#8221;13px&#8221; text_line_height=&#8221;1.5em&#8221; text_orientation=&#8221;justified&#8221; custom_margin=&#8221;-10px||||false|false&#8221; global_colors_info=&#8221;{}&#8221;]<\/p>\n<p>Intercambio investigador y consulta con el Proyecto HISPA_HISCO. Dirigido por la profesora Enriqueta Camps, y coordinado por la profesora Cristina Border\u00edas, inici\u00f3 en 2000 y codific\u00f3 y tradujo al espa\u00f1ol las 1.000 ocupaciones m\u00e1s frecuentes en las fuentes estad\u00edsticas catalanas de los siglos XIX y XX (en concreto de 1848 a 1936)&#8230;<\/p>\n<p>[\/et_pb_text][et_pb_button button_url=&#8221;https:\/\/www.mdpi.com\/1660-4601\/17\/6\/1892\/htm&#8221; url_new_window=&#8221;on&#8221; button_text=&#8221;Leer M\u00e1s&#8221; button_alignment=&#8221;left&#8221; _builder_version=&#8221;4.10.8&#8243; _module_preset=&#8221;default&#8221; custom_button=&#8221;on&#8221; button_text_size=&#8221;13px&#8221; button_text_color=&#8221;#FFFFFF&#8221; button_bg_color=&#8221;#E17E23&#8243; button_border_radius=&#8221;10px&#8221; custom_margin=&#8221;-10px||||false|false&#8221; animation_style=&#8221;slide&#8221; global_colors_info=&#8221;{}&#8221;][\/et_pb_button][\/et_pb_column][et_pb_column type=&#8221;1_3&#8243; _builder_version=&#8221;4.10.8&#8243; _module_preset=&#8221;default&#8221; global_colors_info=&#8221;{}&#8221;][et_pb_image src=&#8221;https:\/\/grupo.us.es\/hislabinst\/wp-content\/uploads\/2022\/02\/COL-004-001-scaled.jpg&#8221; title_text=&#8221;COL-004-001&#8243; url=&#8221;https:\/\/revistascientificas.us.es\/index.php\/Trabajo-Persona-Derecho-Merca\/article\/view\/12963&#8243; url_new_window=&#8221;on&#8221; _builder_version=&#8221;4.10.8&#8243; _module_preset=&#8221;default&#8221; animation_style=&#8221;fade&#8221; global_colors_info=&#8221;{}&#8221;][\/et_pb_image][et_pb_divider color=&#8221;#E17E23&#8243; divider_weight=&#8221;3px&#8221; _builder_version=&#8221;4.10.8&#8243; _module_preset=&#8221;default&#8221; custom_margin=&#8221;||5px||false|false&#8221; global_colors_info=&#8221;{}&#8221;][\/et_pb_divider][et_pb_text _builder_version=&#8221;4.10.8&#8243; _module_preset=&#8221;default&#8221; text_text_color=&#8221;#055169&#8243; text_font_size=&#8221;13px&#8221; text_line_height=&#8221;1.5em&#8221; text_orientation=&#8221;justified&#8221; custom_margin=&#8221;-10px||||false|false&#8221; global_colors_info=&#8221;{}&#8221;]<\/p>\n<p>La digitalizaci\u00f3n como factor de competitividad y empleo, Responsable M. S\u00e1nchez-Mosquera, Tipo de Proyecto\/Ayuda: Contrato 68\/83, septiembre- noviembre de 2020, Confederaci\u00f3n Sindical Comisiones Obreras de Andaluc\u00eda&#8230;<\/p>\n<p>[\/et_pb_text][et_pb_button button_url=&#8221;https:\/\/revistascientificas.us.es\/index.php\/Trabajo-Persona-Derecho-Merca\/article\/view\/12963&#8243; url_new_window=&#8221;on&#8221; button_text=&#8221;Leer M\u00e1s&#8221; button_alignment=&#8221;left&#8221; _builder_version=&#8221;4.10.8&#8243; _module_preset=&#8221;default&#8221; custom_button=&#8221;on&#8221; button_text_size=&#8221;13px&#8221; button_text_color=&#8221;#FFFFFF&#8221; button_bg_color=&#8221;#E17E23&#8243; button_border_radius=&#8221;10px&#8221; custom_margin=&#8221;-10px||||false|false&#8221; animation_style=&#8221;slide&#8221; global_colors_info=&#8221;{}&#8221;][\/et_pb_button][\/et_pb_column][et_pb_column type=&#8221;1_3&#8243; _builder_version=&#8221;4.10.8&#8243; _module_preset=&#8221;default&#8221; global_colors_info=&#8221;{}&#8221;][et_pb_image src=&#8221;https:\/\/grupo.us.es\/hislabinst\/wp-content\/uploads\/2022\/02\/trabajadores-de-empresa-ruiz-scaled.jpg&#8221; title_text=&#8221;trabajadores de empresa ruiz&#8221; url=&#8221;https:\/\/www.mdpi.com\/1660-4601\/17\/6\/1892\/htm&#8221; url_new_window=&#8221;on&#8221; _builder_version=&#8221;4.10.8&#8243; _module_preset=&#8221;default&#8221; animation_style=&#8221;fade&#8221; global_colors_info=&#8221;{}&#8221;][\/et_pb_image][et_pb_divider color=&#8221;#E17E23&#8243; divider_weight=&#8221;3px&#8221; _builder_version=&#8221;4.10.8&#8243; _module_preset=&#8221;default&#8221; custom_margin=&#8221;||5px||false|false&#8221; global_colors_info=&#8221;{}&#8221;][\/et_pb_divider][et_pb_text _builder_version=&#8221;4.10.8&#8243; _module_preset=&#8221;default&#8221; text_text_color=&#8221;#055169&#8243; text_font_size=&#8221;13px&#8221; text_line_height=&#8221;1.5em&#8221; text_orientation=&#8221;justified&#8221; custom_margin=&#8221;-10px||||false|false&#8221; global_colors_info=&#8221;{}&#8221;]<\/p>\n<p>Incorporaci\u00f3n de M. S\u00e1nchez-Mosquera al Consejo Econ\u00f3mico Social de la ciudad de Sevilla, Grupo I \u2013 Organizaciones Sindicales, noviembre de 2020, comisiones delegadas de econom\u00eda y empleo y de presupuestos&#8230;<\/p>\n<p>[\/et_pb_text][et_pb_button button_url=&#8221;https:\/\/www.mdpi.com\/1660-4601\/17\/6\/1892\/htm&#8221; url_new_window=&#8221;on&#8221; button_text=&#8221;Leer M\u00e1s&#8221; button_alignment=&#8221;left&#8221; _builder_version=&#8221;4.10.8&#8243; _module_preset=&#8221;default&#8221; custom_button=&#8221;on&#8221; button_text_size=&#8221;13px&#8221; button_text_color=&#8221;#FFFFFF&#8221; button_bg_color=&#8221;#E17E23&#8243; button_border_radius=&#8221;10px&#8221; custom_margin=&#8221;-10px||||false|false&#8221; animation_style=&#8221;slide&#8221; global_colors_info=&#8221;{}&#8221;][\/et_pb_button][\/et_pb_column][\/et_pb_row][et_pb_row _builder_version=&#8221;4.10.8&#8243; _module_preset=&#8221;default&#8221; global_colors_info=&#8221;{}&#8221;][et_pb_column type=&#8221;4_4&#8243; _builder_version=&#8221;4.10.8&#8243; _module_preset=&#8221;default&#8221; global_colors_info=&#8221;{}&#8221;][et_pb_text _builder_version=&#8221;4.10.8&#8243; _module_preset=&#8221;default&#8221; text_font=&#8221;Prata|700|||||||&#8221; text_text_color=&#8221;#055169&#8243; text_font_size=&#8221;25px&#8221; text_line_height=&#8221;1.1em&#8221; text_orientation=&#8221;center&#8221; module_alignment=&#8221;center&#8221; custom_margin=&#8221;30px||||false|false&#8221; global_colors_info=&#8221;{}&#8221;]<\/p>\n<p>Financiaci\u00f3n<\/p>\n<p>[\/et_pb_text][et_pb_divider color=&#8221;#E17E23&#8243; divider_weight=&#8221;2px&#8221; _builder_version=&#8221;4.10.8&#8243; _module_preset=&#8221;default&#8221; width=&#8221;10%&#8221; module_alignment=&#8221;center&#8221; custom_margin=&#8221;-5px||||false|false&#8221; global_colors_info=&#8221;{}&#8221;][\/et_pb_divider][\/et_pb_column][\/et_pb_row][et_pb_row _builder_version=&#8221;4.10.8&#8243; _module_preset=&#8221;default&#8221; global_colors_info=&#8221;{}&#8221;][et_pb_column type=&#8221;4_4&#8243; _builder_version=&#8221;4.10.8&#8243; _module_preset=&#8221;default&#8221; global_colors_info=&#8221;{}&#8221;][et_pb_image src=&#8221;https:\/\/grupo.us.es\/hislabinst\/wp-content\/uploads\/2022\/04\/logo_partners_white.png&#8221; title_text=&#8221;logo_partners_white&#8221; _builder_version=&#8221;4.10.8&#8243; _module_preset=&#8221;default&#8221; custom_margin=&#8221;-5px||||false|false&#8221; animation_style=&#8221;fade&#8221; global_colors_info=&#8221;{}&#8221;][\/et_pb_image][et_pb_text _builder_version=&#8221;4.10.8&#8243; _module_preset=&#8221;default&#8221; text_font=&#8221;Prata||||||||&#8221; text_font_size=&#8221;14px&#8221; text_orientation=&#8221;center&#8221; custom_margin=&#8221;45px||-10px||false|false&#8221; global_colors_info=&#8221;{}&#8221;]<\/p>\n<p>Proyecto RTI 2018-099188-A-100&nbsp;financiado por MCIN\/ AEI \/10.13039\/501100011033\/ y por FEDER &#8220;Una manera de hacer Europa&#8221;.<\/p>\n<p>[\/et_pb_text][\/et_pb_column][\/et_pb_row][\/et_pb_section]<\/p>\n","protected":false},"excerpt":{"rendered":"<p>Los determinantes institucionales del funcionamiento del mercado de trabajo en Espa\u00f1a (1939-2017). Un estudio en perspectiva comparada en el marco de la Europa del Sur. Agenda &amp; Noticias Intercambio investigador y consulta con el Proyecto HISPA_HISCO. Dirigido por la profesora Enriqueta Camps, y coordinado por la profesora Cristina Border\u00edas, inici\u00f3 en 2000 y codific\u00f3 y [&hellip;]<\/p>\n","protected":false},"author":1,"featured_media":0,"parent":0,"menu_order":0,"comment_status":"closed","ping_status":"closed","template":"","meta":{"_et_pb_use_builder":"on","_et_pb_old_content":"","_et_gb_content_width":"","footnotes":""},"class_list":["post-526","page","type-page","status-publish","hentry"],"yoast_head":"<!-- This site is optimized with the Yoast SEO plugin v19.2 - https:\/\/yoast.com\/wordpress\/plugins\/seo\/ -->\n<title>Inicio - History and Economic Institutions<\/title>\n<meta name=\"description\" content=\"Proyecto de investigaci\u00f3n: determinantes institucionales que afectan al comportamiento del mercado de trabajo en Espa\u00f1a en perspectiva hist\u00f3rica y comparada con el sur de Europa\" \/>\n<meta name=\"robots\" content=\"index, follow, max-snippet:-1, max-image-preview:large, max-video-preview:-1\" \/>\n<link rel=\"canonical\" href=\"https:\/\/grupo.us.es\/hislabinst\/\" \/>\n<meta property=\"og:locale\" content=\"en_GB\" \/>\n<meta property=\"og:type\" content=\"article\" \/>\n<meta property=\"og:title\" content=\"Inicio - History and Economic Institutions\" \/>\n<meta property=\"og:description\" content=\"Proyecto de investigaci\u00f3n: determinantes institucionales que afectan al comportamiento del mercado de trabajo en Espa\u00f1a en perspectiva hist\u00f3rica y comparada con el sur de Europa\" \/>\n<meta property=\"og:url\" content=\"https:\/\/grupo.us.es\/hislabinst\/\" \/>\n<meta property=\"og:site_name\" content=\"History and Economic Institutions\" \/>\n<meta property=\"article:modified_time\" content=\"2022-07-13T09:34:41+00:00\" \/>\n<meta name=\"author\" content=\"eheconomica\" \/>\n<meta name=\"twitter:card\" content=\"summary_large_image\" \/>\n<meta name=\"twitter:label1\" content=\"Estimated reading time\" \/>\n\t<meta name=\"twitter:data1\" content=\"3 minutes\" \/>\n<script type=\"application\/ld+json\" class=\"yoast-schema-graph\">{\"@context\":\"https:\/\/schema.org\",\"@graph\":[{\"@type\":\"WebSite\",\"@id\":\"https:\/\/grupo.us.es\/hislabinst\/#website\",\"url\":\"https:\/\/grupo.us.es\/hislabinst\/\",\"name\":\"History and Economic Institutions\",\"description\":\"\",\"potentialAction\":[{\"@type\":\"SearchAction\",\"target\":{\"@type\":\"EntryPoint\",\"urlTemplate\":\"https:\/\/grupo.us.es\/hislabinst\/?s={search_term_string}\"},\"query-input\":\"required name=search_term_string\"}],\"inLanguage\":\"en-GB\"},{\"@type\":\"WebPage\",\"@id\":\"https:\/\/grupo.us.es\/hislabinst\/#webpage\",\"url\":\"https:\/\/grupo.us.es\/hislabinst\/\",\"name\":\"Inicio - History and Economic Institutions\",\"isPartOf\":{\"@id\":\"https:\/\/grupo.us.es\/hislabinst\/#website\"},\"datePublished\":\"2021-11-08T19:55:06+00:00\",\"dateModified\":\"2022-07-13T09:34:41+00:00\",\"description\":\"Proyecto de investigaci\u00f3n: determinantes institucionales que afectan al comportamiento del mercado de trabajo en Espa\u00f1a en perspectiva hist\u00f3rica y comparada con el sur de Europa\",\"breadcrumb\":{\"@id\":\"https:\/\/grupo.us.es\/hislabinst\/#breadcrumb\"},\"inLanguage\":\"en-GB\",\"potentialAction\":[{\"@type\":\"ReadAction\",\"target\":[\"https:\/\/grupo.us.es\/hislabinst\/\"]}]},{\"@type\":\"BreadcrumbList\",\"@id\":\"https:\/\/grupo.us.es\/hislabinst\/#breadcrumb\",\"itemListElement\":[{\"@type\":\"ListItem\",\"position\":1,\"name\":\"Portada\",\"item\":\"https:\/\/grupo.us.es\/hislabinst\/\"},{\"@type\":\"ListItem\",\"position\":2,\"name\":\"Inicio\"}]}]}<\/script>\n<!-- \/ Yoast SEO plugin. -->","yoast_head_json":{"title":"Inicio - History and Economic Institutions","description":"Proyecto de investigaci\u00f3n: determinantes institucionales que afectan al comportamiento del mercado de trabajo en Espa\u00f1a en perspectiva hist\u00f3rica y comparada con el sur de Europa","robots":{"index":"index","follow":"follow","max-snippet":"max-snippet:-1","max-image-preview":"max-image-preview:large","max-video-preview":"max-video-preview:-1"},"canonical":"https:\/\/grupo.us.es\/hislabinst\/","og_locale":"en_GB","og_type":"article","og_title":"Inicio - History and Economic Institutions","og_description":"Proyecto de investigaci\u00f3n: determinantes institucionales que afectan al comportamiento del mercado de trabajo en Espa\u00f1a en perspectiva hist\u00f3rica y comparada con el sur de Europa","og_url":"https:\/\/grupo.us.es\/hislabinst\/","og_site_name":"History and Economic Institutions","article_modified_time":"2022-07-13T09:34:41+00:00","author":"eheconomica","twitter_card":"summary_large_image","twitter_misc":{"Estimated reading time":"3 minutes"},"schema":{"@context":"https:\/\/schema.org","@graph":[{"@type":"WebSite","@id":"https:\/\/grupo.us.es\/hislabinst\/#website","url":"https:\/\/grupo.us.es\/hislabinst\/","name":"History and Economic Institutions","description":"","potentialAction":[{"@type":"SearchAction","target":{"@type":"EntryPoint","urlTemplate":"https:\/\/grupo.us.es\/hislabinst\/?s={search_term_string}"},"query-input":"required name=search_term_string"}],"inLanguage":"en-GB"},{"@type":"WebPage","@id":"https:\/\/grupo.us.es\/hislabinst\/#webpage","url":"https:\/\/grupo.us.es\/hislabinst\/","name":"Inicio - History and Economic Institutions","isPartOf":{"@id":"https:\/\/grupo.us.es\/hislabinst\/#website"},"datePublished":"2021-11-08T19:55:06+00:00","dateModified":"2022-07-13T09:34:41+00:00","description":"Proyecto de investigaci\u00f3n: determinantes institucionales que afectan al comportamiento del mercado de trabajo en Espa\u00f1a en perspectiva hist\u00f3rica y comparada con el sur de Europa","breadcrumb":{"@id":"https:\/\/grupo.us.es\/hislabinst\/#breadcrumb"},"inLanguage":"en-GB","potentialAction":[{"@type":"ReadAction","target":["https:\/\/grupo.us.es\/hislabinst\/"]}]},{"@type":"BreadcrumbList","@id":"https:\/\/grupo.us.es\/hislabinst\/#breadcrumb","itemListElement":[{"@type":"ListItem","position":1,"name":"Portada","item":"https:\/\/grupo.us.es\/hislabinst\/"},{"@type":"ListItem","position":2,"name":"Inicio"}]}]}},"_links":{"self":[{"href":"https:\/\/grupo.us.es\/hislabinst\/wp-json\/wp\/v2\/pages\/526","targetHints":{"allow":["GET"]}}],"collection":[{"href":"https:\/\/grupo.us.es\/hislabinst\/wp-json\/wp\/v2\/pages"}],"about":[{"href":"https:\/\/grupo.us.es\/hislabinst\/wp-json\/wp\/v2\/types\/page"}],"author":[{"embeddable":true,"href":"https:\/\/grupo.us.es\/hislabinst\/wp-json\/wp\/v2\/users\/1"}],"replies":[{"embeddable":true,"href":"https:\/\/grupo.us.es\/hislabinst\/wp-json\/wp\/v2\/comments?post=526"}],"version-history":[{"count":28,"href":"https:\/\/grupo.us.es\/hislabinst\/wp-json\/wp\/v2\/pages\/526\/revisions"}],"predecessor-version":[{"id":1191,"href":"https:\/\/grupo.us.es\/hislabinst\/wp-json\/wp\/v2\/pages\/526\/revisions\/1191"}],"wp:attachment":[{"href":"https:\/\/grupo.us.es\/hislabinst\/wp-json\/wp\/v2\/media?parent=526"}],"curies":[{"name":"wp","href":"https:\/\/api.w.org\/{rel}","templated":true}]}}