{"id":420,"date":"2021-11-07T22:15:50","date_gmt":"2021-11-07T22:15:50","guid":{"rendered":"https:\/\/grupo.us.es\/hislabinst\/?page_id=420"},"modified":"2025-04-11T20:47:21","modified_gmt":"2025-04-11T20:47:21","slug":"fuentes","status":"publish","type":"page","link":"https:\/\/grupo.us.es\/hislabinst\/fuentes\/","title":{"rendered":"Fuentes"},"content":{"rendered":"<p>[et_pb_section fb_built=&#8221;1&#8243; _builder_version=&#8221;4.10.8&#8243; _module_preset=&#8221;default&#8221; background_image=&#8221;https:\/\/grupo.us.es\/hislabinst\/wp-content\/uploads\/2022\/02\/trabajadores-de-empresa-ruiz.png&#8221; height=&#8221;200px&#8221; height_tablet=&#8221;200px&#8221; height_phone=&#8221;200px&#8221; height_last_edited=&#8221;on|phone&#8221; global_colors_info=&#8221;{}&#8221;][\/et_pb_section][et_pb_section fb_built=&#8221;1&#8243; _builder_version=&#8221;4.10.8&#8243; _module_preset=&#8221;default&#8221; global_colors_info=&#8221;{}&#8221;][et_pb_row _builder_version=&#8221;4.10.8&#8243; _module_preset=&#8221;default&#8221; global_colors_info=&#8221;{}&#8221;][et_pb_column type=&#8221;4_4&#8243; _builder_version=&#8221;4.10.8&#8243; _module_preset=&#8221;default&#8221; global_colors_info=&#8221;{}&#8221;][et_pb_text _builder_version=&#8221;4.10.8&#8243; _module_preset=&#8221;default&#8221; text_font=&#8221;|600|||||||&#8221; text_text_color=&#8221;#055169&#8243; text_font_size=&#8221;13px&#8221; link_text_color=&#8221;#055169&#8243; global_colors_info=&#8221;{}&#8221;]<\/p>\n<p><a href=\"https:\/\/grupo.us.es\/hislabinst\/\">Inicio<\/a>\u00a0<svg xmlns=\"http:\/\/www.w3.org\/2000\/svg\" viewbox=\"-11 -2 30 17\" width=\"15\" fill=\"currentColor\"><path d=\"M5.314 7.071l-4.95-4.95A1 1 0 0 1 1.778.707l5.657 5.657a1 1 0 0 1 0 1.414l-5.657 5.657a1 1 0 0 1-1.414-1.414l4.95-4.95z\"><\/path><\/svg> Fuentes<\/p>\n<p>[\/et_pb_text][\/et_pb_column][\/et_pb_row][et_pb_row _builder_version=&#8221;4.10.8&#8243; _module_preset=&#8221;default&#8221; global_colors_info=&#8221;{}&#8221;][et_pb_column type=&#8221;4_4&#8243; _builder_version=&#8221;4.10.8&#8243; _module_preset=&#8221;default&#8221; global_colors_info=&#8221;{}&#8221;][et_pb_text _builder_version=&#8221;4.10.8&#8243; _module_preset=&#8221;default&#8221; text_font=&#8221;Prata||||||||&#8221; text_font_size=&#8221;30px&#8221; text_line_height=&#8221;1.5em&#8221; global_colors_info=&#8221;{}&#8221;]<\/p>\n<p>Fuentes para el Estudio del Trabajo en la Dictadura Franquista<\/p>\n<p>[\/et_pb_text][\/et_pb_column][\/et_pb_row][et_pb_row _builder_version=&#8221;4.10.8&#8243; _module_preset=&#8221;default&#8221; global_colors_info=&#8221;{}&#8221;][et_pb_column type=&#8221;4_4&#8243; _builder_version=&#8221;4.10.8&#8243; _module_preset=&#8221;default&#8221; global_colors_info=&#8221;{}&#8221;][et_pb_text _builder_version=&#8221;4.10.8&#8243; _module_preset=&#8221;default&#8221; text_font_size=&#8221;15px&#8221; text_orientation=&#8221;justified&#8221; custom_margin=&#8221;-8px||||false|false&#8221; global_colors_info=&#8221;{}&#8221;]<\/p>\n<p align=\"justify\">En cooperaci\u00f3n con la Red de Archivos Hist\u00f3ricos de Comisiones Obreras, el proyecto hace una recopilaci\u00f3n de los diferentes archivos y repositorios f\u00edsicos y telem\u00e1ticos de fuentes para investigar el trabajo y las relaciones laborales durante la dictadura franquista.<\/p>\n<p>[\/et_pb_text][et_pb_text _builder_version=&#8221;4.10.8&#8243; _module_preset=&#8221;default&#8221; text_font_size=&#8221;15px&#8221; text_orientation=&#8221;justified&#8221; custom_margin=&#8221;-8px||||false|false&#8221; global_colors_info=&#8221;{}&#8221;]<\/p>\n<p>Este <span>trabajo lo coordina el miembro del Equipo de Trabajo, el Profesor Javier T\u00e9bar Hurtado con la participaci\u00f3n, coordinaci\u00f3n y trabajo de Albert Burgu\u00e9s Moreno, Graduado en Historia por la Universidad de Barcelona, M\u00e1ster en Archiv\u00edstica y Gesti\u00f3n documental por la ESAGED y T\u00e9cnico Archivero adscrito a la Direcci\u00f3n General de Polic\u00eda de la Generalitat de Catalunya.<\/span><\/p>\n<p>[\/et_pb_text][\/et_pb_column][\/et_pb_row][et_pb_row column_structure=&#8221;1_3,2_3&#8243; use_custom_gutter=&#8221;on&#8221; gutter_width=&#8221;1&#8243; make_equal=&#8221;on&#8221; _builder_version=&#8221;4.10.8&#8243; _module_preset=&#8221;default&#8221; width=&#8221;100%&#8221; width_tablet=&#8221;80%&#8221; width_phone=&#8221;80%&#8221; width_last_edited=&#8221;on|phone&#8221; max_width=&#8221;100%&#8221; height=&#8221;100%&#8221; custom_margin=&#8221;30px||||false|false&#8221; custom_margin_tablet=&#8221;0px||||false|false&#8221; custom_margin_phone=&#8221;0px||||false|false&#8221; custom_margin_last_edited=&#8221;on|desktop&#8221; global_colors_info=&#8221;{}&#8221;][et_pb_column type=&#8221;1_3&#8243; _builder_version=&#8221;4.10.8&#8243; _module_preset=&#8221;default&#8221; custom_css_main_element=&#8221;display: flex;||flex-wrap: wrap;||align-content: center;&#8221; global_colors_info=&#8221;{}&#8221;][et_pb_image src=&#8221;https:\/\/grupo.us.es\/hislabinst\/wp-content\/uploads\/2022\/02\/01590007.jpg&#8221; title_text=&#8221;01590007&#8243; _builder_version=&#8221;4.10.8&#8243; _module_preset=&#8221;default&#8221; height=&#8221;100%&#8221; global_colors_info=&#8221;{}&#8221;][\/et_pb_image][\/et_pb_column][et_pb_column type=&#8221;2_3&#8243; _builder_version=&#8221;4.10.8&#8243; _module_preset=&#8221;default&#8221; custom_padding=&#8221;|40px||40px|false|true&#8221; custom_padding_tablet=&#8221;|0px||0px|false|true&#8221; custom_padding_phone=&#8221;&#8221; custom_padding_last_edited=&#8221;on|phone&#8221; custom_css_main_element=&#8221;display: flex;||flex-wrap: wrap;||align-content: center;&#8221; global_colors_info=&#8221;{}&#8221;][et_pb_text _builder_version=&#8221;4.10.8&#8243; _module_preset=&#8221;default&#8221; text_text_color=&#8221;#FFFFFF&#8221; text_font_size=&#8221;15px&#8221; background_color=&#8221;rgba(225,126,35,0.9)&#8221; text_orientation=&#8221;justified&#8221; width=&#8221;100%&#8221; max_width=&#8221;100%&#8221; module_alignment=&#8221;center&#8221; height=&#8221;100%&#8221; custom_margin=&#8221;||||false|false&#8221; custom_margin_tablet=&#8221;65px|0px||0px|false|true&#8221; custom_margin_phone=&#8221;60px|0px||0px|false|true&#8221; custom_margin_last_edited=&#8221;on|desktop&#8221; custom_padding=&#8221;|50px||50px|false|true&#8221; custom_padding_tablet=&#8221;30px|40px|30px|40px|true|true&#8221; custom_padding_phone=&#8221;20px|20px|20px|20px|true|true&#8221; custom_padding_last_edited=&#8221;on|phone&#8221; text_orientation_tablet=&#8221;&#8221; text_orientation_phone=&#8221;justified&#8221; text_orientation_last_edited=&#8221;on|phone&#8221; custom_css_main_element=&#8221;display: flex;||flex-wrap: wrap;||align-content: center;&#8221; border_radii=&#8221;on|5px|5px|5px|5px&#8221; border_color_all=&#8221;RGBA(0,0,0,0)&#8221; global_colors_info=&#8221;{}&#8221;]<\/p>\n<p>Uno de los primeros retos que debe afrontar el investigador es la localizaci\u00f3n de las fuentes necesarias para abordar su trabajo, saber en qu\u00e9 estado se encuentran y, adem\u00e1s, obtener informaci\u00f3n sobre cu\u00e1les son los recursos que tiene a su disposici\u00f3n. En el \u00e1mbito del estudio de las relaciones laborales y todos aquellos elementos que conforman aquello que conocemos como el mundo del trabajo, esta tarea puede resultar especialmente compleja, pues una parte significativa de las fuentes documentales que precisa el investigador se encuentran en manos privadas.<\/p>\n<p>El proyecto que tenemos la intenci\u00f3n de realizar constituye una primera contribuci\u00f3n para apoyar a la investigaci\u00f3n. Una primera contribuci\u00f3n que pretende centrarse en los archivos hist\u00f3rico sindicales que actualmente siguen funcionando a d\u00eda de hoy en nuestro pa\u00eds. Se trata de una iniciativa que consideramos prioritaria, pues siendo estos archivos una fuente de recursos indispensable para el estudio de los campos de investigaci\u00f3n competentes, no existen instrumentos actualizados que den fe de la y situaci\u00f3n de estos archivos.<\/p>\n<p>En este contexto, se pretende elaborar una primera gu\u00eda de los archivos hist\u00f3rico sindicales de Espa\u00f1a mediante la descripci\u00f3n normalizada de dichos centros, sus caracter\u00edsticas institucionales y sus recursos. Junto a esto, se intentar\u00e1 presentar, dentro de lo posible, una exposici\u00f3n actualizada de los fondos documentales que se conservan en estos archivos y, al mismo tiempo, una breve exposici\u00f3n de cu\u00e1l es el estado de estos archivos a escala nacional.<\/p>\n<p>[\/et_pb_text][\/et_pb_column][\/et_pb_row][\/et_pb_section]<\/p>\n","protected":false},"excerpt":{"rendered":"<p>Inicio\u00a0 FuentesFuentes para el Estudio del Trabajo en la Dictadura FranquistaEn cooperaci\u00f3n con la Red de Archivos Hist\u00f3ricos de Comisiones Obreras, el proyecto hace una recopilaci\u00f3n de los diferentes archivos y repositorios f\u00edsicos y telem\u00e1ticos de fuentes para investigar el trabajo y las relaciones laborales durante la dictadura franquista.Este trabajo lo coordina el miembro del [&hellip;]<\/p>\n","protected":false},"author":1,"featured_media":0,"parent":0,"menu_order":0,"comment_status":"closed","ping_status":"closed","template":"","meta":{"_et_pb_use_builder":"on","_et_pb_old_content":"","_et_gb_content_width":"","footnotes":""},"class_list":["post-420","page","type-page","status-publish","hentry"],"yoast_head":"<!-- This site is optimized with the Yoast SEO plugin v19.2 - https:\/\/yoast.com\/wordpress\/plugins\/seo\/ -->\n<title>Fuentes - History and Economic Institutions<\/title>\n<meta name=\"robots\" content=\"index, follow, max-snippet:-1, max-image-preview:large, max-video-preview:-1\" \/>\n<link rel=\"canonical\" href=\"https:\/\/grupo.us.es\/hislabinst\/fuentes\/\" \/>\n<meta property=\"og:locale\" content=\"en_GB\" \/>\n<meta property=\"og:type\" content=\"article\" \/>\n<meta property=\"og:title\" content=\"Fuentes - History and Economic Institutions\" \/>\n<meta property=\"og:description\" content=\"Inicio\u00a0 FuentesFuentes para el Estudio del Trabajo en la Dictadura FranquistaEn cooperaci\u00f3n con la Red de Archivos Hist\u00f3ricos de Comisiones Obreras, el proyecto hace una recopilaci\u00f3n de los diferentes archivos y repositorios f\u00edsicos y telem\u00e1ticos de fuentes para investigar el trabajo y las relaciones laborales durante la dictadura franquista.Este trabajo lo coordina el miembro del [&hellip;]\" \/>\n<meta property=\"og:url\" content=\"https:\/\/grupo.us.es\/hislabinst\/fuentes\/\" \/>\n<meta property=\"og:site_name\" content=\"History and Economic Institutions\" \/>\n<meta property=\"article:modified_time\" content=\"2025-04-11T20:47:21+00:00\" \/>\n<meta name=\"author\" content=\"eheconomica\" \/>\n<meta name=\"twitter:card\" content=\"summary_large_image\" \/>\n<meta name=\"twitter:label1\" content=\"Estimated reading time\" \/>\n\t<meta name=\"twitter:data1\" content=\"5 minutes\" \/>\n<script type=\"application\/ld+json\" class=\"yoast-schema-graph\">{\"@context\":\"https:\/\/schema.org\",\"@graph\":[{\"@type\":\"WebSite\",\"@id\":\"https:\/\/grupo.us.es\/hislabinst\/#website\",\"url\":\"https:\/\/grupo.us.es\/hislabinst\/\",\"name\":\"History and Economic Institutions\",\"description\":\"\",\"potentialAction\":[{\"@type\":\"SearchAction\",\"target\":{\"@type\":\"EntryPoint\",\"urlTemplate\":\"https:\/\/grupo.us.es\/hislabinst\/?s={search_term_string}\"},\"query-input\":\"required name=search_term_string\"}],\"inLanguage\":\"en-GB\"},{\"@type\":\"WebPage\",\"@id\":\"https:\/\/grupo.us.es\/hislabinst\/fuentes\/#webpage\",\"url\":\"https:\/\/grupo.us.es\/hislabinst\/fuentes\/\",\"name\":\"Fuentes - History and Economic Institutions\",\"isPartOf\":{\"@id\":\"https:\/\/grupo.us.es\/hislabinst\/#website\"},\"datePublished\":\"2021-11-07T22:15:50+00:00\",\"dateModified\":\"2025-04-11T20:47:21+00:00\",\"breadcrumb\":{\"@id\":\"https:\/\/grupo.us.es\/hislabinst\/fuentes\/#breadcrumb\"},\"inLanguage\":\"en-GB\",\"potentialAction\":[{\"@type\":\"ReadAction\",\"target\":[\"https:\/\/grupo.us.es\/hislabinst\/fuentes\/\"]}]},{\"@type\":\"BreadcrumbList\",\"@id\":\"https:\/\/grupo.us.es\/hislabinst\/fuentes\/#breadcrumb\",\"itemListElement\":[{\"@type\":\"ListItem\",\"position\":1,\"name\":\"Portada\",\"item\":\"https:\/\/grupo.us.es\/hislabinst\/\"},{\"@type\":\"ListItem\",\"position\":2,\"name\":\"Fuentes\"}]}]}<\/script>\n<!-- \/ Yoast SEO plugin. -->","yoast_head_json":{"title":"Fuentes - History and Economic Institutions","robots":{"index":"index","follow":"follow","max-snippet":"max-snippet:-1","max-image-preview":"max-image-preview:large","max-video-preview":"max-video-preview:-1"},"canonical":"https:\/\/grupo.us.es\/hislabinst\/fuentes\/","og_locale":"en_GB","og_type":"article","og_title":"Fuentes - History and Economic Institutions","og_description":"Inicio\u00a0 FuentesFuentes para el Estudio del Trabajo en la Dictadura FranquistaEn cooperaci\u00f3n con la Red de Archivos Hist\u00f3ricos de Comisiones Obreras, el proyecto hace una recopilaci\u00f3n de los diferentes archivos y repositorios f\u00edsicos y telem\u00e1ticos de fuentes para investigar el trabajo y las relaciones laborales durante la dictadura franquista.Este trabajo lo coordina el miembro del [&hellip;]","og_url":"https:\/\/grupo.us.es\/hislabinst\/fuentes\/","og_site_name":"History and Economic Institutions","article_modified_time":"2025-04-11T20:47:21+00:00","author":"eheconomica","twitter_card":"summary_large_image","twitter_misc":{"Estimated reading time":"5 minutes"},"schema":{"@context":"https:\/\/schema.org","@graph":[{"@type":"WebSite","@id":"https:\/\/grupo.us.es\/hislabinst\/#website","url":"https:\/\/grupo.us.es\/hislabinst\/","name":"History and Economic Institutions","description":"","potentialAction":[{"@type":"SearchAction","target":{"@type":"EntryPoint","urlTemplate":"https:\/\/grupo.us.es\/hislabinst\/?s={search_term_string}"},"query-input":"required name=search_term_string"}],"inLanguage":"en-GB"},{"@type":"WebPage","@id":"https:\/\/grupo.us.es\/hislabinst\/fuentes\/#webpage","url":"https:\/\/grupo.us.es\/hislabinst\/fuentes\/","name":"Fuentes - History and Economic Institutions","isPartOf":{"@id":"https:\/\/grupo.us.es\/hislabinst\/#website"},"datePublished":"2021-11-07T22:15:50+00:00","dateModified":"2025-04-11T20:47:21+00:00","breadcrumb":{"@id":"https:\/\/grupo.us.es\/hislabinst\/fuentes\/#breadcrumb"},"inLanguage":"en-GB","potentialAction":[{"@type":"ReadAction","target":["https:\/\/grupo.us.es\/hislabinst\/fuentes\/"]}]},{"@type":"BreadcrumbList","@id":"https:\/\/grupo.us.es\/hislabinst\/fuentes\/#breadcrumb","itemListElement":[{"@type":"ListItem","position":1,"name":"Portada","item":"https:\/\/grupo.us.es\/hislabinst\/"},{"@type":"ListItem","position":2,"name":"Fuentes"}]}]}},"_links":{"self":[{"href":"https:\/\/grupo.us.es\/hislabinst\/wp-json\/wp\/v2\/pages\/420","targetHints":{"allow":["GET"]}}],"collection":[{"href":"https:\/\/grupo.us.es\/hislabinst\/wp-json\/wp\/v2\/pages"}],"about":[{"href":"https:\/\/grupo.us.es\/hislabinst\/wp-json\/wp\/v2\/types\/page"}],"author":[{"embeddable":true,"href":"https:\/\/grupo.us.es\/hislabinst\/wp-json\/wp\/v2\/users\/1"}],"replies":[{"embeddable":true,"href":"https:\/\/grupo.us.es\/hislabinst\/wp-json\/wp\/v2\/comments?post=420"}],"version-history":[{"count":10,"href":"https:\/\/grupo.us.es\/hislabinst\/wp-json\/wp\/v2\/pages\/420\/revisions"}],"predecessor-version":[{"id":1147,"href":"https:\/\/grupo.us.es\/hislabinst\/wp-json\/wp\/v2\/pages\/420\/revisions\/1147"}],"wp:attachment":[{"href":"https:\/\/grupo.us.es\/hislabinst\/wp-json\/wp\/v2\/media?parent=420"}],"curies":[{"name":"wp","href":"https:\/\/api.w.org\/{rel}","templated":true}]}}