{"id":413,"date":"2021-11-07T22:10:16","date_gmt":"2021-11-07T22:10:16","guid":{"rendered":"https:\/\/grupo.us.es\/hislabinst\/?page_id=413"},"modified":"2025-04-11T19:40:59","modified_gmt":"2025-04-11T19:40:59","slug":"bases-de-datos","status":"publish","type":"page","link":"https:\/\/grupo.us.es\/hislabinst\/bases-de-datos\/","title":{"rendered":"Bases de Datos"},"content":{"rendered":"<p>[et_pb_section fb_built=&#8221;1&#8243; _builder_version=&#8221;4.10.8&#8243; _module_preset=&#8221;default&#8221; background_image=&#8221;https:\/\/grupo.us.es\/hislabinst\/wp-content\/uploads\/2022\/02\/MotorIberica_1920x200.png&#8221; height=&#8221;200px&#8221; height_tablet=&#8221;200px&#8221; height_phone=&#8221;200px&#8221; height_last_edited=&#8221;on|phone&#8221; global_colors_info=&#8221;{}&#8221;][\/et_pb_section][et_pb_section fb_built=&#8221;1&#8243; _builder_version=&#8221;4.10.8&#8243; _module_preset=&#8221;default&#8221; global_colors_info=&#8221;{}&#8221;][et_pb_row _builder_version=&#8221;4.10.8&#8243; _module_preset=&#8221;default&#8221; global_colors_info=&#8221;{}&#8221;][et_pb_column type=&#8221;4_4&#8243; _builder_version=&#8221;4.10.8&#8243; _module_preset=&#8221;default&#8221; global_colors_info=&#8221;{}&#8221;][et_pb_text _builder_version=&#8221;4.10.8&#8243; _module_preset=&#8221;default&#8221; text_font=&#8221;|600|||||||&#8221; text_text_color=&#8221;#055169&#8243; text_font_size=&#8221;13px&#8221; link_text_color=&#8221;#055169&#8243; global_colors_info=&#8221;{}&#8221;]<\/p>\n<p><a href=\"https:\/\/grupo.us.es\/hislabinst\/\">Inicio<\/a>\u00a0<svg xmlns=\"http:\/\/www.w3.org\/2000\/svg\" viewbox=\"-11 -2 30 17\" width=\"15\" fill=\"currentColor\"><path d=\"M5.314 7.071l-4.95-4.95A1 1 0 0 1 1.778.707l5.657 5.657a1 1 0 0 1 0 1.414l-5.657 5.657a1 1 0 0 1-1.414-1.414l4.95-4.95z\"><\/path><\/svg> Bases de Datos<\/p>\n<p>[\/et_pb_text][\/et_pb_column][\/et_pb_row][et_pb_row _builder_version=&#8221;4.10.8&#8243; _module_preset=&#8221;default&#8221; global_colors_info=&#8221;{}&#8221;][et_pb_column type=&#8221;4_4&#8243; _builder_version=&#8221;4.10.8&#8243; _module_preset=&#8221;default&#8221; global_colors_info=&#8221;{}&#8221;][et_pb_text _builder_version=&#8221;4.10.8&#8243; _module_preset=&#8221;default&#8221; text_font=&#8221;Prata||||||||&#8221; text_font_size=&#8221;30px&#8221; text_line_height=&#8221;1.5em&#8221; global_colors_info=&#8221;{}&#8221;]<\/p>\n<p>Bases de Datos<\/p>\n<p>[\/et_pb_text][\/et_pb_column][\/et_pb_row][et_pb_row _builder_version=&#8221;4.10.8&#8243; _module_preset=&#8221;default&#8221; global_colors_info=&#8221;{}&#8221;][et_pb_column type=&#8221;4_4&#8243; _builder_version=&#8221;4.10.8&#8243; _module_preset=&#8221;default&#8221; global_colors_info=&#8221;{}&#8221;][et_pb_text _builder_version=&#8221;4.10.8&#8243; _module_preset=&#8221;default&#8221; text_font_size=&#8221;15px&#8221; text_orientation=&#8221;justified&#8221; custom_margin=&#8221;-8px||||false|false&#8221; global_colors_info=&#8221;{}&#8221;]<\/p>\n<p>Entre los objetivos del proyecto se encuentra el procesado y composici\u00f3n de bases de datos sobre salarios y empleo que permitan a la comunidad acad\u00e9mica el acceso a una informaci\u00f3n que, aunque p\u00fablica, se encuentra fragmentada en distintos archivos y bibliotecas. En los enlaces siguientes puede consultar las entradas brutas a las Encuestas de Salarios y a las Encuestas de Salarios en la Industria y los Servicios elaboradas por el Instituto Nacional de Estad\u00edstica de los a\u00f1os 1963-1979 y 1980-2001.<\/p>\n<p>[\/et_pb_text][\/et_pb_column][\/et_pb_row][et_pb_row _builder_version=&#8221;4.10.8&#8243; _module_preset=&#8221;default&#8221; global_colors_info=&#8221;{}&#8221;][et_pb_column type=&#8221;4_4&#8243; _builder_version=&#8221;4.10.8&#8243; _module_preset=&#8221;default&#8221; global_colors_info=&#8221;{}&#8221;][et_pb_toggle title=&#8221;Estad\u00edstica industrial&#8221; admin_label=&#8221;Estad\u00edstica industrial&#8221; _builder_version=&#8221;4.10.8&#8243; _module_preset=&#8221;default&#8221; link_option_url_new_window=&#8221;on&#8221; global_colors_info=&#8221;{}&#8221;]<iframe loading=\"lazy\" src=\"https:\/\/docs.google.com\/spreadsheets\/d\/e\/2PACX-1vQ7gVbWPzt0IAHiacu4AJkqIEvXQC177HS5ViIYZGp4_LDXATTmCtmDLhVTPssKkxQboETpGeuvTMnu\/pubhtml?widget=true&amp;headers=false\" height=\"500px\" width=\"100%\"><\/iframe><\/p>\n<div class=\"wp-block-file\"><a id=\"wp-block-file--media-49507768-17bb-4ffd-8b81-626df692f30b\" href=\"https:\/\/docs.google.com\/spreadsheets\/d\/e\/2PACX-1vQ7gVbWPzt0IAHiacu4AJkqIEvXQC177HS5ViIYZGp4_LDXATTmCtmDLhVTPssKkxQboETpGeuvTMnu\/pub?output=xlsx&#038;id=1aoAt6N9i_7lnLmNwZo73i_nSQku9mv6s6VPXHwAVP8M&#038;gid=1006244121\" style=\"font-weight: bold;\">Descargar fichero<\/a><\/div>\n<p>[\/et_pb_toggle][et_pb_toggle title=&#8221;Salarios 1964-1976&#8243; admin_label=&#8221;Salarios 1964-1976&#8243; _builder_version=&#8221;4.10.8&#8243; _module_preset=&#8221;default&#8221; global_colors_info=&#8221;{}&#8221;]<iframe loading=\"lazy\" src=\"https:\/\/docs.google.com\/spreadsheets\/d\/e\/2PACX-1vT0mCNQ8Ja_oIqS17tdGrkF5eTpNJCjGqA9ElzCXeIKcOuOdo4tssZcalSEiIwPdze9GUXwLq0rbBhg\/pubhtml?widget=true&amp;headers=false\" height=\"500px\" width=\"100%\"><\/iframe><\/p>\n<div class=\"wp-block-file\"><a id=\"wp-block-file--media-49507768-17bb-4ffd-8b81-626df692f30b\" href=\"https:\/\/docs.google.com\/spreadsheets\/d\/e\/2PACX-1vT0mCNQ8Ja_oIqS17tdGrkF5eTpNJCjGqA9ElzCXeIKcOuOdo4tssZcalSEiIwPdze9GUXwLq0rbBhg\/pub?output=xlsx&#038;id=13-kOPZphueLxuk7Y2EV0Uo2HWqX57RitTXwZ3CkDAyE&#038;gid=374065693\" style=\"font-weight: bold;\">Descargar fichero<\/a><\/div>\n<p>[\/et_pb_toggle][et_pb_toggle title=&#8221;Salarios 1977-1980&#8243; admin_label=&#8221;Salarios 1977-1980&#8243; _builder_version=&#8221;4.10.8&#8243; _module_preset=&#8221;default&#8221; global_colors_info=&#8221;{}&#8221;]<iframe loading=\"lazy\" src=\"https:\/\/docs.google.com\/spreadsheets\/d\/e\/2PACX-1vRZ5elQc8LD5RTCBnf1QVmtCnuvPZ1gKK1I_LKAk0H3LLBtCRqhSX3FDDTzs5KRFXPuzuLVV_ZF7yma\/pubhtml?widget=true&amp;headers=false\" height=\"500px\" width=\"100%\"><\/iframe><\/p>\n<div class=\"wp-block-file\"><a id=\"wp-block-file--media-49507768-17bb-4ffd-8b81-626df692f30b\" href=\"https:\/\/docs.google.com\/spreadsheets\/d\/e\/2PACX-1vRZ5elQc8LD5RTCBnf1QVmtCnuvPZ1gKK1I_LKAk0H3LLBtCRqhSX3FDDTzs5KRFXPuzuLVV_ZF7yma\/pub?output=xlsx&#038;id=19K-ffVgcFDiPbZXQI8RdUDAI5fLcYsBhsmPpofzcfYU&#038;gid=1357817775\" style=\"font-weight: bold;\">Descargar fichero<\/a><\/div>\n<p>[\/et_pb_toggle][et_pb_toggle title=&#8221;Salarios 1980-1983&#8243; admin_label=&#8221;Salarios 1980-1983&#8243; _builder_version=&#8221;4.10.8&#8243; _module_preset=&#8221;default&#8221; global_colors_info=&#8221;{}&#8221;]<iframe loading=\"lazy\" src=\"https:\/\/docs.google.com\/spreadsheets\/d\/e\/2PACX-1vQOzOqYzsMOgejInKJ5R214trkNGKJ_2npB-GaJbC5-9zHbT-9Yqr8otPx9ndCQRbTpqEf11byxSCjQ\/pubhtml?widget=true&amp;headers=false\" height=\"500px\" width=\"100%\"><\/iframe><\/p>\n<div class=\"wp-block-file\"><a id=\"wp-block-file--media-49507768-17bb-4ffd-8b81-626df692f30b\" href=\"https:\/\/docs.google.com\/spreadsheets\/d\/e\/2PACX-1vQOzOqYzsMOgejInKJ5R214trkNGKJ_2npB-GaJbC5-9zHbT-9Yqr8otPx9ndCQRbTpqEf11byxSCjQ\/pub?output=xlsx&#038;id=1wO4ZKA7vT8O4s5jaYzk1F_hWp64I1YdzBKqdSjBk4O8&#038;gid=250577328\" style=\"font-weight: bold;\">Descargar fichero<\/a><\/div>\n<p>[\/et_pb_toggle][et_pb_toggle title=&#8221;Resultados medias 1981-1988&#8243; admin_label=&#8221;Resultados medias 1981-1988&#8243; _builder_version=&#8221;4.10.8&#8243; _module_preset=&#8221;default&#8221; global_colors_info=&#8221;{}&#8221;]<iframe loading=\"lazy\" src=\"https:\/\/docs.google.com\/spreadsheets\/d\/e\/2PACX-1vRZUVSW1DDFNxaw1y7aJFIOOfwpN31fdtMH7dgW5IMUNqBl28UL2b-3KVlOTESghU96kV6JZ6ctEc04\/pubhtml?widget=true&amp;headers=false\" height=\"500px\" width=\"100%\"><\/iframe><\/p>\n<div class=\"wp-block-file\"><a id=\"wp-block-file--media-49507768-17bb-4ffd-8b81-626df692f30b\" href=\"https:\/\/docs.google.com\/spreadsheets\/d\/e\/2PACX-1vRZUVSW1DDFNxaw1y7aJFIOOfwpN31fdtMH7dgW5IMUNqBl28UL2b-3KVlOTESghU96kV6JZ6ctEc04\/pub?output=xlsx&#038;id=1G9VosNI-FA0DqTvktUQLcnUAX1tuLRSApjcLsYVvLjo&#038;gid=1775091479\" style=\"font-weight: bold;\">Descargar fichero<\/a><\/div>\n<p>[\/et_pb_toggle][et_pb_toggle title=&#8221;Salarios 1990&#8243; admin_label=&#8221;Resultados medias 1981-1988&#8243; _builder_version=&#8221;4.10.8&#8243; _module_preset=&#8221;default&#8221; global_colors_info=&#8221;{}&#8221;]<iframe loading=\"lazy\" src=\"https:\/\/docs.google.com\/spreadsheets\/d\/e\/2PACX-1vTV-QCacuGOCRJmlvTMikJmAShew_Efu4XA8PZ0jRGhywJFrHvTvgxuV_zoV-UZAVh9incqNOS9K_cW\/pubhtml?widget=true&amp;headers=false\" height=\"500px\" width=\"100%\"><\/iframe><\/p>\n<div class=\"wp-block-file\"><a id=\"wp-block-file--media-49507768-17bb-4ffd-8b81-626df692f30b\" href=\"https:\/\/docs.google.com\/spreadsheets\/d\/e\/2PACX-1vTV-QCacuGOCRJmlvTMikJmAShew_Efu4XA8PZ0jRGhywJFrHvTvgxuV_zoV-UZAVh9incqNOS9K_cW\/pub?output=xlsx&#038;id=1LXLeHL7_rolYYChqwa7wPFw0qdX422_TiKRyalyIMzo&#038;gid=746772851\" style=\"font-weight: bold;\">Descargar fichero<\/a><\/div>\n<p>[\/et_pb_toggle][et_pb_toggle title=&#8221;Salarios 1992-1995&#8243; admin_label=&#8221;Salarios 1992-1995&#8243; _builder_version=&#8221;4.10.8&#8243; _module_preset=&#8221;default&#8221; global_colors_info=&#8221;{}&#8221;]<iframe loading=\"lazy\" src=\"https:\/\/docs.google.com\/spreadsheets\/d\/e\/2PACX-1vRlCUJu9SunJKvASVk8ULpmP_3tOcGjJHQo51l2U5ZgXPsa-HRjQXE6DstImcKWo8DPhlFWS7y_Gi8J\/pubhtml?widget=true&amp;headers=false\" height=\"500px\" width=\"100%\"><\/iframe><\/p>\n<div class=\"wp-block-file\"><a id=\"wp-block-file--media-49507768-17bb-4ffd-8b81-626df692f30b\" href=\"https:\/\/docs.google.com\/spreadsheets\/d\/e\/2PACX-1vRlCUJu9SunJKvASVk8ULpmP_3tOcGjJHQo51l2U5ZgXPsa-HRjQXE6DstImcKWo8DPhlFWS7y_Gi8J\/pub?output=xlsx&#038;id=14H9CWBsd9-5eAiS19ssyNBpIBNKJj5s8qun33y_Jm_Y&#038;gid=404193606\" style=\"font-weight: bold;\">Descargar fichero<\/a><\/div>\n<p>[\/et_pb_toggle][et_pb_toggle title=&#8221;Salarios 1996-2000&#8243; admin_label=&#8221;Salarios 1996-2000&#8243; _builder_version=&#8221;4.10.8&#8243; _module_preset=&#8221;default&#8221; global_colors_info=&#8221;{}&#8221;]<iframe loading=\"lazy\" src=\"https:\/\/docs.google.com\/spreadsheets\/d\/e\/2PACX-1vQp19yTXZfdY3M38YuP6O8UDn71LA7Rdv9xNXWJCH0nDdsCeoy8YMe1OEl3ojWfxDcawUSQTGwJlRh8\/pubhtml?widget=true&amp;headers=false\" height=\"500px\" width=\"100%\"><\/iframe><\/p>\n<div class=\"wp-block-file\"><a id=\"wp-block-file--media-49507768-17bb-4ffd-8b81-626df692f30b\" href=\"https:\/\/docs.google.com\/spreadsheets\/d\/e\/2PACX-1vQp19yTXZfdY3M38YuP6O8UDn71LA7Rdv9xNXWJCH0nDdsCeoy8YMe1OEl3ojWfxDcawUSQTGwJlRh8\/pub?output=xlsx&#038;id=1fLUXMcCxQcGBRtp2Lp6h63kX41nAEowUFrIcj5eIsh0&#038;gid=1192173649\" style=\"font-weight: bold;\">Descargar fichero<\/a><\/div>\n<p>[\/et_pb_toggle][et_pb_toggle title=&#8221;Salarios 2000-2021 ECL TRIM&#8221; admin_label=&#8221;Salarios 1996-2000&#8243; _builder_version=&#8221;4.10.8&#8243; _module_preset=&#8221;default&#8221; global_colors_info=&#8221;{}&#8221;]<iframe loading=\"lazy\" src=\"https:\/\/docs.google.com\/spreadsheets\/d\/e\/2PACX-1vQgIojJmjnj8HJnIoDd3bsIDDRbfj0Qm98mWJSQ4XoO62AUu-LCItWr3f3TRC5lEaFCNPQi96IVKxLh\/pubhtml?widget=true&amp;headers=false\" height=\"500px\" width=\"100%\"><\/iframe><\/p>\n<div class=\"wp-block-file\"><a id=\"wp-block-file--media-49507768-17bb-4ffd-8b81-626df692f30b\" href=\"https:\/\/docs.google.com\/spreadsheets\/d\/e\/2PACX-1vQgIojJmjnj8HJnIoDd3bsIDDRbfj0Qm98mWJSQ4XoO62AUu-LCItWr3f3TRC5lEaFCNPQi96IVKxLh\/pub?output=xlsx&#038;id=152WLTFHaGSYo4gLl08nVmJOAkiGly1vXEhYxfXJCXjo&#038;gid=1522684301\" style=\"font-weight: bold;\">Descargar fichero<\/a><\/div>\n<p>[\/et_pb_toggle][et_pb_toggle title=&#8221;Salarios 2008-2021 desagregado ECL TRIM&#8221; admin_label=&#8221;Salarios 2008-2021&#8243; _builder_version=&#8221;4.10.8&#8243; _module_preset=&#8221;default&#8221; global_colors_info=&#8221;{}&#8221;]<iframe loading=\"lazy\" src=\"https:\/\/docs.google.com\/spreadsheets\/d\/e\/2PACX-1vSp6se-vRsFuAzGVoieurx0w9yx33r1qZafemPZfkyPd1pwtV7fDruhnCEEkZe2mBG05F7gM0JuQuK0\/pubhtml?widget=true&amp;headers=false\" height=\"500px\" width=\"100%\"><\/iframe><\/p>\n<div class=\"wp-block-file\"><a id=\"wp-block-file--media-49507768-17bb-4ffd-8b81-626df692f30b\" href=\"https:\/\/docs.google.com\/spreadsheets\/d\/e\/2PACX-1vSp6se-vRsFuAzGVoieurx0w9yx33r1qZafemPZfkyPd1pwtV7fDruhnCEEkZe2mBG05F7gM0JuQuK0\/pub?output=xlsx&#038;id=1Z-cj3qTWpN54y-M_8fEnYAHg_hAyE3I_PC7swuEwmAE&#038;gid=1188088367\" style=\"font-weight: bold;\">Descargar fichero<\/a><\/div>\n<p>[\/et_pb_toggle][et_pb_image src=&#8221;https:\/\/grupo.us.es\/hislabinst\/wp-content\/uploads\/2022\/02\/04310002.jpg&#8221; title_text=&#8221;04310002&#8243; _builder_version=&#8221;4.10.8&#8243; _module_preset=&#8221;default&#8221; custom_margin=&#8221;70px||||false|false&#8221; global_colors_info=&#8221;{}&#8221;][\/et_pb_image][\/et_pb_column][\/et_pb_row][\/et_pb_section]<\/p>\n","protected":false},"excerpt":{"rendered":"<p>Inicio\u00a0 Bases de DatosBases de DatosEntre los objetivos del proyecto se encuentra el procesado y composici\u00f3n de bases de datos sobre salarios y empleo que permitan a la comunidad acad\u00e9mica el acceso a una informaci\u00f3n que, aunque p\u00fablica, se encuentra fragmentada en distintos archivos y bibliotecas. En los enlaces siguientes puede consultar las entradas brutas [&hellip;]<\/p>\n","protected":false},"author":1,"featured_media":0,"parent":0,"menu_order":0,"comment_status":"closed","ping_status":"closed","template":"","meta":{"_et_pb_use_builder":"on","_et_pb_old_content":"","_et_gb_content_width":"","footnotes":""},"class_list":["post-413","page","type-page","status-publish","hentry"],"yoast_head":"<!-- This site is optimized with the Yoast SEO plugin v19.2 - https:\/\/yoast.com\/wordpress\/plugins\/seo\/ -->\n<title>Bases de Datos - History and Economic Institutions<\/title>\n<meta name=\"robots\" content=\"index, follow, max-snippet:-1, max-image-preview:large, max-video-preview:-1\" \/>\n<link rel=\"canonical\" href=\"https:\/\/grupo.us.es\/hislabinst\/bases-de-datos\/\" \/>\n<meta property=\"og:locale\" content=\"en_GB\" \/>\n<meta property=\"og:type\" content=\"article\" \/>\n<meta property=\"og:title\" content=\"Bases de Datos - History and Economic Institutions\" \/>\n<meta property=\"og:description\" content=\"Inicio\u00a0 Bases de DatosBases de DatosEntre los objetivos del proyecto se encuentra el procesado y composici\u00f3n de bases de datos sobre salarios y empleo que permitan a la comunidad acad\u00e9mica el acceso a una informaci\u00f3n que, aunque p\u00fablica, se encuentra fragmentada en distintos archivos y bibliotecas. En los enlaces siguientes puede consultar las entradas brutas [&hellip;]\" \/>\n<meta property=\"og:url\" content=\"https:\/\/grupo.us.es\/hislabinst\/bases-de-datos\/\" \/>\n<meta property=\"og:site_name\" content=\"History and Economic Institutions\" \/>\n<meta property=\"article:modified_time\" content=\"2025-04-11T19:40:59+00:00\" \/>\n<meta name=\"author\" content=\"eheconomica\" \/>\n<meta name=\"twitter:card\" content=\"summary_large_image\" \/>\n<meta name=\"twitter:label1\" content=\"Estimated reading time\" \/>\n\t<meta name=\"twitter:data1\" content=\"3 minutes\" \/>\n<script type=\"application\/ld+json\" class=\"yoast-schema-graph\">{\"@context\":\"https:\/\/schema.org\",\"@graph\":[{\"@type\":\"WebSite\",\"@id\":\"https:\/\/grupo.us.es\/hislabinst\/#website\",\"url\":\"https:\/\/grupo.us.es\/hislabinst\/\",\"name\":\"History and Economic Institutions\",\"description\":\"\",\"potentialAction\":[{\"@type\":\"SearchAction\",\"target\":{\"@type\":\"EntryPoint\",\"urlTemplate\":\"https:\/\/grupo.us.es\/hislabinst\/?s={search_term_string}\"},\"query-input\":\"required name=search_term_string\"}],\"inLanguage\":\"en-GB\"},{\"@type\":\"WebPage\",\"@id\":\"https:\/\/grupo.us.es\/hislabinst\/bases-de-datos\/#webpage\",\"url\":\"https:\/\/grupo.us.es\/hislabinst\/bases-de-datos\/\",\"name\":\"Bases de Datos - History and Economic Institutions\",\"isPartOf\":{\"@id\":\"https:\/\/grupo.us.es\/hislabinst\/#website\"},\"datePublished\":\"2021-11-07T22:10:16+00:00\",\"dateModified\":\"2025-04-11T19:40:59+00:00\",\"breadcrumb\":{\"@id\":\"https:\/\/grupo.us.es\/hislabinst\/bases-de-datos\/#breadcrumb\"},\"inLanguage\":\"en-GB\",\"potentialAction\":[{\"@type\":\"ReadAction\",\"target\":[\"https:\/\/grupo.us.es\/hislabinst\/bases-de-datos\/\"]}]},{\"@type\":\"BreadcrumbList\",\"@id\":\"https:\/\/grupo.us.es\/hislabinst\/bases-de-datos\/#breadcrumb\",\"itemListElement\":[{\"@type\":\"ListItem\",\"position\":1,\"name\":\"Portada\",\"item\":\"https:\/\/grupo.us.es\/hislabinst\/\"},{\"@type\":\"ListItem\",\"position\":2,\"name\":\"Bases de Datos\"}]}]}<\/script>\n<!-- \/ Yoast SEO plugin. -->","yoast_head_json":{"title":"Bases de Datos - History and Economic Institutions","robots":{"index":"index","follow":"follow","max-snippet":"max-snippet:-1","max-image-preview":"max-image-preview:large","max-video-preview":"max-video-preview:-1"},"canonical":"https:\/\/grupo.us.es\/hislabinst\/bases-de-datos\/","og_locale":"en_GB","og_type":"article","og_title":"Bases de Datos - History and Economic Institutions","og_description":"Inicio\u00a0 Bases de DatosBases de DatosEntre los objetivos del proyecto se encuentra el procesado y composici\u00f3n de bases de datos sobre salarios y empleo que permitan a la comunidad acad\u00e9mica el acceso a una informaci\u00f3n que, aunque p\u00fablica, se encuentra fragmentada en distintos archivos y bibliotecas. En los enlaces siguientes puede consultar las entradas brutas [&hellip;]","og_url":"https:\/\/grupo.us.es\/hislabinst\/bases-de-datos\/","og_site_name":"History and Economic Institutions","article_modified_time":"2025-04-11T19:40:59+00:00","author":"eheconomica","twitter_card":"summary_large_image","twitter_misc":{"Estimated reading time":"3 minutes"},"schema":{"@context":"https:\/\/schema.org","@graph":[{"@type":"WebSite","@id":"https:\/\/grupo.us.es\/hislabinst\/#website","url":"https:\/\/grupo.us.es\/hislabinst\/","name":"History and Economic Institutions","description":"","potentialAction":[{"@type":"SearchAction","target":{"@type":"EntryPoint","urlTemplate":"https:\/\/grupo.us.es\/hislabinst\/?s={search_term_string}"},"query-input":"required name=search_term_string"}],"inLanguage":"en-GB"},{"@type":"WebPage","@id":"https:\/\/grupo.us.es\/hislabinst\/bases-de-datos\/#webpage","url":"https:\/\/grupo.us.es\/hislabinst\/bases-de-datos\/","name":"Bases de Datos - History and Economic Institutions","isPartOf":{"@id":"https:\/\/grupo.us.es\/hislabinst\/#website"},"datePublished":"2021-11-07T22:10:16+00:00","dateModified":"2025-04-11T19:40:59+00:00","breadcrumb":{"@id":"https:\/\/grupo.us.es\/hislabinst\/bases-de-datos\/#breadcrumb"},"inLanguage":"en-GB","potentialAction":[{"@type":"ReadAction","target":["https:\/\/grupo.us.es\/hislabinst\/bases-de-datos\/"]}]},{"@type":"BreadcrumbList","@id":"https:\/\/grupo.us.es\/hislabinst\/bases-de-datos\/#breadcrumb","itemListElement":[{"@type":"ListItem","position":1,"name":"Portada","item":"https:\/\/grupo.us.es\/hislabinst\/"},{"@type":"ListItem","position":2,"name":"Bases de Datos"}]}]}},"_links":{"self":[{"href":"https:\/\/grupo.us.es\/hislabinst\/wp-json\/wp\/v2\/pages\/413","targetHints":{"allow":["GET"]}}],"collection":[{"href":"https:\/\/grupo.us.es\/hislabinst\/wp-json\/wp\/v2\/pages"}],"about":[{"href":"https:\/\/grupo.us.es\/hislabinst\/wp-json\/wp\/v2\/types\/page"}],"author":[{"embeddable":true,"href":"https:\/\/grupo.us.es\/hislabinst\/wp-json\/wp\/v2\/users\/1"}],"replies":[{"embeddable":true,"href":"https:\/\/grupo.us.es\/hislabinst\/wp-json\/wp\/v2\/comments?post=413"}],"version-history":[{"count":37,"href":"https:\/\/grupo.us.es\/hislabinst\/wp-json\/wp\/v2\/pages\/413\/revisions"}],"predecessor-version":[{"id":1146,"href":"https:\/\/grupo.us.es\/hislabinst\/wp-json\/wp\/v2\/pages\/413\/revisions\/1146"}],"wp:attachment":[{"href":"https:\/\/grupo.us.es\/hislabinst\/wp-json\/wp\/v2\/media?parent=413"}],"curies":[{"name":"wp","href":"https:\/\/api.w.org\/{rel}","templated":true}]}}