{"id":394,"date":"2021-11-07T21:45:22","date_gmt":"2021-11-07T21:45:22","guid":{"rendered":"https:\/\/grupo.us.es\/hislabinst\/?page_id=394"},"modified":"2022-04-04T21:12:32","modified_gmt":"2022-04-04T21:12:32","slug":"equipo-de-investigacion","status":"publish","type":"page","link":"https:\/\/grupo.us.es\/hislabinst\/equipo-de-investigacion\/","title":{"rendered":"Equipo de Investigaci\u00f3n"},"content":{"rendered":"<p>[et_pb_section fb_built=&#8221;1&#8243; _builder_version=&#8221;4.10.8&#8243; _module_preset=&#8221;default&#8221; background_image=&#8221;https:\/\/grupo.us.es\/hislabinst\/wp-content\/uploads\/2022\/02\/00000011_1920x200.png&#8221; height=&#8221;200px&#8221; height_tablet=&#8221;200px&#8221; height_phone=&#8221;200px&#8221; height_last_edited=&#8221;on|phone&#8221; global_colors_info=&#8221;{}&#8221;][\/et_pb_section][et_pb_section fb_built=&#8221;1&#8243; _builder_version=&#8221;4.10.8&#8243; _module_preset=&#8221;default&#8221; global_colors_info=&#8221;{}&#8221;][et_pb_row _builder_version=&#8221;4.10.8&#8243; _module_preset=&#8221;default&#8221; global_colors_info=&#8221;{}&#8221;][et_pb_column type=&#8221;4_4&#8243; _builder_version=&#8221;4.10.8&#8243; _module_preset=&#8221;default&#8221; global_colors_info=&#8221;{}&#8221;][et_pb_text _builder_version=&#8221;4.10.8&#8243; _module_preset=&#8221;default&#8221; text_font=&#8221;|600|||||||&#8221; text_text_color=&#8221;#055169&#8243; text_font_size=&#8221;13px&#8221; link_text_color=&#8221;#055169&#8243; global_colors_info=&#8221;{}&#8221;]<\/p>\n<p><a href=\"https:\/\/grupo.us.es\/hislabinst\/\">Inicio<\/a>\u00a0<svg xmlns=\"http:\/\/www.w3.org\/2000\/svg\" viewbox=\"-11 -2 30 17\" width=\"15\" fill=\"currentColor\"><path d=\"M5.314 7.071l-4.95-4.95A1 1 0 0 1 1.778.707l5.657 5.657a1 1 0 0 1 0 1.414l-5.657 5.657a1 1 0 0 1-1.414-1.414l4.95-4.95z\"><\/path><\/svg> <a href=\"https:\/\/grupo.us.es\/hislabinst\/equipo\/\">Equipo<\/a> <svg xmlns=\"http:\/\/www.w3.org\/2000\/svg\" viewbox=\"-11 -2 30 17\" width=\"15\" fill=\"currentColor\"><path d=\"M5.314 7.071l-4.95-4.95A1 1 0 0 1 1.778.707l5.657 5.657a1 1 0 0 1 0 1.414l-5.657 5.657a1 1 0 0 1-1.414-1.414l4.95-4.95z\"><\/path><\/svg> Equipo de Investigaci\u00f3n<\/p>\n<p>[\/et_pb_text][\/et_pb_column][\/et_pb_row][et_pb_row _builder_version=&#8221;4.10.8&#8243; _module_preset=&#8221;default&#8221; hover_enabled=&#8221;0&#8243; global_colors_info=&#8221;{}&#8221; sticky_enabled=&#8221;0&#8243;][et_pb_column type=&#8221;4_4&#8243; _builder_version=&#8221;4.10.8&#8243; _module_preset=&#8221;default&#8221; global_colors_info=&#8221;{}&#8221;][et_pb_text _builder_version=&#8221;4.10.8&#8243; _module_preset=&#8221;default&#8221; text_font=&#8221;Prata||||||||&#8221; text_font_size=&#8221;30px&#8221; hover_enabled=&#8221;0&#8243; global_colors_info=&#8221;{}&#8221; text_line_height=&#8221;1.5em&#8221; sticky_enabled=&#8221;0&#8243;]<\/p>\n<p>Equipo de Investigaci\u00f3n<\/p>\n<p>[\/et_pb_text][\/et_pb_column][\/et_pb_row][et_pb_row column_structure=&#8221;1_4,1_4,1_4,1_4&#8243; use_custom_gutter=&#8221;on&#8221; gutter_width=&#8221;1.5&#8243; _builder_version=&#8221;4.10.8&#8243; _module_preset=&#8221;default&#8221; width=&#8221;100%&#8221; locked=&#8221;off&#8221; global_colors_info=&#8221;{}&#8221;][et_pb_column type=&#8221;1_4&#8243; _builder_version=&#8221;4.10.8&#8243; _module_preset=&#8221;default&#8221; global_colors_info=&#8221;{}&#8221;][et_pb_image src=&#8221;https:\/\/grupo.us.es\/hislabinst\/wp-content\/uploads\/2022\/03\/Marcial_Sanchez_Mosquera.png&#8221; title_text=&#8221;Marcial_Sanchez_Mosquera&#8221; url=&#8221;https:\/\/grupo.us.es\/hislabinst\/marcial-sanchez-mosquera-2\/&#8221; align=&#8221;center&#8221; _builder_version=&#8221;4.10.8&#8243; _module_preset=&#8221;default&#8221; module_alignment=&#8221;center&#8221; height=&#8221;200px&#8221; animation_style=&#8221;fade&#8221; border_radii=&#8221;on|1000px|1000px|1000px|1000px&#8221; border_width_all=&#8221;8px&#8221; border_color_all=&#8221;#E17E23&#8243; global_colors_info=&#8221;{}&#8221;][\/et_pb_image][et_pb_text _builder_version=&#8221;4.10.8&#8243; _module_preset=&#8221;default&#8221; text_font=&#8221;Prata||||||||&#8221; text_text_color=&#8221;#055169&#8243; text_font_size=&#8221;17px&#8221; text_orientation=&#8221;center&#8221; animation_style=&#8221;fade&#8221; global_colors_info=&#8221;{}&#8221;]<\/p>\n<p>Marcial S\u00e1nchez Mosquera<\/p>\n<p>[\/et_pb_text][et_pb_button button_url=&#8221;https:\/\/grupo.us.es\/hislabinst\/marcial-sanchez-mosquera-2\/&#8221; button_text=&#8221;Biography&#8221; button_alignment=&#8221;center&#8221; _builder_version=&#8221;4.10.8&#8243; _module_preset=&#8221;default&#8221; custom_button=&#8221;on&#8221; button_text_size=&#8221;10px&#8221; button_text_color=&#8221;#FFFFFF&#8221; button_bg_color=&#8221;#055169&#8243; button_icon_color=&#8221;#FFFFFF&#8221; custom_margin=&#8221;-25px||||false|false&#8221; animation_style=&#8221;fade&#8221; global_colors_info=&#8221;{}&#8221;][\/et_pb_button][\/et_pb_column][et_pb_column type=&#8221;1_4&#8243; _builder_version=&#8221;4.10.8&#8243; _module_preset=&#8221;default&#8221; global_colors_info=&#8221;{}&#8221;][et_pb_image src=&#8221;https:\/\/grupo.us.es\/hislabinst\/wp-content\/uploads\/2022\/03\/Marta_Aguilar_Gil.png&#8221; title_text=&#8221;Marta_Aguilar_Gil&#8221; url=&#8221;https:\/\/grupo.us.es\/hislabinst\/marta-aguilar-gil\/&#8221; align=&#8221;center&#8221; _builder_version=&#8221;4.10.8&#8243; _module_preset=&#8221;default&#8221; module_alignment=&#8221;center&#8221; height=&#8221;200px&#8221; animation_style=&#8221;fade&#8221; border_radii=&#8221;on|1000px|1000px|1000px|1000px&#8221; border_width_all=&#8221;8px&#8221; border_color_all=&#8221;#E17E23&#8243; locked=&#8221;off&#8221; global_colors_info=&#8221;{}&#8221;][\/et_pb_image][et_pb_text _builder_version=&#8221;4.10.8&#8243; _module_preset=&#8221;default&#8221; text_font=&#8221;Prata||||||||&#8221; text_text_color=&#8221;#055169&#8243; text_font_size=&#8221;17px&#8221; text_orientation=&#8221;center&#8221; animation_style=&#8221;fade&#8221; global_colors_info=&#8221;{}&#8221;]<\/p>\n<p>Marta Aguilar Gil<\/p>\n<p>[\/et_pb_text][et_pb_button button_url=&#8221;https:\/\/grupo.us.es\/hislabinst\/marta-aguilar-gil\/&#8221; button_text=&#8221;Biography&#8221; button_alignment=&#8221;center&#8221; _builder_version=&#8221;4.10.8&#8243; _module_preset=&#8221;default&#8221; custom_button=&#8221;on&#8221; button_text_size=&#8221;10px&#8221; button_text_color=&#8221;#FFFFFF&#8221; button_bg_color=&#8221;#055169&#8243; button_icon_color=&#8221;#FFFFFF&#8221; custom_margin=&#8221;-25px||||false|false&#8221; animation_style=&#8221;fade&#8221; global_colors_info=&#8221;{}&#8221;][\/et_pb_button][\/et_pb_column][et_pb_column type=&#8221;1_4&#8243; _builder_version=&#8221;4.10.8&#8243; _module_preset=&#8221;default&#8221; global_colors_info=&#8221;{}&#8221;][et_pb_image src=&#8221;https:\/\/grupo.us.es\/hislabinst\/wp-content\/uploads\/2022\/03\/Agustin_Galan_Garcia.png&#8221; title_text=&#8221;Agustin_Galan_Garcia&#8221; url=&#8221;https:\/\/grupo.us.es\/hislabinst\/agustin-galan-garcia\/&#8221; align=&#8221;center&#8221; _builder_version=&#8221;4.10.8&#8243; _module_preset=&#8221;default&#8221; module_alignment=&#8221;center&#8221; height=&#8221;200px&#8221; animation_style=&#8221;fade&#8221; border_radii=&#8221;on|1000px|1000px|1000px|1000px&#8221; border_width_all=&#8221;8px&#8221; border_color_all=&#8221;#E17E23&#8243; global_colors_info=&#8221;{}&#8221;][\/et_pb_image][et_pb_text _builder_version=&#8221;4.10.8&#8243; _module_preset=&#8221;default&#8221; text_font=&#8221;Prata||||||||&#8221; text_text_color=&#8221;#055169&#8243; text_font_size=&#8221;17px&#8221; text_orientation=&#8221;center&#8221; animation_style=&#8221;fade&#8221; global_colors_info=&#8221;{}&#8221;]<\/p>\n<p>Agust\u00edn Gal\u00e1n Garc\u00eda<\/p>\n<p>[\/et_pb_text][et_pb_button button_url=&#8221;https:\/\/grupo.us.es\/hislabinst\/agustin-galan-garcia\/&#8221; button_text=&#8221;Biography&#8221; button_alignment=&#8221;center&#8221; _builder_version=&#8221;4.10.8&#8243; _module_preset=&#8221;default&#8221; custom_button=&#8221;on&#8221; button_text_size=&#8221;10px&#8221; button_text_color=&#8221;#FFFFFF&#8221; button_bg_color=&#8221;#055169&#8243; button_icon_color=&#8221;#FFFFFF&#8221; custom_margin=&#8221;-25px||||false|false&#8221; animation_style=&#8221;fade&#8221; global_colors_info=&#8221;{}&#8221;][\/et_pb_button][\/et_pb_column][et_pb_column type=&#8221;1_4&#8243; _builder_version=&#8221;4.10.8&#8243; _module_preset=&#8221;default&#8221; global_colors_info=&#8221;{}&#8221;][et_pb_image src=&#8221;https:\/\/grupo.us.es\/hislabinst\/wp-content\/uploads\/2022\/03\/Pablo_Gutierrez_Gonzalez.png&#8221; title_text=&#8221;Pablo_Gutierrez_Gonzalez&#8221; align=&#8221;center&#8221; _builder_version=&#8221;4.10.8&#8243; _module_preset=&#8221;default&#8221; module_alignment=&#8221;center&#8221; height=&#8221;200px&#8221; animation_style=&#8221;fade&#8221; border_radii=&#8221;on|1000px|1000px|1000px|1000px&#8221; border_width_all=&#8221;8px&#8221; border_color_all=&#8221;#E17E23&#8243; locked=&#8221;off&#8221; global_colors_info=&#8221;{}&#8221;][\/et_pb_image][et_pb_text _builder_version=&#8221;4.10.8&#8243; _module_preset=&#8221;default&#8221; text_font=&#8221;Prata||||||||&#8221; text_text_color=&#8221;#055169&#8243; text_font_size=&#8221;17px&#8221; text_orientation=&#8221;center&#8221; animation_style=&#8221;fade&#8221; global_colors_info=&#8221;{}&#8221;]<\/p>\n<p>Pablo Guti\u00e9rrez Gonz\u00e1lez<\/p>\n<p>[\/et_pb_text][et_pb_button button_text=&#8221;Biography&#8221; button_alignment=&#8221;center&#8221; _builder_version=&#8221;4.10.8&#8243; _module_preset=&#8221;default&#8221; custom_button=&#8221;on&#8221; button_text_size=&#8221;10px&#8221; button_text_color=&#8221;#FFFFFF&#8221; button_bg_color=&#8221;#055169&#8243; button_icon_color=&#8221;#FFFFFF&#8221; custom_margin=&#8221;-25px||||false|false&#8221; animation_style=&#8221;fade&#8221; global_colors_info=&#8221;{}&#8221;][\/et_pb_button][\/et_pb_column][\/et_pb_row][\/et_pb_section]<\/p>\n","protected":false},"excerpt":{"rendered":"<p>Inicio\u00a0 Equipo Equipo de Investigaci\u00f3nEquipo de Investigaci\u00f3nMarcial S\u00e1nchez MosqueraMarta Aguilar GilAgust\u00edn Gal\u00e1n Garc\u00edaPablo Guti\u00e9rrez Gonz\u00e1lez<\/p>\n","protected":false},"author":1,"featured_media":0,"parent":0,"menu_order":0,"comment_status":"closed","ping_status":"closed","template":"","meta":{"_et_pb_use_builder":"on","_et_pb_old_content":"","_et_gb_content_width":"","footnotes":""},"class_list":["post-394","page","type-page","status-publish","hentry"],"yoast_head":"<!-- This site is optimized with the Yoast SEO plugin v19.2 - https:\/\/yoast.com\/wordpress\/plugins\/seo\/ -->\n<title>Equipo de Investigaci\u00f3n - History and Economic Institutions<\/title>\n<meta name=\"robots\" content=\"index, follow, max-snippet:-1, max-image-preview:large, max-video-preview:-1\" \/>\n<link rel=\"canonical\" href=\"https:\/\/grupo.us.es\/hislabinst\/equipo-de-investigacion\/\" \/>\n<meta property=\"og:locale\" content=\"en_GB\" \/>\n<meta property=\"og:type\" content=\"article\" \/>\n<meta property=\"og:title\" content=\"Equipo de Investigaci\u00f3n - History and Economic Institutions\" \/>\n<meta property=\"og:description\" content=\"Inicio\u00a0 Equipo Equipo de Investigaci\u00f3nEquipo de Investigaci\u00f3nMarcial S\u00e1nchez MosqueraMarta Aguilar GilAgust\u00edn Gal\u00e1n Garc\u00edaPablo Guti\u00e9rrez Gonz\u00e1lez\" \/>\n<meta property=\"og:url\" content=\"https:\/\/grupo.us.es\/hislabinst\/equipo-de-investigacion\/\" \/>\n<meta property=\"og:site_name\" content=\"History and Economic Institutions\" \/>\n<meta property=\"article:modified_time\" content=\"2022-04-04T21:12:32+00:00\" \/>\n<meta name=\"author\" content=\"eheconomica\" \/>\n<meta name=\"twitter:card\" content=\"summary_large_image\" \/>\n<meta name=\"twitter:label1\" content=\"Estimated reading time\" \/>\n\t<meta name=\"twitter:data1\" content=\"4 minutes\" \/>\n<script type=\"application\/ld+json\" class=\"yoast-schema-graph\">{\"@context\":\"https:\/\/schema.org\",\"@graph\":[{\"@type\":\"WebSite\",\"@id\":\"https:\/\/grupo.us.es\/hislabinst\/#website\",\"url\":\"https:\/\/grupo.us.es\/hislabinst\/\",\"name\":\"History and Economic Institutions\",\"description\":\"\",\"potentialAction\":[{\"@type\":\"SearchAction\",\"target\":{\"@type\":\"EntryPoint\",\"urlTemplate\":\"https:\/\/grupo.us.es\/hislabinst\/?s={search_term_string}\"},\"query-input\":\"required name=search_term_string\"}],\"inLanguage\":\"en-GB\"},{\"@type\":\"WebPage\",\"@id\":\"https:\/\/grupo.us.es\/hislabinst\/equipo-de-investigacion\/#webpage\",\"url\":\"https:\/\/grupo.us.es\/hislabinst\/equipo-de-investigacion\/\",\"name\":\"Equipo de Investigaci\u00f3n - History and Economic Institutions\",\"isPartOf\":{\"@id\":\"https:\/\/grupo.us.es\/hislabinst\/#website\"},\"datePublished\":\"2021-11-07T21:45:22+00:00\",\"dateModified\":\"2022-04-04T21:12:32+00:00\",\"breadcrumb\":{\"@id\":\"https:\/\/grupo.us.es\/hislabinst\/equipo-de-investigacion\/#breadcrumb\"},\"inLanguage\":\"en-GB\",\"potentialAction\":[{\"@type\":\"ReadAction\",\"target\":[\"https:\/\/grupo.us.es\/hislabinst\/equipo-de-investigacion\/\"]}]},{\"@type\":\"BreadcrumbList\",\"@id\":\"https:\/\/grupo.us.es\/hislabinst\/equipo-de-investigacion\/#breadcrumb\",\"itemListElement\":[{\"@type\":\"ListItem\",\"position\":1,\"name\":\"Portada\",\"item\":\"https:\/\/grupo.us.es\/hislabinst\/\"},{\"@type\":\"ListItem\",\"position\":2,\"name\":\"Equipo de Investigaci\u00f3n\"}]}]}<\/script>\n<!-- \/ Yoast SEO plugin. -->","yoast_head_json":{"title":"Equipo de Investigaci\u00f3n - History and Economic Institutions","robots":{"index":"index","follow":"follow","max-snippet":"max-snippet:-1","max-image-preview":"max-image-preview:large","max-video-preview":"max-video-preview:-1"},"canonical":"https:\/\/grupo.us.es\/hislabinst\/equipo-de-investigacion\/","og_locale":"en_GB","og_type":"article","og_title":"Equipo de Investigaci\u00f3n - History and Economic Institutions","og_description":"Inicio\u00a0 Equipo Equipo de Investigaci\u00f3nEquipo de Investigaci\u00f3nMarcial S\u00e1nchez MosqueraMarta Aguilar GilAgust\u00edn Gal\u00e1n Garc\u00edaPablo Guti\u00e9rrez Gonz\u00e1lez","og_url":"https:\/\/grupo.us.es\/hislabinst\/equipo-de-investigacion\/","og_site_name":"History and Economic Institutions","article_modified_time":"2022-04-04T21:12:32+00:00","author":"eheconomica","twitter_card":"summary_large_image","twitter_misc":{"Estimated reading time":"4 minutes"},"schema":{"@context":"https:\/\/schema.org","@graph":[{"@type":"WebSite","@id":"https:\/\/grupo.us.es\/hislabinst\/#website","url":"https:\/\/grupo.us.es\/hislabinst\/","name":"History and Economic Institutions","description":"","potentialAction":[{"@type":"SearchAction","target":{"@type":"EntryPoint","urlTemplate":"https:\/\/grupo.us.es\/hislabinst\/?s={search_term_string}"},"query-input":"required name=search_term_string"}],"inLanguage":"en-GB"},{"@type":"WebPage","@id":"https:\/\/grupo.us.es\/hislabinst\/equipo-de-investigacion\/#webpage","url":"https:\/\/grupo.us.es\/hislabinst\/equipo-de-investigacion\/","name":"Equipo de Investigaci\u00f3n - History and Economic Institutions","isPartOf":{"@id":"https:\/\/grupo.us.es\/hislabinst\/#website"},"datePublished":"2021-11-07T21:45:22+00:00","dateModified":"2022-04-04T21:12:32+00:00","breadcrumb":{"@id":"https:\/\/grupo.us.es\/hislabinst\/equipo-de-investigacion\/#breadcrumb"},"inLanguage":"en-GB","potentialAction":[{"@type":"ReadAction","target":["https:\/\/grupo.us.es\/hislabinst\/equipo-de-investigacion\/"]}]},{"@type":"BreadcrumbList","@id":"https:\/\/grupo.us.es\/hislabinst\/equipo-de-investigacion\/#breadcrumb","itemListElement":[{"@type":"ListItem","position":1,"name":"Portada","item":"https:\/\/grupo.us.es\/hislabinst\/"},{"@type":"ListItem","position":2,"name":"Equipo de Investigaci\u00f3n"}]}]}},"_links":{"self":[{"href":"https:\/\/grupo.us.es\/hislabinst\/wp-json\/wp\/v2\/pages\/394","targetHints":{"allow":["GET"]}}],"collection":[{"href":"https:\/\/grupo.us.es\/hislabinst\/wp-json\/wp\/v2\/pages"}],"about":[{"href":"https:\/\/grupo.us.es\/hislabinst\/wp-json\/wp\/v2\/types\/page"}],"author":[{"embeddable":true,"href":"https:\/\/grupo.us.es\/hislabinst\/wp-json\/wp\/v2\/users\/1"}],"replies":[{"embeddable":true,"href":"https:\/\/grupo.us.es\/hislabinst\/wp-json\/wp\/v2\/comments?post=394"}],"version-history":[{"count":12,"href":"https:\/\/grupo.us.es\/hislabinst\/wp-json\/wp\/v2\/pages\/394\/revisions"}],"predecessor-version":[{"id":1064,"href":"https:\/\/grupo.us.es\/hislabinst\/wp-json\/wp\/v2\/pages\/394\/revisions\/1064"}],"wp:attachment":[{"href":"https:\/\/grupo.us.es\/hislabinst\/wp-json\/wp\/v2\/media?parent=394"}],"curies":[{"name":"wp","href":"https:\/\/api.w.org\/{rel}","templated":true}]}}