{"id":1122,"date":"2022-06-06T17:47:06","date_gmt":"2022-06-06T17:47:06","guid":{"rendered":"https:\/\/grupo.us.es\/hislabinst\/?page_id=1122"},"modified":"2025-04-11T20:52:35","modified_gmt":"2025-04-11T20:52:35","slug":"otras-publicaciones-y-divulgacion","status":"publish","type":"page","link":"https:\/\/grupo.us.es\/hislabinst\/otras-publicaciones-y-divulgacion\/","title":{"rendered":"Otras Publicaciones y Divulgaci\u00f3n"},"content":{"rendered":"<p>[et_pb_section fb_built=&#8221;1&#8243; _builder_version=&#8221;4.10.8&#8243; _module_preset=&#8221;default&#8221; background_image=&#8221;https:\/\/grupo.us.es\/hislabinst\/wp-content\/uploads\/2022\/02\/COL-004-001_1920x200.png&#8221; height=&#8221;200px&#8221; height_tablet=&#8221;200px&#8221; height_phone=&#8221;200px&#8221; height_last_edited=&#8221;on|phone&#8221; global_colors_info=&#8221;{}&#8221;][\/et_pb_section][et_pb_section fb_built=&#8221;1&#8243; _builder_version=&#8221;4.10.8&#8243; _module_preset=&#8221;default&#8221; global_colors_info=&#8221;{}&#8221;][et_pb_row _builder_version=&#8221;4.10.8&#8243; _module_preset=&#8221;default&#8221; global_colors_info=&#8221;{}&#8221;][et_pb_column type=&#8221;4_4&#8243; _builder_version=&#8221;4.10.8&#8243; _module_preset=&#8221;default&#8221; global_colors_info=&#8221;{}&#8221;][et_pb_text _builder_version=&#8221;4.10.8&#8243; _module_preset=&#8221;default&#8221; text_font=&#8221;|600|||||||&#8221; text_text_color=&#8221;#055169&#8243; text_font_size=&#8221;13px&#8221; link_text_color=&#8221;#055169&#8243; global_colors_info=&#8221;{}&#8221;]<\/p>\n<p><a href=\"https:\/\/grupo.us.es\/hislabinst\/\">Inicio<\/a>\u00a0<svg xmlns=\"http:\/\/www.w3.org\/2000\/svg\" viewbox=\"-11 -2 30 17\" width=\"15\" fill=\"currentColor\"><path d=\"M5.314 7.071l-4.95-4.95A1 1 0 0 1 1.778.707l5.657 5.657a1 1 0 0 1 0 1.414l-5.657 5.657a1 1 0 0 1-1.414-1.414l4.95-4.95z\"><\/path><\/svg> Otras Publicaciones y Divulgaci\u00f3n<\/p>\n<p>[\/et_pb_text][\/et_pb_column][\/et_pb_row][et_pb_row _builder_version=&#8221;4.10.8&#8243; _module_preset=&#8221;default&#8221; global_colors_info=&#8221;{}&#8221;][et_pb_column type=&#8221;4_4&#8243; _builder_version=&#8221;4.10.8&#8243; _module_preset=&#8221;default&#8221; global_colors_info=&#8221;{}&#8221;][et_pb_text _builder_version=&#8221;4.10.8&#8243; _module_preset=&#8221;default&#8221; text_font=&#8221;Prata||||||||&#8221; text_font_size=&#8221;30px&#8221; text_line_height=&#8221;1.5em&#8221; global_colors_info=&#8221;{}&#8221;]<\/p>\n<p>Otras Publicaciones y Divulgaci\u00f3n<\/p>\n<p>[\/et_pb_text][\/et_pb_column][\/et_pb_row][et_pb_row _builder_version=&#8221;4.10.8&#8243; _module_preset=&#8221;default&#8221; global_colors_info=&#8221;{}&#8221;][et_pb_column type=&#8221;4_4&#8243; _builder_version=&#8221;4.10.8&#8243; _module_preset=&#8221;default&#8221; global_colors_info=&#8221;{}&#8221;][et_pb_text _builder_version=&#8221;4.10.8&#8243; _module_preset=&#8221;default&#8221; text_font_size=&#8221;14px&#8221; text_orientation=&#8221;justified&#8221; custom_margin=&#8221;10px||||false|true&#8221; custom_margin_tablet=&#8221;||||false|true&#8221; custom_margin_phone=&#8221;||||false|true&#8221; custom_margin_last_edited=&#8221;on|phone&#8221; custom_padding=&#8221;|30px||30px|false|false&#8221; animation_style=&#8221;fade&#8221; locked=&#8221;off&#8221; global_colors_info=&#8221;{}&#8221;]<\/p>\n<ul>\n<li align=\"justify\">Ana Fern\u00e1ndez Asperilla en el programa de Radio Nacional de Espa\u00f1a &#8220;Espa\u00f1oles en el Exterior&#8221;. El reportaje se centr\u00f3 en la actividad documental y de estudio realizada por el Centro de Documentaci\u00f3n de las Migraciones de la Fundaci\u00f3n 1\u00ba de Mayo, con motivo del 25 aniversario de su creaci\u00f3n. La emisi\u00f3n del programa fue el 10 de junio de 2020.<\/li>\n<\/ul>\n<p>[\/et_pb_text][et_pb_button button_url=&#8221;https:\/\/www.rtve.es\/m\/alacarta\/audios\/espanoles-en-el-exterior\/espanoles-exterior-centro-documentacion-migraciones-ccoo-10-07-20\/5621659\/?media=rne&#8221; url_new_window=&#8221;on&#8221; button_text=&#8221;Leer M\u00e1s&#8221; button_alignment=&#8221;left&#8221; _builder_version=&#8221;4.10.8&#8243; _module_preset=&#8221;default&#8221; custom_button=&#8221;on&#8221; button_text_size=&#8221;13px&#8221; button_text_color=&#8221;#DADADA&#8221; button_bg_color=&#8221;#055169&#8243; button_border_radius=&#8221;10px&#8221; custom_margin=&#8221;-15px|40px||40px|false|true&#8221; custom_margin_tablet=&#8221;||||false|false&#8221; custom_margin_phone=&#8221;-15px|40px||40px|false|true&#8221; custom_margin_last_edited=&#8221;on|phone&#8221; animation_style=&#8221;fade&#8221; locked=&#8221;off&#8221; global_colors_info=&#8221;{}&#8221;][\/et_pb_button][et_pb_text _builder_version=&#8221;4.10.8&#8243; _module_preset=&#8221;default&#8221; text_font_size=&#8221;14px&#8221; text_orientation=&#8221;justified&#8221; custom_margin=&#8221;50px||||false|true&#8221; custom_margin_tablet=&#8221;||||false|true&#8221; custom_margin_phone=&#8221;||||false|true&#8221; custom_margin_last_edited=&#8221;on|phone&#8221; custom_padding=&#8221;|30px||30px|false|false&#8221; animation_style=&#8221;fade&#8221; locked=&#8221;off&#8221; global_colors_info=&#8221;{}&#8221;]<\/p>\n<ul>\n<li align=\"justify\">\n<p align=\"justify\">T\u00e9bar Hurtado, J. (2020). El &#8220;largo adi\u00f3s&#8221; de la desindustrializaci\u00f3n.<\/p>\n<\/li>\n<\/ul>\n<p>[\/et_pb_text][et_pb_button button_url=&#8221;https:\/\/www.nuevatribuna.es\/articulo\/global\/pospandemia-largo-adios-desindustrializacion-tranajo-politica-industrial\/20200607191334175845.html&#8221; url_new_window=&#8221;on&#8221; button_text=&#8221;Leer M\u00e1s&#8221; button_alignment=&#8221;left&#8221; _builder_version=&#8221;4.10.8&#8243; _module_preset=&#8221;default&#8221; custom_button=&#8221;on&#8221; button_text_size=&#8221;13px&#8221; button_text_color=&#8221;#DADADA&#8221; button_bg_color=&#8221;#055169&#8243; button_border_radius=&#8221;10px&#8221; custom_margin=&#8221;-15px|40px||40px|false|true&#8221; custom_margin_tablet=&#8221;||||false|false&#8221; custom_margin_phone=&#8221;-15px|40px||40px|false|true&#8221; custom_margin_last_edited=&#8221;on|phone&#8221; animation_style=&#8221;fade&#8221; locked=&#8221;off&#8221; global_colors_info=&#8221;{}&#8221;][\/et_pb_button][et_pb_text _builder_version=&#8221;4.10.8&#8243; _module_preset=&#8221;default&#8221; text_font_size=&#8221;14px&#8221; text_orientation=&#8221;justified&#8221; custom_margin=&#8221;50px||||false|true&#8221; custom_margin_tablet=&#8221;||||false|true&#8221; custom_margin_phone=&#8221;||||false|true&#8221; custom_margin_last_edited=&#8221;on|phone&#8221; custom_padding=&#8221;|30px||30px|false|false&#8221; animation_style=&#8221;fade&#8221; locked=&#8221;off&#8221; global_colors_info=&#8221;{}&#8221;]<\/p>\n<ul>\n<li align=\"justify\">\n<p align=\"justify\">T\u00e9bar Hurtado, J (2020) Entrevista en:<\/p>\n<\/li>\n<\/ul>\n<p>[\/et_pb_text][et_pb_button button_url=&#8221;https:\/\/www.eltemps.cat\/article\/10496\/entrevista-javier-tebar&#8221; url_new_window=&#8221;on&#8221; button_text=&#8221;Entrevista&#8221; button_alignment=&#8221;left&#8221; _builder_version=&#8221;4.10.8&#8243; _module_preset=&#8221;default&#8221; custom_button=&#8221;on&#8221; button_text_size=&#8221;13px&#8221; button_text_color=&#8221;#DADADA&#8221; button_bg_color=&#8221;#055169&#8243; button_border_radius=&#8221;10px&#8221; custom_margin=&#8221;-15px|40px||40px|false|true&#8221; custom_margin_tablet=&#8221;||||false|false&#8221; custom_margin_phone=&#8221;-15px|40px||40px|false|true&#8221; custom_margin_last_edited=&#8221;on|phone&#8221; animation_style=&#8221;fade&#8221; locked=&#8221;off&#8221; global_colors_info=&#8221;{}&#8221;][\/et_pb_button][et_pb_text _builder_version=&#8221;4.10.8&#8243; _module_preset=&#8221;default&#8221; text_font_size=&#8221;14px&#8221; text_orientation=&#8221;justified&#8221; custom_margin=&#8221;50px||||false|true&#8221; custom_margin_tablet=&#8221;||||false|true&#8221; custom_margin_phone=&#8221;||||false|true&#8221; custom_margin_last_edited=&#8221;on|phone&#8221; custom_padding=&#8221;|30px||30px|false|false&#8221; animation_style=&#8221;fade&#8221; locked=&#8221;off&#8221; global_colors_info=&#8221;{}&#8221;]<\/p>\n<ul>\n<li align=\"justify\">\n<p align=\"justify\">Marcial S\u00e1nchez Mosquera, reflexi\u00f3n en prensa sobre el cambio tecnol\u00f3gico y la digitalizaci\u00f3n en la provincia de Sevilla.<\/p>\n<\/li>\n<\/ul>\n<p>[\/et_pb_text][et_pb_button button_url=&#8221;https:\/\/www.infolibre.es\/opinion\/plaza-publica\/encrucijada-cambio-tecnologico-digitalizacion-sur-sur_1_1194684.html&#8221; url_new_window=&#8221;on&#8221; button_text=&#8221;Leer M\u00e1s&#8221; button_alignment=&#8221;left&#8221; _builder_version=&#8221;4.10.8&#8243; _module_preset=&#8221;default&#8221; custom_button=&#8221;on&#8221; button_text_size=&#8221;13px&#8221; button_text_color=&#8221;#DADADA&#8221; button_bg_color=&#8221;#055169&#8243; button_border_radius=&#8221;10px&#8221; custom_margin=&#8221;-15px|40px||40px|false|true&#8221; custom_margin_tablet=&#8221;||||false|false&#8221; custom_margin_phone=&#8221;-15px|40px||40px|false|true&#8221; custom_margin_last_edited=&#8221;on|phone&#8221; animation_style=&#8221;fade&#8221; locked=&#8221;off&#8221; global_colors_info=&#8221;{}&#8221;][\/et_pb_button][et_pb_text _builder_version=&#8221;4.10.8&#8243; _module_preset=&#8221;default&#8221; text_font_size=&#8221;14px&#8221; text_orientation=&#8221;justified&#8221; custom_margin=&#8221;50px||||false|true&#8221; custom_margin_tablet=&#8221;||||false|true&#8221; custom_margin_phone=&#8221;||||false|true&#8221; custom_margin_last_edited=&#8221;on|phone&#8221; custom_padding=&#8221;|30px||30px|false|false&#8221; animation_style=&#8221;fade&#8221; locked=&#8221;off&#8221; global_colors_info=&#8221;{}&#8221;]<\/p>\n<ul>\n<li align=\"justify\">\n<p align=\"justify\">Noticia en Infolibre firmada por el periodista \u00c1ngel Mun\u00e1rriz a prop\u00f3sito de la publicaci\u00f3n del art\u00edculo cient\u00edfico de Marcial S\u00e1nchez-Mosquera Somewhat more than path dependence: The Spanish employers\u2019 peak organisation and social dialogue in light of the crisis of the industrial relations system, Economic and Industrial Democracy.<\/p>\n<\/li>\n<\/ul>\n<p>[\/et_pb_text][et_pb_button button_url=&#8221;https:\/\/www.infolibre.es\/politica\/examen-interno-ceoe-desvela-sesgo-patronal-favor-gran-empresa-sector-industrial-cataluna_1_1207250.html&#8221; url_new_window=&#8221;on&#8221; button_text=&#8221;Leer M\u00e1s&#8221; button_alignment=&#8221;left&#8221; _builder_version=&#8221;4.10.8&#8243; _module_preset=&#8221;default&#8221; custom_button=&#8221;on&#8221; button_text_size=&#8221;13px&#8221; button_text_color=&#8221;#DADADA&#8221; button_bg_color=&#8221;#055169&#8243; button_border_radius=&#8221;10px&#8221; custom_margin=&#8221;-15px|40px||40px|false|true&#8221; custom_margin_tablet=&#8221;||||false|false&#8221; custom_margin_phone=&#8221;-15px|40px||40px|false|true&#8221; custom_margin_last_edited=&#8221;on|phone&#8221; animation_style=&#8221;fade&#8221; locked=&#8221;off&#8221; global_colors_info=&#8221;{}&#8221;][\/et_pb_button][et_pb_text _builder_version=&#8221;4.10.8&#8243; _module_preset=&#8221;default&#8221; text_font_size=&#8221;14px&#8221; text_orientation=&#8221;justified&#8221; custom_margin=&#8221;50px||||false|true&#8221; custom_margin_tablet=&#8221;||||false|true&#8221; custom_margin_phone=&#8221;||||false|true&#8221; custom_margin_last_edited=&#8221;on|phone&#8221; custom_padding=&#8221;|30px||30px|false|false&#8221; animation_style=&#8221;fade&#8221; locked=&#8221;off&#8221; global_colors_info=&#8221;{}&#8221;]<\/p>\n<ul>\n<li align=\"justify\">\n<p align=\"justify\">Reflexi\u00f3n empresa generalista de Marcial S\u00e1nchez-Mosquera acerca de la representatividad de CEOE y su intervenci\u00f3n en la regulaci\u00f3n del mercado de trabajo, particularmente en la fijaci\u00f3n del salario m\u00ednimo interprofesional.<\/p>\n<\/li>\n<\/ul>\n<p>[\/et_pb_text][et_pb_button button_url=&#8221;https:\/\/www.infolibre.es\/opinion\/plaza-publica\/representatividad-empresarial-salario-minimo-ceoe-contradicciones_1_1209369.html&#8221; url_new_window=&#8221;on&#8221; button_text=&#8221;Leer M\u00e1s&#8221; button_alignment=&#8221;left&#8221; _builder_version=&#8221;4.10.8&#8243; _module_preset=&#8221;default&#8221; custom_button=&#8221;on&#8221; button_text_size=&#8221;13px&#8221; button_text_color=&#8221;#DADADA&#8221; button_bg_color=&#8221;#055169&#8243; button_border_radius=&#8221;10px&#8221; custom_margin=&#8221;-15px|40px||40px|false|true&#8221; custom_margin_tablet=&#8221;||||false|false&#8221; custom_margin_phone=&#8221;-15px|40px||40px|false|true&#8221; custom_margin_last_edited=&#8221;on|phone&#8221; animation_style=&#8221;fade&#8221; locked=&#8221;off&#8221; global_colors_info=&#8221;{}&#8221;][\/et_pb_button][\/et_pb_column][\/et_pb_row][\/et_pb_section]<\/p>\n","protected":false},"excerpt":{"rendered":"<p>Inicio\u00a0 Otras Publicaciones y Divulgaci\u00f3nOtras Publicaciones y Divulgaci\u00f3n Ana Fern\u00e1ndez Asperilla en el programa de Radio Nacional de Espa\u00f1a &#8220;Espa\u00f1oles en el Exterior&#8221;. El reportaje se centr\u00f3 en la actividad documental y de estudio realizada por el Centro de Documentaci\u00f3n de las Migraciones de la Fundaci\u00f3n 1\u00ba de Mayo, con motivo del 25 aniversario de [&hellip;]<\/p>\n","protected":false},"author":1,"featured_media":0,"parent":0,"menu_order":0,"comment_status":"closed","ping_status":"closed","template":"","meta":{"_et_pb_use_builder":"on","_et_pb_old_content":"","_et_gb_content_width":"","footnotes":""},"class_list":["post-1122","page","type-page","status-publish","hentry"],"yoast_head":"<!-- This site is optimized with the Yoast SEO plugin v19.2 - https:\/\/yoast.com\/wordpress\/plugins\/seo\/ -->\n<title>Otras Publicaciones y Divulgaci\u00f3n - History and Economic Institutions<\/title>\n<meta name=\"robots\" content=\"index, follow, max-snippet:-1, max-image-preview:large, max-video-preview:-1\" \/>\n<link rel=\"canonical\" href=\"https:\/\/grupo.us.es\/hislabinst\/otras-publicaciones-y-divulgacion\/\" \/>\n<meta property=\"og:locale\" content=\"en_GB\" \/>\n<meta property=\"og:type\" content=\"article\" \/>\n<meta property=\"og:title\" content=\"Otras Publicaciones y Divulgaci\u00f3n - History and Economic Institutions\" \/>\n<meta property=\"og:description\" content=\"Inicio\u00a0 Otras Publicaciones y Divulgaci\u00f3nOtras Publicaciones y Divulgaci\u00f3n Ana Fern\u00e1ndez Asperilla en el programa de Radio Nacional de Espa\u00f1a &quot;Espa\u00f1oles en el Exterior&quot;. El reportaje se centr\u00f3 en la actividad documental y de estudio realizada por el Centro de Documentaci\u00f3n de las Migraciones de la Fundaci\u00f3n 1\u00ba de Mayo, con motivo del 25 aniversario de [&hellip;]\" \/>\n<meta property=\"og:url\" content=\"https:\/\/grupo.us.es\/hislabinst\/otras-publicaciones-y-divulgacion\/\" \/>\n<meta property=\"og:site_name\" content=\"History and Economic Institutions\" \/>\n<meta property=\"article:modified_time\" content=\"2025-04-11T20:52:35+00:00\" \/>\n<meta name=\"author\" content=\"eheconomica\" \/>\n<meta name=\"twitter:card\" content=\"summary_large_image\" \/>\n<meta name=\"twitter:label1\" content=\"Estimated reading time\" \/>\n\t<meta name=\"twitter:data1\" content=\"6 minutes\" \/>\n<script type=\"application\/ld+json\" class=\"yoast-schema-graph\">{\"@context\":\"https:\/\/schema.org\",\"@graph\":[{\"@type\":\"WebSite\",\"@id\":\"https:\/\/grupo.us.es\/hislabinst\/#website\",\"url\":\"https:\/\/grupo.us.es\/hislabinst\/\",\"name\":\"History and Economic Institutions\",\"description\":\"\",\"potentialAction\":[{\"@type\":\"SearchAction\",\"target\":{\"@type\":\"EntryPoint\",\"urlTemplate\":\"https:\/\/grupo.us.es\/hislabinst\/?s={search_term_string}\"},\"query-input\":\"required name=search_term_string\"}],\"inLanguage\":\"en-GB\"},{\"@type\":\"WebPage\",\"@id\":\"https:\/\/grupo.us.es\/hislabinst\/otras-publicaciones-y-divulgacion\/#webpage\",\"url\":\"https:\/\/grupo.us.es\/hislabinst\/otras-publicaciones-y-divulgacion\/\",\"name\":\"Otras Publicaciones y Divulgaci\u00f3n - History and Economic Institutions\",\"isPartOf\":{\"@id\":\"https:\/\/grupo.us.es\/hislabinst\/#website\"},\"datePublished\":\"2022-06-06T17:47:06+00:00\",\"dateModified\":\"2025-04-11T20:52:35+00:00\",\"breadcrumb\":{\"@id\":\"https:\/\/grupo.us.es\/hislabinst\/otras-publicaciones-y-divulgacion\/#breadcrumb\"},\"inLanguage\":\"en-GB\",\"potentialAction\":[{\"@type\":\"ReadAction\",\"target\":[\"https:\/\/grupo.us.es\/hislabinst\/otras-publicaciones-y-divulgacion\/\"]}]},{\"@type\":\"BreadcrumbList\",\"@id\":\"https:\/\/grupo.us.es\/hislabinst\/otras-publicaciones-y-divulgacion\/#breadcrumb\",\"itemListElement\":[{\"@type\":\"ListItem\",\"position\":1,\"name\":\"Portada\",\"item\":\"https:\/\/grupo.us.es\/hislabinst\/\"},{\"@type\":\"ListItem\",\"position\":2,\"name\":\"Otras Publicaciones y Divulgaci\u00f3n\"}]}]}<\/script>\n<!-- \/ Yoast SEO plugin. -->","yoast_head_json":{"title":"Otras Publicaciones y Divulgaci\u00f3n - History and Economic Institutions","robots":{"index":"index","follow":"follow","max-snippet":"max-snippet:-1","max-image-preview":"max-image-preview:large","max-video-preview":"max-video-preview:-1"},"canonical":"https:\/\/grupo.us.es\/hislabinst\/otras-publicaciones-y-divulgacion\/","og_locale":"en_GB","og_type":"article","og_title":"Otras Publicaciones y Divulgaci\u00f3n - History and Economic Institutions","og_description":"Inicio\u00a0 Otras Publicaciones y Divulgaci\u00f3nOtras Publicaciones y Divulgaci\u00f3n Ana Fern\u00e1ndez Asperilla en el programa de Radio Nacional de Espa\u00f1a \"Espa\u00f1oles en el Exterior\". El reportaje se centr\u00f3 en la actividad documental y de estudio realizada por el Centro de Documentaci\u00f3n de las Migraciones de la Fundaci\u00f3n 1\u00ba de Mayo, con motivo del 25 aniversario de [&hellip;]","og_url":"https:\/\/grupo.us.es\/hislabinst\/otras-publicaciones-y-divulgacion\/","og_site_name":"History and Economic Institutions","article_modified_time":"2025-04-11T20:52:35+00:00","author":"eheconomica","twitter_card":"summary_large_image","twitter_misc":{"Estimated reading time":"6 minutes"},"schema":{"@context":"https:\/\/schema.org","@graph":[{"@type":"WebSite","@id":"https:\/\/grupo.us.es\/hislabinst\/#website","url":"https:\/\/grupo.us.es\/hislabinst\/","name":"History and Economic Institutions","description":"","potentialAction":[{"@type":"SearchAction","target":{"@type":"EntryPoint","urlTemplate":"https:\/\/grupo.us.es\/hislabinst\/?s={search_term_string}"},"query-input":"required name=search_term_string"}],"inLanguage":"en-GB"},{"@type":"WebPage","@id":"https:\/\/grupo.us.es\/hislabinst\/otras-publicaciones-y-divulgacion\/#webpage","url":"https:\/\/grupo.us.es\/hislabinst\/otras-publicaciones-y-divulgacion\/","name":"Otras Publicaciones y Divulgaci\u00f3n - History and Economic Institutions","isPartOf":{"@id":"https:\/\/grupo.us.es\/hislabinst\/#website"},"datePublished":"2022-06-06T17:47:06+00:00","dateModified":"2025-04-11T20:52:35+00:00","breadcrumb":{"@id":"https:\/\/grupo.us.es\/hislabinst\/otras-publicaciones-y-divulgacion\/#breadcrumb"},"inLanguage":"en-GB","potentialAction":[{"@type":"ReadAction","target":["https:\/\/grupo.us.es\/hislabinst\/otras-publicaciones-y-divulgacion\/"]}]},{"@type":"BreadcrumbList","@id":"https:\/\/grupo.us.es\/hislabinst\/otras-publicaciones-y-divulgacion\/#breadcrumb","itemListElement":[{"@type":"ListItem","position":1,"name":"Portada","item":"https:\/\/grupo.us.es\/hislabinst\/"},{"@type":"ListItem","position":2,"name":"Otras Publicaciones y Divulgaci\u00f3n"}]}]}},"_links":{"self":[{"href":"https:\/\/grupo.us.es\/hislabinst\/wp-json\/wp\/v2\/pages\/1122","targetHints":{"allow":["GET"]}}],"collection":[{"href":"https:\/\/grupo.us.es\/hislabinst\/wp-json\/wp\/v2\/pages"}],"about":[{"href":"https:\/\/grupo.us.es\/hislabinst\/wp-json\/wp\/v2\/types\/page"}],"author":[{"embeddable":true,"href":"https:\/\/grupo.us.es\/hislabinst\/wp-json\/wp\/v2\/users\/1"}],"replies":[{"embeddable":true,"href":"https:\/\/grupo.us.es\/hislabinst\/wp-json\/wp\/v2\/comments?post=1122"}],"version-history":[{"count":5,"href":"https:\/\/grupo.us.es\/hislabinst\/wp-json\/wp\/v2\/pages\/1122\/revisions"}],"predecessor-version":[{"id":1149,"href":"https:\/\/grupo.us.es\/hislabinst\/wp-json\/wp\/v2\/pages\/1122\/revisions\/1149"}],"wp:attachment":[{"href":"https:\/\/grupo.us.es\/hislabinst\/wp-json\/wp\/v2\/media?parent=1122"}],"curies":[{"name":"wp","href":"https:\/\/api.w.org\/{rel}","templated":true}]}}