{"id":2660,"date":"2020-06-07T01:41:47","date_gmt":"2020-06-06T23:41:47","guid":{"rendered":"http:\/\/grupo.us.es\/hicpan\/?page_id=2660"},"modified":"2021-05-20T11:59:41","modified_gmt":"2021-05-20T09:59:41","slug":"contacto","status":"publish","type":"page","link":"https:\/\/grupo.us.es\/hicpan\/contacto\/","title":{"rendered":"Contacto"},"content":{"rendered":"\n<p>Si desea m\u00e1s informaci\u00f3n sobre el Proyecto I+D+i &#8220;Historia Cr\u00edtica del Periodismo Andaluz&#8221; (HICPAN), sus objetivos, iniciativas y resultados, no dude en ponerse en contacto con el equipo de investigadores\/as.<\/p>\n\n\n\n<h2 id=\"formulario-de-contacto\">Formulario de contacto<\/h2>\n\n\n<script type=\"text\/javascript\">var gform;gform||(document.addEventListener(\"gform_main_scripts_loaded\",function(){gform.scriptsLoaded=!0}),window.addEventListener(\"DOMContentLoaded\",function(){gform.domLoaded=!0}),gform={domLoaded:!1,scriptsLoaded:!1,initializeOnLoaded:function(o){gform.domLoaded&&gform.scriptsLoaded?o():!gform.domLoaded&&gform.scriptsLoaded?window.addEventListener(\"DOMContentLoaded\",o):document.addEventListener(\"gform_main_scripts_loaded\",o)},hooks:{action:{},filter:{}},addAction:function(o,n,r,t){gform.addHook(\"action\",o,n,r,t)},addFilter:function(o,n,r,t){gform.addHook(\"filter\",o,n,r,t)},doAction:function(o){gform.doHook(\"action\",o,arguments)},applyFilters:function(o){return gform.doHook(\"filter\",o,arguments)},removeAction:function(o,n){gform.removeHook(\"action\",o,n)},removeFilter:function(o,n,r){gform.removeHook(\"filter\",o,n,r)},addHook:function(o,n,r,t,i){null==gform.hooks[o][n]&&(gform.hooks[o][n]=[]);var e=gform.hooks[o][n];null==i&&(i=n+\"_\"+e.length),gform.hooks[o][n].push({tag:i,callable:r,priority:t=null==t?10:t})},doHook:function(n,o,r){var t;if(r=Array.prototype.slice.call(r,1),null!=gform.hooks[n][o]&&((o=gform.hooks[n][o]).sort(function(o,n){return o.priority-n.priority}),o.forEach(function(o){\"function\"!=typeof(t=o.callable)&&(t=window[t]),\"action\"==n?t.apply(null,r):r[0]=t.apply(null,r)})),\"filter\"==n)return r[0]},removeHook:function(o,n,t,i){var r;null!=gform.hooks[o][n]&&(r=(r=gform.hooks[o][n]).filter(function(o,n,r){return!!(null!=i&&i!=o.tag||null!=t&&t!=o.priority)}),gform.hooks[o][n]=r)}});<\/script>\n                <div class='gf_browser_gecko gform_wrapper gform_legacy_markup_wrapper' id='gform_wrapper_1' ><div id='gf_1' class='gform_anchor' tabindex='-1'><\/div><form method='post' enctype='multipart\/form-data' target='gform_ajax_frame_1' id='gform_1'  action='\/hicpan\/wp-json\/wp\/v2\/pages\/2660#gf_1' >\n                        <div class='gform_body gform-body'><ul id='gform_fields_1' class='gform_fields top_label form_sublabel_below description_below'><li id=\"field_1_1\"  class=\"gfield gfield_contains_required field_sublabel_hidden_label field_description_below hidden_label gfield_visibility_visible\"  data-js-reload=\"field_1_1\"><label class='gfield_label screen-reader-text gfield_label_before_complex'  ><span class=\"gfield_required\"><span class=\"gfield_required gfield_required_asterisk\">*<\/span><\/span><\/label><div class='ginput_complex ginput_container no_prefix has_first_name no_middle_name has_last_name no_suffix gf_name_has_2 ginput_container_name' id='input_1_1'>\n                            \n                            <span id='input_1_1_3_container' class='name_first' >\n                                                    <input type='text' name='input_1.3' id='input_1_1_3' value=''   aria-required='true'   placeholder='Nombre'  \/>\n                                                    <label for='input_1_1_3' class='hidden_sub_label screen-reader-text'>Nombre<\/label>\n                                                <\/span>\n                            \n                            <span id='input_1_1_6_container' class='name_last' >\n                                                    <input type='text' name='input_1.6' id='input_1_1_6' value=''   aria-required='true'   placeholder='Apellidos'  \/>\n                                                    <label for='input_1_1_6' class='hidden_sub_label screen-reader-text'>Apellidos<\/label>\n                                                <\/span>\n                            \n                        <\/div><\/li><li id=\"field_1_2\"  class=\"gfield gfield_contains_required field_sublabel_below field_description_below hidden_label gfield_visibility_visible\"  data-js-reload=\"field_1_2\"><label class='gfield_label screen-reader-text' for='input_1_2' >Email<span class=\"gfield_required\"><span class=\"gfield_required gfield_required_asterisk\">*<\/span><\/span><\/label><div class='ginput_container ginput_container_email'>\n                            <input name='input_2' id='input_1_2' type='text' value='' class='medium'   placeholder='Email' aria-required=\"true\" aria-invalid=\"false\"  \/>\n                        <\/div><\/li><li id=\"field_1_9\"  class=\"gfield field_sublabel_below field_description_below hidden_label gfield_visibility_visible\"  data-js-reload=\"field_1_9\"><label class='gfield_label screen-reader-text' for='input_1_9' >Tel\u00e9fono<\/label><div class='ginput_container ginput_container_phone'><input name='input_9' id='input_1_9' type='text' value='' class='medium'  placeholder='Tel\u00e9fono'  aria-invalid=\"false\"   \/><\/div><\/li><li id=\"field_1_3\"  class=\"gfield gfield_contains_required field_sublabel_below field_description_below hidden_label gfield_visibility_visible\"  data-js-reload=\"field_1_3\"><label class='gfield_label screen-reader-text' for='input_1_3' >Mensaje<span class=\"gfield_required\"><span class=\"gfield_required gfield_required_asterisk\">*<\/span><\/span><\/label><div class='ginput_container ginput_container_textarea'><textarea name='input_3' id='input_1_3' class='textarea medium'    placeholder='Mensaje' aria-required=\"true\" aria-invalid=\"false\"   rows='10' cols='50'><\/textarea><\/div><\/li><li id=\"field_1_4\"  class=\"gfield gfield_contains_required field_sublabel_below field_description_below hidden_label gfield_visibility_visible\"  data-js-reload=\"field_1_4\"><label class='gfield_label screen-reader-text gfield_label_before_complex'  ><span class=\"gfield_required\"><span class=\"gfield_required gfield_required_asterisk\">*<\/span><\/span><\/label><div class='ginput_container ginput_container_checkbox'><ul class='gfield_checkbox' id='input_1_4'><li class='gchoice gchoice_1_4_1'>\n\t\t\t\t\t\t\t\t<input class='gfield-choice-input' name='input_4.1' type='checkbox'  value='He le\u00eddo y acepto la &lt;a href=&quot;https:\/\/grupo.us.es\/hicpan\/politica-de-privacidad\/&quot;&gt;Pol\u00edtica de Privacidad&lt;\/a&gt;'  id='choice_1_4_1'   \/>\n\t\t\t\t\t\t\t\t<label for='choice_1_4_1' id='label_1_4_1'>He le\u00eddo y acepto la <a href=\"https:\/\/grupo.us.es\/hicpan\/politica-de-privacidad\/\">Pol\u00edtica de Privacidad<\/a><\/label>\n\t\t\t\t\t\t\t<\/li><\/ul><\/div><\/li><li id=\"field_1_10\"  class=\"gfield field_sublabel_below field_description_below gfield_visibility_visible\"  data-js-reload=\"field_1_10\"><label class='gfield_label screen-reader-text' for='input_1_10' ><\/label><div id='input_1_10' class='ginput_container ginput_recaptcha' data-sitekey='6LfjfvEUAAAAADioi9X3Xoxy21UlLhgxNAWRJ4Ao'  data-theme='light' data-tabindex='0'  data-badge=''><\/div><\/li><\/ul><\/div>\n        <div class='gform_footer top_label'> <input type='submit' id='gform_submit_button_1' class='gform_button button' value='Enviar'  onclick='if(window[\"gf_submitting_1\"]){return false;}  window[\"gf_submitting_1\"]=true;  ' onkeypress='if( event.keyCode == 13 ){ if(window[\"gf_submitting_1\"]){return false;} window[\"gf_submitting_1\"]=true;  jQuery(\"#gform_1\").trigger(\"submit\",[true]); }' \/> <input type='hidden' name='gform_ajax' value='form_id=1&amp;title=&amp;description=&amp;tabindex=0' \/>\n            <input type='hidden' class='gform_hidden' name='is_submit_1' value='1' \/>\n            <input type='hidden' class='gform_hidden' name='gform_submit' value='1' \/>\n            \n            <input type='hidden' class='gform_hidden' name='gform_unique_id' value='' \/>\n            <input type='hidden' class='gform_hidden' name='state_1' value='WyJbXSIsIjk0ZTcyMjNlNDNiYzQ3YTFhNDNmZTg3NzEyMDNjYjRhIl0=' \/>\n            <input type='hidden' class='gform_hidden' name='gform_target_page_number_1' id='gform_target_page_number_1' value='0' \/>\n            <input type='hidden' class='gform_hidden' name='gform_source_page_number_1' id='gform_source_page_number_1' value='1' \/>\n            <input type='hidden' name='gform_field_values' value='' \/>\n            \n        <\/div>\n                        <\/form>\n                        <\/div>\n                <iframe style='display:none;width:0px;height:0px;' src='about:blank' name='gform_ajax_frame_1' id='gform_ajax_frame_1' title='Este iframe contiene la l\u00f3gica necesaria para gestionar formularios con ajax activado.'><\/iframe>\n                <script type=\"text\/javascript\">\ngform.initializeOnLoaded( function() {gformInitSpinner( 1, 'https:\/\/grupo.us.es\/hicpan\/wp-content\/plugins\/gravityforms\/images\/spinner.svg' );jQuery('#gform_ajax_frame_1').on('load',function(){var contents = jQuery(this).contents().find('*').html();var is_postback = contents.indexOf('GF_AJAX_POSTBACK') >= 0;if(!is_postback){return;}var form_content = jQuery(this).contents().find('#gform_wrapper_1');var is_confirmation = jQuery(this).contents().find('#gform_confirmation_wrapper_1').length > 0;var is_redirect = contents.indexOf('gformRedirect(){') >= 0;var is_form = form_content.length > 0 && ! is_redirect && ! is_confirmation;var mt = parseInt(jQuery('html').css('margin-top'), 10) + parseInt(jQuery('body').css('margin-top'), 10) + 100;if(is_form){jQuery('#gform_wrapper_1').html(form_content.html());if(form_content.hasClass('gform_validation_error')){jQuery('#gform_wrapper_1').addClass('gform_validation_error');} else {jQuery('#gform_wrapper_1').removeClass('gform_validation_error');}setTimeout( function() { \/* delay the scroll by 50 milliseconds to fix a bug in chrome *\/ jQuery(document).scrollTop(jQuery('#gform_wrapper_1').offset().top - mt); }, 50 );if(window['gformInitDatepicker']) {gformInitDatepicker();}if(window['gformInitPriceFields']) {gformInitPriceFields();}var current_page = jQuery('#gform_source_page_number_1').val();gformInitSpinner( 1, 'https:\/\/grupo.us.es\/hicpan\/wp-content\/plugins\/gravityforms\/images\/spinner.svg' );jQuery(document).trigger('gform_page_loaded', [1, current_page]);window['gf_submitting_1'] = false;}else if(!is_redirect){var confirmation_content = jQuery(this).contents().find('.GF_AJAX_POSTBACK').html();if(!confirmation_content){confirmation_content = contents;}setTimeout(function(){jQuery('#gform_wrapper_1').replaceWith(confirmation_content);jQuery(document).scrollTop(jQuery('#gf_1').offset().top - mt);jQuery(document).trigger('gform_confirmation_loaded', [1]);window['gf_submitting_1'] = false;wp.a11y.speak(jQuery('#gform_confirmation_message_1').text());}, 50);}else{jQuery('#gform_1').append(contents);if(window['gformRedirect']) {gformRedirect();}}jQuery(document).trigger('gform_post_render', [1, current_page]);} );} );\n<\/script>\n\n\n\n<p style=\"font-size:12px\">Responsable de los datos: HICPAN | Finalidad: Gesti\u00f3n de las consultas | Legitimaci\u00f3n: Tu consentimiento expreso | Destinatario: grupo.us.es\/hicpan | Derechos: Tienes derecho al acceso, rectificaci\u00f3n, supresi\u00f3n, limitaci\u00f3n, portabilidad y olvido de tus datos.<\/p>\n","protected":false},"excerpt":{"rendered":"<p>Si desea m\u00e1s informaci\u00f3n sobre el Proyecto I+D+i &#8220;Historia Cr\u00edtica del Periodismo Andaluz&#8221; (HICPAN), sus objetivos, iniciativas y resultados, no dude en ponerse en contacto con el equipo de investigadores\/as.&hellip;<\/p>\n","protected":false},"author":1,"featured_media":2669,"parent":0,"menu_order":0,"comment_status":"closed","ping_status":"closed","template":"","meta":{"_mi_skip_tracking":false},"yoast_head":"<!-- This site is optimized with the Yoast SEO plugin v19.13 - https:\/\/yoast.com\/wordpress\/plugins\/seo\/ -->\n<title>Contacto - Hicpan | Historia Cr\u00edtica del Periodismo Andaluz<\/title>\n<meta name=\"description\" content=\"Contacto | El proyecto \u201cHistoria Cr\u00edtica del Periodismo Andaluz\u201d (HICPAN) se constituye con la intenci\u00f3n fundamental de actualizar y revisar el conocimiento sobre la historia del periodismo andaluz.\" \/>\n<meta name=\"robots\" content=\"index, follow, max-snippet:-1, max-image-preview:large, max-video-preview:-1\" \/>\n<link rel=\"canonical\" href=\"https:\/\/grupo.us.es\/hicpan\/contacto\/\" \/>\n<meta property=\"og:locale\" content=\"es_ES\" \/>\n<meta property=\"og:type\" content=\"article\" \/>\n<meta property=\"og:title\" content=\"Contacto - Hicpan | Historia Cr\u00edtica del Periodismo Andaluz\" \/>\n<meta property=\"og:description\" content=\"Contacto | El proyecto \u201cHistoria Cr\u00edtica del Periodismo Andaluz\u201d (HICPAN) se constituye con la intenci\u00f3n fundamental de actualizar y revisar el conocimiento sobre la historia del periodismo andaluz.\" \/>\n<meta property=\"og:url\" content=\"https:\/\/grupo.us.es\/hicpan\/contacto\/\" \/>\n<meta property=\"og:site_name\" content=\"Hicpan\" \/>\n<meta property=\"article:publisher\" content=\"https:\/\/www.facebook.com\/Historia-Cr%c3%adtica-del-Periodismo-Andaluz-109132707510200\" \/>\n<meta property=\"article:modified_time\" content=\"2021-05-20T09:59:41+00:00\" \/>\n<meta property=\"og:image\" content=\"https:\/\/grupo.us.es\/hicpan\/wp-content\/uploads\/contacto-hicpan1.jpg\" \/>\n\t<meta property=\"og:image:width\" content=\"1382\" \/>\n\t<meta property=\"og:image:height\" content=\"400\" \/>\n\t<meta property=\"og:image:type\" content=\"image\/jpeg\" \/>\n<meta name=\"twitter:card\" content=\"summary_large_image\" \/>\n<meta name=\"twitter:site\" content=\"@hicpan\" \/>\n<meta name=\"twitter:label1\" content=\"Tiempo de lectura\" \/>\n\t<meta name=\"twitter:data1\" content=\"1 minuto\" \/>\n<script type=\"application\/ld+json\" class=\"yoast-schema-graph\">{\"@context\":\"https:\/\/schema.org\",\"@graph\":[{\"@type\":\"WebPage\",\"@id\":\"https:\/\/grupo.us.es\/hicpan\/contacto\/\",\"url\":\"https:\/\/grupo.us.es\/hicpan\/contacto\/\",\"name\":\"Contacto - Hicpan | Historia Cr\u00edtica del Periodismo Andaluz\",\"isPartOf\":{\"@id\":\"https:\/\/grupo.us.es\/hicpan\/#website\"},\"datePublished\":\"2020-06-06T23:41:47+00:00\",\"dateModified\":\"2021-05-20T09:59:41+00:00\",\"description\":\"Contacto | El proyecto \u201cHistoria Cr\u00edtica del Periodismo Andaluz\u201d (HICPAN) se constituye con la intenci\u00f3n fundamental de actualizar y revisar el conocimiento sobre la historia del periodismo andaluz.\",\"breadcrumb\":{\"@id\":\"https:\/\/grupo.us.es\/hicpan\/contacto\/#breadcrumb\"},\"inLanguage\":\"es\",\"potentialAction\":[{\"@type\":\"ReadAction\",\"target\":[\"https:\/\/grupo.us.es\/hicpan\/contacto\/\"]}]},{\"@type\":\"BreadcrumbList\",\"@id\":\"https:\/\/grupo.us.es\/hicpan\/contacto\/#breadcrumb\",\"itemListElement\":[{\"@type\":\"ListItem\",\"position\":1,\"name\":\"Portada\",\"item\":\"https:\/\/grupo.us.es\/hicpan\/\"},{\"@type\":\"ListItem\",\"position\":2,\"name\":\"Contacto\"}]},{\"@type\":\"WebSite\",\"@id\":\"https:\/\/grupo.us.es\/hicpan\/#website\",\"url\":\"https:\/\/grupo.us.es\/hicpan\/\",\"name\":\"Hicpan\",\"description\":\"Historia Cr\u00edtica del Period\u00edsmo Andaluz\",\"publisher\":{\"@id\":\"https:\/\/grupo.us.es\/hicpan\/#organization\"},\"potentialAction\":[{\"@type\":\"SearchAction\",\"target\":{\"@type\":\"EntryPoint\",\"urlTemplate\":\"https:\/\/grupo.us.es\/hicpan\/?s={search_term_string}\"},\"query-input\":\"required name=search_term_string\"}],\"inLanguage\":\"es\"},{\"@type\":\"Organization\",\"@id\":\"https:\/\/grupo.us.es\/hicpan\/#organization\",\"name\":\"HICPAN\",\"url\":\"https:\/\/grupo.us.es\/hicpan\/\",\"logo\":{\"@type\":\"ImageObject\",\"inLanguage\":\"es\",\"@id\":\"https:\/\/grupo.us.es\/hicpan\/#\/schema\/logo\/image\/\",\"url\":\"https:\/\/grupo.us.es\/hicpan\/wp-content\/uploads\/hicpan-logo1.png\",\"contentUrl\":\"https:\/\/grupo.us.es\/hicpan\/wp-content\/uploads\/hicpan-logo1.png\",\"width\":205,\"height\":63,\"caption\":\"HICPAN\"},\"image\":{\"@id\":\"https:\/\/grupo.us.es\/hicpan\/#\/schema\/logo\/image\/\"},\"sameAs\":[\"https:\/\/www.facebook.com\/Historia-Cr\u00edtica-del-Periodismo-Andaluz-109132707510200\",\"https:\/\/twitter.com\/hicpan\"]}]}<\/script>\n<!-- \/ Yoast SEO plugin. -->","yoast_head_json":{"title":"Contacto - Hicpan | Historia Cr\u00edtica del Periodismo Andaluz","description":"Contacto | El proyecto \u201cHistoria Cr\u00edtica del Periodismo Andaluz\u201d (HICPAN) se constituye con la intenci\u00f3n fundamental de actualizar y revisar el conocimiento sobre la historia del periodismo andaluz.","robots":{"index":"index","follow":"follow","max-snippet":"max-snippet:-1","max-image-preview":"max-image-preview:large","max-video-preview":"max-video-preview:-1"},"canonical":"https:\/\/grupo.us.es\/hicpan\/contacto\/","og_locale":"es_ES","og_type":"article","og_title":"Contacto - Hicpan | Historia Cr\u00edtica del Periodismo Andaluz","og_description":"Contacto | El proyecto \u201cHistoria Cr\u00edtica del Periodismo Andaluz\u201d (HICPAN) se constituye con la intenci\u00f3n fundamental de actualizar y revisar el conocimiento sobre la historia del periodismo andaluz.","og_url":"https:\/\/grupo.us.es\/hicpan\/contacto\/","og_site_name":"Hicpan","article_publisher":"https:\/\/www.facebook.com\/Historia-Cr%c3%adtica-del-Periodismo-Andaluz-109132707510200","article_modified_time":"2021-05-20T09:59:41+00:00","og_image":[{"width":1382,"height":400,"url":"https:\/\/grupo.us.es\/hicpan\/wp-content\/uploads\/contacto-hicpan1.jpg","type":"image\/jpeg"}],"twitter_card":"summary_large_image","twitter_site":"@hicpan","twitter_misc":{"Tiempo de lectura":"1 minuto"},"schema":{"@context":"https:\/\/schema.org","@graph":[{"@type":"WebPage","@id":"https:\/\/grupo.us.es\/hicpan\/contacto\/","url":"https:\/\/grupo.us.es\/hicpan\/contacto\/","name":"Contacto - Hicpan | Historia Cr\u00edtica del Periodismo Andaluz","isPartOf":{"@id":"https:\/\/grupo.us.es\/hicpan\/#website"},"datePublished":"2020-06-06T23:41:47+00:00","dateModified":"2021-05-20T09:59:41+00:00","description":"Contacto | El proyecto \u201cHistoria Cr\u00edtica del Periodismo Andaluz\u201d (HICPAN) se constituye con la intenci\u00f3n fundamental de actualizar y revisar el conocimiento sobre la historia del periodismo andaluz.","breadcrumb":{"@id":"https:\/\/grupo.us.es\/hicpan\/contacto\/#breadcrumb"},"inLanguage":"es","potentialAction":[{"@type":"ReadAction","target":["https:\/\/grupo.us.es\/hicpan\/contacto\/"]}]},{"@type":"BreadcrumbList","@id":"https:\/\/grupo.us.es\/hicpan\/contacto\/#breadcrumb","itemListElement":[{"@type":"ListItem","position":1,"name":"Portada","item":"https:\/\/grupo.us.es\/hicpan\/"},{"@type":"ListItem","position":2,"name":"Contacto"}]},{"@type":"WebSite","@id":"https:\/\/grupo.us.es\/hicpan\/#website","url":"https:\/\/grupo.us.es\/hicpan\/","name":"Hicpan","description":"Historia Cr\u00edtica del Period\u00edsmo Andaluz","publisher":{"@id":"https:\/\/grupo.us.es\/hicpan\/#organization"},"potentialAction":[{"@type":"SearchAction","target":{"@type":"EntryPoint","urlTemplate":"https:\/\/grupo.us.es\/hicpan\/?s={search_term_string}"},"query-input":"required name=search_term_string"}],"inLanguage":"es"},{"@type":"Organization","@id":"https:\/\/grupo.us.es\/hicpan\/#organization","name":"HICPAN","url":"https:\/\/grupo.us.es\/hicpan\/","logo":{"@type":"ImageObject","inLanguage":"es","@id":"https:\/\/grupo.us.es\/hicpan\/#\/schema\/logo\/image\/","url":"https:\/\/grupo.us.es\/hicpan\/wp-content\/uploads\/hicpan-logo1.png","contentUrl":"https:\/\/grupo.us.es\/hicpan\/wp-content\/uploads\/hicpan-logo1.png","width":205,"height":63,"caption":"HICPAN"},"image":{"@id":"https:\/\/grupo.us.es\/hicpan\/#\/schema\/logo\/image\/"},"sameAs":["https:\/\/www.facebook.com\/Historia-Cr\u00edtica-del-Periodismo-Andaluz-109132707510200","https:\/\/twitter.com\/hicpan"]}]}},"_links":{"self":[{"href":"https:\/\/grupo.us.es\/hicpan\/wp-json\/wp\/v2\/pages\/2660"}],"collection":[{"href":"https:\/\/grupo.us.es\/hicpan\/wp-json\/wp\/v2\/pages"}],"about":[{"href":"https:\/\/grupo.us.es\/hicpan\/wp-json\/wp\/v2\/types\/page"}],"author":[{"embeddable":true,"href":"https:\/\/grupo.us.es\/hicpan\/wp-json\/wp\/v2\/users\/1"}],"replies":[{"embeddable":true,"href":"https:\/\/grupo.us.es\/hicpan\/wp-json\/wp\/v2\/comments?post=2660"}],"version-history":[{"count":1,"href":"https:\/\/grupo.us.es\/hicpan\/wp-json\/wp\/v2\/pages\/2660\/revisions"}],"predecessor-version":[{"id":3624,"href":"https:\/\/grupo.us.es\/hicpan\/wp-json\/wp\/v2\/pages\/2660\/revisions\/3624"}],"wp:featuredmedia":[{"embeddable":true,"href":"https:\/\/grupo.us.es\/hicpan\/wp-json\/wp\/v2\/media\/2669"}],"wp:attachment":[{"href":"https:\/\/grupo.us.es\/hicpan\/wp-json\/wp\/v2\/media?parent=2660"}],"curies":[{"name":"wp","href":"https:\/\/api.w.org\/{rel}","templated":true}]}}