{"id":556,"date":"2018-02-05T09:33:46","date_gmt":"2018-02-05T09:33:46","guid":{"rendered":"http:\/\/grupo.us.es\/hac\/?page_id=556\/"},"modified":"2024-11-24T20:17:26","modified_gmt":"2024-11-24T20:17:26","slug":"proyectos-i-d-i","status":"publish","type":"page","link":"https:\/\/grupo.us.es\/hac\/que-hacemos\/proyectos-i-d-i\/","title":{"rendered":"Proyectos I+D+i"},"content":{"rendered":"<p>[et_pb_section fb_built=\u00bb1&#8243; _builder_version=\u00bb4.16&#8243; global_colors_info=\u00bb{}\u00bb][et_pb_row _builder_version=\u00bb4.16&#8243; background_size=\u00bbinitial\u00bb background_position=\u00bbtop_left\u00bb background_repeat=\u00bbrepeat\u00bb global_colors_info=\u00bb{}\u00bb][et_pb_column type=\u00bb4_4&#8243; _builder_version=\u00bb4.16&#8243; custom_padding=\u00bb|||\u00bb global_colors_info=\u00bb{}\u00bb custom_padding__hover=\u00bb|||\u00bb][et_pb_text _builder_version=\u00bb4.27.2&#8243; hover_enabled=\u00bb0&#8243; global_colors_info=\u00bb{}\u00bb sticky_enabled=\u00bb0&#8243;]<\/p>\n<h3 style=\"text-align: center;\"><strong>QU\u00c9 HACEMOS<\/strong><\/h3>\n<h4 style=\"text-align: center;\"><strong>PROYECTOS I+D+i, CONVENIOS y CONTRATOS<\/strong><\/h4>\n<h3>\u00a0<\/h3>\n<h3>\u00a0<\/h3>\n<h3><span style=\"font-size: 14pt; color: #808080;\"><strong>PROYECTOS \u00a0I + D + i :<\/strong><\/span><\/h3>\n<p>&nbsp;<\/p>\n<p><a href=\"https:\/\/grupo.us.es\/alzarq\/\"><img loading=\"lazy\" decoding=\"async\" class=\"wp-image-4146 alignleft\" src=\"https:\/\/grupo.us.es\/hac\/wp-content\/uploads\/2023\/06\/Proyecto-ALZARQ.jpg\" alt=\"\" width=\"399\" height=\"115\" srcset=\"https:\/\/grupo.us.es\/hac\/wp-content\/uploads\/2023\/06\/Proyecto-ALZARQ.jpg 312w, https:\/\/grupo.us.es\/hac\/wp-content\/uploads\/2023\/06\/Proyecto-ALZARQ-300x87.jpg 300w\" sizes=\"(max-width: 399px) 100vw, 399px\" \/><\/a><\/p>\n<p><a href=\"https:\/\/grupo.us.es\/alzarq\/\" target=\"_blank\" rel=\"noopener\"><span style=\"color: #333333;\"><strong>VARIABLES ESPACIALES, AMBIENTALES Y ARQUITECT\u00d3NICAS QUE INFLUYEN EN LA CAPACIDAD FUNCIONAL DE LA VIDA DIARIA EN PERSONAS CON ENFERMEDAD DE ALZHEIMER.<\/strong> IP.: Santiago Quesada-Garc\u00eda. Referencia: PID2020-115790RB-I00. Entidad financiadora: Ministerio de Ciencia e Innovaci\u00f3n. Programa: <\/span><span style=\"color: #333333;\">Plan Estatal 2017-2020 Retos &#8211; Proyectos I+D+i <\/span><span style=\"color: #00ccff;\">(Ver)<\/span><\/a><span style=\"color: #00ccff; font-style: normal; font-variant-caps: normal;\">\u00a0<\/span><img loading=\"lazy\" decoding=\"async\" class=\"wp-image-7070 alignright\" src=\"https:\/\/grupo.us.es\/hac\/wp-content\/uploads\/2024\/03\/micin-aei.png\" alt=\"\" width=\"198\" height=\"66\" \/><span style=\"color: #00ccff; font-style: normal; font-variant-caps: normal;\"><br \/><\/span><strong><a href=\"https:\/\/grupo.us.es\/hac\/diario-de-sevilla-destaca-labor-grupo-investigacion-healthy-architecture-and-city\/\" target=\"_blank\" rel=\"noopener\">DOSSIER DE PRENSA<\/a>: <\/strong><span style=\"color: #00ccff; font-style: normal; font-variant-caps: normal;\"><strong><a href=\"https:\/\/grupo.us.es\/hac\/diario-de-sevilla-destaca-labor-grupo-investigacion-healthy-architecture-and-city\/\" target=\"_blank\" rel=\"noopener\">DIVULGACI\u00d3N RESULTADOS EN MEDIOS<\/a><\/strong><br \/><\/span><\/p>\n<p>&nbsp;<\/p>\n<p>&nbsp;<\/p>\n<p>&nbsp;<\/p>\n<p><a href=\"https:\/\/grupo.us.es\/proyectodeter\/\"><img loading=\"lazy\" decoding=\"async\" class=\"wp-image-4147 alignleft\" src=\"https:\/\/grupo.us.es\/hac\/wp-content\/uploads\/2023\/06\/proyecto-DETER.jpg\" alt=\"\" width=\"396\" height=\"116\" srcset=\"https:\/\/grupo.us.es\/hac\/wp-content\/uploads\/2023\/06\/proyecto-DETER.jpg 307w, https:\/\/grupo.us.es\/hac\/wp-content\/uploads\/2023\/06\/proyecto-DETER-300x88.jpg 300w\" sizes=\"(max-width: 396px) 100vw, 396px\" \/><\/a><a href=\"https:\/\/grupo.us.es\/proyectodeter\/\" target=\"_blank\" rel=\"noopener\"><span style=\"color: #808080;\"><span style=\"color: #333333;\"><strong>DETERMINACI\u00d3N DE VARIABLES ESPACIALES, AMBIENTALES Y ARQUITECT\u00d3NICAS QUE INFLUYEN EN LAS ACTIVIDADES INSTRUMENTALES DE LA VIDA DIARIA DEL PACIENTE CON ENFERMEDAD DE ALZHEIMER<\/strong>.\u00a0IPs: Santiago Quesada-Garc\u00eda y Jos\u00e9 Pablo Lara Mu\u00f1oz. Referencia: US-1381654. Entidad financiadora: Junta de Andaluc\u00eda (Consejer\u00eda de Econom\u00eda, Conocimiento, Empresas y Universidad). Programa: Proyectos I+D+i FEDER \u00a0<\/span><span style=\"color: #333333;\">Andaluc\u00eda 2014-202<\/span>0 <\/span><\/a><span style=\"color: #00ccff;\">(Ver)<\/span><img loading=\"lazy\" decoding=\"async\" class=\"wp-image-4335 alignright\" src=\"https:\/\/grupo.us.es\/hac\/wp-content\/uploads\/2023\/06\/ceceu.png\" alt=\"\" width=\"214\" height=\"99\" srcset=\"https:\/\/grupo.us.es\/hac\/wp-content\/uploads\/2023\/06\/ceceu.png 400w, https:\/\/grupo.us.es\/hac\/wp-content\/uploads\/2023\/06\/ceceu-300x139.png 300w\" sizes=\"(max-width: 214px) 100vw, 214px\" \/><\/p>\n<p>&nbsp;<\/p>\n<p>&nbsp;<\/p>\n<p>&nbsp;<\/p>\n<p><a href=\"https:\/\/grupo.us.es\/hac\/difusion\/proyectosegura\/\" target=\"_blank\" rel=\"noopener\"><img loading=\"lazy\" decoding=\"async\" class=\"wp-image-4552 alignleft\" src=\"https:\/\/grupo.us.es\/hac\/wp-content\/uploads\/2023\/06\/Logo-ProyectoSegura-1024x149.jpg\" alt=\"\" width=\"591\" height=\"86\" srcset=\"https:\/\/grupo.us.es\/hac\/wp-content\/uploads\/2023\/06\/Logo-ProyectoSegura-1024x149.jpg 1024w, https:\/\/grupo.us.es\/hac\/wp-content\/uploads\/2023\/06\/Logo-ProyectoSegura-300x44.jpg 300w, https:\/\/grupo.us.es\/hac\/wp-content\/uploads\/2023\/06\/Logo-ProyectoSegura-768x112.jpg 768w, https:\/\/grupo.us.es\/hac\/wp-content\/uploads\/2023\/06\/Logo-ProyectoSegura-1536x224.jpg 1536w, https:\/\/grupo.us.es\/hac\/wp-content\/uploads\/2023\/06\/Logo-ProyectoSegura-1080x158.jpg 1080w, https:\/\/grupo.us.es\/hac\/wp-content\/uploads\/2023\/06\/Logo-ProyectoSegura.jpg 1610w\" sizes=\"(max-width: 591px) 100vw, 591px\" \/><\/a><a href=\"https:\/\/grupo.us.es\/hac\/difusion\/proyectosegura\/\" target=\"_blank\" rel=\"noopener\"><strong>EL SISTEMA DE TORRES DE ORIGEN MEDIEVAL ISL\u00c1MICO EN SEGURA DE LA SIERRA, IMPLANTACI\u00d3N, T\u00c9CNICAS CONSTRUCTIVAS Y RESTAURACI\u00d3N DEL TAPIAL<\/strong>. IP.: Santiago Quesada-Garc\u00eda. Referencia: HAR2014-53866-R. Entidad financiadora: Ministerio Econom\u00eda y Competitividad. Programa estatal de Investigaci\u00f3n, Desarrollo e Innovaci\u00f3n orientada a los Retos de la Sociedad <\/a><span style=\"color: #00ccff;\"><a style=\"color: #00ccff;\" href=\"https:\/\/grupo.us.es\/hac\/difusion\/proyectosegura\/\" target=\"_blank\" rel=\"noopener\">(Ver)<\/a><\/span><a href=\"https:\/\/grupo.us.es\/hac\/proyectosegura\/\" target=\"_blank\" rel=\"noopener\"><span style=\"color: #808080;\"><img loading=\"lazy\" decoding=\"async\" class=\"wp-image-233 alignright\" src=\"https:\/\/grupo.us.es\/hac\/wp-content\/uploads\/2017\/11\/logo-vector-ministerio-de-economia-industria-y-competitividad-300x81.jpg\" alt=\"\" width=\"208\" height=\"56\" srcset=\"https:\/\/grupo.us.es\/hac\/wp-content\/uploads\/2017\/11\/logo-vector-ministerio-de-economia-industria-y-competitividad-300x81.jpg 300w, https:\/\/grupo.us.es\/hac\/wp-content\/uploads\/2017\/11\/logo-vector-ministerio-de-economia-industria-y-competitividad.jpg 482w\" sizes=\"(max-width: 208px) 100vw, 208px\" \/><\/span><\/a><\/p>\n<p>&nbsp;<\/p>\n<p>&nbsp;<\/p>\n<ul style=\"list-style-type: disc;\">\n<li><span style=\"color: #333333;\"><strong>LA CONSTRUCCI\u00d3N DE UN PAISAJE CON LA ARQUITECTURA DE TAPIAL.<\/strong>\u00a0IP.: Santiago Quesada-Garc\u00eda. Entidad financiadora: Universidad de M\u00e1laga. Proyecto de investigaci\u00f3n pre-competitivo. Programa financiador: Plan Propio investigaci\u00f3n UMA<\/span><\/li>\n<\/ul>\n<p>&nbsp;<\/p>\n<ul style=\"list-style-type: disc;\">\n<li><span style=\"color: #333333;\"><strong>JORNADAS SOBRE ARQUITECTURA, SOSTENIBILIDAD Y NUEVAS TECNOLOG\u00cdAS.<\/strong>\u00a0IP.: Santiago Quesada-Garc\u00eda. (03\/11\/2011-10\/11\/2012) C\u00f3digo: EDU2011-15190-E. Entidad financiadora: Ministerio de Econom\u00eda y Competitividad. Programa financiador: Acciones complementarias a Proyectos de Investigaci\u00f3n fundamental no orientadas<\/span><\/li>\n<\/ul>\n<p>&nbsp;<\/p>\n<p>&nbsp;<\/p>\n<p>&nbsp;<\/p>\n<p><span style=\"font-size: 14pt; color: #808080;\"><strong>CONTRATOS 68\/83:<\/strong><\/span><\/p>\n<p>&nbsp;<\/p>\n<ul style=\"list-style-type: disc;\">\n<li><a href=\"http:\/\/www.fastrack.es\/\" target=\"_blank\" rel=\"noopener\"><strong>FASTRACK. NUEVO SISTEMA DE V\u00cdA EN PLACA PARA ALTA VELOCIDAD SOSTENIBLE Y RESPETUOSO CON EL MEDIO AMBIENTE.<\/strong>\u00a0IP.: Joaqu\u00edn P\u00e9rez-Romero. C\u00f3digo: 8.06\/3.14.4099. Entidad financiadora: CDTI-Ministerio de Econom\u00eda y Competitividad. Programa financiador: FEDER-INNTERCONECTA<\/a> <span style=\"color: #00ccff;\"><a style=\"color: #00ccff;\" href=\"http:\/\/www.fastrack.es\/\" target=\"_blank\" rel=\"noopener\">(Ver)<\/a><\/span><\/li>\n<\/ul>\n<p>&nbsp;<\/p>\n<p>&nbsp;<\/p>\n<p>&nbsp;<\/p>\n<p><span style=\"font-size: 14pt; color: #808080;\"><strong>ACTIVIDADES DE I+D:<\/strong><\/span><\/p>\n<p>&nbsp;<\/p>\n<ul style=\"list-style-type: disc;\">\n<li><span style=\"color: #333333;\"><a style=\"color: #333333;\" href=\"https:\/\/grupo.us.es\/hac\/wp-content\/uploads\/2018\/09\/La-ciudad-y-la-arquitectura-de-los-museos_DEF.pdf\" target=\"_blank\" rel=\"noopener\"><strong>LA CIUDAD Y LA ARQUITECTURA DE LOS MUSEOS.\u00a0<\/strong>Director: Santiago Quesada-Garc\u00eda. Entidad: Centre Pompidou y C\u00e1tedra UNESCO. M\u00e1laga. \u00c1mbito: Internacional <\/a><\/span><span style=\"color: #00ccff;\"><a style=\"color: #00ccff;\" href=\"https:\/\/grupo.us.es\/hac\/wp-content\/uploads\/2018\/09\/La-ciudad-y-la-arquitectura-de-los-museos_DEF.pdf\" target=\"_blank\" rel=\"noopener\">(Ver)<\/a><\/span><\/li>\n<\/ul>\n<p>&nbsp;<\/p>\n<ul style=\"list-style-type: disc;\">\n<li><span style=\"color: #333333;\"><a style=\"color: #333333;\" href=\"http:\/\/santiagoquesada.com\/EAM\/pensamiento.html\" target=\"_blank\" rel=\"noopener\"><strong>LA CONSTRUCCI\u00d3N DEL PENSAMIENTO EN LA ULTIMA D\u00c9CADA <\/strong>(ciclo de conferencias)<strong>.<\/strong>\u00a0Director: Santiago Quesada-Garc\u00eda. Entidad: Universidad de M\u00e1laga. \u00c1mbito: Nacional <\/a><\/span><span style=\"color: #00ccff;\"><a style=\"color: #00ccff;\" href=\"http:\/\/santiagoquesada.com\/EAM\/pensamiento.html\" target=\"_blank\" rel=\"noopener\">(Ver)<\/a><\/span><\/li>\n<\/ul>\n<p>&nbsp;<\/p>\n<ul style=\"list-style-type: disc;\">\n<li><span style=\"color: #333333;\"><a style=\"color: #333333;\" href=\"http:\/\/www.docomomoiberico.com\/index.php?option=com_content&amp;view=article&amp;id=80:viii-congreso-docomomo-iberico&amp;catid=38&amp;Itemid=56&amp;lang=es\" target=\"_blank\" rel=\"noopener\"><strong>LA ARQUITECTURA DEL MOVIMIENTO MODERNO Y LA EDUCACI\u00d3N. CONGRESO VIII DOCOMOMO IB\u00c9RICO<\/strong>.\u00a0Co-director: Santiago Quesada-Garc\u00eda. Entidad: DoCoMoMo Ib\u00e9rico \/ Instituto Espa\u00f1ol de Patrimonio Hist\u00f3rico \/ Instituto Andaluz de Patrimonio \/ Universidad de M\u00e1laga. \u00c1mbito: Internacional <\/a><\/span><span style=\"color: #00ccff;\"><a style=\"color: #00ccff;\" href=\"http:\/\/www.docomomoiberico.com\/index.php?option=com_content&amp;view=article&amp;id=80:viii-congreso-docomomo-iberico&amp;catid=38&amp;Itemid=56&amp;lang=es\" target=\"_blank\" rel=\"noopener\">(Ver)<\/a><\/span><\/li>\n<\/ul>\n<p>[\/et_pb_text][et_pb_image src=\u00bbhttps:\/\/grupo.us.es\/hac\/wp-content\/uploads\/2018\/03\/Proyectos-IDi.jpg\u00bb url=\u00bbhttp:\/\/santiagoquesada.com\/EAM\/pensamiento.html\u00bb url_new_window=\u00bbon\u00bb align_tablet=\u00bbcenter\u00bb align_phone=\u00bbcenter\u00bb align_last_edited=\u00bbon|desktop\u00bb _builder_version=\u00bb4.16&#8243; always_center_on_mobile=\u00bbon\u00bb global_colors_info=\u00bb{}\u00bb][\/et_pb_image][\/et_pb_column][\/et_pb_row][et_pb_row _builder_version=\u00bb4.16&#8243; background_size=\u00bbinitial\u00bb background_position=\u00bbtop_left\u00bb background_repeat=\u00bbrepeat\u00bb global_colors_info=\u00bb{}\u00bb][et_pb_column type=\u00bb4_4&#8243; _builder_version=\u00bb4.16&#8243; custom_padding=\u00bb|||\u00bb global_colors_info=\u00bb{}\u00bb custom_padding__hover=\u00bb|||\u00bb][et_pb_text _builder_version=\u00bb4.16&#8243; global_colors_info=\u00bb{}\u00bb]<\/p>\n<h1 style=\"text-align: center;\"><a href=\"https:\/\/grupo.us.es\/hac\/que-hacemos\/\"><span style=\"font-size: 52pt;\">\u00ab<\/span><\/a><\/h1>\n<p>[\/et_pb_text][\/et_pb_column][\/et_pb_row][\/et_pb_section]<\/p>\n","protected":false},"excerpt":{"rendered":"<p>QU\u00c9 HACEMOS PROYECTOS I+D+i, CONVENIOS y CONTRATOS \u00a0 \u00a0 PROYECTOS \u00a0I + D + i : &nbsp; VARIABLES ESPACIALES, AMBIENTALES Y ARQUITECT\u00d3NICAS QUE INFLUYEN EN LA CAPACIDAD FUNCIONAL DE LA VIDA DIARIA EN PERSONAS CON ENFERMEDAD DE ALZHEIMER. IP.: Santiago Quesada-Garc\u00eda. Referencia: PID2020-115790RB-I00. Entidad financiadora: Ministerio de Ciencia e Innovaci\u00f3n. Programa: Plan Estatal 2017-2020 Retos [&hellip;]<\/p>\n","protected":false},"author":2,"featured_media":0,"parent":360,"menu_order":0,"comment_status":"closed","ping_status":"closed","template":"","meta":{"_et_pb_use_builder":"on","_et_pb_old_content":"","_et_gb_content_width":"","wpupg_custom_link":[],"wpupg_custom_link_behaviour":["default"],"wpupg_custom_link_nofollow":["default"],"wpupg_custom_image":[],"wpupg_custom_image_id":[],"footnotes":""},"class_list":["post-556","page","type-page","status-publish","hentry"],"_links":{"self":[{"href":"https:\/\/grupo.us.es\/hac\/wp-json\/wp\/v2\/pages\/556","targetHints":{"allow":["GET"]}}],"collection":[{"href":"https:\/\/grupo.us.es\/hac\/wp-json\/wp\/v2\/pages"}],"about":[{"href":"https:\/\/grupo.us.es\/hac\/wp-json\/wp\/v2\/types\/page"}],"author":[{"embeddable":true,"href":"https:\/\/grupo.us.es\/hac\/wp-json\/wp\/v2\/users\/2"}],"replies":[{"embeddable":true,"href":"https:\/\/grupo.us.es\/hac\/wp-json\/wp\/v2\/comments?post=556"}],"version-history":[{"count":2,"href":"https:\/\/grupo.us.es\/hac\/wp-json\/wp\/v2\/pages\/556\/revisions"}],"predecessor-version":[{"id":8819,"href":"https:\/\/grupo.us.es\/hac\/wp-json\/wp\/v2\/pages\/556\/revisions\/8819"}],"up":[{"embeddable":true,"href":"https:\/\/grupo.us.es\/hac\/wp-json\/wp\/v2\/pages\/360"}],"wp:attachment":[{"href":"https:\/\/grupo.us.es\/hac\/wp-json\/wp\/v2\/media?parent=556"}],"curies":[{"name":"wp","href":"https:\/\/api.w.org\/{rel}","templated":true}]}}