{"id":551,"date":"2018-01-26T11:15:24","date_gmt":"2018-01-26T11:15:24","guid":{"rendered":"http:\/\/grupo.us.es\/hac\/?page_id=551\/"},"modified":"2025-12-08T09:58:55","modified_gmt":"2025-12-08T09:58:55","slug":"jose-manuel-mera-gomez","status":"publish","type":"page","link":"https:\/\/grupo.us.es\/hac\/quienes-somos\/jose-manuel-mera-gomez\/","title":{"rendered":"Jos\u00e9 M. Mera"},"content":{"rendered":"<p>[et_pb_section bb_built=\u00bb1&#8243; _builder_version=\u00bb3.0.89&#8243;][et_pb_row][et_pb_column type=\u00bb1_3&#8243;][et_pb_image _builder_version=\u00bb3.0.89&#8243; src=\u00bbhttps:\/\/grupo.us.es\/hac\/wp-content\/uploads\/2018\/01\/3806e1_2887c8caaf1d4d7bae25da03efcef1ce_mv2.jpg\u00bb show_in_lightbox=\u00bboff\u00bb url_new_window=\u00bboff\u00bb use_overlay=\u00bboff\u00bb always_center_on_mobile=\u00bbon\u00bb force_fullwidth=\u00bboff\u00bb show_bottom_space=\u00bbon\u00bb module_class=\u00bbfoto-personal\u00bb \/][et_pb_text _builder_version=\u00bb3.0.89&#8243; background_layout=\u00bblight\u00bb]<\/p>\n<h4 style=\"text-align: center;\"><strong>JOSE MANUEL MERA G\u00d3MEZ<\/strong><\/h4>\n<p style=\"text-align: center;\"><strong><em>Arquitecto T\u00e9cnico e Ingeniero de la Edificaci\u00f3n<br \/>\n<\/em><\/strong><\/p>\n<p>[\/et_pb_text][\/et_pb_column][et_pb_column type=\u00bb2_3&#8243;][et_pb_text _builder_version=\u00bb3.0.89&#8243; background_layout=\u00bblight\u00bb module_class=\u00bbtexto-personal\u00bb]<\/p>\n<p>Arquitecto T\u00e9cnico e Ingeniero de la Edificaci\u00f3n, es M\u00e1ster en Prevenci\u00f3n de Riesgos Laborales y colaborador externo del M\u00e1ster habilitante en Arquitectura de la ETSA de Sevilla. Desde el a\u00f1o 1996 desarrolla su trabajo e investigaciones en el Centro de Referencia Estatal de Autonom\u00eda Personal y Ayudas T\u00e9cnicas (CEAPAT), entidad dependiente del IMSERSO. Desde el \u00e1rea de Arquitectura de este organismo, ha participado en la formaci\u00f3n de profesionales y desarrollado una gran experiencia en la adaptaci\u00f3n de viviendas para personas mayores y discapacitados, as\u00ed como en la eliminaci\u00f3n de barreras en bloques de viviendas. De especial importancia ha sido el desarrollo e integraci\u00f3n de la dom\u00f3tica en viviendas para personas mayores y, en particular, el ensayo y aplicaci\u00f3n de la tecnolog\u00eda KNX en una vivienda experimental dentro del CRDF de San Fernando (C\u00e1diz). Ha participado como experto en el grupo de trabajo que desarrollo el decreto de Accesibilidad de la Junta de Andaluc\u00eda. Es coautor en el libro \u201cLibro Blanco I+D+I al servicio de las personas con discapacidad y las personas mayores\u201d, editado por el Ministerio de Trabajo y Asuntos Sociales, Ministerio de Ciencia y Tecnolog\u00eda, CERMI, 2003, as\u00ed como en la publicaci\u00f3n \u201cLos mayores y las Tecnolog\u00edas\u201d editado por el Instituto de Migraciones y Servicios Sociales (IMSERSO). Compagina estas labores con su actividad profesional como arquitecto t\u00e9cnico e ingeniero de la edificaci\u00f3n.<\/p>\n<p>[\/et_pb_text][\/et_pb_column][\/et_pb_row][\/et_pb_section]<\/p>\n","protected":false},"excerpt":{"rendered":"<p><div class=\"et_pb_row et_pb_row_0 et_pb_row_empty\">\n\t\t\t\t\n\t\t\t\t\n\t\t\t\t\n\t\t\t\t\n\t\t\t\t\n\t\t\t<\/div> JOSE MANUEL MERA G\u00d3MEZ Arquitecto T\u00e9cnico e Ingeniero de la Edificaci\u00f3n Arquitecto T\u00e9cnico e Ingeniero de la Edificaci\u00f3n, es M\u00e1ster en Prevenci\u00f3n de Riesgos Laborales y colaborador externo del M\u00e1ster habilitante en Arquitectura de la ETSA de Sevilla. Desde el a\u00f1o 1996 desarrolla su trabajo e investigaciones en el Centro de Referencia Estatal de [&hellip;]<\/p>\n","protected":false},"author":2,"featured_media":0,"parent":4626,"menu_order":0,"comment_status":"closed","ping_status":"closed","template":"","meta":{"_et_pb_use_builder":"on","_et_pb_old_content":"","_et_gb_content_width":"","wpupg_custom_link":[],"wpupg_custom_link_behaviour":["default"],"wpupg_custom_link_nofollow":[],"wpupg_custom_image":[],"wpupg_custom_image_id":[],"footnotes":""},"class_list":["post-551","page","type-page","status-publish","hentry"],"_links":{"self":[{"href":"https:\/\/grupo.us.es\/hac\/wp-json\/wp\/v2\/pages\/551","targetHints":{"allow":["GET"]}}],"collection":[{"href":"https:\/\/grupo.us.es\/hac\/wp-json\/wp\/v2\/pages"}],"about":[{"href":"https:\/\/grupo.us.es\/hac\/wp-json\/wp\/v2\/types\/page"}],"author":[{"embeddable":true,"href":"https:\/\/grupo.us.es\/hac\/wp-json\/wp\/v2\/users\/2"}],"replies":[{"embeddable":true,"href":"https:\/\/grupo.us.es\/hac\/wp-json\/wp\/v2\/comments?post=551"}],"version-history":[{"count":1,"href":"https:\/\/grupo.us.es\/hac\/wp-json\/wp\/v2\/pages\/551\/revisions"}],"predecessor-version":[{"id":10048,"href":"https:\/\/grupo.us.es\/hac\/wp-json\/wp\/v2\/pages\/551\/revisions\/10048"}],"up":[{"embeddable":true,"href":"https:\/\/grupo.us.es\/hac\/wp-json\/wp\/v2\/pages\/4626"}],"wp:attachment":[{"href":"https:\/\/grupo.us.es\/hac\/wp-json\/wp\/v2\/media?parent=551"}],"curies":[{"name":"wp","href":"https:\/\/api.w.org\/{rel}","templated":true}]}}