{"id":544,"date":"2018-01-26T11:05:26","date_gmt":"2018-01-26T11:05:26","guid":{"rendered":"http:\/\/grupo.us.es\/hac\/?page_id=544\/"},"modified":"2025-12-08T09:58:44","modified_gmt":"2025-12-08T09:58:44","slug":"guillermo-pavon-torrejon","status":"publish","type":"page","link":"https:\/\/grupo.us.es\/hac\/quienes-somos\/guillermo-pavon-torrejon\/","title":{"rendered":"Guillermo Pav\u00f3n"},"content":{"rendered":"<p>[et_pb_section fb_built=\u00bb1&#8243; _builder_version=\u00bb4.16&#8243; global_colors_info=\u00bb{}\u00bb][et_pb_row _builder_version=\u00bb4.16&#8243; global_colors_info=\u00bb{}\u00bb column_structure=\u00bb1_3,2_3&#8243;][et_pb_column type=\u00bb1_3&#8243; _builder_version=\u00bb4.16&#8243; custom_padding=\u00bb|||\u00bb global_colors_info=\u00bb{}\u00bb custom_padding__hover=\u00bb|||\u00bb][et_pb_image src=\u00bbhttps:\/\/grupo.us.es\/hac\/wp-content\/uploads\/2018\/01\/3806e1_6af1935c69b24aaeba3fa352d0881b5f_mv2.jpg\u00bb align_tablet=\u00bbcenter\u00bb align_last_edited=\u00bbon|desktop\u00bb module_class=\u00bbfoto-personal\u00bb _builder_version=\u00bb4.16&#8243; always_center_on_mobile=\u00bbon\u00bb global_colors_info=\u00bb{}\u00bb align_phone=\u00bbcenter\u00bb][\/et_pb_image][et_pb_text _builder_version=\u00bb4.27.4&#8243; hover_enabled=\u00bb0&#8243; global_colors_info=\u00bb{}\u00bb sticky_enabled=\u00bb0&#8243;]<\/p>\n<h4 style=\"text-align: center;\"><strong>GUILLERMO PAV\u00d3N-TORREJ\u00d3N<\/strong><\/h4>\n<p style=\"text-align: center;\"><strong><em>Dr. Arquitecto<\/em><\/strong><\/p>\n<p>[\/et_pb_text][\/et_pb_column][et_pb_column type=\u00bb2_3&#8243; _builder_version=\u00bb4.16&#8243; custom_padding=\u00bb|||\u00bb global_colors_info=\u00bb{}\u00bb custom_padding__hover=\u00bb|||\u00bb][et_pb_text module_class=\u00bbtexto-personal\u00bb _builder_version=\u00bb4.27.4&#8243; hover_enabled=\u00bb0&#8243; global_colors_info=\u00bb{}\u00bb sticky_enabled=\u00bb0&#8243;]<\/p>\n<p>Arquitecto por la ETSA de Sevilla (1994). Doctor por la Universidad de Sevilla con la tesis \u00abLa arquitectura dispersa como patrimonio territorial. Aplicaci\u00f3n del m\u00e9todo muratoriano al valle del Guadalquivir: territorio, producci\u00f3n, paisaje\u00bb, le\u00edda en junio de 2025. Acc\u00e9sit del XII Premio \u00abDragados y Construcciones\u00bb por el Proyecto Fin de Carrera titulado: Iglesia y centro parroquial, en el antiguo solar del complejo Pirotecnia Cross en Sevilla. M\u00e1ster en Arquitectura y Patrimonio Hist\u00f3rico por la Universidad de Sevilla, (1997). Profesor Colaborador del Departamento de Proyectos Arquitect\u00f3nicos de la E.T.S.A. de Sevilla. Ha sido profesor del seminario de proyectaci\u00f3n arquitect\u00f3nica \u00abArquitecturas en la Raia, 98\u00bb, Portugal, y del Curso de Doctorado \u00abGesti\u00f3n del Patrimonio Hist\u00f3rico\u00bb de la Universidad Pablo de Olavide en Sevilla (2004). Miembro del comit\u00e9 editorial de la revista Proyecto, Progreso y Arquitectura, y vocal del consejo de redacci\u00f3n de la revista de arte Cuaderno de los Amigos de los Museos de Osuna.<\/p>\n<p>\u200bEl inter\u00e9s de su investigaci\u00f3n y acci\u00f3n profesional gira en torno al an\u00e1lisis urbano, el an\u00e1lisis territorial y la intervenci\u00f3n sobre el patrimonio arquitect\u00f3nico. Ha participado en proyectos de investigaci\u00f3n como el Estudio Inventario de las grandes explotaciones agr\u00edcolas de Andaluc\u00eda promovido por la Consejer\u00eda de Obras P\u00fablicas de la Junta de Andaluc\u00eda, fruto de la cual son las publicaciones de igual t\u00edtulo referidas a la provincia de Sevilla, (2009) de las que es co-autor. En el campo de la intervenci\u00f3n sobre el patrimonio arquitect\u00f3nico, es autor y co-autor de diversas obras y proyectos, algunos de los cuales han sido reconocidos a nivel nacional, como el proyecto y obra de intervenci\u00f3n en la antigua Alcazaba de Estepa, incluido por Ministerio de Fomento en cat\u00e1logo titulado Recuperar el Patrimonio. Una mirada en profundidad (2011)<\/p>\n<p>ORCID iD: <strong><span style=\"color: #808080;\"><span style=\"text-decoration: underline;\"><a style=\"color: #808080;\" href=\"https:\/\/orcid.org\/0000-0002-3289-1245\">0000-0002-3289-1245<\/a><\/span> <\/span><\/strong><strong><span style=\"color: #808080;\"><span style=\"color: #808080;\"><a style=\"color: #808080;\" href=\"https:\/\/orcid.org\/0000-0002-3289-1245\">\u00a0<\/a><\/span><\/span><\/strong><strong><span style=\"color: #808080;\"><a style=\"color: #808080;\" href=\"https:\/\/orcid.org\/0000-0002-3289-1245\"><img loading=\"lazy\" decoding=\"async\" class=\"alignnone wp-image-894\" src=\"https:\/\/grupo.us.es\/hac\/wp-content\/uploads\/2018\/02\/Orcid.png\" alt=\"\" width=\"28\" height=\"28\" srcset=\"https:\/\/grupo.us.es\/hac\/wp-content\/uploads\/2018\/02\/Orcid.png 225w, https:\/\/grupo.us.es\/hac\/wp-content\/uploads\/2018\/02\/Orcid-150x150.png 150w\" sizes=\"(max-width: 28px) 100vw, 28px\" \/><\/a><\/span><\/strong><\/p>\n<p>[\/et_pb_text][et_pb_button button_url=\u00bbhttps:\/\/investigacion.us.es\/sisius\/sis_showpub.php?idpers=4736&#8243; url_new_window=\u00bbon\u00bb button_text=\u00bbVER PRODUCCI\u00d3N CIENT\u00cdFICA \u00bb module_class=\u00bbboton-personal\u00bb _builder_version=\u00bb4.27.4&#8243; custom_button=\u00bbon\u00bb button_text_size=\u00bb15&#8243; button_text_color=\u00bb#000000&#8243; button_border_width=\u00bb1&#8243; button_border_color=\u00bb#000000&#8243; button_border_radius=\u00bb0&#8243; hover_enabled=\u00bb0&#8243; global_colors_info=\u00bb{}\u00bb button_text_size__hover_enabled=\u00bboff\u00bb button_one_text_size__hover_enabled=\u00bboff\u00bb button_two_text_size__hover_enabled=\u00bboff\u00bb button_text_color__hover_enabled=\u00bboff\u00bb button_one_text_color__hover_enabled=\u00bboff\u00bb button_two_text_color__hover_enabled=\u00bboff\u00bb button_border_width__hover_enabled=\u00bboff\u00bb button_one_border_width__hover_enabled=\u00bboff\u00bb button_two_border_width__hover_enabled=\u00bboff\u00bb button_border_color__hover_enabled=\u00bboff\u00bb button_one_border_color__hover_enabled=\u00bboff\u00bb button_two_border_color__hover_enabled=\u00bboff\u00bb button_border_radius__hover_enabled=\u00bboff\u00bb button_one_border_radius__hover_enabled=\u00bboff\u00bb button_two_border_radius__hover_enabled=\u00bboff\u00bb button_letter_spacing__hover_enabled=\u00bboff\u00bb button_one_letter_spacing__hover_enabled=\u00bboff\u00bb button_two_letter_spacing__hover_enabled=\u00bboff\u00bb button_bg_color__hover_enabled=\u00bboff\u00bb button_one_bg_color__hover_enabled=\u00bboff\u00bb button_two_bg_color__hover_enabled=\u00bboff\u00bb sticky_enabled=\u00bb0&#8243;][\/et_pb_button][\/et_pb_column][\/et_pb_row][\/et_pb_section]<\/p>\n","protected":false},"excerpt":{"rendered":"<p>GUILLERMO PAV\u00d3N-TORREJ\u00d3N Dr. ArquitectoArquitecto por la ETSA de Sevilla (1994). Doctor por la Universidad de Sevilla con la tesis \u00abLa arquitectura dispersa como patrimonio territorial. Aplicaci\u00f3n del m\u00e9todo muratoriano al valle del Guadalquivir: territorio, producci\u00f3n, paisaje\u00bb, le\u00edda en junio de 2025. Acc\u00e9sit del XII Premio \u00abDragados y Construcciones\u00bb por el Proyecto Fin de Carrera titulado: [&hellip;]<\/p>\n","protected":false},"author":2,"featured_media":0,"parent":4626,"menu_order":0,"comment_status":"closed","ping_status":"closed","template":"","meta":{"_et_pb_use_builder":"on","_et_pb_old_content":"","_et_gb_content_width":"","wpupg_custom_link":[],"wpupg_custom_link_behaviour":["default"],"wpupg_custom_link_nofollow":["default"],"wpupg_custom_image":[],"wpupg_custom_image_id":[],"footnotes":""},"class_list":["post-544","page","type-page","status-publish","hentry"],"_links":{"self":[{"href":"https:\/\/grupo.us.es\/hac\/wp-json\/wp\/v2\/pages\/544","targetHints":{"allow":["GET"]}}],"collection":[{"href":"https:\/\/grupo.us.es\/hac\/wp-json\/wp\/v2\/pages"}],"about":[{"href":"https:\/\/grupo.us.es\/hac\/wp-json\/wp\/v2\/types\/page"}],"author":[{"embeddable":true,"href":"https:\/\/grupo.us.es\/hac\/wp-json\/wp\/v2\/users\/2"}],"replies":[{"embeddable":true,"href":"https:\/\/grupo.us.es\/hac\/wp-json\/wp\/v2\/comments?post=544"}],"version-history":[{"count":2,"href":"https:\/\/grupo.us.es\/hac\/wp-json\/wp\/v2\/pages\/544\/revisions"}],"predecessor-version":[{"id":10119,"href":"https:\/\/grupo.us.es\/hac\/wp-json\/wp\/v2\/pages\/544\/revisions\/10119"}],"up":[{"embeddable":true,"href":"https:\/\/grupo.us.es\/hac\/wp-json\/wp\/v2\/pages\/4626"}],"wp:attachment":[{"href":"https:\/\/grupo.us.es\/hac\/wp-json\/wp\/v2\/media?parent=544"}],"curies":[{"name":"wp","href":"https:\/\/api.w.org\/{rel}","templated":true}]}}