{"id":540,"date":"2018-01-26T10:59:33","date_gmt":"2018-01-26T10:59:33","guid":{"rendered":"http:\/\/grupo.us.es\/hac\/?page_id=540\/"},"modified":"2025-12-08T09:59:03","modified_gmt":"2025-12-08T09:59:03","slug":"julia-molino-barreno","status":"publish","type":"page","link":"https:\/\/grupo.us.es\/hac\/quienes-somos\/julia-molino-barreno\/","title":{"rendered":"Julia Molino"},"content":{"rendered":"<p>[et_pb_section bb_built=\u00bb1&#8243; _builder_version=\u00bb3.0.89&#8243;][et_pb_row][et_pb_column type=\u00bb1_3&#8243;][et_pb_image _builder_version=\u00bb3.0.89&#8243; src=\u00bbhttps:\/\/grupo.us.es\/hac\/wp-content\/uploads\/2018\/01\/3806e1_97be34f6714c438f9b4cd626ce0eafe5_mv2_d_1313_1800_s_2.jpg\u00bb show_in_lightbox=\u00bboff\u00bb url_new_window=\u00bboff\u00bb use_overlay=\u00bboff\u00bb always_center_on_mobile=\u00bbon\u00bb force_fullwidth=\u00bboff\u00bb show_bottom_space=\u00bbon\u00bb module_class=\u00bbfoto-personal\u00bb \/][et_pb_text _builder_version=\u00bb3.0.89&#8243; background_layout=\u00bblight\u00bb]<\/p>\n<h4 style=\"text-align: center;\"><strong>JULIA MOLINO-BARRERO<\/strong><\/h4>\n<p style=\"text-align: center;\"><strong><em>Dra Arquitecta<\/em><\/strong><\/p>\n<p>[\/et_pb_text][\/et_pb_column][et_pb_column type=\u00bb2_3&#8243;][et_pb_text _builder_version=\u00bb3.0.89&#8243; background_layout=\u00bblight\u00bb module_class=\u00bbtexto-personal\u00bb]<\/p>\n<p>Arquitecta por la ETSA de Sevilla en 1986. Doctora por la Universidad de Sevilla con la tesis doctoral \u00abAspectos arquitect\u00f3nicos de las Atarazanas de Sevilla. Permanencia y transformaci\u00f3n\u00bb. Es profesora colaboradora doctor en la Universidad de Sevilla en el Departamento de Proyectos Arquitect\u00f3nicos. Vocal de la Comisi\u00f3n Andaluza de Museos (1997-2004). Su transferencia de conocimiento se ha concretado en diversos Estudios y An\u00e1lisis Urbanos y Territoriales, as\u00ed como de Recuperaci\u00f3n del Patrimonio Arquitect\u00f3nico, y en el desarrollo de su actividad como arquitecta obteniendo diversos premios en Concursos Internacionales y Nacionales, finalista en el Concurso Internacional Ampliaci\u00f3n y Remodelaci\u00f3n del Museo del Prado (Madrid), 2\u00ba premio en el Concurso Internacional Ordenaci\u00f3n del Muelle n\u00ba2 (M\u00e1laga), 1\u00ba premio en el Concurso Estaci\u00f3n Intermodal del Baix de Llobregat (Barcelona), entre otros.<\/p>\n<p>Ha desarrollado proyectos y obras de Rehabilitaci\u00f3n como en las Reales Atarazanas de Sevilla o en la Estaci\u00f3n del Norte de Valencia; de nueva planta, as\u00ed como el Auditorio de Alcal\u00e1 de Guada\u00edra. Su experiencia en paisaje y territorio, se concreta en la intervenci\u00f3n en el Parque Metropolitano de los Toru\u00f1os (Bah\u00eda de C\u00e1diz). Sus trabajos han sido expuestos en variadas exposiciones y publicados en revistas de difusi\u00f3n nacional e internacional, como Tecnolog\u00eda y Arquitectura, Arquitectura Viva, AV, TC cuadernos, European Landscape Architecture.<\/p>\n<p><strong><span style=\"color: #808080;\"><a style=\"color: #808080;\" href=\"https:\/\/orcid.org\/0000-0001-9284-5315\" target=\"_blank\" rel=\"noopener\"><span style=\"font-weight: 400;\">ORCID iD:<span style=\"color: #808080;\">&nbsp;<\/span><\/span><\/a><span style=\"text-decoration: underline;\"><a style=\"color: #808080; text-decoration: underline;\" href=\"https:\/\/orcid.org\/0000-0001-9284-5315\" target=\"_blank\" rel=\"noopener\"><b>0000-0001-9284-5315<\/b><\/a><\/span><a style=\"color: #808080;\" href=\"https:\/\/orcid.org\/0000-0001-9284-5315\"> &nbsp;<\/a><\/span><\/strong><strong><span style=\"color: #808080;\"><a style=\"color: #808080;\" href=\"https:\/\/orcid.org\/0000-0001-9284-5315\" target=\"_blank\" rel=\"noopener\"><img loading=\"lazy\" decoding=\"async\" class=\"alignnone wp-image-894\" src=\"https:\/\/grupo.us.es\/hac\/wp-content\/uploads\/2018\/02\/Orcid.png\" alt=\"\" width=\"28\" height=\"28\" srcset=\"https:\/\/grupo.us.es\/hac\/wp-content\/uploads\/2018\/02\/Orcid.png 225w, https:\/\/grupo.us.es\/hac\/wp-content\/uploads\/2018\/02\/Orcid-150x150.png 150w\" sizes=\"(max-width: 28px) 100vw, 28px\" \/><\/a><\/span><\/strong><\/p>\n<p>[\/et_pb_text][et_pb_button _builder_version=\u00bb3.0.89&#8243; button_text=\u00bbVER PRODUCCI\u00d3N CIENT\u00cdFICA \u00bb button_url=\u00bbhttps:\/\/investigacion.us.es\/sisius\/sis_showpub.php?idpers=4657&#8243; url_new_window=\u00bbon\u00bb background_layout=\u00bblight\u00bb custom_button=\u00bbon\u00bb button_icon_placement=\u00bbright\u00bb module_class=\u00bbboton-personal\u00bb button_text_size=\u00bb15&#8243; button_text_color=\u00bb#000000&#8243; button_border_width=\u00bb1&#8243; button_border_color=\u00bb#000000&#8243; button_border_radius=\u00bb0&#8243; \/][\/et_pb_column][\/et_pb_row][\/et_pb_section]<\/p>\n","protected":false},"excerpt":{"rendered":"<p><div class=\"et_pb_row et_pb_row_0 et_pb_row_empty\">\n\t\t\t\t\n\t\t\t\t\n\t\t\t\t\n\t\t\t\t\n\t\t\t\t\n\t\t\t<\/div> JULIA MOLINO-BARRERO Dra Arquitecta Arquitecta por la ETSA de Sevilla en 1986. Doctora por la Universidad de Sevilla con la tesis doctoral \u00abAspectos arquitect\u00f3nicos de las Atarazanas de Sevilla. Permanencia y transformaci\u00f3n\u00bb. Es profesora colaboradora doctor en la Universidad de Sevilla en el Departamento de Proyectos Arquitect\u00f3nicos. Vocal de la Comisi\u00f3n Andaluza de Museos [&hellip;]<\/p>\n","protected":false},"author":2,"featured_media":0,"parent":4626,"menu_order":0,"comment_status":"closed","ping_status":"closed","template":"","meta":{"_et_pb_use_builder":"on","_et_pb_old_content":"","_et_gb_content_width":"","wpupg_custom_link":[],"wpupg_custom_link_behaviour":["default"],"wpupg_custom_link_nofollow":[],"wpupg_custom_image":[],"wpupg_custom_image_id":[],"footnotes":""},"class_list":["post-540","page","type-page","status-publish","hentry"],"_links":{"self":[{"href":"https:\/\/grupo.us.es\/hac\/wp-json\/wp\/v2\/pages\/540","targetHints":{"allow":["GET"]}}],"collection":[{"href":"https:\/\/grupo.us.es\/hac\/wp-json\/wp\/v2\/pages"}],"about":[{"href":"https:\/\/grupo.us.es\/hac\/wp-json\/wp\/v2\/types\/page"}],"author":[{"embeddable":true,"href":"https:\/\/grupo.us.es\/hac\/wp-json\/wp\/v2\/users\/2"}],"replies":[{"embeddable":true,"href":"https:\/\/grupo.us.es\/hac\/wp-json\/wp\/v2\/comments?post=540"}],"version-history":[{"count":1,"href":"https:\/\/grupo.us.es\/hac\/wp-json\/wp\/v2\/pages\/540\/revisions"}],"predecessor-version":[{"id":10049,"href":"https:\/\/grupo.us.es\/hac\/wp-json\/wp\/v2\/pages\/540\/revisions\/10049"}],"up":[{"embeddable":true,"href":"https:\/\/grupo.us.es\/hac\/wp-json\/wp\/v2\/pages\/4626"}],"wp:attachment":[{"href":"https:\/\/grupo.us.es\/hac\/wp-json\/wp\/v2\/media?parent=540"}],"curies":[{"name":"wp","href":"https:\/\/api.w.org\/{rel}","templated":true}]}}