{"id":536,"date":"2018-01-26T10:54:44","date_gmt":"2018-01-26T10:54:44","guid":{"rendered":"http:\/\/grupo.us.es\/hac\/?page_id=536\/"},"modified":"2025-12-08T09:59:10","modified_gmt":"2025-12-08T09:59:10","slug":"julio-barreno-gutierrez","status":"publish","type":"page","link":"https:\/\/grupo.us.es\/hac\/quienes-somos\/julio-barreno-gutierrez\/","title":{"rendered":"Julio Barreno"},"content":{"rendered":"<p>[et_pb_section bb_built=\u00bb1&#8243; _builder_version=\u00bb3.0.89&#8243;][et_pb_row][et_pb_column type=\u00bb1_3&#8243;][et_pb_image _builder_version=\u00bb3.0.89&#8243; src=\u00bbhttps:\/\/grupo.us.es\/hac\/wp-content\/uploads\/2018\/01\/3806e1_7dde015526bb45528fc780f6f3bfc999_mv2_d_3888_2592_s_4_2.jpg\u00bb show_in_lightbox=\u00bboff\u00bb url_new_window=\u00bboff\u00bb use_overlay=\u00bboff\u00bb always_center_on_mobile=\u00bbon\u00bb force_fullwidth=\u00bboff\u00bb show_bottom_space=\u00bbon\u00bb module_class=\u00bbfoto-personal\u00bb \/][et_pb_text _builder_version=\u00bb3.0.89&#8243; background_layout=\u00bblight\u00bb]<\/p>\n<h4 style=\"text-align: center;\"><strong>Julio Barreno-Guti\u00e9rrez<\/strong><\/h4>\n<p style=\"text-align: center;\"><strong><em>Dr Arquitecto<\/em><\/strong><\/p>\n<p>[\/et_pb_text][\/et_pb_column][et_pb_column type=\u00bb2_3&#8243;][et_pb_text _builder_version=\u00bb3.0.89&#8243; background_layout=\u00bblight\u00bb module_class=\u00bbtexto-personal\u00bb]<\/p>\n<p>Doctor Arquitecto con la Tesis Doctoral \u201cAcciones y reacciones. Una mirada a la arquitectura a trav\u00e9s de sus fragmentos din\u00e1micos\u201d (2015).\u00a0Es profesor Contratado Doctor del Dpto. de Proyectos Arquitect\u00f3nicos en la Universidad de Sevilla. Ha sido coordinador de varios proyectos de innovaci\u00f3n docente. Adem\u00e1s ha impartido docencia, talleres y conferencias en instituciones como la Universidades de Granada, Cambridge (UK), Copenhagen (Denmark), Texas Tech (USA), Liechtenstein, Porto (Portugal) o Delft (The Netherlands), y en colegios arquitectos como el de C\u00e1diz, Huelva, etc. Ha sido miembro en distintos jurados y comisiones t\u00e9cnicas de selecci\u00f3n de proyectos en concursos y premios de arquitectura.<\/p>\n<p>Sus obras y proyectos han sido expuestos en espacios como la Bienal de Arquitectura de Venecia (Italia), Bienal Espa\u00f1ola de Arquitectura y Urbanismo (Madrid), Triennale Esposizione Internazionale di Milano (Italia), American Institute of Architects, Washington DC (USA), Hoxton Gallery, London (UK), Columbia University New York (USA), Cornell University (USA), Casa de Asturias de Bruselas (B\u00e9lgica), KTH Stockholm (Suecia), Paris-Val de Seine (Francia), Azrieli School of Architecture &amp; Urbanism, Ottawa (Canad\u00e1), Universidad de Nablus en Jerusal\u00e9n (Israel) y publicados en diferentes art\u00edculos, revistas y libros. Ha sido distinguido con el Premio Torres Clav\u00e9 a la mejor obra construida de 2005\/2007 del Colegio de Arquitectos de C\u00e1diz.<\/p>\n<p>ORCID iD: <span style=\"text-decoration: underline;\"><strong><span style=\"color: #808080; text-decoration: underline;\"><a style=\"color: #808080; text-decoration: underline;\" href=\"https:\/\/orcid.org\/0000-0002-1182-1694\">0000-0002-1182-1694<\/a><\/span><\/strong><\/span> <strong><span style=\"color: #808080;\">\u00a0<\/span><\/strong><span style=\"text-decoration: underline;\"><strong><span style=\"color: #808080; text-decoration: underline;\"><a style=\"color: #808080;\" href=\"https:\/\/orcid.org\/0000-0002-1182-1694\"><img loading=\"lazy\" decoding=\"async\" class=\"alignnone wp-image-894\" src=\"https:\/\/grupo.us.es\/hac\/wp-content\/uploads\/2018\/02\/Orcid.png\" alt=\"\" width=\"28\" height=\"28\" srcset=\"https:\/\/grupo.us.es\/hac\/wp-content\/uploads\/2018\/02\/Orcid.png 225w, https:\/\/grupo.us.es\/hac\/wp-content\/uploads\/2018\/02\/Orcid-150x150.png 150w\" sizes=\"(max-width: 28px) 100vw, 28px\" \/><\/a><\/span><\/strong><\/span><\/p>\n<p>[\/et_pb_text][et_pb_button _builder_version=\u00bb3.0.89&#8243; button_text=\u00bbVER PRODUCCI\u00d3N CIENT\u00cdFICA \u00bb button_url=\u00bbhttps:\/\/investigacion.us.es\/sisius\/sis_showpub.php?idpers=7216&#8243; url_new_window=\u00bbon\u00bb background_layout=\u00bblight\u00bb custom_button=\u00bbon\u00bb button_icon_placement=\u00bbright\u00bb module_class=\u00bbboton-personal\u00bb button_text_size=\u00bb15&#8243; button_text_color=\u00bb#000000&#8243; button_border_width=\u00bb1&#8243; button_border_color=\u00bb#000000&#8243; button_border_radius=\u00bb0&#8243; \/][\/et_pb_column][\/et_pb_row][\/et_pb_section]<\/p>\n","protected":false},"excerpt":{"rendered":"<p><div class=\"et_pb_row et_pb_row_0 et_pb_row_empty\">\n\t\t\t\t\n\t\t\t\t\n\t\t\t\t\n\t\t\t\t\n\t\t\t\t\n\t\t\t<\/div> Julio Barreno-Guti\u00e9rrez Dr Arquitecto Doctor Arquitecto con la Tesis Doctoral \u201cAcciones y reacciones. Una mirada a la arquitectura a trav\u00e9s de sus fragmentos din\u00e1micos\u201d (2015).\u00a0Es profesor Contratado Doctor del Dpto. de Proyectos Arquitect\u00f3nicos en la Universidad de Sevilla. Ha sido coordinador de varios proyectos de innovaci\u00f3n docente. Adem\u00e1s ha impartido docencia, talleres y conferencias [&hellip;]<\/p>\n","protected":false},"author":2,"featured_media":0,"parent":4626,"menu_order":0,"comment_status":"closed","ping_status":"closed","template":"","meta":{"_et_pb_use_builder":"on","_et_pb_old_content":"","_et_gb_content_width":"","wpupg_custom_link":[],"wpupg_custom_link_behaviour":["default"],"wpupg_custom_link_nofollow":[],"wpupg_custom_image":[],"wpupg_custom_image_id":[],"footnotes":""},"class_list":["post-536","page","type-page","status-publish","hentry"],"_links":{"self":[{"href":"https:\/\/grupo.us.es\/hac\/wp-json\/wp\/v2\/pages\/536","targetHints":{"allow":["GET"]}}],"collection":[{"href":"https:\/\/grupo.us.es\/hac\/wp-json\/wp\/v2\/pages"}],"about":[{"href":"https:\/\/grupo.us.es\/hac\/wp-json\/wp\/v2\/types\/page"}],"author":[{"embeddable":true,"href":"https:\/\/grupo.us.es\/hac\/wp-json\/wp\/v2\/users\/2"}],"replies":[{"embeddable":true,"href":"https:\/\/grupo.us.es\/hac\/wp-json\/wp\/v2\/comments?post=536"}],"version-history":[{"count":1,"href":"https:\/\/grupo.us.es\/hac\/wp-json\/wp\/v2\/pages\/536\/revisions"}],"predecessor-version":[{"id":10050,"href":"https:\/\/grupo.us.es\/hac\/wp-json\/wp\/v2\/pages\/536\/revisions\/10050"}],"up":[{"embeddable":true,"href":"https:\/\/grupo.us.es\/hac\/wp-json\/wp\/v2\/pages\/4626"}],"wp:attachment":[{"href":"https:\/\/grupo.us.es\/hac\/wp-json\/wp\/v2\/media?parent=536"}],"curies":[{"name":"wp","href":"https:\/\/api.w.org\/{rel}","templated":true}]}}