{"id":509,"date":"2018-01-26T09:35:44","date_gmt":"2018-01-26T09:35:44","guid":{"rendered":"http:\/\/grupo.us.es\/hac\/?page_id=509\/"},"modified":"2025-12-08T09:59:41","modified_gmt":"2025-12-08T09:59:41","slug":"santiago-quesada-garcia","status":"publish","type":"page","link":"https:\/\/grupo.us.es\/hac\/quienes-somos\/santiago-quesada-garcia\/","title":{"rendered":"Santiago Quesada"},"content":{"rendered":"<p>[et_pb_section fb_built=\u00bb1&#8243; _builder_version=\u00bb4.16&#8243; global_colors_info=\u00bb{}\u00bb][et_pb_row _builder_version=\u00bb4.16&#8243; global_colors_info=\u00bb{}\u00bb column_structure=\u00bb1_3,2_3&#8243;][et_pb_column type=\u00bb1_3&#8243; _builder_version=\u00bb4.16&#8243; custom_padding=\u00bb|||\u00bb global_colors_info=\u00bb{}\u00bb custom_padding__hover=\u00bb|||\u00bb][et_pb_image src=\u00bbhttps:\/\/grupo.us.es\/hac\/wp-content\/uploads\/2018\/01\/santiago.jpg.jpg\u00bb align_tablet=\u00bbcenter\u00bb align_last_edited=\u00bbon|desktop\u00bb module_class=\u00bbfoto-personal\u00bb _builder_version=\u00bb4.16&#8243; always_center_on_mobile=\u00bbon\u00bb global_colors_info=\u00bb{}\u00bb align_phone=\u00bbcenter\u00bb][\/et_pb_image][et_pb_text _builder_version=\u00bb4.16&#8243; global_colors_info=\u00bb{}\u00bb]<\/p>\n<h4 style=\"text-align: center;\"><strong>Santiago Quesada-Garc\u00eda<\/strong><\/h4>\n<p style=\"text-align: center;\"><strong><em>Dr. Arquitecto<\/em><\/strong><\/p>\n<p>[\/et_pb_text][\/et_pb_column][et_pb_column type=\u00bb2_3&#8243; _builder_version=\u00bb4.16&#8243; custom_padding=\u00bb|||\u00bb global_colors_info=\u00bb{}\u00bb custom_padding__hover=\u00bb|||\u00bb][et_pb_text module_class=\u00bbtexto-personal\u00bb _builder_version=\u00bb4.24.3&#8243; hover_enabled=\u00bb0&#8243; global_colors_info=\u00bb{}\u00bb sticky_enabled=\u00bb0&#8243;]<\/p>\n<p>Dr. Arquitecto, Premio Extraordinario de Doctorado por la Universidad de Sevilla<em>.<\/em> M\u00e1ster en Dom\u00f3tica y Hogar Digital por la E.T.S. de Ingenier\u00eda de Telecomunicaci\u00f3n de la Universidad Polit\u00e9cnica de Madrid. Profesor Titular de Universidad en el Departamento de Proyectos Arquitect\u00f3nicos, es miembro del Programa de Doctorado en Arquitectura de la Universidad de Sevilla y ha formado parte del equipo docente del programa de doctorado en <em><a href=\"http:\/\/www.dottorato.polimi.it\/fileadmin\/user_upload\/schede_corsi\/PROGARCHURB\/PF_33_PAUI.pdf\" target=\"_blank\" rel=\"noopener\"><span style=\"color: #333333;\">Progettazione architettonica, urbana e degli interni <\/span><\/a><\/em>del Polit\u00e9cnico de Mil\u00e1n.\u200b Es el Investigador Principal responsable del grupo de investigaci\u00f3n <em>Healthy Architecture and City.<\/em><\/p>\n<p>Ha sido director de la Escuela T\u00e9cnica Superior de Arquitectura de M\u00e1laga (2012-2015). Visiting Professor en el Polit\u00e9cnico de Mil\u00e1n (2004, 2019), Universidad Polit\u00e9cnica El Salvador (2001) Institut d&#8217;Architecture La Cambre, Bruselas (1992,1995). Director de los Talleres Internacionales de Arquitectura de la Universidad Internacional de Andaluc\u00eda, sede Antonio Machado (1999-2008)<\/p>\n<p>Miembro experto del Grupo Estatal de Demencias, equipo que ha redactado el Plan Nacional de Alzheimer (2018-2022). Forma parte del comit\u00e9 cient\u00edfico de la colecci\u00f3n editorial <em>European Practice<\/em> en Mil\u00e1n. Es Investigador Principal de Proyectos de Investigaci\u00f3n I+D+i del Ministerio de Ciencia e Innovaci\u00f3n y evaluador de la Agencia Estatal de Investigaci\u00f3n (AEI). Su transferencia de conocimiento se concreta hasta el momento en una patente, un modelo de utilidad, cinco dise\u00f1os industriales y tres marcas.<\/p>\n<p>ORCID iD:\u00a0<strong><span style=\"color: #808080;\"><a style=\"color: #808080;\" href=\"https:\/\/orcid.org\/0000-0002-6108-459X\"><span style=\"text-decoration: underline;\">0000-0002-6108-459X<\/span><\/a>\u00a0\u00a0<\/span><\/strong><strong><span style=\"color: #808080;\"><a style=\"color: #808080;\" href=\"https:\/\/orcid.org\/0000-0002-6108-459X\"><img loading=\"lazy\" decoding=\"async\" class=\"alignnone wp-image-894\" src=\"https:\/\/grupo.us.es\/hac\/wp-content\/uploads\/2018\/02\/Orcid.png\" alt=\"\" width=\"28\" height=\"28\" srcset=\"https:\/\/grupo.us.es\/hac\/wp-content\/uploads\/2018\/02\/Orcid.png 225w, https:\/\/grupo.us.es\/hac\/wp-content\/uploads\/2018\/02\/Orcid-150x150.png 150w\" sizes=\"(max-width: 28px) 100vw, 28px\" \/><\/a><\/span><\/strong><\/p>\n<p>[\/et_pb_text][et_pb_button button_url=\u00bbhttps:\/\/bibliometria.us.es\/prisma\/investigador\/3423&#8243; url_new_window=\u00bbon\u00bb button_text=\u00bbVER PRODUCCI\u00d3N CIENT\u00cdFICA \u00bb module_class=\u00bbboton-personal\u00bb _builder_version=\u00bb4.16&#8243; custom_button=\u00bbon\u00bb button_text_size=\u00bb15&#8243; button_text_color=\u00bb#000000&#8243; button_border_width=\u00bb1&#8243; button_border_color=\u00bb#000000&#8243; button_border_radius=\u00bb0&#8243; global_colors_info=\u00bb{}\u00bb button_text_size__hover_enabled=\u00bboff\u00bb button_one_text_size__hover_enabled=\u00bboff\u00bb button_two_text_size__hover_enabled=\u00bboff\u00bb button_text_color__hover_enabled=\u00bboff\u00bb button_one_text_color__hover_enabled=\u00bboff\u00bb button_two_text_color__hover_enabled=\u00bboff\u00bb button_border_width__hover_enabled=\u00bboff\u00bb button_one_border_width__hover_enabled=\u00bboff\u00bb button_two_border_width__hover_enabled=\u00bboff\u00bb button_border_color__hover_enabled=\u00bboff\u00bb button_one_border_color__hover_enabled=\u00bboff\u00bb button_two_border_color__hover_enabled=\u00bboff\u00bb button_border_radius__hover_enabled=\u00bboff\u00bb button_one_border_radius__hover_enabled=\u00bboff\u00bb button_two_border_radius__hover_enabled=\u00bboff\u00bb button_letter_spacing__hover_enabled=\u00bboff\u00bb button_one_letter_spacing__hover_enabled=\u00bboff\u00bb button_two_letter_spacing__hover_enabled=\u00bboff\u00bb button_bg_color__hover_enabled=\u00bboff\u00bb button_one_bg_color__hover_enabled=\u00bboff\u00bb button_two_bg_color__hover_enabled=\u00bboff\u00bb][\/et_pb_button][\/et_pb_column][\/et_pb_row][\/et_pb_section]<\/p>\n","protected":false},"excerpt":{"rendered":"<p>Santiago Quesada-Garc\u00eda Dr. Arquitecto Dr. Arquitecto, Premio Extraordinario de Doctorado por la Universidad de Sevilla. M\u00e1ster en Dom\u00f3tica y Hogar Digital por la E.T.S. de Ingenier\u00eda de Telecomunicaci\u00f3n de la Universidad Polit\u00e9cnica de Madrid. Profesor Titular de Universidad en el Departamento de Proyectos Arquitect\u00f3nicos, es miembro del Programa de Doctorado en Arquitectura de la Universidad [&hellip;]<\/p>\n","protected":false},"author":2,"featured_media":0,"parent":4626,"menu_order":0,"comment_status":"closed","ping_status":"closed","template":"","meta":{"_et_pb_use_builder":"on","_et_pb_old_content":"","_et_gb_content_width":"","wpupg_custom_link":[],"wpupg_custom_link_behaviour":["default"],"wpupg_custom_link_nofollow":[],"wpupg_custom_image":[],"wpupg_custom_image_id":[],"footnotes":""},"class_list":["post-509","page","type-page","status-publish","hentry"],"_links":{"self":[{"href":"https:\/\/grupo.us.es\/hac\/wp-json\/wp\/v2\/pages\/509","targetHints":{"allow":["GET"]}}],"collection":[{"href":"https:\/\/grupo.us.es\/hac\/wp-json\/wp\/v2\/pages"}],"about":[{"href":"https:\/\/grupo.us.es\/hac\/wp-json\/wp\/v2\/types\/page"}],"author":[{"embeddable":true,"href":"https:\/\/grupo.us.es\/hac\/wp-json\/wp\/v2\/users\/2"}],"replies":[{"embeddable":true,"href":"https:\/\/grupo.us.es\/hac\/wp-json\/wp\/v2\/comments?post=509"}],"version-history":[{"count":1,"href":"https:\/\/grupo.us.es\/hac\/wp-json\/wp\/v2\/pages\/509\/revisions"}],"predecessor-version":[{"id":7526,"href":"https:\/\/grupo.us.es\/hac\/wp-json\/wp\/v2\/pages\/509\/revisions\/7526"}],"up":[{"embeddable":true,"href":"https:\/\/grupo.us.es\/hac\/wp-json\/wp\/v2\/pages\/4626"}],"wp:attachment":[{"href":"https:\/\/grupo.us.es\/hac\/wp-json\/wp\/v2\/media?parent=509"}],"curies":[{"name":"wp","href":"https:\/\/api.w.org\/{rel}","templated":true}]}}