{"id":4816,"date":"2023-06-28T16:28:55","date_gmt":"2023-06-28T16:28:55","guid":{"rendered":"https:\/\/grupo.us.es\/hac\/?page_id=4816\/"},"modified":"2023-08-11T09:59:17","modified_gmt":"2023-08-11T09:59:17","slug":"contacto","status":"publish","type":"page","link":"https:\/\/grupo.us.es\/hac\/contacto\/","title":{"rendered":"CONTACTO"},"content":{"rendered":"<p>[et_pb_section bb_built=\u00bb1&#8243;][et_pb_row _builder_version=\u00bb3.0.89&#8243; background_position=\u00bbtop_left\u00bb background_repeat=\u00bbrepeat\u00bb background_size=\u00bbinitial\u00bb][et_pb_column type=\u00bb4_4&#8243;][et_pb_text _builder_version=\u00bb3.0.89&#8243; background_layout=\u00bblight\u00bb]<\/p>\n<h3 style=\"text-align: center;\"><strong>CONTACTA CON NOSOTROS<\/strong><\/h3>\n<p>[\/et_pb_text][\/et_pb_column][\/et_pb_row][et_pb_row _builder_version=\u00bb3.0.89&#8243; width_unit=\u00bboff\u00bb use_custom_gutter=\u00bbon\u00bb gutter_width=\u00bb2&#8243;][et_pb_column type=\u00bb1_2&#8243;][et_pb_divider _builder_version=\u00bb3.0.89&#8243; height=\u00bb8px\u00bb \/][et_pb_image _builder_version=\u00bb3.0.89&#8243; src=\u00bbhttps:\/\/grupo.us.es\/hac\/wp-content\/uploads\/2023\/07\/ETSA-Sevilla-2-1.jpg\u00bb show_in_lightbox=\u00bboff\u00bb url_new_window=\u00bboff\u00bb use_overlay=\u00bboff\u00bb always_center_on_mobile=\u00bbon\u00bb force_fullwidth=\u00bboff\u00bb show_bottom_space=\u00bbon\u00bb \/][et_pb_text _builder_version=\u00bb3.0.89&#8243; background_layout=\u00bblight\u00bb]<\/p>\n<h3 style=\"text-align: left;\"><span style=\"font-size: 18pt;\"><strong>D\u00f3nde estamos<\/strong><\/span><\/h3>\n<p>[\/et_pb_text][et_pb_image _builder_version=\u00bb3.0.89&#8243; src=\u00bbhttps:\/\/grupo.us.es\/hac\/wp-content\/uploads\/2023\/06\/universidad-sevilla.png\u00bb show_in_lightbox=\u00bboff\u00bb url_new_window=\u00bboff\u00bb use_overlay=\u00bboff\u00bb always_center_on_mobile=\u00bbon\u00bb force_fullwidth=\u00bbon\u00bb show_bottom_space=\u00bbon\u00bb \/][et_pb_text _builder_version=\u00bb3.0.89&#8243; background_layout=\u00bblight\u00bb]<\/p>\n<p><iframe loading=\"lazy\" style=\"border: 0;\" src=\"https:\/\/www.google.com\/maps\/embed?pb=!1m18!1m12!1m3!1d1585.6089654601287!2d-5.988233460999792!3d37.361019943023194!2m3!1f0!2f0!3f0!3m2!1i1024!2i768!4f13.1!3m3!1m2!1s0xd126c2ba9ac22a5%3A0x87c4bbb322596692!2sEscuela%20T%C3%A9cnica%20Superior%20de%20Arquitectura%20(ETSA)!5e0!3m2!1ses!2ses!4v1688126253830!5m2!1ses!2ses\" width=\"600\" height=\"250\" allowfullscreen=\"allowfullscreen\"><\/iframe><\/p>\n<p>[\/et_pb_text][\/et_pb_column][et_pb_column type=\u00bb1_2&#8243;][et_pb_text _builder_version=\u00bb3.0.89&#8243; background_layout=\u00bblight\u00bb custom_padding=\u00bb5px|||\u00bb]<\/p>\n<p>Si necesitas ayuda o informaci\u00f3n, no dudes en contactar con nosotros. Estaremos encantados de atenderte y asesorarte en lo que necesites.<\/p>\n<p>&nbsp;<\/p>\n<p>[\/et_pb_text][et_pb_contact_form _builder_version=\u00bb3.0.89&#8243; email=\u00bbhac@us.es\u00bb captcha=\u00bbon\u00bb use_redirect=\u00bboff\u00bb custom_button=\u00bbon\u00bb button_icon_placement=\u00bbleft\u00bb text_orientation=\u00bbleft\u00bb custom_css_before=\u00bb.et_contact_bottom_container {|| float: left !important;||}\u00bb]<\/p>\n<p>[et_pb_contact_field field_title=\u00bbNombre\u00bb field_type=\u00bbinput\u00bb field_id=\u00bbName\u00bb required_mark=\u00bbon\u00bb fullwidth_field=\u00bboff\u00bb _builder_version=\u00bb3.0.89&#8243; checkbox_checked=\u00bboff\u00bb checkbox_options=\u00bb%91{%22value%22:%22Nombre%22,%22checked%22:0}%93&#8243; radio_options=\u00bb%91{%22value%22:%22Nombre%22,%22checked%22:0}%93&#8243; select_options=\u00bb%91{%22value%22:%22Nombre%22,%22checked%22:0}%93&#8243; min_length=\u00bb0&#8243; max_length=\u00bb0&#8243; allowed_symbols=\u00bball\u00bb conditional_logic=\u00bboff\u00bb conditional_logic_relation=\u00bboff\u00bb conditional_logic_rules=\u00bb%91{%22field%22:%22email%22,%22condition%22:%22is%22,%22value%22:%22%22}%93&#8243; use_background_color_gradient=\u00bboff\u00bb background_color_gradient_start=\u00bb#2b87da\u00bb background_color_gradient_end=\u00bb#29c4a9&#8243; background_color_gradient_type=\u00bblinear\u00bb background_color_gradient_direction=\u00bb180deg\u00bb background_color_gradient_direction_radial=\u00bbcenter\u00bb background_color_gradient_start_position=\u00bb0%\u00bb background_color_gradient_end_position=\u00bb100%\u00bb background_color_gradient_overlays_image=\u00bboff\u00bb parallax=\u00bboff\u00bb parallax_method=\u00bbon\u00bb background_size=\u00bbcover\u00bb background_position=\u00bbcenter\u00bb background_repeat=\u00bbno-repeat\u00bb background_blend=\u00bbnormal\u00bb allow_player_pause=\u00bboff\u00bb \/][et_pb_contact_field field_title=\u00bbDirecci\u00f3n de correo electr\u00f3nico\u00bb field_type=\u00bbemail\u00bb field_id=\u00bbEmail\u00bb required_mark=\u00bbon\u00bb fullwidth_field=\u00bboff\u00bb _builder_version=\u00bb3.0.89&#8243; \/][et_pb_contact_field field_title=\u00bbMensaje\u00bb field_type=\u00bbtext\u00bb field_id=\u00bbMessage\u00bb required_mark=\u00bbon\u00bb fullwidth_field=\u00bbon\u00bb _builder_version=\u00bb3.0.89&#8243; \/][et_pb_contact_field _builder_version=\u00bb3.0.89&#8243; field_id=\u00bbaceptacion\u00bb field_title=\u00bbINFORMACI\u00d3N PROTECCI\u00d3N DE DATOS. Finalidades: Responder a sus solicitudes y remitirle informaci\u00f3n de nuestros productos y servicios, incluso por correo electr\u00f3nico. Legitimaci\u00f3n: Consentimiento del interesado. Destinatarios: No est\u00e1n previstas cesiones de datos. Derechos: Puede retirar su consentimiento en cualquier momento, as\u00ed como acceder, rectificar, suprimir sus datos y dem\u00e1s derechos en hac@us.es.\u00bb field_type=\u00bbcheckbox\u00bb checkbox_checked=\u00bboff\u00bb checkbox_options=\u00bb%91{%22value%22:%22Acepto la Pol\u00edtica de Privacidad%22,%22checked%22:0}%93&#8243; radio_options=\u00bb%91{%22value%22:%22%22,%22checked%22:0}%93&#8243; select_options=\u00bb%91{%22value%22:%22%22,%22checked%22:0}%93&#8243; min_length=\u00bb0&#8243; max_length=\u00bb0&#8243; allowed_symbols=\u00bball\u00bb required_mark=\u00bbon\u00bb conditional_logic=\u00bboff\u00bb conditional_logic_relation=\u00bboff\u00bb conditional_logic_rules=\u00bb%91{%22field%22:%22name%22,%22condition%22:%22is%22,%22value%22:%22%22}%93&#8243; use_background_color_gradient=\u00bboff\u00bb background_color_gradient_start=\u00bb#2b87da\u00bb background_color_gradient_end=\u00bb#29c4a9&#8243; background_color_gradient_type=\u00bblinear\u00bb background_color_gradient_direction=\u00bb180deg\u00bb background_color_gradient_direction_radial=\u00bbcenter\u00bb background_color_gradient_start_position=\u00bb0%\u00bb background_color_gradient_end_position=\u00bb100%\u00bb background_color_gradient_overlays_image=\u00bboff\u00bb parallax=\u00bboff\u00bb parallax_method=\u00bbon\u00bb background_size=\u00bbcover\u00bb background_position=\u00bbcenter\u00bb background_repeat=\u00bbno-repeat\u00bb background_blend=\u00bbnormal\u00bb allow_player_pause=\u00bboff\u00bb fullwidth_field=\u00bbon\u00bb \/]<\/p>\n<p>[\/et_pb_contact_form][et_pb_text _builder_version=\u00bb3.0.89&#8243; background_layout=\u00bblight\u00bb]<\/p>\n<p><span style=\"color: #333333;\">Informaci\u00f3n Adicional: puede ampliar la informaci\u00f3n en <a style=\"color: #333333;\" href=\"\/hac\/home\/politica-de-privacidad\/\">Pol\u00edtica de Privacidad<\/a><\/span><\/p>\n<p>[\/et_pb_text][\/et_pb_column][\/et_pb_row][\/et_pb_section]<\/p>\n","protected":false},"excerpt":{"rendered":"<p>CONTACTA CON NOSOTROS D\u00f3nde estamos Si necesitas ayuda o informaci\u00f3n, no dudes en contactar con nosotros. Estaremos encantados de atenderte y asesorarte en lo que necesites. &nbsp; Informaci\u00f3n Adicional: puede ampliar la informaci\u00f3n en Pol\u00edtica de Privacidad<\/p>\n","protected":false},"author":2,"featured_media":0,"parent":0,"menu_order":0,"comment_status":"closed","ping_status":"closed","template":"","meta":{"_et_pb_use_builder":"on","_et_pb_old_content":"","_et_gb_content_width":"","wpupg_custom_link":[],"wpupg_custom_link_behaviour":["default"],"wpupg_custom_link_nofollow":[],"wpupg_custom_image":[],"wpupg_custom_image_id":[],"footnotes":""},"class_list":["post-4816","page","type-page","status-publish","hentry"],"_links":{"self":[{"href":"https:\/\/grupo.us.es\/hac\/wp-json\/wp\/v2\/pages\/4816","targetHints":{"allow":["GET"]}}],"collection":[{"href":"https:\/\/grupo.us.es\/hac\/wp-json\/wp\/v2\/pages"}],"about":[{"href":"https:\/\/grupo.us.es\/hac\/wp-json\/wp\/v2\/types\/page"}],"author":[{"embeddable":true,"href":"https:\/\/grupo.us.es\/hac\/wp-json\/wp\/v2\/users\/2"}],"replies":[{"embeddable":true,"href":"https:\/\/grupo.us.es\/hac\/wp-json\/wp\/v2\/comments?post=4816"}],"version-history":[{"count":0,"href":"https:\/\/grupo.us.es\/hac\/wp-json\/wp\/v2\/pages\/4816\/revisions"}],"wp:attachment":[{"href":"https:\/\/grupo.us.es\/hac\/wp-json\/wp\/v2\/media?parent=4816"}],"curies":[{"name":"wp","href":"https:\/\/api.w.org\/{rel}","templated":true}]}}