{"id":4595,"date":"2023-06-16T21:22:18","date_gmt":"2023-06-16T21:22:18","guid":{"rendered":"https:\/\/grupo.us.es\/hac\/?page_id=4595\/"},"modified":"2025-12-08T09:59:19","modified_gmt":"2025-12-08T09:59:19","slug":"maria-lozano","status":"publish","type":"page","link":"https:\/\/grupo.us.es\/hac\/quienes-somos\/maria-lozano\/","title":{"rendered":"Mar\u00eda Lozano"},"content":{"rendered":"<p>[et_pb_section bb_built=\u00bb1&#8243; _builder_version=\u00bb3.0.89&#8243;][et_pb_row][et_pb_column type=\u00bb1_3&#8243;][et_pb_image _builder_version=\u00bb3.0.89&#8243; src=\u00bbhttps:\/\/grupo.us.es\/hac\/wp-content\/uploads\/2023\/06\/FOTO-PERFIL_MARIA-LOZANO-GOMEZ_HAC-2.jpg\u00bb show_in_lightbox=\u00bboff\u00bb url_new_window=\u00bboff\u00bb use_overlay=\u00bboff\u00bb always_center_on_mobile=\u00bbon\u00bb force_fullwidth=\u00bboff\u00bb show_bottom_space=\u00bbon\u00bb module_class=\u00bbfoto-personal\u00bb \/][et_pb_text _builder_version=\u00bb3.0.89&#8243; background_layout=\u00bblight\u00bb]<\/p>\n<h4 style=\"text-align: center;\"><strong>MAR\u00cdA LOZANO-G\u00d3MEZ<\/strong><\/h4>\n<p style=\"text-align: center;\"><strong><em>Arquitecta<\/em><\/strong><\/p>\n<p>[\/et_pb_text][\/et_pb_column][et_pb_column type=\u00bb2_3&#8243;][et_pb_text _builder_version=\u00bb3.0.89&#8243; background_layout=\u00bblight\u00bb module_class=\u00bbtexto-personal\u00bb]<\/p>\n<p>Graduada en Fundamentos de Arquitectura (2021) y posterior titulaci\u00f3n como Arquitecto, habiendo cursado el M\u00e1ster habilitante (2022) en la Escuela T\u00e9cnica Superior de Arquitectura de la Universidad de Sevilla, inicia sus estudios de doctorado en Arquitectura en el a\u00f1o 2022. Durante su formaci\u00f3n profesional tuvo la oportunidad de iniciarse en aspectos y tareas investigadoras, en concreto estudiando c\u00f3mo la arquitectura juega un papel esencial en la salud de las personas, realizando su Trabajo Fin de Grado titulado \u201cNeuroarquitectura. Criterios de dise\u00f1o extra\u00eddos del an\u00e1lisis bibliogr\u00e1fico y su desarrollo en los Maggie\u2019s Centre\u201d. Posteriormente pudo aplicar las conclusiones obtenidas a un proyecto real en su Proyecto Fin de Carrera que tuvo como objeto desarrollar una vivienda para personas con enfermedad de Alzheimer. A ra\u00edz de ello descubri\u00f3 una vertiente de aportar conocimiento de beneficio popular, que logr\u00f3 apasionarle. Es co-autora de la publicaci\u00f3n \u201cActive and Assisted Living, a Practice for the Ageing Population and People with Cognitive Disabilities: An Architectural Perspective\u201d (2023). Actualmente es personal de investigaci\u00f3n de la Universidad de Sevilla en el departamento de Proyectos Arquitect\u00f3nicos, y trabaja en el proyecto de investigaci\u00f3n I+D+i ALZARQ, en el que desde el mes de junio de 2023 est\u00e1 llevando a cabo actividades relacionadas con las variables espaciales, ambientales y arquitect\u00f3nicas que influyen en la capacidad funcional de la vida diaria en personas con enfermedad de Alzheimer.<\/p>\n<p>ORCID iD: <strong><a href=\"https:\/\/orcid.org\/0000-0002-2815-3549\"><span style=\"color: #808080;\">0000-0002-2815-3549<\/span>\u00a0<\/a> \u00a0<a href=\"https:\/\/orcid.org\/0000-0002-2815-3549\"><img loading=\"lazy\" decoding=\"async\" class=\"alignnone wp-image-894\" src=\"https:\/\/grupo.us.es\/hac\/wp-content\/uploads\/2018\/02\/Orcid.png\" sizes=\"(max-width: 28px) 100vw, 28px\" srcset=\"https:\/\/grupo.us.es\/hac\/wp-content\/uploads\/2018\/02\/Orcid.png 225w, https:\/\/grupo.us.es\/hac\/wp-content\/uploads\/2018\/02\/Orcid-150x150.png 150w\" alt=\"\" width=\"28\" height=\"28\" \/><\/a><\/strong><\/p>\n<p>[\/et_pb_text][et_pb_button _builder_version=\u00bb3.0.89&#8243; button_text=\u00bbVER PRODUCCI\u00d3N CIENT\u00cdFICA \u00bb button_url=\u00bbhttps:\/\/orcid.org\/0000-0002-2815-3549&#8243; url_new_window=\u00bbon\u00bb background_layout=\u00bblight\u00bb custom_button=\u00bbon\u00bb button_icon_placement=\u00bbright\u00bb module_class=\u00bbboton-personal\u00bb button_text_size=\u00bb15&#8243; button_text_color=\u00bb#000000&#8243; button_border_width=\u00bb1&#8243; button_border_color=\u00bb#000000&#8243; button_border_radius=\u00bb0&#8243; \/][\/et_pb_column][\/et_pb_row][\/et_pb_section]<\/p>\n","protected":false},"excerpt":{"rendered":"<p><div class=\"et_pb_row et_pb_row_0 et_pb_row_empty\">\n\t\t\t\t\n\t\t\t\t\n\t\t\t\t\n\t\t\t\t\n\t\t\t\t\n\t\t\t<\/div> MAR\u00cdA LOZANO-G\u00d3MEZ Arquitecta Graduada en Fundamentos de Arquitectura (2021) y posterior titulaci\u00f3n como Arquitecto, habiendo cursado el M\u00e1ster habilitante (2022) en la Escuela T\u00e9cnica Superior de Arquitectura de la Universidad de Sevilla, inicia sus estudios de doctorado en Arquitectura en el a\u00f1o 2022. Durante su formaci\u00f3n profesional tuvo la oportunidad de iniciarse en aspectos [&hellip;]<\/p>\n","protected":false},"author":2,"featured_media":0,"parent":4626,"menu_order":0,"comment_status":"closed","ping_status":"closed","template":"","meta":{"_et_pb_use_builder":"on","_et_pb_old_content":"","_et_gb_content_width":"","wpupg_custom_link":[],"wpupg_custom_link_behaviour":["default"],"wpupg_custom_link_nofollow":[],"wpupg_custom_image":[],"wpupg_custom_image_id":[],"footnotes":""},"class_list":["post-4595","page","type-page","status-publish","hentry"],"_links":{"self":[{"href":"https:\/\/grupo.us.es\/hac\/wp-json\/wp\/v2\/pages\/4595","targetHints":{"allow":["GET"]}}],"collection":[{"href":"https:\/\/grupo.us.es\/hac\/wp-json\/wp\/v2\/pages"}],"about":[{"href":"https:\/\/grupo.us.es\/hac\/wp-json\/wp\/v2\/types\/page"}],"author":[{"embeddable":true,"href":"https:\/\/grupo.us.es\/hac\/wp-json\/wp\/v2\/users\/2"}],"replies":[{"embeddable":true,"href":"https:\/\/grupo.us.es\/hac\/wp-json\/wp\/v2\/comments?post=4595"}],"version-history":[{"count":1,"href":"https:\/\/grupo.us.es\/hac\/wp-json\/wp\/v2\/pages\/4595\/revisions"}],"predecessor-version":[{"id":10051,"href":"https:\/\/grupo.us.es\/hac\/wp-json\/wp\/v2\/pages\/4595\/revisions\/10051"}],"up":[{"embeddable":true,"href":"https:\/\/grupo.us.es\/hac\/wp-json\/wp\/v2\/pages\/4626"}],"wp:attachment":[{"href":"https:\/\/grupo.us.es\/hac\/wp-json\/wp\/v2\/media?parent=4595"}],"curies":[{"name":"wp","href":"https:\/\/api.w.org\/{rel}","templated":true}]}}