{"id":4511,"date":"2023-06-14T22:13:34","date_gmt":"2023-06-14T22:13:34","guid":{"rendered":"https:\/\/grupo.us.es\/hac\/?page_id=4511\/"},"modified":"2024-11-22T21:06:38","modified_gmt":"2024-11-22T21:06:38","slug":"publicaciones","status":"publish","type":"page","link":"https:\/\/grupo.us.es\/hac\/difusion\/publicaciones\/","title":{"rendered":"Publicaciones"},"content":{"rendered":"<p>[et_pb_section fb_built=\u00bb1&#8243; _builder_version=\u00bb4.16&#8243; global_colors_info=\u00bb{}\u00bb][et_pb_row _builder_version=\u00bb4.16&#8243; background_size=\u00bbinitial\u00bb background_position=\u00bbtop_left\u00bb background_repeat=\u00bbrepeat\u00bb global_colors_info=\u00bb{}\u00bb][et_pb_column type=\u00bb4_4&#8243; _builder_version=\u00bb4.16&#8243; custom_padding=\u00bb|||\u00bb global_colors_info=\u00bb{}\u00bb custom_padding__hover=\u00bb|||\u00bb][et_pb_text _builder_version=\u00bb4.27.2&#8243; global_colors_info=\u00bb{}\u00bb]<\/p>\n<h3 style=\"text-align: center;\"><strong>ULTIMAS PUBLICACIONES<\/strong><\/h3>\n<p>[\/et_pb_text][\/et_pb_column][\/et_pb_row][et_pb_row column_structure=\u00bb1_2,1_2&#8243; _builder_version=\u00bb4.16&#8243; background_size=\u00bbinitial\u00bb background_position=\u00bbtop_left\u00bb background_repeat=\u00bbrepeat\u00bb global_colors_info=\u00bb{}\u00bb][et_pb_column type=\u00bb1_2&#8243; _builder_version=\u00bb4.16&#8243; custom_padding=\u00bb|||\u00bb global_colors_info=\u00bb{}\u00bb custom_padding__hover=\u00bb|||\u00bb][et_pb_text _builder_version=\u00bb4.27.2&#8243; hover_enabled=\u00bb0&#8243; global_colors_info=\u00bb{}\u00bb sticky_enabled=\u00bb0&#8243;]<\/p>\n<h4><strong><span style=\"color: #333333; font-size: 11pt;\"><a href=\"https:\/\/grupo.us.es\/hac\/guias-arquitectura-y-alzheimer\/\" target=\"_blank\" rel=\"noopener\">GU\u00cdAS DIVULGATIVAS<\/a><\/span><\/strong><\/h4>\n<p><span style=\"color: #808080;\"><a style=\"color: #808080;\" href=\"https:\/\/grupo.us.es\/hac\/wp-content\/uploads\/2024\/11\/Guia-divulgativa-1.pdf\" target=\"_blank\" rel=\"noopener\"><strong>2024<\/strong><\/a><em>.<a href=\"https:\/\/grupo.us.es\/hac\/wp-content\/uploads\/2024\/11\/Guia-divulgativa-1.pdf\" target=\"_blank\" rel=\"noopener\"> Recomendaciones y consejos pr\u00e1cticos para adaptar la casa para personas con alzh\u00e9imer y sus cuidadores<\/a><br \/><\/em><\/span><\/p>\n<p><span style=\"color: #808080;\"><a style=\"color: #808080;\" href=\"https:\/\/grupo.us.es\/hac\/wp-content\/uploads\/2024\/11\/Guia-divulgativa-2.pdf\" target=\"_blank\" rel=\"noopener\"><strong>2024<\/strong><em>.\u00a0<\/em><\/a><a href=\"https:\/\/grupo.us.es\/hac\/wp-content\/uploads\/2024\/11\/Guia-divulgativa-2.pdf\" target=\"_blank\" rel=\"noopener\"><em style=\"caret-color: #808080;\">Residencias para personas con alzh\u00e9imer: requisitos, caracter\u00edsticas, organizaci\u00f3n, distribuci\u00f3n<\/em><\/a><\/span><\/p>\n<p><a href=\"https:\/\/grupo.us.es\/hac\/guias-arquitectura-y-alzheimer\/\" target=\"_blank\" rel=\"noopener\"><img loading=\"lazy\" decoding=\"async\" class=\"wp-image-8511\" src=\"https:\/\/grupo.us.es\/hac\/wp-content\/uploads\/2024\/11\/Guia-2-residencias-alzheimer-web.jpg\" alt=\"\" width=\"556\" height=\"401\" srcset=\"https:\/\/grupo.us.es\/hac\/wp-content\/uploads\/2024\/11\/Guia-2-residencias-alzheimer-web.jpg 556w, https:\/\/grupo.us.es\/hac\/wp-content\/uploads\/2024\/11\/Guia-2-residencias-alzheimer-web-480x346.jpg 480w\" sizes=\"(min-width: 0px) and (max-width: 480px) 480px, (min-width: 481px) 556px, 100vw\" \/><\/a><\/p>\n<p>&nbsp;<\/p>\n<p>&nbsp;<\/p>\n<h4><strong><span style=\"color: #333333; font-size: 11pt;\">LIBROS y CAP\u00cdTULOS DE LIBROS<\/span><\/strong><\/h4>\n<p><a href=\"https:\/\/hdl.handle.net\/11441\/164801\" target=\"_blank\" rel=\"noopener\"><span style=\"color: #808080;\"><strong>2024<\/strong>.<em> Inteligencia Artificial aplicada a la neuroarquitectura para el dise\u00f1o de entornos educacionales destinados a personas con demencia de Alzheimer<\/em><\/span><\/a><\/p>\n<p><span style=\"color: #808080;\"><a style=\"color: #808080;\" href=\"https:\/\/www.santiagoquesada.com\/publicaciones\/libros\/\" target=\"_blank\" rel=\"noopener\"><b><strong>2023. <\/strong><\/b><em>T<\/em><em>orres, castillos e infraestructuras andalus\u00edes en la Sierra de Segura.Caracterizaci\u00f3n territorial, espacial, m\u00e9trica y constructiva. Resultados del #Proyecto<\/em><b style=\"caret-color: #808080;\"><em><strong>Segura<\/strong><\/em><\/b><\/a><\/span><\/p>\n<p id=\"titulo\"><span style=\"color: #808080;\"><a style=\"color: #808080;\" href=\"https:\/\/dialnet.unirioja.es\/servlet\/articulo?codigo=8725077\" target=\"_blank\" rel=\"noopener\"><strong>2022<\/strong>. <em>Intervenciones en el Alc\u00e1zar-Palacio de Estepa (Sevilla), <\/em>en libro: <em>Intervenci\u00f3n arquitect\u00f3nica y dise\u00f1o urbano en contextos hist\u00f3ricos<\/em><\/a><\/span><\/p>\n<p id=\"titulo\"><span style=\"color: #808080;\"><a style=\"color: #808080;\" href=\"https:\/\/dialnet.unirioja.es\/servlet\/articulo?codigo=8725096\" target=\"_blank\" rel=\"noopener\"><strong>2022<\/strong><em>. Flexibilidad e indeterminaci\u00f3n en el espacio dom\u00e9stico contempor\u00e1neo<\/em><\/a><\/span><\/p>\n<p><span style=\"color: #808080;\"><a style=\"color: #808080;\" href=\"https:\/\/www.taylorfrancis.com\/books\/e\/9780429469060\/chapters\/10.4324\/9780429469060-48\" target=\"_blank\" rel=\"noopener\"><b><strong>2020<\/strong>.<\/b><em> Architecture,<\/em> <em>cap\u00edtulo de libro en: The Routledge Companion to Health Humanities<\/em><\/a><\/span><\/p>\n<p><span style=\"color: #808080;\"><a style=\"color: #808080;\" href=\"https:\/\/www.amazon.es\/sistema-torres-musulmanas-Sierra-Segura\/dp\/8412078616\/ref=sr_1_1?__mk_es_ES=\u00c5M\u00c5\u017d\u00d5\u00d1&amp;keywords=9788412078619&amp;qid=1567186021&amp;s=books&amp;sr=1-\" target=\"_blank\" rel=\"noopener\"><b><strong>2019.<\/strong><\/b><em> El sistema de torres musulmanas de la Sierra de Segura. Una contribuci\u00f3n al paisaje y el patrimonio rural de al-Andalus. #Proyecto<\/em><b><em><strong>Segura<\/strong><\/em><\/b><\/a><\/span><\/p>\n<h4>\u00a0<\/h4>\n<h4>\u00a0<\/h4>\n<h4><strong><span style=\"color: #333333; font-size: 11pt;\">ART\u00cdCULOS<\/span><\/strong><\/h4>\n<p><span style=\"color: #808080;\"><a style=\"color: #808080;\" href=\"https:\/\/doi.org\/10.3390\/buildings14103307\" target=\"_blank\" rel=\"noopener\"><strong>2024. <\/strong><em>Residential Care Facilities for Users with Alzheimer\u2019s Disease: Characterisation of Their Architectural Typology<\/em><\/a><\/span><\/p>\n<p><span style=\"color: #808080;\"><a style=\"color: #808080;\" href=\"https:\/\/doi.org\/10.3390\/buildings13082001\" target=\"_blank\" rel=\"noopener\"><strong>2023. <\/strong><em>Towards a Healthy Architecture: A New Paradigm in the Design and Construction of Buildings<\/em><\/a><\/span><\/p>\n<p><span style=\"color: #808080;\"><a style=\"color: #808080;\" href=\"https:\/\/www.mdpi.com\/1660-4601\/20\/10\/5886\" target=\"_blank\" rel=\"noopener\"><strong>2023. <\/strong><em>Active and Assisted Living, a Practice for the Ageing Population and People with Cognitive Disabilities: An Architectural Perspective<\/em><\/a><\/span><\/p>\n<p><span style=\"color: #808080;\"><a style=\"color: #808080;\" href=\"http:\/\/revistas.uach.cl\/index.php\/aus\/article\/view\/6764\/7872\" target=\"_blank\" rel=\"noopener\"><strong>2022. <\/strong><\/a><a style=\"color: #808080;\" href=\"http:\/\/revistas.uach.cl\/index.php\/aus\/article\/view\/6764\/7872\" target=\"_blank\" rel=\"noopener\"><em>La arquitectura de las infraestructuras o la construcci\u00f3n de paisajes contempor\u00e1neos<\/em><\/a><\/span><\/p>\n<p><span style=\"color: #808080;\"><a style=\"color: #808080;\" href=\"https:\/\/www.sciencedirect.com\/science\/article\/pii\/S0305748822000044\" target=\"_blank\" rel=\"noopener\"><strong>2022<\/strong><em><strong>. <\/strong>A\u00a0cartography of al-Andalus\u2019 landscape: Mapping settlements of Muslim agricultural colonization in Europe applying GIS techniques<\/em><\/a><\/span><span style=\"color: #808080;\">\u00a0<\/span><\/p>\n<p>&nbsp;<\/p>\n<p><strong><span style=\"color: #333333; font-size: 11pt;\">P\u00d3STERS<\/span><\/strong><\/p>\n<p><span style=\"color: #808080;\"><a style=\"color: #808080;\" href=\"https:\/\/grupo.us.es\/hac\/wp-content\/uploads\/2023\/12\/DET_DIF_C230919_Poster_V01.jpg\" target=\"_blank\" rel=\"noopener\"><strong>2023<\/strong><em>. Adaptaci\u00f3n espacial del entorno habitacional a personas con alzh\u00e9imer: Avance de resultados para un manual de buenas pr\u00e1cticas<\/em><\/a><\/span><\/p>\n<p><span style=\"color: #808080;\"><a style=\"color: #808080;\" href=\"https:\/\/grupo.us.es\/hac\/wp-content\/uploads\/2018\/02\/Poster-Lisboa.pdf\" target=\"_blank\" rel=\"noopener\"><strong>2017<\/strong><em>. Nuevas t\u00e9cnicas en investigaci\u00f3n arq. para determinar influencia entorno f\u00edsico en las personas con alzh\u00e9imer<\/em><\/a><\/span><\/p>\n<p><span style=\"color: #808080;\"><a style=\"color: #808080;\" href=\"https:\/\/grupo.us.es\/hac\/wp-content\/uploads\/2018\/02\/P\u00f3ster-V-Conferencia-M\u00e1laga-Alzheimer.pdf\" target=\"_blank\" rel=\"noopener\" data-content=\"https:\/\/santiagoquesada.blogspot.com.es\/2015\/04\/la-memoria-como-construccion-del-sujeto.html\" data-type=\"external\"><strong>2017<\/strong>.<\/a><em>\u00a0<a style=\"color: #808080;\" href=\"https:\/\/grupo.us.es\/hac\/wp-content\/uploads\/2018\/02\/P\u00f3ster-V-Conferencia-M\u00e1laga-Alzheimer.pdf\" target=\"_blank\" rel=\"noopener\">Propuesta de nueva tipolog\u00eda arquitect\u00f3nica para enfermos con alzh\u00e9imer: estudio preliminar<\/a><\/em><\/span><\/p>\n<h4>\u00a0<\/h4>\n<p>&nbsp;<\/p>\n<p>&nbsp;<\/p>\n<p>&nbsp;<\/p>\n<p>&nbsp;<\/p>\n<p>[\/et_pb_text][\/et_pb_column][et_pb_column type=\u00bb1_2&#8243; _builder_version=\u00bb4.16&#8243; custom_padding=\u00bb|||\u00bb global_colors_info=\u00bb{}\u00bb custom_padding__hover=\u00bb|||\u00bb][et_pb_text _builder_version=\u00bb4.27.2&#8243; global_colors_info=\u00bb{}\u00bb]<\/p>\n<p><strong><a href=\"https:\/\/doi.org\/10.3390\/buildings14103307\" target=\"_blank\" rel=\"noopener\">\u00daLTIMO ART\u00cdCULO.<\/a><\/strong><a href=\"https:\/\/doi.org\/10.3390\/buildings14103307\" target=\"_blank\" rel=\"noopener\"> Octubre 2024:<\/a><span style=\"color: #808080;\"><a style=\"color: #808080;\" href=\"https:\/\/doi.org\/10.3390\/buildings14103307\" target=\"_blank\" rel=\"noopener\"><strong><em><br \/><\/em><\/strong><\/a><strong><em><a style=\"color: #808080;\" href=\"https:\/\/doi.org\/10.3390\/buildings14103307\" target=\"_blank\" rel=\"noopener\">Residential Care Facilities for Users with Alzheimer\u2019s Disease: Characterisation of Their Architectural Typology<\/a>. <\/em><\/strong>Santiago Quesada-Garc\u00eda, Pablo Valero-Flores, Mar\u00eda Lozano-G\u00f3mez<\/span><\/p>\n<p>&nbsp;<\/p>\n<p>[\/et_pb_text][et_pb_image src=\u00bbhttps:\/\/grupo.us.es\/hac\/wp-content\/uploads\/2022\/02\/Arquitectura-saludable-I_right-one.jpg\u00bb url=\u00bbhttps:\/\/doi.org\/10.3390\/buildings14103307&#8243; url_new_window=\u00bbon\u00bb align_tablet=\u00bbcenter\u00bb align_phone=\u00bbcenter\u00bb align_last_edited=\u00bbon|desktop\u00bb _builder_version=\u00bb4.27.2&#8243; always_center_on_mobile=\u00bbon\u00bb global_colors_info=\u00bb{}\u00bb][\/et_pb_image][et_pb_divider color=\u00bb#FFFFFF\u00bb divider_weight=\u00bb32px\u00bb _builder_version=\u00bb4.27.2&#8243; _module_preset=\u00bbdefault\u00bb background_color=\u00bb#FFFFFF\u00bb global_colors_info=\u00bb{}\u00bb][\/et_pb_divider][et_pb_text _builder_version=\u00bb4.27.2&#8243; global_colors_info=\u00bb{}\u00bb]<\/p>\n<p>&nbsp;<\/p>\n<p><strong>\u00daLTIMA COMUNICACI\u00d3N.<\/strong> Abril 2024:<br \/><span style=\"color: #808080;\"><a style=\"color: #808080;\" href=\"https:\/\/doi.org\/10.4995\/Fortmed2024.2024.18104\" target=\"_blank\" rel=\"noopener\" data-wplink-edit=\"true\"><b><em><strong>Levantamiento y an\u00e1lisis espacial de la presa de la garganta del ciervo y el paisaje regado por el embalse andalus\u00ed Albuhera (s. XII)<\/strong><\/em><\/b><strong><em>. <\/em><\/strong>Santiago Quesada-Garc\u00eda y Mar\u00eda Lozano-G\u00f3mez<\/a><\/span><\/p>\n<p>&nbsp;<\/p>\n<p>&nbsp;<\/p>\n<p>[\/et_pb_text][et_pb_image src=\u00bbhttps:\/\/grupo.us.es\/hac\/wp-content\/uploads\/2024\/01\/8_Reconstruccion-volumetrica-de-la-presa.jpg\u00bb alt=\u00bbPresa de la Garganta del Ciervo, Sierra de Segura, Ja\u00e9n\u00bb title_text=\u00bbReconstruccion-volumetrica-de-la-presa\u00bb url=\u00bbhttps:\/\/doi.org\/10.4995\/Fortmed2024.2024.18104&#8243; url_new_window=\u00bbon\u00bb align_tablet=\u00bbcenter\u00bb align_phone=\u00bbcenter\u00bb align_last_edited=\u00bbon|desktop\u00bb _builder_version=\u00bb4.27.2&#8243; background_color=\u00bb#FFFFFF\u00bb always_center_on_mobile=\u00bbon\u00bb global_colors_info=\u00bb{}\u00bb][\/et_pb_image][et_pb_divider color=\u00bb#FFFFFF\u00bb divider_weight=\u00bb32px\u00bb _builder_version=\u00bb4.27.2&#8243; _module_preset=\u00bbdefault\u00bb background_color=\u00bb#FFFFFF\u00bb global_colors_info=\u00bb{}\u00bb][\/et_pb_divider][et_pb_text _builder_version=\u00bb4.27.2&#8243; global_colors_info=\u00bb{}\u00bb]<\/p>\n<p><a href=\"https:\/\/www.santiagoquesada.com\/publicaciones\/libros\/\" target=\"_blank\" rel=\"noopener\"><strong>\u00daLTIMO LIBRO.<\/strong> Mayo 2023:<span style=\"color: #808080;\"><strong><em><br \/><\/em><\/strong><strong><em>Torres, castillos e infraestructuras andalus\u00edes en la Sierra de Segura.Caracterizaci\u00f3n territorial, espacial, m\u00e9trica y constructiva. Resultados del #ProyectoSegura. <\/em><\/strong>Santiago Quesada-Garc\u00eda<\/span><\/a><\/p>\n<p>[\/et_pb_text][et_pb_image src=\u00bbhttps:\/\/grupo.us.es\/hac\/wp-content\/uploads\/2023\/06\/El-paisaje-de-las-torres-de-Segura_tumbado_sin-fondo.jpg\u00bb url=\u00bbhttps:\/\/www.santiagoquesada.com\/publicaciones\/libros\/\u00bb url_new_window=\u00bbon\u00bb align_tablet=\u00bbcenter\u00bb align_phone=\u00bbcenter\u00bb align_last_edited=\u00bbon|desktop\u00bb _builder_version=\u00bb4.27.2&#8243; always_center_on_mobile=\u00bbon\u00bb global_colors_info=\u00bb{}\u00bb][\/et_pb_image][\/et_pb_column][\/et_pb_row][et_pb_row _builder_version=\u00bb4.27.2&#8243; _module_preset=\u00bbdefault\u00bb global_colors_info=\u00bb{}\u00bb][et_pb_column type=\u00bb4_4&#8243; _builder_version=\u00bb4.27.2&#8243; _module_preset=\u00bbdefault\u00bb global_colors_info=\u00bb{}\u00bb][et_pb_text _builder_version=\u00bb4.27.2&#8243; global_colors_info=\u00bb{}\u00bb]<\/p>\n<h3 style=\"text-align: center;\"><strong>PUBLICACIONES<\/strong><\/h3>\n<h3 style=\"text-align: center;\"><strong>m\u00e9tricas bibliom\u00e9tricas del grupo HAC<br \/><\/strong><span style=\"font-size: 14pt;\">(Noviembre 2024)<\/span><\/h3>\n<p>&nbsp;<\/p>\n<p>[\/et_pb_text][et_pb_image src=\u00bbhttps:\/\/grupo.us.es\/hac\/wp-content\/uploads\/2024\/11\/Captura-de-pantalla-2024-11-17-a-las-0.04.03.png\u00bb title_text=\u00bbIndicadores bibliometricos noviembre 2024&#8243; align_tablet=\u00bbcenter\u00bb align_phone=\u00bbcenter\u00bb align_last_edited=\u00bbon|desktop\u00bb admin_label=\u00bbImagen\u00bb _builder_version=\u00bb4.27.2&#8243; always_center_on_mobile=\u00bbon\u00bb global_colors_info=\u00bb{}\u00bb][\/et_pb_image][et_pb_divider show_divider=\u00bboff\u00bb admin_label=\u00bbSeparador\u00bb _builder_version=\u00bb4.27.2&#8243; height=\u00bb34px\u00bb global_colors_info=\u00bb{}\u00bb][\/et_pb_divider][et_pb_image src=\u00bbhttps:\/\/grupo.us.es\/hac\/wp-content\/uploads\/2024\/11\/Captura-de-pantalla-2024-11-16-a-las-23.43.35.png\u00bb title_text=\u00bbCaptura de pantalla 2024-11-16 a las 23.43.35&#8243; align=\u00bbcenter\u00bb force_fullwidth=\u00bbon\u00bb align_tablet=\u00bbcenter\u00bb align_phone=\u00bbcenter\u00bb align_last_edited=\u00bbon|desktop\u00bb _builder_version=\u00bb4.27.2&#8243; always_center_on_mobile=\u00bbon\u00bb global_colors_info=\u00bb{}\u00bb][\/et_pb_image][et_pb_image src=\u00bbhttps:\/\/grupo.us.es\/hac\/wp-content\/uploads\/2024\/11\/Captura-de-pantalla-2024-11-16-a-las-23.43.13.png\u00bb title_text=\u00bbPublicaciones en revistas\u00bb align=\u00bbcenter\u00bb force_fullwidth=\u00bbon\u00bb align_tablet=\u00bbcenter\u00bb align_phone=\u00bbcenter\u00bb align_last_edited=\u00bbon|desktop\u00bb _builder_version=\u00bb4.27.2&#8243; always_center_on_mobile=\u00bbon\u00bb global_colors_info=\u00bb{}\u00bb][\/et_pb_image][et_pb_divider show_divider=\u00bboff\u00bb admin_label=\u00bbSeparador\u00bb _builder_version=\u00bb4.27.2&#8243; height=\u00bb34px\u00bb global_colors_info=\u00bb{}\u00bb][\/et_pb_divider][et_pb_text admin_label=\u00bbTexto\u00bb _builder_version=\u00bb4.27.2&#8243; global_colors_info=\u00bb{}\u00bb]<\/p>\n<h4 style=\"text-align: center;\"><strong>Las aportaciones de los miembros del grupo de investigaci\u00f3n est\u00e1n recogidas en los siguientes repositorios:<\/strong><\/h4>\n<p>[\/et_pb_text][\/et_pb_column][\/et_pb_row][et_pb_row column_structure=\u00bb1_2,1_2&#8243; _builder_version=\u00bb4.27.2&#8243; _module_preset=\u00bbdefault\u00bb global_colors_info=\u00bb{}\u00bb][et_pb_column type=\u00bb1_2&#8243; _builder_version=\u00bb4.27.2&#8243; _module_preset=\u00bbdefault\u00bb global_colors_info=\u00bb{}\u00bb][et_pb_divider show_divider=\u00bboff\u00bb admin_label=\u00bbSeparador\u00bb _builder_version=\u00bb4.27.2&#8243; height=\u00bb34px\u00bb global_colors_info=\u00bb{}\u00bb][\/et_pb_divider][et_pb_image src=\u00bbhttps:\/\/grupo.us.es\/hac\/wp-content\/uploads\/2023\/06\/logoPrismaColor3.png\u00bb url=\u00bbhttps:\/\/bibliometria.us.es\/prisma\/investigador\/buscar\/grupo\/TEP-965&#8243; url_new_window=\u00bbon\u00bb align=\u00bbcenter\u00bb align_tablet=\u00bbcenter\u00bb align_phone=\u00bbcenter\u00bb align_last_edited=\u00bbon|desktop\u00bb _builder_version=\u00bb4.27.2&#8243; always_center_on_mobile=\u00bbon\u00bb global_colors_info=\u00bb{}\u00bb][\/et_pb_image][\/et_pb_column][et_pb_column type=\u00bb1_2&#8243; _builder_version=\u00bb4.27.2&#8243; _module_preset=\u00bbdefault\u00bb global_colors_info=\u00bb{}\u00bb][et_pb_image src=\u00bbhttps:\/\/grupo.us.es\/hac\/wp-content\/uploads\/2018\/02\/IDUS.png\u00bb title_text=\u00bbIDUS\u00bb url=\u00bbhttps:\/\/idus.us.es\/home\u00bb url_new_window=\u00bbon\u00bb align=\u00bbcenter\u00bb align_tablet=\u00bbcenter\u00bb align_phone=\u00bbcenter\u00bb align_last_edited=\u00bbon|desktop\u00bb _builder_version=\u00bb4.27.2&#8243; always_center_on_mobile=\u00bbon\u00bb global_colors_info=\u00bb{}\u00bb][\/et_pb_image][\/et_pb_column][\/et_pb_row][\/et_pb_section]<\/p>\n","protected":false},"excerpt":{"rendered":"<p>ULTIMAS PUBLICACIONESGU\u00cdAS DIVULGATIVAS 2024. Recomendaciones y consejos pr\u00e1cticos para adaptar la casa para personas con alzh\u00e9imer y sus cuidadores 2024.\u00a0Residencias para personas con alzh\u00e9imer: requisitos, caracter\u00edsticas, organizaci\u00f3n, distribuci\u00f3n &nbsp; &nbsp; LIBROS y CAP\u00cdTULOS DE LIBROS 2024. Inteligencia Artificial aplicada a la neuroarquitectura para el dise\u00f1o de entornos educacionales destinados a personas con demencia de Alzheimer [&hellip;]<\/p>\n","protected":false},"author":2,"featured_media":0,"parent":377,"menu_order":0,"comment_status":"closed","ping_status":"closed","template":"","meta":{"_et_pb_use_builder":"on","_et_pb_old_content":"","_et_gb_content_width":"","wpupg_custom_link":[],"wpupg_custom_link_behaviour":["default"],"wpupg_custom_link_nofollow":["default"],"wpupg_custom_image":[],"wpupg_custom_image_id":[],"footnotes":""},"class_list":["post-4511","page","type-page","status-publish","hentry"],"_links":{"self":[{"href":"https:\/\/grupo.us.es\/hac\/wp-json\/wp\/v2\/pages\/4511","targetHints":{"allow":["GET"]}}],"collection":[{"href":"https:\/\/grupo.us.es\/hac\/wp-json\/wp\/v2\/pages"}],"about":[{"href":"https:\/\/grupo.us.es\/hac\/wp-json\/wp\/v2\/types\/page"}],"author":[{"embeddable":true,"href":"https:\/\/grupo.us.es\/hac\/wp-json\/wp\/v2\/users\/2"}],"replies":[{"embeddable":true,"href":"https:\/\/grupo.us.es\/hac\/wp-json\/wp\/v2\/comments?post=4511"}],"version-history":[{"count":2,"href":"https:\/\/grupo.us.es\/hac\/wp-json\/wp\/v2\/pages\/4511\/revisions"}],"predecessor-version":[{"id":8792,"href":"https:\/\/grupo.us.es\/hac\/wp-json\/wp\/v2\/pages\/4511\/revisions\/8792"}],"up":[{"embeddable":true,"href":"https:\/\/grupo.us.es\/hac\/wp-json\/wp\/v2\/pages\/377"}],"wp:attachment":[{"href":"https:\/\/grupo.us.es\/hac\/wp-json\/wp\/v2\/media?parent=4511"}],"curies":[{"name":"wp","href":"https:\/\/api.w.org\/{rel}","templated":true}]}}