{"id":441,"date":"2018-01-03T15:00:28","date_gmt":"2018-01-03T15:00:28","guid":{"rendered":"http:\/\/grupo.us.es\/hac\/?page_id=441\/"},"modified":"2023-09-03T12:36:19","modified_gmt":"2023-09-03T12:36:19","slug":"apoyo-al-investigador","status":"publish","type":"page","link":"https:\/\/grupo.us.es\/hac\/crece-con-nosotros\/apoyo-al-investigador\/","title":{"rendered":"Apoyo al investigador"},"content":{"rendered":"<p>[et_pb_section bb_built=\u00bb1&#8243;][et_pb_row _builder_version=\u00bb3.0.89&#8243;][et_pb_column type=\u00bb4_4&#8243;][et_pb_text _builder_version=\u00bb3.0.89&#8243; background_layout=\u00bblight\u00bb]<\/p>\n<h3 style=\"text-align: center;\"><strong>APOYO AL INVESTIGADOR<\/strong><\/h3>\n<p>[\/et_pb_text][\/et_pb_column][\/et_pb_row][et_pb_row _builder_version=\u00bb3.0.89&#8243; width_unit=\u00bboff\u00bb use_custom_gutter=\u00bbon\u00bb gutter_width=\u00bb2&#8243;][et_pb_column type=\u00bb4_4&#8243;][et_pb_text _builder_version=\u00bb3.0.89&#8243; background_layout=\u00bblight\u00bb]<\/p>\n<p style=\"text-align: center;\"><strong><span style=\"color: #333333;\"><a style=\"color: #333333;\" href=\"https:\/\/grupo.us.es\/hac\/crece-con-nosotros\/trabajo-fin-de-grado\/\" target=\"_blank\" rel=\"noopener\"><span style=\"font-size: 14pt;\">TRABAJO FIN DE GRADO<\/span><\/a><span style=\"font-size: 14pt;\">\u00a0 \u00a0 \u00a0 \u00a0I \u00a0 \u00a0 \u00a0 <a style=\"color: #333333;\" href=\"\/hac\/master\/\" target=\"_blank\" rel=\"noopener\">POSTGRADO<\/a> \u00a0 \u00a0 \u00a0I \u00a0 \u00a0 \u00a0 <a style=\"color: #333333;\" href=\"\/hac\/doctorado\/\" target=\"_blank\" rel=\"noopener\">DOCTORADO<\/a>\u00a0<\/span><\/span><\/strong><\/p>\n<p>&nbsp;<\/p>\n<p>[\/et_pb_text][et_pb_image _builder_version=\u00bb3.0.89&#8243; src=\u00bbhttps:\/\/grupo.us.es\/hac\/wp-content\/uploads\/2018\/03\/Crece-con-nosotros-5.jpg\u00bb show_in_lightbox=\u00bboff\u00bb url_new_window=\u00bboff\u00bb use_overlay=\u00bboff\u00bb always_center_on_mobile=\u00bbon\u00bb force_fullwidth=\u00bboff\u00bb show_bottom_space=\u00bbon\u00bb \/][\/et_pb_column][\/et_pb_row][et_pb_row][et_pb_column type=\u00bb1_2&#8243;][et_pb_text _builder_version=\u00bb3.0.89&#8243; background_layout=\u00bblight\u00bb]<\/p>\n<p><span style=\"color: #333333;\"><strong><a style=\"color: #333333;\" href=\"https:\/\/investigacion.us.es\/investigacion\/apoyo\" target=\"_blank\" rel=\"noopener\" data-content=\"https:\/\/investigacion.us.es\/investigacion\/apoyo\/convocatorias-junta-andalucia\" data-type=\"external\">Informaci\u00f3n general y utilidades de apoyo al investigador<\/a><\/strong><\/span><\/p>\n<p class=\"font_8\"><span style=\"color: #333333;\"><strong><a style=\"color: #333333;\" href=\"https:\/\/investigacion.us.es\/convocatorias\/seleccionar\" target=\"_blank\" rel=\"noopener\" data-content=\"https:\/\/investigacion.us.es\/investigacion\/apoyo\/convocatorias-junta-andalucia\" data-type=\"external\">Convocatorias de Investigaci\u00f3n de la US<\/a><\/strong><\/span><\/p>\n<p>[\/et_pb_text][\/et_pb_column][et_pb_column type=\u00bb1_2&#8243;][et_pb_text _builder_version=\u00bb3.0.89&#8243; background_layout=\u00bblight\u00bb]<\/p>\n<p class=\"font_8\"><span style=\"color: #333333;\"><strong><a style=\"color: #333333;\" href=\"https:\/\/investigacion.us.es\/investigacion\/contratos-personal\" target=\"_blank\" rel=\"noopener\" data-content=\"https:\/\/investigacion.us.es\/investigacion\/apoyo\/convocatorias-junta-andalucia\" data-type=\"external\">Contratos para el personal de investigaci\u00f3n<\/a><\/strong><\/span><\/p>\n<p class=\"font_8\"><a href=\"https:\/\/investigacion.us.es\/investigacion\/apoyo\/proyectos-europeos\"><span style=\"color: #333333;\"><strong>Programas Nacionales y Europeos<\/strong><\/span><\/a><\/p>\n<p>[\/et_pb_text][\/et_pb_column][\/et_pb_row][et_pb_row][et_pb_column type=\u00bb4_4&#8243;][et_pb_text _builder_version=\u00bb3.0.89&#8243; background_layout=\u00bblight\u00bb]<\/p>\n<h1 style=\"text-align: center;\"><a href=\"https:\/\/grupo.us.es\/hac\/crece-con-nosotros\/\"><span style=\"font-size: 52pt;\">\u00ab<\/span><\/a><\/h1>\n<p>[\/et_pb_text][\/et_pb_column][\/et_pb_row][\/et_pb_section]<\/p>\n","protected":false},"excerpt":{"rendered":"<p>APOYO AL INVESTIGADOR TRABAJO FIN DE GRADO\u00a0 \u00a0 \u00a0 \u00a0I \u00a0 \u00a0 \u00a0 POSTGRADO \u00a0 \u00a0 \u00a0I \u00a0 \u00a0 \u00a0 DOCTORADO\u00a0 &nbsp; <div class=\"et_pb_row et_pb_row_0 et_pb_row_empty\">\n\t\t\t\t\n\t\t\t\t\n\t\t\t\t\n\t\t\t\t\n\t\t\t\t\n\t\t\t<\/div> Informaci\u00f3n general y utilidades de apoyo al investigador Convocatorias de Investigaci\u00f3n de la US Contratos para el personal de investigaci\u00f3n Programas Nacionales y Europeos <div class=\"et_pb_row et_pb_row_1 et_pb_row_empty\">\n\t\t\t\t\n\t\t\t\t\n\t\t\t\t\n\t\t\t\t\n\t\t\t\t\n\t\t\t<\/div> \u00ab<\/p>\n","protected":false},"author":2,"featured_media":0,"parent":365,"menu_order":0,"comment_status":"closed","ping_status":"closed","template":"","meta":{"_et_pb_use_builder":"on","_et_pb_old_content":"","_et_gb_content_width":"","wpupg_custom_link":[],"wpupg_custom_link_behaviour":["default"],"wpupg_custom_link_nofollow":[],"wpupg_custom_image":[],"wpupg_custom_image_id":[],"footnotes":""},"class_list":["post-441","page","type-page","status-publish","hentry"],"_links":{"self":[{"href":"https:\/\/grupo.us.es\/hac\/wp-json\/wp\/v2\/pages\/441","targetHints":{"allow":["GET"]}}],"collection":[{"href":"https:\/\/grupo.us.es\/hac\/wp-json\/wp\/v2\/pages"}],"about":[{"href":"https:\/\/grupo.us.es\/hac\/wp-json\/wp\/v2\/types\/page"}],"author":[{"embeddable":true,"href":"https:\/\/grupo.us.es\/hac\/wp-json\/wp\/v2\/users\/2"}],"replies":[{"embeddable":true,"href":"https:\/\/grupo.us.es\/hac\/wp-json\/wp\/v2\/comments?post=441"}],"version-history":[{"count":0,"href":"https:\/\/grupo.us.es\/hac\/wp-json\/wp\/v2\/pages\/441\/revisions"}],"up":[{"embeddable":true,"href":"https:\/\/grupo.us.es\/hac\/wp-json\/wp\/v2\/pages\/365"}],"wp:attachment":[{"href":"https:\/\/grupo.us.es\/hac\/wp-json\/wp\/v2\/media?parent=441"}],"curies":[{"name":"wp","href":"https:\/\/api.w.org\/{rel}","templated":true}]}}