{"id":438,"date":"2018-01-03T14:41:21","date_gmt":"2018-01-03T14:41:21","guid":{"rendered":"http:\/\/grupo.us.es\/hac\/?page_id=438\/"},"modified":"2023-09-07T22:24:18","modified_gmt":"2023-09-07T22:24:18","slug":"doctorado","status":"publish","type":"page","link":"https:\/\/grupo.us.es\/hac\/crece-con-nosotros\/doctorado\/","title":{"rendered":"Doctorado"},"content":{"rendered":"<p>[et_pb_section bb_built=\u00bb1&#8243;][et_pb_row _builder_version=\u00bb3.0.89&#8243;][et_pb_column type=\u00bb4_4&#8243;][et_pb_text _builder_version=\u00bb3.0.89&#8243; background_layout=\u00bblight\u00bb]<\/p>\n<h3 style=\"text-align: center;\"><strong>DOCTORADO<\/strong><\/h3>\n<p>[\/et_pb_text][et_pb_text _builder_version=\u00bb3.0.89&#8243; background_layout=\u00bblight\u00bb]<\/p>\n<p style=\"text-align: justify;\">Una <strong>tesis doctoral<\/strong> comienza con una <strong>exposici\u00f3n de motivos<\/strong> que justifica la necesidad de la investigaci\u00f3n, fundamentada en un estado actual de la cuesti\u00f3n. A partir de aqu\u00ed, se plantea la<strong> hip\u00f3tesis y el objetivo principal<\/strong> a alcanzar, complementado con varios espec\u00edficos m\u00e1s concretos que ayudar\u00e1n a llegar a la meta propuesta. Para la consecuci\u00f3n de esos objetivos se dise\u00f1a un<strong> m\u00e9todo<\/strong> con el que se alcanzan unos <strong>resultados<\/strong>. Una vez obtenidos, se aporta la transferencia asociada a dichos hallazgos y una discusi\u00f3n sobre \u00e9stos. En la discusi\u00f3n se abordan y exponen las limitaciones que ha tenido el trabajo, junto con las nuevas v\u00edas de investigaci\u00f3n que puede abrir el mismo. En resumen, una tesis <strong>es una defensa racional de la hip\u00f3tesis propuesta, una demostraci\u00f3n basada en datos, verificable, citable, trazable y rebatible<\/strong>, de acuerdo con los cauces que la disciplina, en la que se desarrolla la tesis, acepta como est\u00e1ndar.<\/p>\n<p>[\/et_pb_text][et_pb_text _builder_version=\u00bb3.0.89&#8243; background_layout=\u00bblight\u00bb animation_style=\u00bbslide\u00bb animation_direction=\u00bbleft\u00bb]<\/p>\n<p style=\"text-align: center;\"><a href=\"https:\/\/grupo.us.es\/hac\/crece-con-nosotros\/tesis-doctorales\/\" target=\"_blank\" rel=\"noopener\"><span style=\"font-size: 14pt;\">Ver <strong>Tesis Doctorales<\/strong> desarrolladas por el grupo de investigaci\u00f3n <strong>Healthy Architecture and City<\/strong><\/span><\/a><\/p>\n<p style=\"text-align: center;\"><a href=\"https:\/\/grupo.us.es\/hac\/crece-con-nosotros\/tesis-doctorales\/\" target=\"_blank\" rel=\"noopener\"><span class=\"HwtZe\" lang=\"en\" style=\"font-size: 14pt;\"><span class=\"jCAhz ChMk0b\"><span class=\"ryNqvb\">\u3009\u3009\u3009<\/span><\/span><\/span><\/a><\/p>\n<p>[\/et_pb_text][\/et_pb_column][\/et_pb_row][et_pb_row _builder_version=\u00bb3.0.89&#8243; width_unit=\u00bboff\u00bb use_custom_gutter=\u00bbon\u00bb gutter_width=\u00bb2&#8243;][et_pb_column type=\u00bb1_2&#8243;][et_pb_text _builder_version=\u00bb3.0.89&#8243; background_layout=\u00bblight\u00bb]<\/p>\n<div id=\"comp-izbj3kjy\" class=\"txtNew\">\n<h4 style=\"text-align: left;\"><span style=\"color: #808080;\"><strong>M\u00e1s informaci\u00f3n sobre los estudios de doctorado:<\/strong><\/span><\/h4>\n<p>&nbsp;<\/p>\n<\/div>\n<div id=\"comp-izbj3kjy\" class=\"txtNew\">\n<h2 class=\"font_2\"><strong><a style=\"font-size: 14px;\" href=\"http:\/\/www.doctorado.us.es\/\" target=\"_blank\" rel=\"noopener\" data-content=\"http:\/\/doctoradoarquitectura.us.es\/index.php\/es\/\" data-type=\"external\">Escuela Internacional de Doctorado Universidad de Sevilla<\/a><\/strong><\/h2>\n<h2 class=\"font_2\"><strong><a style=\"font-size: 14px;\" href=\"https:\/\/institucional.us.es\/iuaccdoctorado\/\" target=\"_blank\" rel=\"noopener\" data-content=\"http:\/\/doctoradoarquitectura.us.es\/index.php\/es\/\" data-type=\"external\">Programa de Doctorado en Arquitectura de la Universidad de Sevilla<\/a><\/strong><\/h2>\n<h2 class=\"font_2\"><strong style=\"color: #666666; font-size: 14px;\"><span style=\"color: #333333;\"><a style=\"color: #333333;\" href=\"https:\/\/doctorado.us.es\/estudios\/admision\" target=\"_blank\" rel=\"noopener\" data-content=\"https:\/\/doctorado.us.es\/estudios\/admision\" data-type=\"external\">\u00bfQu\u00e9 necesitas para acceder?<\/a><span class=\"wixGuard\">\u200b<\/span><\/span><\/strong><\/h2>\n<\/div>\n<div id=\"comp-izbj3kk0\" class=\"txtNew\">\n<p class=\"font_8\"><span style=\"color: #333333;\"><a style=\"color: #333333;\" href=\"https:\/\/doctorado.us.es\/estudios\/admision\/requisitos-generales\" target=\"_blank\" rel=\"noopener\" data-content=\"https:\/\/doctorado.us.es\/estudios\/admision\/requisitos-generales\" data-type=\"external\">\u00a0 \u00a0 \u00a0 \u00a0 \u00bfQu\u00e9 requisitos debes cumplir?<\/a><\/span><\/p>\n<p class=\"font_8\"><span style=\"color: #333333;\"><a style=\"color: #333333;\" href=\"https:\/\/doctorado.us.es\/estudios\/admision\/criterios-admision\" target=\"_blank\" rel=\"noopener\" data-content=\"https:\/\/doctorado.us.es\/estudios\/admision\/criterios-admision\" data-type=\"external\">\u00a0 \u00a0 \u00a0 \u00a0 \u00bfCu\u00e1les son los criterios de admisi\u00f3n?<\/a><span class=\"wixGuard\">\u200b<\/span><\/span><\/p>\n<p class=\"font_8\"><span style=\"color: #333333;\"><a style=\"color: #333333;\" href=\"https:\/\/doctorado.us.es\/estudios\/admision\/procedimiento\" target=\"_blank\" rel=\"noopener\" data-content=\"https:\/\/doctorado.us.es\/estudios\/admision\/procedimiento\" data-type=\"external\">\u00a0 \u00a0 \u00a0 \u00a0 \u00bfC\u00f3mo debes realizar la solicitud de admisi\u00f3n?<\/a><span class=\"wixGuard\">\u200b<\/span><\/span><\/p>\n<p class=\"font_8\"><span style=\"color: #333333;\"><a style=\"color: #333333;\" href=\"https:\/\/doctorado.us.es\/estudios\/admision\/procedimiento\" target=\"_blank\" rel=\"noopener\" data-content=\"https:\/\/doctorado.us.es\/estudios\/admision\/procedimiento\" data-type=\"external\">\u00a0 \u00a0 \u00a0 \u00a0 \u00bfQu\u00e9 documentaci\u00f3n debes aportar?<\/a><\/span><\/p>\n<p class=\"font_8\"><span style=\"color: #333333;\"><strong>\u00bfC\u00f3mo debes formalizar la matr\u00edcula?<span class=\"wixGuard\">\u200b<\/span><\/strong><\/span><\/p>\n<p class=\"font_8\"><span style=\"color: #333333;\"><a style=\"color: #333333;\" href=\"https:\/\/doctorado.us.es\/estudios\/matricula\" target=\"_blank\" rel=\"noopener\" data-content=\"https:\/\/doctorado.us.es\/estudios\/matricula\" data-type=\"external\">\u00a0 \u00a0 \u00a0 \u00a0 Forma presencial: para estudiantes de nuevo acceso<\/a><\/span><\/p>\n<p class=\"font_8\"><span style=\"color: #333333;\"><a style=\"color: #333333;\" href=\"https:\/\/doctorado.us.es\/estudios\/matricula\/automatricula\" target=\"_blank\" rel=\"noopener\" data-content=\"https:\/\/doctorado.us.es\/estudios\/matricula\/automatricula\" data-type=\"external\">\u00a0 \u00a0 \u00a0 \u00a0 Automatr\u00edcula: para estudiantes continuaci\u00f3n estudios<\/a><\/span><\/p>\n<p class=\"font_8\"><span style=\"color: #333333;\"><a style=\"color: #333333;\" href=\"https:\/\/doctorado.us.es\/estudios\/matricula\" target=\"_blank\" rel=\"noopener\" data-content=\"https:\/\/doctorado.us.es\/estudios\/matricula\" data-type=\"external\">\u00a0 \u00a0 \u00a0 \u00a0 Plazos y otras informaciones \u00fatiles<\/a><\/span><\/p>\n<p class=\"font_8\"><strong><span style=\"color: #333333;\"><a style=\"color: #333333;\" href=\"https:\/\/doctorado.us.es\/secretaria\/impresos\" target=\"_blank\" rel=\"noopener\" data-content=\"https:\/\/doctorado.us.es\/secretaria\/impresos\" data-type=\"external\">Impresos y formularios<\/a><\/span><\/strong><\/p>\n<p class=\"font_8\"><strong><span style=\"color: #333333;\"><a style=\"color: #333333;\" href=\"https:\/\/doctorado.us.es\/estudios\/formacion-transversal\" target=\"_blank\" rel=\"noopener\" data-content=\"https:\/\/doctorado.us.es\/estudios\/formacion-transversal\" data-type=\"external\">\u00bfC\u00f3mo es el procedimiento para hacer el doctorado una vez admitido?<\/a><\/span><\/strong><\/p>\n<p class=\"font_8\"><span style=\"color: #333333;\">\u00a0 \u00a0 \u00a0 \u00a0 <\/span><span style=\"color: #333333;\"><a style=\"color: #333333;\" href=\"https:\/\/doctorado.us.es\/escuela\/normativa\" target=\"_blank\" rel=\"noopener\" data-content=\"https:\/\/doctorado.us.es\/escuela\/normativa\" data-type=\"external\">Normativa relativa a los estudios de doctorado<\/a><\/span><\/p>\n<p class=\"font_8\"><span style=\"color: #333333;\"><a style=\"color: #333333;\" href=\"https:\/\/doctorado.us.es\/estudios\/supervision-y-seguimiento\/evaluacion\" target=\"_blank\" rel=\"noopener\" data-content=\"https:\/\/doctorado.us.es\/estudios\/supervision-y-seguimiento\/evaluacion\" data-type=\"external\">\u00a0 \u00a0 \u00a0 \u00a0 Plan de Investigaci\u00f3n (PI)<\/a><span class=\"wixGuard\">\u200b<\/span><\/span><\/p>\n<p class=\"font_8\"><span style=\"color: #333333;\"><a style=\"color: #333333;\" href=\"https:\/\/doctorado.us.es\/estudios\/supervision-y-seguimiento\/evaluacion\" target=\"_blank\" rel=\"noopener\" data-content=\"https:\/\/doctorado.us.es\/estudios\/supervision-y-seguimiento\/evaluacion\" data-type=\"external\">\u00a0 \u00a0 \u00a0 \u00a0 Documento de Actividades de Doctorando (DAD)<\/a><\/span><\/p>\n<p class=\"font_8\"><strong><span style=\"color: #333333;\"><a style=\"color: #333333;\" href=\"http:\/\/www.doctorado.us.es\/titulo-de-doctor\" target=\"_blank\" rel=\"noopener\" data-content=\"http:\/\/www.doctorado.us.es\/titulo-de-doctor\" data-type=\"external\"> \u00a0 \u00a0 \u00a0 <\/a><\/span><\/strong><span style=\"color: #333333;\"><a style=\"color: #333333;\" href=\"https:\/\/doctorado.us.es\/estudios\/titulo-de-doctor\" target=\"_blank\" rel=\"noopener\" data-content=\"https:\/\/doctorado.us.es\/estudios\/titulo-de-doctor\" data-type=\"external\">\u00a0 Obtenci\u00f3n final del t\u00edtulo de Doctor<\/a><\/span><\/p>\n<p class=\"font_8\"><strong><span style=\"color: #333333;\"><a style=\"color: #333333;\" href=\"https:\/\/doctorado.us.es\/escuela\/normativa\/normativa-estudios-doctorado\" target=\"_blank\" rel=\"noopener\" data-content=\"https:\/\/doctorado.us.es\/escuela\/normativa\/normativa-estudios-doctorado\" data-type=\"external\">\u00a0 \u00a0 \u00a0 <\/a><\/span><\/strong><\/p>\n<\/div>\n<p>[\/et_pb_text][\/et_pb_column][et_pb_column type=\u00bb1_2&#8243;][et_pb_image _builder_version=\u00bb3.0.89&#8243; src=\u00bbhttps:\/\/grupo.us.es\/hac\/wp-content\/uploads\/2018\/03\/Crece-con-nosotros-2-1.jpg\u00bb show_in_lightbox=\u00bboff\u00bb url_new_window=\u00bboff\u00bb use_overlay=\u00bboff\u00bb always_center_on_mobile=\u00bbon\u00bb force_fullwidth=\u00bbon\u00bb show_bottom_space=\u00bbon\u00bb custom_padding=\u00bb15px|||\u00bb \/][et_pb_text _builder_version=\u00bb3.0.89&#8243; background_layout=\u00bblight\u00bb custom_padding=\u00bb28px|||\u00bb]<\/p>\n<p><span style=\"font-size: 11pt; color: #333333;\"><strong>Otros programas de doctorado recomendados:<\/strong><\/span><\/p>\n<p>&nbsp;<\/p>\n<ul style=\"list-style-type: disc;\">\n<li><span style=\"color: #808080;\"><strong><a style=\"color: #808080;\" href=\"http:\/\/www.uma.es\/doctorado-biomedicina\/\" target=\"_blank\" rel=\"noopener\">Programa de doctorado en Biomedicina, Investigaci\u00f3n Traslacional, y Nuevas Tecnolog\u00edas en Salud<\/a><a style=\"color: #808080;\" href=\"http:\/\/www.uma.es\/doctorado-biomedicina\/\" target=\"_blank\" rel=\"noopener\"> (Universidad de M\u00e1laga)<\/a><\/strong><\/span><\/li>\n<\/ul>\n<p>&nbsp;<\/p>\n<ul style=\"list-style-type: disc;\">\n<li><span style=\"color: #808080;\"><strong><a style=\"color: #808080;\" href=\"http:\/\/www.dottorato.polimi.it\/it\/corsi-di-dottorato\/corsi-di-dottorato-attivi\/progettazione-architettonica-urbana-e-degli-interni\/\" target=\"_blank\" rel=\"noopener\">Research Doctorate in Architectural, Urban and Interior Design<\/a><a style=\"color: #808080;\" href=\"https:\/\/www.auid.polimi.it\" target=\"_blank\" rel=\"noopener\"> (Polit\u00e9cnico di Milano)<\/a><\/strong><\/span><\/li>\n<\/ul>\n<div id=\"titolo_pagina\"><\/div>\n<div id=\"contenuti\">\n<section id=\"c1556\" class=\"csc-default\">\n<div class=\"scheda_corso\">\n<div class=\"scheda_corso_inner\">\n<div class=\"sottotitolo_scheda\"><\/div>\n<\/div>\n<\/div>\n<\/section>\n<\/div>\n<p>&nbsp;<\/p>\n<p>[\/et_pb_text][\/et_pb_column][\/et_pb_row][et_pb_row][et_pb_column type=\u00bb4_4&#8243;][et_pb_text _builder_version=\u00bb3.0.89&#8243; background_layout=\u00bblight\u00bb]<\/p>\n<h1 style=\"text-align: center;\"><a href=\"https:\/\/grupo.us.es\/hac\/crece-con-nosotros\/\"><span style=\"font-size: 52pt;\">\u00ab<\/span><\/a><\/h1>\n<p>[\/et_pb_text][\/et_pb_column][\/et_pb_row][\/et_pb_section]<\/p>\n","protected":false},"excerpt":{"rendered":"<p>DOCTORADO Una tesis doctoral comienza con una exposici\u00f3n de motivos que justifica la necesidad de la investigaci\u00f3n, fundamentada en un estado actual de la cuesti\u00f3n. A partir de aqu\u00ed, se plantea la hip\u00f3tesis y el objetivo principal a alcanzar, complementado con varios espec\u00edficos m\u00e1s concretos que ayudar\u00e1n a llegar a la meta propuesta. Para la [&hellip;]<\/p>\n","protected":false},"author":2,"featured_media":0,"parent":365,"menu_order":0,"comment_status":"closed","ping_status":"closed","template":"","meta":{"_et_pb_use_builder":"on","_et_pb_old_content":"","_et_gb_content_width":"","wpupg_custom_link":[],"wpupg_custom_link_behaviour":["default"],"wpupg_custom_link_nofollow":[],"wpupg_custom_image":[],"wpupg_custom_image_id":[],"footnotes":""},"class_list":["post-438","page","type-page","status-publish","hentry"],"_links":{"self":[{"href":"https:\/\/grupo.us.es\/hac\/wp-json\/wp\/v2\/pages\/438","targetHints":{"allow":["GET"]}}],"collection":[{"href":"https:\/\/grupo.us.es\/hac\/wp-json\/wp\/v2\/pages"}],"about":[{"href":"https:\/\/grupo.us.es\/hac\/wp-json\/wp\/v2\/types\/page"}],"author":[{"embeddable":true,"href":"https:\/\/grupo.us.es\/hac\/wp-json\/wp\/v2\/users\/2"}],"replies":[{"embeddable":true,"href":"https:\/\/grupo.us.es\/hac\/wp-json\/wp\/v2\/comments?post=438"}],"version-history":[{"count":0,"href":"https:\/\/grupo.us.es\/hac\/wp-json\/wp\/v2\/pages\/438\/revisions"}],"up":[{"embeddable":true,"href":"https:\/\/grupo.us.es\/hac\/wp-json\/wp\/v2\/pages\/365"}],"wp:attachment":[{"href":"https:\/\/grupo.us.es\/hac\/wp-json\/wp\/v2\/media?parent=438"}],"curies":[{"name":"wp","href":"https:\/\/api.w.org\/{rel}","templated":true}]}}