{"id":427,"date":"2018-01-03T14:05:29","date_gmt":"2018-01-03T14:05:29","guid":{"rendered":"http:\/\/grupo.us.es\/hac\/?page_id=427\/"},"modified":"2023-08-11T20:20:38","modified_gmt":"2023-08-11T20:20:38","slug":"quieres-investigar","status":"publish","type":"page","link":"https:\/\/grupo.us.es\/hac\/crece-con-nosotros\/quieres-investigar\/","title":{"rendered":"\u00bfQuieres investigar?"},"content":{"rendered":"<p>[et_pb_section bb_built=\u00bb1&#8243; _builder_version=\u00bb3.0.89&#8243;][et_pb_row _builder_version=\u00bb3.0.89&#8243;][et_pb_column type=\u00bb4_4&#8243;][et_pb_text _builder_version=\u00bb3.0.89&#8243; background_layout=\u00bblight\u00bb]<\/p>\n<h3 style=\"text-align: center;\"><strong>\u00bfQUIERES INVESTIGAR?<\/strong><\/h3>\n<p>[\/et_pb_text][\/et_pb_column][\/et_pb_row][et_pb_row _builder_version=\u00bb3.0.89&#8243; width_unit=\u00bboff\u00bb use_custom_gutter=\u00bbon\u00bb gutter_width=\u00bb2&#8243;][et_pb_column type=\u00bb4_4&#8243;][et_pb_text _builder_version=\u00bb3.0.89&#8243; background_layout=\u00bblight\u00bb]<\/p>\n<p class=\"font_8\" style=\"text-align: justify;\">Si eres curioso y te gusta investigar te puedes integrar en las investigaciones que realizamos, obtener experiencia y formaci\u00f3n.\u00a0Te asesoramos sobre posibles caminos y especializaciones tras terminar tus estudios de grado. Si te interesa, te guiamos sobre los pasos a dar para realizar estudios de posgrado y especializaci\u00f3n, fundamentales para tener un\u00a0<strong>valor a\u00f1adido especializado<\/strong>, con el que alcanzar una mayor\u00a0<strong>empleabilidad<\/strong> en una sociedad cada d\u00eda m\u00e1s exigente y competitiva. Para comenzar a investigar deber\u00e1s buscar un grupo de investigaci\u00f3n af\u00edn a tus intereses, ponerte en contacto con sus responsables y estudiar la mejor manera de comenzar a colaborar de manera que puedas crecer y promover lo m\u00e1s r\u00e1pidamente posible. Consulta estos enlaces de abajo, que quiz\u00e1 pueden ser de tu inter\u00e9s:<\/p>\n<p>&nbsp;<\/p>\n<p style=\"text-align: center;\"><strong><span style=\"color: #333333;\"><a style=\"color: #333333;\" href=\"https:\/\/grupo.us.es\/hac\/crece-con-nosotros\/trabajo-fin-de-grado\/\" target=\"_blank\" rel=\"noopener\"><span style=\"font-size: 14pt;\">Trabajo Fin de Grado<\/span><\/a><span style=\"font-size: 14pt;\">\u00a0 \u00a0 \u00a0 \u00a0I \u00a0 \u00a0 \u00a0 <a style=\"color: #333333;\" href=\"\/hac\/master\/\" target=\"_blank\" rel=\"noopener\">Postgrado<\/a> \u00a0 \u00a0 \u00a0I \u00a0 \u00a0 \u00a0 <a style=\"color: #333333;\" href=\"\/hac\/doctorado\/\" target=\"_blank\" rel=\"noopener\">Doctorado<\/a>\u00a0 \u00a0 \u00a0 \u00a0I \u00a0 \u00a0 \u00a0\u00a0<a style=\"color: #333333;\" href=\"https:\/\/grupo.us.es\/hac\/apoyo-al-investigador\/\" target=\"_blank\" rel=\"noopener\">Apoyo al investigador<\/a><\/span><\/span><\/strong><\/p>\n<p>[\/et_pb_text][\/et_pb_column][\/et_pb_row][et_pb_row _builder_version=\u00bb3.0.89&#8243; width_unit=\u00bboff\u00bb use_custom_gutter=\u00bbon\u00bb gutter_width=\u00bb2&#8243;][et_pb_column type=\u00bb1_2&#8243;][et_pb_text _builder_version=\u00bb3.0.89&#8243; background_layout=\u00bblight\u00bb custom_padding=\u00bb30px|||\u00bb]<\/p>\n<p>A continuaci\u00f3n te ofrecemos una serie de enlaces donde podr\u00e1s consultar la estructura de investigaci\u00f3n de la Universidad de Sevilla, sus grupos de investigaci\u00f3n, los de su Escuela de Arquitectura y los del Departamento de Proyectos Arquitect\u00f3nicos:<\/p>\n<p><span style=\"color: #333333;\"><strong><a style=\"color: #333333;\" href=\"https:\/\/investigacion.us.es\/\">Vicerrectorado de Investigaci\u00f3n de la Universidad de Sevilla<br \/>\n<\/a><\/strong><\/span><\/p>\n<p><span style=\"color: #333333;\"><a style=\"color: #333333;\" href=\"https:\/\/investigacion.us.es\/secretariado-investigacion\/plan-propio\"><strong>Plan Propio de Investigaci\u00f3n de la US<br \/>\n<\/strong><\/a><\/span><\/p>\n<p><span style=\"color: #333333;\"><a style=\"color: #333333;\" href=\"https:\/\/investigacion.us.es\/sisius\/grupo\/TEP965\" target=\"_blank\" rel=\"noopener\"><strong>Grupo de Investigaci\u00f3n Healthy Architecture &amp; City (TEP-965)<br \/>\n<\/strong><\/a><\/span><\/p>\n<p><span style=\"color: #333333;\"><strong><a style=\"color: #333333;\" href=\"https:\/\/investigacion.us.es\/sisius\/sisius.php?en=6&amp;text2search=TEP\">Grupos de Investigaci\u00f3n del \u00e1rea de Tecnolog\u00eda de la Producci\u00f3n (TEP)<br \/>\n<\/a><\/strong><\/span><\/p>\n<p><span style=\"color: #333333;\"><strong><a style=\"color: #333333;\" href=\"https:\/\/investigacion.us.es\/investigacion\/sisius\/grupos\">Grupos de Investigaci\u00f3n de la Universidad de Sevilla<br \/>\n<\/a><\/strong><\/span><\/p>\n<p><span style=\"color: #333333;\"><a style=\"color: #333333;\" href=\"https:\/\/investigacion.us.es\/sisius\/sis_depgrupos.php?seltext=104&amp;selfield=IdDpto\"><strong>Grupos de Investigaci\u00f3n Dpto. de Proyectos Arq. de la E.T.S. Arquitectura<br \/>\n<\/strong><\/a><\/span><\/p>\n<p class=\"font_8\"><span style=\"color: #333333;\"><span class=\"wixGuard\">\u200b<\/span><strong><a style=\"color: #333333;\" href=\"http:\/\/www.iucc.us.es\/index.php\/es\/\" target=\"_blank\" rel=\"noopener\" data-content=\"http:\/\/www.iucc.us.es\/index.php\/es\/\" data-type=\"external\">IUACC (Instituto Univ. de Arquitectura y Ciencias de la Construcci\u00f3n)<\/a><\/strong><\/span><\/p>\n<p>[\/et_pb_text][\/et_pb_column][et_pb_column type=\u00bb1_2&#8243;][et_pb_divider _builder_version=\u00bb3.0.89&#8243; height=\u00bb41px\u00bb \/][et_pb_image _builder_version=\u00bb3.0.89&#8243; src=\u00bbhttps:\/\/grupo.us.es\/hac\/wp-content\/uploads\/2018\/03\/Crece-con-nosotros-1.jpg\u00bb show_in_lightbox=\u00bboff\u00bb url_new_window=\u00bboff\u00bb use_overlay=\u00bboff\u00bb always_center_on_mobile=\u00bbon\u00bb force_fullwidth=\u00bbon\u00bb show_bottom_space=\u00bboff\u00bb align=\u00bbright\u00bb max_width=\u00bb90%\u00bb module_alignment=\u00bbright\u00bb custom_padding=\u00bb||25px|\u00bb \/][\/et_pb_column][\/et_pb_row][et_pb_row][et_pb_column type=\u00bb4_4&#8243;][et_pb_text _builder_version=\u00bb3.0.89&#8243; background_layout=\u00bblight\u00bb]<\/p>\n<h1 style=\"text-align: center;\"><a href=\"https:\/\/grupo.us.es\/hac\/crece-con-nosotros\/\"><span style=\"font-size: 52pt;\">\u00ab<\/span><\/a><\/h1>\n<p>[\/et_pb_text][\/et_pb_column][\/et_pb_row][\/et_pb_section]<\/p>\n","protected":false},"excerpt":{"rendered":"<p>\u00bfQUIERES INVESTIGAR? Si eres curioso y te gusta investigar te puedes integrar en las investigaciones que realizamos, obtener experiencia y formaci\u00f3n.\u00a0Te asesoramos sobre posibles caminos y especializaciones tras terminar tus estudios de grado. Si te interesa, te guiamos sobre los pasos a dar para realizar estudios de posgrado y especializaci\u00f3n, fundamentales para tener un\u00a0valor a\u00f1adido [&hellip;]<\/p>\n","protected":false},"author":2,"featured_media":0,"parent":365,"menu_order":0,"comment_status":"closed","ping_status":"closed","template":"","meta":{"_et_pb_use_builder":"on","_et_pb_old_content":"","_et_gb_content_width":"","wpupg_custom_link":[],"wpupg_custom_link_behaviour":["default"],"wpupg_custom_link_nofollow":[],"wpupg_custom_image":[],"wpupg_custom_image_id":[],"footnotes":""},"class_list":["post-427","page","type-page","status-publish","hentry"],"_links":{"self":[{"href":"https:\/\/grupo.us.es\/hac\/wp-json\/wp\/v2\/pages\/427","targetHints":{"allow":["GET"]}}],"collection":[{"href":"https:\/\/grupo.us.es\/hac\/wp-json\/wp\/v2\/pages"}],"about":[{"href":"https:\/\/grupo.us.es\/hac\/wp-json\/wp\/v2\/types\/page"}],"author":[{"embeddable":true,"href":"https:\/\/grupo.us.es\/hac\/wp-json\/wp\/v2\/users\/2"}],"replies":[{"embeddable":true,"href":"https:\/\/grupo.us.es\/hac\/wp-json\/wp\/v2\/comments?post=427"}],"version-history":[{"count":0,"href":"https:\/\/grupo.us.es\/hac\/wp-json\/wp\/v2\/pages\/427\/revisions"}],"up":[{"embeddable":true,"href":"https:\/\/grupo.us.es\/hac\/wp-json\/wp\/v2\/pages\/365"}],"wp:attachment":[{"href":"https:\/\/grupo.us.es\/hac\/wp-json\/wp\/v2\/media?parent=427"}],"curies":[{"name":"wp","href":"https:\/\/api.w.org\/{rel}","templated":true}]}}