{"id":407,"date":"2018-01-03T13:13:31","date_gmt":"2018-01-03T13:13:31","guid":{"rendered":"http:\/\/grupo.us.es\/hac\/?page_id=407\/"},"modified":"2025-04-05T10:31:06","modified_gmt":"2025-04-05T10:31:06","slug":"analisis-urbano-y-territorial","status":"publish","type":"page","link":"https:\/\/grupo.us.es\/hac\/que-investigamos\/analisis-urbano-y-territorial\/","title":{"rendered":"# Arqueolog\u00eda del Paisaje"},"content":{"rendered":"<p>[et_pb_section fb_built=\u00bb1&#8243; _builder_version=\u00bb4.16&#8243; global_colors_info=\u00bb{}\u00bb][et_pb_row _builder_version=\u00bb4.16&#8243; global_colors_info=\u00bb{}\u00bb][et_pb_column type=\u00bb4_4&#8243; _builder_version=\u00bb4.16&#8243; custom_padding=\u00bb|||\u00bb global_colors_info=\u00bb{}\u00bb custom_padding__hover=\u00bb|||\u00bb][et_pb_text _builder_version=\u00bb4.16&#8243; global_colors_info=\u00bb{}\u00bb]<\/p>\n<h3 style=\"text-align: center;\"><strong>ARQUEOLOG\u00cdA DEL PAISAJE<\/strong><\/h3>\n<p>[\/et_pb_text][\/et_pb_column][\/et_pb_row][et_pb_row column_structure=\u00bb1_2,1_2&#8243; use_custom_gutter=\u00bbon\u00bb gutter_width=\u00bb2&#8243; _builder_version=\u00bb4.16&#8243; width_unit=\u00bboff\u00bb global_colors_info=\u00bb{}\u00bb][et_pb_column type=\u00bb1_2&#8243; _builder_version=\u00bb4.16&#8243; custom_padding=\u00bb|||\u00bb global_colors_info=\u00bb{}\u00bb custom_padding__hover=\u00bb|||\u00bb][et_pb_image src=\u00bbhttps:\/\/grupo.us.es\/hac\/wp-content\/uploads\/2018\/03\/4.1.7.jpg\u00bb url=\u00bbhttps:\/\/youtu.be\/I6kShU0ckQM\u00bb url_new_window=\u00bbon\u00bb align_tablet=\u00bbcenter\u00bb align_phone=\u00bbcenter\u00bb align_last_edited=\u00bbon|desktop\u00bb _builder_version=\u00bb4.16&#8243; always_center_on_mobile=\u00bbon\u00bb global_colors_info=\u00bb{}\u00bb][\/et_pb_image][\/et_pb_column][et_pb_column type=\u00bb1_2&#8243; _builder_version=\u00bb4.16&#8243; custom_padding=\u00bb|||\u00bb global_colors_info=\u00bb{}\u00bb custom_padding__hover=\u00bb|||\u00bb][et_pb_text _builder_version=\u00bb4.16&#8243; global_colors_info=\u00bb{}\u00bb]<\/p>\n<p class=\"font_8\" style=\"text-align: justify;\">De las cuatro escalas de interacci\u00f3n del ser humano con el medio f\u00edsico &#8211;<strong>paisaje,\u00a0organismo urbano, tejido edilicio y la casa<\/strong>&#8211; esta l\u00ednea de investigaci\u00f3n se centra en el primero de ellos. El punto de partida es, por tanto, el paisaje, como elemento cultural y soporte m\u00e1s vasto y omnicomprensivo de la actividad humana\u00a0 y, por consiguiente, el resultado del proceso diacr\u00f3nico de ocupaci\u00f3n y puesta en producci\u00f3n del medio natural.<\/p>\n<p class=\"font_8\" style=\"text-align: justify;\">El objetivo de la l\u00ednea es indagar y comprender dicho proceso por medio de dos vectores convergentes: el primero, metodol\u00f3gico, que se enfrenta al <strong>paisaje como un elemento que tiende a reconocer, sistematizar y desarrollar las t\u00e9cnicas e instrumentos espec\u00edficos para su an\u00e1lisis<\/strong>; y el segundo pretende compilar y recopilar las aportaciones al tema que a lo largo del pasado siglo se han elaborado desde la disciplina arquitect\u00f3nica. El segundo vector es emp\u00edrico y su objetivo es obtener datos especi\u00edficos de territorios concretos como por ejemplo: la memoria del paisaje, el palimpsesto de un valle de la <strong>Sierra de Segura<\/strong> o la estructura del<strong> valle del Guadalquivir<\/strong>, articulador de Andaluc\u00eda.<\/p>\n<p class=\"font_8\" style=\"text-align: justify;\">Esta l\u00ednea de investigaci\u00f3n pretende identificar y definir las estructuras, los elementos con los que hist\u00f3ricamente se han construido los territorios.\u00a0En este proceso, se pretende discriminar las relaciones espacio-temporales que, entre esos elementos, se han producido para comprender, medir y parametrizar los factores que caracterizan al proceso de transformaci\u00f3n del medio natural en espacio antr\u00f3pico.<\/p>\n<p>A esta l\u00ednea de investigaci\u00f3n se adscribe el Proyecto I+D+i (RETOS):\u00a0 <span style=\"color: #333333;\"><a style=\"color: #333333;\" href=\"https:\/\/grupo.us.es\/hac\/proyectosegura\/\" target=\"_blank\" rel=\"noopener\"><strong><span style=\"text-decoration: underline;\">El sistema de torres de origen medieval isl\u00e1mico en la Sierra de Segura, implantaci\u00f3n, t\u00e9cnicas constructivas y restauraci\u00f3n del tapial<\/span><span style=\"text-decoration: underline;\">\u00a0 (HAR-2014-53866-R)<\/span><\/strong><\/a><\/span> financiado por el Ministerio de Econom\u00eda y Competitividad cuyos f\u00e9rtiles resultados y transferencia del conocimiento se presentan en la p\u00e1gina correspondiente de esta web.<\/p>\n<h5><\/h5>\n<p>[\/et_pb_text][\/et_pb_column][\/et_pb_row][et_pb_row _builder_version=\u00bb4.16&#8243; background_size=\u00bbinitial\u00bb background_position=\u00bbtop_left\u00bb background_repeat=\u00bbrepeat\u00bb global_colors_info=\u00bb{}\u00bb][et_pb_column type=\u00bb4_4&#8243; _builder_version=\u00bb4.16&#8243; custom_padding=\u00bb|||\u00bb global_colors_info=\u00bb{}\u00bb custom_padding__hover=\u00bb|||\u00bb][et_pb_video src=\u00bbhttps:\/\/youtu.be\/XT-oyBFsXZ8?feature=shared\u00bb _builder_version=\u00bb4.27.4&#8243; _module_preset=\u00bbdefault\u00bb global_colors_info=\u00bb{}\u00bb][\/et_pb_video][et_pb_divider divider_weight=\u00bb50px\u00bb _builder_version=\u00bb4.27.4&#8243; _module_preset=\u00bbdefault\u00bb hover_enabled=\u00bb0&#8243; global_colors_info=\u00bb{}\u00bb color=\u00bb#FFFFFF\u00bb sticky_enabled=\u00bb0&#8243; background_color=\u00bb#FFFFFF\u00bb][\/et_pb_divider][et_pb_video src=\u00bbhttps:\/\/youtu.be\/JlF1B7bHikk?feature=shared\u00bb _builder_version=\u00bb4.27.4&#8243; _module_preset=\u00bbdefault\u00bb global_colors_info=\u00bb{}\u00bb][\/et_pb_video][et_pb_text _builder_version=\u00bb4.16&#8243; global_colors_info=\u00bb{}\u00bb]<\/p>\n<h1 style=\"text-align: center;\"><a href=\"https:\/\/grupo.us.es\/hac\/que-investigamos\/\"><span style=\"font-size: 52pt;\">\u00ab<\/span><\/a><\/h1>\n<p>[\/et_pb_text][\/et_pb_column][\/et_pb_row][\/et_pb_section]<\/p>\n","protected":false},"excerpt":{"rendered":"<p>ARQUEOLOG\u00cdA DEL PAISAJE De las cuatro escalas de interacci\u00f3n del ser humano con el medio f\u00edsico -paisaje,\u00a0organismo urbano, tejido edilicio y la casa- esta l\u00ednea de investigaci\u00f3n se centra en el primero de ellos. El punto de partida es, por tanto, el paisaje, como elemento cultural y soporte m\u00e1s vasto y omnicomprensivo de la actividad [&hellip;]<\/p>\n","protected":false},"author":2,"featured_media":0,"parent":344,"menu_order":0,"comment_status":"closed","ping_status":"closed","template":"","meta":{"_et_pb_use_builder":"on","_et_pb_old_content":"","_et_gb_content_width":"","wpupg_custom_link":[],"wpupg_custom_link_behaviour":["default"],"wpupg_custom_link_nofollow":["default"],"wpupg_custom_image":[],"wpupg_custom_image_id":[],"footnotes":""},"class_list":["post-407","page","type-page","status-publish","hentry"],"_links":{"self":[{"href":"https:\/\/grupo.us.es\/hac\/wp-json\/wp\/v2\/pages\/407","targetHints":{"allow":["GET"]}}],"collection":[{"href":"https:\/\/grupo.us.es\/hac\/wp-json\/wp\/v2\/pages"}],"about":[{"href":"https:\/\/grupo.us.es\/hac\/wp-json\/wp\/v2\/types\/page"}],"author":[{"embeddable":true,"href":"https:\/\/grupo.us.es\/hac\/wp-json\/wp\/v2\/users\/2"}],"replies":[{"embeddable":true,"href":"https:\/\/grupo.us.es\/hac\/wp-json\/wp\/v2\/comments?post=407"}],"version-history":[{"count":2,"href":"https:\/\/grupo.us.es\/hac\/wp-json\/wp\/v2\/pages\/407\/revisions"}],"predecessor-version":[{"id":9424,"href":"https:\/\/grupo.us.es\/hac\/wp-json\/wp\/v2\/pages\/407\/revisions\/9424"}],"up":[{"embeddable":true,"href":"https:\/\/grupo.us.es\/hac\/wp-json\/wp\/v2\/pages\/344"}],"wp:attachment":[{"href":"https:\/\/grupo.us.es\/hac\/wp-json\/wp\/v2\/media?parent=407"}],"curies":[{"name":"wp","href":"https:\/\/api.w.org\/{rel}","templated":true}]}}