{"id":402,"date":"2018-01-03T13:09:46","date_gmt":"2018-01-03T13:09:46","guid":{"rendered":"http:\/\/grupo.us.es\/hac\/?page_id=402\/"},"modified":"2023-08-13T18:10:50","modified_gmt":"2023-08-13T18:10:50","slug":"monitorizacion","status":"publish","type":"page","link":"https:\/\/grupo.us.es\/hac\/que-hacemos\/monitorizacion\/","title":{"rendered":"Monitorizaci\u00f3n de datos arquitect\u00f3nicos y urbanos saludables"},"content":{"rendered":"<p>[et_pb_section bb_built=\u00bb1&#8243;][et_pb_row _builder_version=\u00bb3.0.89&#8243;][et_pb_column type=\u00bb4_4&#8243;][et_pb_text _builder_version=\u00bb3.0.89&#8243; background_layout=\u00bblight\u00bb]<\/p>\n<h3 style=\"text-align: center;\"><strong>QU\u00c9 HACEMOS<\/strong><\/h3>\n<h4 style=\"text-align: center;\"><strong>MONITORIZACI\u00d3N, MEDIDA Y COMPARACI\u00d3N DE<br \/>\nDATOS ARQUITECT\u00d3NICOS Y URBANOS SALUDABLES<\/strong><\/h4>\n<h3 style=\"text-align: center;\"><\/h3>\n<p>[\/et_pb_text][\/et_pb_column][\/et_pb_row][et_pb_row _builder_version=\u00bb3.0.89&#8243; width_unit=\u00bboff\u00bb use_custom_gutter=\u00bbon\u00bb gutter_width=\u00bb2&#8243;][et_pb_column type=\u00bb1_2&#8243;][et_pb_image _builder_version=\u00bb3.0.89&#8243; src=\u00bbhttps:\/\/grupo.us.es\/hac\/wp-content\/uploads\/2018\/01\/3806e1_dca5b2a0639447c480230f6ac6a43752_mv2.png\u00bb show_in_lightbox=\u00bboff\u00bb url_new_window=\u00bboff\u00bb use_overlay=\u00bboff\u00bb always_center_on_mobile=\u00bbon\u00bb force_fullwidth=\u00bboff\u00bb show_bottom_space=\u00bbon\u00bb align=\u00bbright\u00bb custom_padding=\u00bb10px|||\u00bb \/][\/et_pb_column][et_pb_column type=\u00bb1_2&#8243;][et_pb_text _builder_version=\u00bb3.0.89&#8243; background_layout=\u00bblight\u00bb]<\/p>\n<p class=\"font_8\" style=\"text-align: justify;\">La posibilidad de parametrizar datos arquitect\u00f3nicos permite verificar la viabilidad de estos. No obstante, estos datos ya tienen en s\u00ed mismos el valor de poder establecer otras relaciones espaciales, formales y de uso desde enfoques distintos.<\/p>\n<p class=\"font_8\" style=\"text-align: justify;\">La conformaci\u00f3n del dise\u00f1o a trav\u00e9s de los datos espaciales estad\u00edsticos, en relaci\u00f3n con los contextos, la diagramaci\u00f3n de estos datos, y las limitaciones que rodean al proceso de dise\u00f1o contempor\u00e1neo, permite entender y aprovechar esa nueva realidad, altamente informada, para responder a necesidades, valores y comportamientos, tanto presentes como futuros, simulando escenarios de proyecto.<\/p>\n<p class=\"font_8\" style=\"text-align: justify;\">Esta nueva exploraci\u00f3n puede significar una provocaci\u00f3n o un experimento que incentive la redefinici\u00f3n, o al menos el cuestionamiento, de la disciplina arquitect\u00f3nica y urban\u00edstica y muestre el papel limitado que desde el punto de vista tradicional juega el dise\u00f1o arquitect\u00f3nico. En este contexto, este planteamiento tambi\u00e9n permite aprovechar esa estrenada realidad, altamente informada, para responder a las necesidades, a valores y comportamientos simulando escenarios de proyecto, mediante la utilizaci\u00f3n de datos, para generar formas urbanas y arquitect\u00f3nicas alternativas y ayudar a su gesti\u00f3n y planificaci\u00f3n.<\/p>\n<p>[\/et_pb_text][\/et_pb_column][\/et_pb_row][et_pb_row][et_pb_column type=\u00bb4_4&#8243;][et_pb_text _builder_version=\u00bb3.0.89&#8243; background_layout=\u00bblight\u00bb]<\/p>\n<h1 style=\"text-align: center;\"><a href=\"https:\/\/grupo.us.es\/hac\/que-investigamos\/\"><span style=\"font-size: 52pt;\">\u00ab<\/span><\/a><\/h1>\n<p>[\/et_pb_text][\/et_pb_column][\/et_pb_row][\/et_pb_section]<\/p>\n","protected":false},"excerpt":{"rendered":"<p>QU\u00c9 HACEMOS MONITORIZACI\u00d3N, MEDIDA Y COMPARACI\u00d3N DE DATOS ARQUITECT\u00d3NICOS Y URBANOS SALUDABLES La posibilidad de parametrizar datos arquitect\u00f3nicos permite verificar la viabilidad de estos. No obstante, estos datos ya tienen en s\u00ed mismos el valor de poder establecer otras relaciones espaciales, formales y de uso desde enfoques distintos. La conformaci\u00f3n del dise\u00f1o a trav\u00e9s de [&hellip;]<\/p>\n","protected":false},"author":2,"featured_media":0,"parent":360,"menu_order":0,"comment_status":"closed","ping_status":"closed","template":"","meta":{"_et_pb_use_builder":"on","_et_pb_old_content":"","_et_gb_content_width":"","wpupg_custom_link":[],"wpupg_custom_link_behaviour":["default"],"wpupg_custom_link_nofollow":[],"wpupg_custom_image":[],"wpupg_custom_image_id":[],"footnotes":""},"class_list":["post-402","page","type-page","status-publish","hentry"],"_links":{"self":[{"href":"https:\/\/grupo.us.es\/hac\/wp-json\/wp\/v2\/pages\/402","targetHints":{"allow":["GET"]}}],"collection":[{"href":"https:\/\/grupo.us.es\/hac\/wp-json\/wp\/v2\/pages"}],"about":[{"href":"https:\/\/grupo.us.es\/hac\/wp-json\/wp\/v2\/types\/page"}],"author":[{"embeddable":true,"href":"https:\/\/grupo.us.es\/hac\/wp-json\/wp\/v2\/users\/2"}],"replies":[{"embeddable":true,"href":"https:\/\/grupo.us.es\/hac\/wp-json\/wp\/v2\/comments?post=402"}],"version-history":[{"count":0,"href":"https:\/\/grupo.us.es\/hac\/wp-json\/wp\/v2\/pages\/402\/revisions"}],"up":[{"embeddable":true,"href":"https:\/\/grupo.us.es\/hac\/wp-json\/wp\/v2\/pages\/360"}],"wp:attachment":[{"href":"https:\/\/grupo.us.es\/hac\/wp-json\/wp\/v2\/media?parent=402"}],"curies":[{"name":"wp","href":"https:\/\/api.w.org\/{rel}","templated":true}]}}