{"id":393,"date":"2018-01-03T12:59:39","date_gmt":"2018-01-03T12:59:39","guid":{"rendered":"http:\/\/grupo.us.es\/hac\/?page_id=393\/"},"modified":"2025-04-05T10:21:24","modified_gmt":"2025-04-05T10:21:24","slug":"inteligencia-ambiental","status":"publish","type":"page","link":"https:\/\/grupo.us.es\/hac\/que-investigamos\/inteligencia-ambiental\/","title":{"rendered":"# Inteligencia Ambiental"},"content":{"rendered":"<p>[et_pb_section fb_built=\u00bb1&#8243; _builder_version=\u00bb4.16&#8243; global_colors_info=\u00bb{}\u00bb][et_pb_row _builder_version=\u00bb4.16&#8243; global_colors_info=\u00bb{}\u00bb][et_pb_column type=\u00bb4_4&#8243; _builder_version=\u00bb4.16&#8243; custom_padding=\u00bb|||\u00bb global_colors_info=\u00bb{}\u00bb custom_padding__hover=\u00bb|||\u00bb][et_pb_text _builder_version=\u00bb4.16&#8243; global_colors_info=\u00bb{}\u00bb]<\/p>\n<h3 style=\"text-align: center;\"><strong>INTEGRACI\u00d3N de INTELIGENCIA AMBIENTAL en ARQUITECTURA<br \/>\n<\/strong><strong>(<em>AMBIENT INTELLIGENCE<\/em>_AmI)<\/strong><\/h3>\n<p>[\/et_pb_text][\/et_pb_column][\/et_pb_row][et_pb_row column_structure=\u00bb1_2,1_2&#8243; _builder_version=\u00bb4.16&#8243; background_size=\u00bbinitial\u00bb background_position=\u00bbtop_left\u00bb background_repeat=\u00bbrepeat\u00bb global_colors_info=\u00bb{}\u00bb][et_pb_column type=\u00bb1_2&#8243; _builder_version=\u00bb4.16&#8243; custom_padding=\u00bb|||\u00bb global_colors_info=\u00bb{}\u00bb custom_padding__hover=\u00bb|||\u00bb][et_pb_image src=\u00bbhttps:\/\/grupo.us.es\/hac\/wp-content\/uploads\/2018\/03\/4.1.4-bis.jpg\u00bb align=\u00bbright\u00bb force_fullwidth=\u00bbon\u00bb align_tablet=\u00bbcenter\u00bb align_phone=\u00bbcenter\u00bb align_last_edited=\u00bbon|desktop\u00bb _builder_version=\u00bb4.16&#8243; custom_padding=\u00bb10px|||\u00bb always_center_on_mobile=\u00bbon\u00bb global_colors_info=\u00bb{}\u00bb][\/et_pb_image][\/et_pb_column][et_pb_column type=\u00bb1_2&#8243; _builder_version=\u00bb4.16&#8243; custom_padding=\u00bb|||\u00bb global_colors_info=\u00bb{}\u00bb custom_padding__hover=\u00bb|||\u00bb][et_pb_text _builder_version=\u00bb4.27.4&#8243; hover_enabled=\u00bb0&#8243; global_colors_info=\u00bb{}\u00bb sticky_enabled=\u00bb0&#8243;]<\/p>\n<p>La<strong>\u00a0Inteligencia Ambiental<\/strong>\u00a0o\u00a0<strong><em>Ambient Intelligence<\/em><\/strong> (AmI) en ingl\u00e9s, es la <strong>capacidad de los entornos y espacios habitables para interactuar de forma inteligente con las personas<\/strong>. En breve, los edificios estar\u00e1n constituidos por interfaces intuitivas e inteligentes embebidas en toda clase de objetos, construyendo un ambiente capaz de reconocer, aprender y responder de forma inteligente ante determinadas solicitaciones o est\u00edmulos de las personas, todo ello de forma continua y no visible. Se trata de una capa tecnologica que est\u00e1 caracterizada por su <strong>ubicuidad<\/strong>, <strong>transparencia<\/strong> e <strong>interconexi\u00f3n, <\/strong>y que define\u00a0un<strong> entorno inteligente o\u00a0exocerebro.<\/strong> Esto implica proyectar y dise\u00f1ar espacios que permitan la inclusi\u00f3n, de forma sostenible y \u00e9tica, de estas tecnolog\u00edas emergentes para que aporten confianza y seguridad, y que, adem\u00e1s, no se conviertan en causa de exclusi\u00f3n social. La investigaci\u00f3n que desarrolla el grupo <a href=\"https:\/\/www.grupo.us.es\/hac\/\"><strong>Healthy Architecture &amp; City <\/strong><\/a>se centra en el <strong>dise\u00f1o y planificaci\u00f3n de entornos integrando esta Inteligencia Ambiental<\/strong>.<\/p>\n<p>[\/et_pb_text][\/et_pb_column][\/et_pb_row][et_pb_row _builder_version=\u00bb4.16&#8243; background_size=\u00bbinitial\u00bb background_position=\u00bbtop_left\u00bb background_repeat=\u00bbrepeat\u00bb global_colors_info=\u00bb{}\u00bb][et_pb_column type=\u00bb4_4&#8243; _builder_version=\u00bb4.16&#8243; custom_padding=\u00bb|||\u00bb global_colors_info=\u00bb{}\u00bb custom_padding__hover=\u00bb|||\u00bb][et_pb_text _builder_version=\u00bb4.27.4&#8243; hover_enabled=\u00bb0&#8243; global_colors_info=\u00bb{}\u00bb sticky_enabled=\u00bb0&#8243;]<\/p>\n<p>La casa no es una m\u00e1quina para vivir, sino que es <strong>un hogar destinado a ser habitado<\/strong>. Desde ese punto de vista, la casa no es un conjunto de herramientas tecnol\u00f3gicas cuya \u00fanica misi\u00f3n es ayudar a la gesti\u00f3n y el apoyo a las tareas cotidianas, sino que la calidad de vida de las personas se consigue cuando el habitante interact\u00faa con la tecnolog\u00eda, debiendo adaptarse \u00e9sta al comportamiento del usuario. La investigaci\u00f3n que se desarrolla en esta l\u00ednea trata, por tanto, de <strong>identificar<\/strong>\u00a0las caracter\u00edsticas del contexto de cada habitante,\u00a0<strong>reconocer<\/strong>\u00a0las herramientas espec\u00edficas que median entre el habitante y la actividad que realiza,\u00a0<strong>descomponer<\/strong>\u00a0esta actividad en varios componentes, niveles y subniveles para\u00a0<strong>recomponerlos<\/strong>posteriormente de forma coherente en un proyecto y dise\u00f1o adecuado que sea capaz de apoyar un determinado modo de vida.<\/p>\n<p>[\/et_pb_text][et_pb_video src=\u00bbhttps:\/\/youtu.be\/FJAqAqRA9sQ?feature=shared\u00bb _builder_version=\u00bb4.27.4&#8243; _module_preset=\u00bbdefault\u00bb global_colors_info=\u00bb{}\u00bb][\/et_pb_video][et_pb_text _builder_version=\u00bb4.16&#8243; global_colors_info=\u00bb{}\u00bb]<\/p>\n<h1 style=\"text-align: center;\"><a href=\"https:\/\/grupo.us.es\/hac\/que-investigamos\/\"><span style=\"font-size: 52pt;\">\u00ab<\/span><\/a><\/h1>\n<p>[\/et_pb_text][\/et_pb_column][\/et_pb_row][\/et_pb_section]<\/p>\n","protected":false},"excerpt":{"rendered":"<p>INTEGRACI\u00d3N de INTELIGENCIA AMBIENTAL en ARQUITECTURA (AMBIENT INTELLIGENCE_AmI) La\u00a0Inteligencia Ambiental\u00a0o\u00a0Ambient Intelligence (AmI) en ingl\u00e9s, es la capacidad de los entornos y espacios habitables para interactuar de forma inteligente con las personas. En breve, los edificios estar\u00e1n constituidos por interfaces intuitivas e inteligentes embebidas en toda clase de objetos, construyendo un ambiente capaz de reconocer, aprender [&hellip;]<\/p>\n","protected":false},"author":2,"featured_media":0,"parent":344,"menu_order":0,"comment_status":"closed","ping_status":"closed","template":"","meta":{"_et_pb_use_builder":"on","_et_pb_old_content":"","_et_gb_content_width":"","wpupg_custom_link":[],"wpupg_custom_link_behaviour":["default"],"wpupg_custom_link_nofollow":["default"],"wpupg_custom_image":[],"wpupg_custom_image_id":[],"footnotes":""},"class_list":["post-393","page","type-page","status-publish","hentry"],"_links":{"self":[{"href":"https:\/\/grupo.us.es\/hac\/wp-json\/wp\/v2\/pages\/393","targetHints":{"allow":["GET"]}}],"collection":[{"href":"https:\/\/grupo.us.es\/hac\/wp-json\/wp\/v2\/pages"}],"about":[{"href":"https:\/\/grupo.us.es\/hac\/wp-json\/wp\/v2\/types\/page"}],"author":[{"embeddable":true,"href":"https:\/\/grupo.us.es\/hac\/wp-json\/wp\/v2\/users\/2"}],"replies":[{"embeddable":true,"href":"https:\/\/grupo.us.es\/hac\/wp-json\/wp\/v2\/comments?post=393"}],"version-history":[{"count":2,"href":"https:\/\/grupo.us.es\/hac\/wp-json\/wp\/v2\/pages\/393\/revisions"}],"predecessor-version":[{"id":9413,"href":"https:\/\/grupo.us.es\/hac\/wp-json\/wp\/v2\/pages\/393\/revisions\/9413"}],"up":[{"embeddable":true,"href":"https:\/\/grupo.us.es\/hac\/wp-json\/wp\/v2\/pages\/344"}],"wp:attachment":[{"href":"https:\/\/grupo.us.es\/hac\/wp-json\/wp\/v2\/media?parent=393"}],"curies":[{"name":"wp","href":"https:\/\/api.w.org\/{rel}","templated":true}]}}