{"id":385,"date":"2018-01-03T11:54:49","date_gmt":"2018-01-03T11:54:49","guid":{"rendered":"http:\/\/grupo.us.es\/hac\/?page_id=385\/"},"modified":"2023-09-30T10:14:21","modified_gmt":"2023-09-30T10:14:21","slug":"vida-activa-asistida","status":"publish","type":"page","link":"https:\/\/grupo.us.es\/hac\/que-investigamos\/vida-activa-asistida\/","title":{"rendered":"# Entornos de vida activa asistida (AAL)"},"content":{"rendered":"<p>[et_pb_section bb_built=\u00bb1&#8243;][et_pb_row _builder_version=\u00bb3.0.89&#8243;][et_pb_column type=\u00bb4_4&#8243;][et_pb_text _builder_version=\u00bb3.0.89&#8243; background_layout=\u00bblight\u00bb]<\/p>\n<h3 style=\"text-align: center;\"><strong>IMPLANTACI\u00d3N de ENTORNOS de VIDA ACTIVA ASISTIDA<br \/>\n<em>ACTIVE and ASSISTED LIVING<\/em> (AAL)<\/strong><\/h3>\n<p>[\/et_pb_text][\/et_pb_column][\/et_pb_row][et_pb_row _builder_version=\u00bb3.0.89&#8243; width_unit=\u00bboff\u00bb use_custom_gutter=\u00bbon\u00bb gutter_width=\u00bb2&#8243;][et_pb_column type=\u00bb1_2&#8243;][et_pb_image _builder_version=\u00bb3.0.89&#8243; src=\u00bbhttps:\/\/grupo.us.es\/hac\/wp-content\/uploads\/2018\/03\/4.1.3.-Leonard-Florence.jpg\u00bb show_in_lightbox=\u00bboff\u00bb url_new_window=\u00bboff\u00bb use_overlay=\u00bboff\u00bb always_center_on_mobile=\u00bbon\u00bb force_fullwidth=\u00bbon\u00bb show_bottom_space=\u00bbon\u00bb align=\u00bbright\u00bb custom_padding=\u00bb10px|||\u00bb \/][et_pb_divider _builder_version=\u00bb3.0.89&#8243; show_divider=\u00bbon\u00bb height=\u00bb20px\u00bb \/][et_pb_text _builder_version=\u00bb3.0.89&#8243; background_layout=\u00bblight\u00bb]<\/p>\n<p>M\u00e1s informaci\u00f3n en el <span style=\"color: #333333;\">art\u00edculo<\/span>:<br \/>\n<a href=\"https:\/\/www.mdpi.com\/1660-4601\/20\/10\/5886\" target=\"_blank\" rel=\"noopener\"><strong>Active and Assisted Living, a Practice for the Ageing Population and People with Cognitive Disabilities: An Architectural Perspective<\/strong><\/a><\/p>\n<h1 class=\"title hypothesis_container\"><\/h1>\n<p>[\/et_pb_text][\/et_pb_column][et_pb_column type=\u00bb1_2&#8243;][et_pb_text _builder_version=\u00bb3.0.89&#8243; background_layout=\u00bblight\u00bb]<\/p>\n<p class=\"font_8\" style=\"text-align: left;\">La arquitectura, entendida como t\u00e9cnica, integra las nuevas tecnolog\u00edas emergentes en las edificaciones y en las ciudades. En el caso concreto de los entornos asistidos a personas con alg\u00fan tipo de diversidad funcional o cognitiva lo hace por medio de la <strong>implantaci\u00f3n de<\/strong> <strong>entornos de vida activa asistida<\/strong>, denominado en ingl\u00e9s como: <strong><em>Active and Assisted Living <\/em><\/strong>o<strong><em> Ambient and Assisted Living. <\/em><\/strong>AAL es un programa europeo cuyo objetivo es mejorar la calidad de vida de las personas mayores, buscando que \u00e9stas vivan el mayor tiempo posible en sus hogares.<\/p>\n<p class=\"font_8\" style=\"text-align: left;\">La investigaci\u00f3n que desarrolla el grupo en esta l\u00ednea consiste en la <strong>utilizaci\u00f3n de sistemas inteligentes de asistencia embebidos en diferentes entornos, muebles, ropas o dispositivos y que se aplican a distintas enfermedades o situaciones de dependencia permitiendo la comunicaci\u00f3n entre el sistema y el usuario, de forma que el dispositivo pueda interactuar de manera invisible y anticipatoria con la persona dependiente<\/strong>. As\u00ed se pueden generar espacios asistidos que, a modo de <strong><em>exocerebro<\/em><\/strong>, facilitan a las personas con diversidad funcional f\u00edsica, sensorial o cognitiva, una vida m\u00e1s sana, segura y confortable, a la vez que una mayor autonom\u00eda personal.<\/p>\n<p class=\"font_8\" style=\"text-align: left;\">El conocimiento generado est\u00e1 permitiendo aportar resultados en los que se incorporan soluciones arquitect\u00f3nicas que se pueden aplicar en funci\u00f3n de los s\u00edntomas y necesidades demandadas al entorno por diferentes usuarios en funci\u00f3n del desarrollo y la evoluci\u00f3n de sus enfermedades. <strong>La integraci\u00f3n de estas tecnolog\u00edas en la edificaci\u00f3n y su previsi\u00f3n a la hora de proyectar edificios y planificar ciudades es el objetivo de esta l\u00ednea de investigaci\u00f3n.<\/strong><\/p>\n<p>[\/et_pb_text][\/et_pb_column][\/et_pb_row][et_pb_row][et_pb_column type=\u00bb4_4&#8243;][et_pb_text _builder_version=\u00bb3.0.89&#8243; background_layout=\u00bblight\u00bb]<\/p>\n<h1 style=\"text-align: center;\"><a href=\"https:\/\/grupo.us.es\/hac\/que-investigamos\/\"><span style=\"font-size: 52pt;\">\u00ab<\/span><\/a><\/h1>\n<p>[\/et_pb_text][\/et_pb_column][\/et_pb_row][\/et_pb_section]<\/p>\n","protected":false},"excerpt":{"rendered":"<p>IMPLANTACI\u00d3N de ENTORNOS de VIDA ACTIVA ASISTIDA ACTIVE and ASSISTED LIVING (AAL) M\u00e1s informaci\u00f3n en el art\u00edculo: Active and Assisted Living, a Practice for the Ageing Population and People with Cognitive Disabilities: An Architectural Perspective La arquitectura, entendida como t\u00e9cnica, integra las nuevas tecnolog\u00edas emergentes en las edificaciones y en las ciudades. En el caso [&hellip;]<\/p>\n","protected":false},"author":2,"featured_media":0,"parent":344,"menu_order":0,"comment_status":"closed","ping_status":"closed","template":"","meta":{"_et_pb_use_builder":"on","_et_pb_old_content":"","_et_gb_content_width":"","wpupg_custom_link":[],"wpupg_custom_link_behaviour":["default"],"wpupg_custom_link_nofollow":[],"wpupg_custom_image":[],"wpupg_custom_image_id":[],"footnotes":""},"class_list":["post-385","page","type-page","status-publish","hentry"],"_links":{"self":[{"href":"https:\/\/grupo.us.es\/hac\/wp-json\/wp\/v2\/pages\/385","targetHints":{"allow":["GET"]}}],"collection":[{"href":"https:\/\/grupo.us.es\/hac\/wp-json\/wp\/v2\/pages"}],"about":[{"href":"https:\/\/grupo.us.es\/hac\/wp-json\/wp\/v2\/types\/page"}],"author":[{"embeddable":true,"href":"https:\/\/grupo.us.es\/hac\/wp-json\/wp\/v2\/users\/2"}],"replies":[{"embeddable":true,"href":"https:\/\/grupo.us.es\/hac\/wp-json\/wp\/v2\/comments?post=385"}],"version-history":[{"count":0,"href":"https:\/\/grupo.us.es\/hac\/wp-json\/wp\/v2\/pages\/385\/revisions"}],"up":[{"embeddable":true,"href":"https:\/\/grupo.us.es\/hac\/wp-json\/wp\/v2\/pages\/344"}],"wp:attachment":[{"href":"https:\/\/grupo.us.es\/hac\/wp-json\/wp\/v2\/media?parent=385"}],"curies":[{"name":"wp","href":"https:\/\/api.w.org\/{rel}","templated":true}]}}