{"id":377,"date":"2018-01-03T11:33:50","date_gmt":"2018-01-03T11:33:50","guid":{"rendered":"http:\/\/grupo.us.es\/hac\/?page_id=377\/"},"modified":"2024-11-03T19:27:47","modified_gmt":"2024-11-03T19:27:47","slug":"difusion","status":"publish","type":"page","link":"https:\/\/grupo.us.es\/hac\/difusion\/","title":{"rendered":"DIVULGACI\u00d3N"},"content":{"rendered":"<p>[et_pb_section fb_built=\u00bb1&#8243; _builder_version=\u00bb4.16&#8243; global_colors_info=\u00bb{}\u00bb][et_pb_row _builder_version=\u00bb4.16&#8243; global_colors_info=\u00bb{}\u00bb][et_pb_column type=\u00bb4_4&#8243; _builder_version=\u00bb4.16&#8243; custom_padding=\u00bb|||\u00bb global_colors_info=\u00bb{}\u00bb custom_padding__hover=\u00bb|||\u00bb][et_pb_text _builder_version=\u00bb4.16&#8243; global_colors_info=\u00bb{}\u00bb]<\/p>\n<h3 style=\"text-align: center;\"><strong>DIVULGACI\u00d3N<\/strong><\/h3>\n<p>[\/et_pb_text][\/et_pb_column][\/et_pb_row][et_pb_row column_structure=\u00bb1_2,1_2&#8243; use_custom_gutter=\u00bbon\u00bb gutter_width=\u00bb2&#8243; _builder_version=\u00bb4.16&#8243; global_colors_info=\u00bb{}\u00bb][et_pb_column type=\u00bb1_2&#8243; _builder_version=\u00bb4.16&#8243; custom_padding=\u00bb|||\u00bb global_colors_info=\u00bb{}\u00bb custom_padding__hover=\u00bb|||\u00bb][et_pb_image src=\u00bbhttps:\/\/grupo.us.es\/hac\/wp-content\/uploads\/2018\/03\/1.4.1_Confererncia-CREA-Salamanca.jpg\u00bb url=\u00bbhttps:\/\/youtu.be\/p4EJmc0cJiM\u00bb url_new_window=\u00bbon\u00bb align=\u00bbright\u00bb align_tablet=\u00bbcenter\u00bb align_phone=\u00bbcenter\u00bb align_last_edited=\u00bbon|desktop\u00bb _builder_version=\u00bb4.24.3&#8243; custom_padding=\u00bb10px|||\u00bb global_colors_info=\u00bb{}\u00bb][\/et_pb_image][et_pb_text _builder_version=\u00bb4.24.3&#8243; global_colors_info=\u00bb{}\u00bb]<\/p>\n<h4><span style=\"font-size: 10pt;\">Conferencia <strong><em>Proyectar para la ausencia de memoria<\/em><\/strong>, impartida <\/span><span style=\"font-size: 10pt;\">en Salamanca en el<br \/>Centro de Referencia Estatal de Atenci\u00f3n de Personas con Enfermedad de Alzheimer <\/span><span style=\"font-size: 10pt;\">y otras Demencias (<em>CREA<\/em>) del Imserso<\/span><\/h4>\n<p>[\/et_pb_text][et_pb_divider show_divider=\u00bboff\u00bb _builder_version=\u00bb4.16&#8243; height=\u00bb15px\u00bb global_colors_info=\u00bb{}\u00bb][\/et_pb_divider][et_pb_text _builder_version=\u00bb4.27.2&#8243; hover_enabled=\u00bb0&#8243; global_colors_info=\u00bb{}\u00bb sticky_enabled=\u00bb0&#8243;]<\/p>\n<h4><a href=\"https:\/\/grupo.us.es\/hac\/difusion\/eventos\/\" target=\"_blank\" rel=\"noopener\"><strong>Eventos y Actividades cient\u00edficas recientes <\/strong><\/a><\/h4>\n<p>&nbsp;<\/p>\n<p><a href=\"https:\/\/grupo.us.es\/hac\/prototipo-vivienda-inteligente-tecnosocial-2024\/\" target=\"_blank\" rel=\"noopener\"><strong>2024. <\/strong><em>Healthy Architecture &amp; City <\/em>ha presentado en<em> TECNOSOCIAL 2024 <\/em>un prototipo de vivienda inteligente para personas con deterioro cognitivo<\/a><\/p>\n<p><span style=\"color: #333333;\"><a style=\"color: #333333;\" href=\"http:\/\/ocs.editorial.upv.es\/index.php\/FORTMED\/FORTMED2024\/paper\/view\/18104\" target=\"_blank\" rel=\"noopener\"><strong>2024. <\/strong>Congreso: FORTMED 2024, <em>Defensive Architecture of the Mediterranean<\/em><\/a><\/span><\/p>\n<p><a href=\"https:\/\/grupo.us.es\/hac\/envejecimiento-y-dependencia\/\" target=\"_blank\" rel=\"noopener\"><strong>2023. <\/strong><em>Congreso Intersectorial de Envejecimiento y Dependencia <\/em><\/a><\/p>\n<p><a href=\"https:\/\/grupo.us.es\/hac\/healthy-architecture-city-compass-ulysseus-2023\/\" target=\"_blank\" rel=\"noopener\"><strong>2023. <\/strong><em>COMPASS Conference: Transferable Skills for Research &amp; Innovation<\/em><\/a><\/p>\n<p><a href=\"https:\/\/grupo.us.es\/hac\/healthy-architecture-city-neuro-2023\/\" target=\"_blank\" rel=\"noopener\"><strong>2023. <\/strong><em>Congreso Internacional de Enfermedades Neurodegenerativas<\/em><\/a><\/p>\n<p><a href=\"https:\/\/grupo.us.es\/hac\/i-jornadas-de-estudios-sobre-la-sierra-de-segura\/\" target=\"_blank\" rel=\"noopener\"><strong>2023. <\/strong><\/a><a href=\"https:\/\/grupo.us.es\/hac\/i-jornadas-de-estudios-sobre-la-sierra-de-segura\/\" target=\"_blank\" rel=\"noopener\">Seminario:<em> La construcci\u00f3n del paisaje cultural en la Sierra de Segura: las arquitecturas andalus\u00edes del siglo XII<\/em><\/a><\/p>\n<p><a href=\"https:\/\/grupo.us.es\/hac\/la-arquitectura-de-las-marismas-del-arroz-una-vision-paisajistica\/\" target=\"_blank\" rel=\"noopener\"><strong>2023. <\/strong>Exposici\u00f3n:<em> La arquitectura de las marismas del arroz. Una visi\u00f3n paisaj\u00edstica<\/em><\/a><\/p>\n<p><a href=\"https:\/\/grupo.us.es\/hac\/asomate-a-la-ciencia\/\" target=\"_blank\" rel=\"noopener\"><strong>2023.<\/strong> Seminario: <em>As\u00f3mate a la Ciencia. 21\u00aa Feria de la Ciencia<\/em><\/a><\/p>\n<p><a href=\"https:\/\/grupo.us.es\/hac\/healthy-architecture-city-en-tecnosocial-2023\/\" target=\"_blank\" rel=\"noopener\"><strong>2023. <\/strong>Evento: <em>Healthy Architecture &amp; City en TECNOSOCIAL 2023<\/em><\/a><\/p>\n<h4>\u00a0<\/h4>\n<h4 style=\"text-align: center;\"><span style=\"color: #333333;\"><strong><span style=\"font-size: 12pt;\"><a style=\"color: #333333;\" href=\"https:\/\/grupo.us.es\/hac\/difusion\/eventos\/\" target=\"_blank\" rel=\"noopener\">ver m\u00e1s \u00a0&gt;&gt;&gt;<\/a><\/span><\/strong><\/span><\/h4>\n<p>[\/et_pb_text][\/et_pb_column][et_pb_column type=\u00bb1_2&#8243; _builder_version=\u00bb4.16&#8243; custom_padding=\u00bb|||\u00bb global_colors_info=\u00bb{}\u00bb custom_padding__hover=\u00bb|||\u00bb][et_pb_text _builder_version=\u00bb4.24.3&#8243; global_colors_info=\u00bb{}\u00bb]<\/p>\n<p class=\"font_8\" style=\"text-align: left;\"><strong>Healthy Architecture &amp; City <\/strong>tiene como uno de sus objetivos principales la difusi\u00f3n de las investigaciones que desarrolla. Para ello participa de forma activa en actividades y en la organizaci\u00f3n de eventos de los que sus miembros son parte activa. El grupo de investigaci\u00f3n realiza la principal divulgaci\u00f3n de los resultados de sus investigaciones a trav\u00e9s de libros y art\u00edculos en publicaciones indexadas, tambi\u00e9n por medio de aportaciones en congresos, jornadas y seminarios de prestigio internacional.<\/p>\n<p class=\"font_8\" style=\"text-align: left;\">Las actividades del grupo de investigaci\u00f3n se difunden a trav\u00e9s de conferencias, seminarios y jornadas de investigaci\u00f3n, as\u00ed como en internet en diferentes redes sociales, foros, fundaciones, entidades y asociaciones de usuarios con los que participa y colabora este grupo de investigaci\u00f3n de forma activa. La producci\u00f3n cient\u00edfica de sus miembros se encuentra recogida en diferentes bases de datos, nacionales e internacionales:<strong><span style=\"color: #808080;\">\u00a0<\/span><\/strong><a href=\"https:\/\/orcid.org\/\" target=\"_blank\" rel=\"noopener\"><strong>ORCID<\/strong><\/a>,\u00a0<strong><span style=\"color: #333333;\">AVERY, <\/span><\/strong><strong><a href=\"https:\/\/www.scopus.com\/home.uri?zone=header&amp;origin=AuthorProfile\" target=\"_blank\" rel=\"noopener\">SCOPUS<\/a><span style=\"color: #808080;\">,<\/span><\/strong><strong><span style=\"color: #808080;\"><span style=\"color: #333333;\">\u00a0<\/span><\/span><\/strong><strong><span style=\"color: #808080;\"><a href=\"https:\/\/dialnet.unirioja.es\" target=\"_blank\" rel=\"noopener\">DIALNET,<\/a><\/span><\/strong>\u00a0<a href=\"https:\/\/scholar.google.es\/citations?user=ElvYUGMAAAAJ&amp;hl=es&amp;oi=sra\" target=\"_blank\" rel=\"noopener\"><strong>GoogleScholar <\/strong><\/a><span style=\"color: #333333;\">o <a href=\"https:\/\/bibliometria.us.es\/prisma\/investigador\/buscar\/grupo\/TEP-965\" target=\"_blank\" rel=\"noopener\"><strong>PRISMA<\/strong><\/a>.<\/span><\/p>\n<p class=\"font_8\" style=\"text-align: left;\"><span style=\"color: #333333;\">La producci\u00f3n en acceso abierto de nuestros investigadores se encuentra recogida en repositorios como <a href=\"https:\/\/www.researchgate.net\/profile\/Santiago-Quesada-Garcia\"><strong>ResearchGate<\/strong><\/a> o <strong><a href=\"https:\/\/us.academia.edu\/SantiagoQuesadaGarc\u00eda\" target=\"_blank\" rel=\"noopener\">ACADEMIA<\/a>, <\/strong><\/span><span style=\"color: #333333;\">aunque el principal repositorio institucional en el que est\u00e1n recogidas las aportaciones cient\u00edficas y los datos de investigaci\u00f3n de los miembros del grupo <strong>Healthy Architecture &amp; City<\/strong> es el siguiente:<\/span><\/p>\n<p style=\"text-align: right;\"><span style=\"font-size: 10pt;\"><a href=\"https:\/\/idus.us.es\/xmlui\/\" target=\"_blank\" rel=\"noopener\">Repositorio Investigaci\u00f3n de la<strong> Universidad de Sevilla \u00a0 \u00a0 \u00a0 \u00a0<\/strong><\/a><\/span><a href=\"https:\/\/idus.us.es\/xmlui\/\" target=\"_blank\" rel=\"noopener\"><img loading=\"lazy\" decoding=\"async\" class=\"alignnone wp-image-893\" src=\"https:\/\/grupo.us.es\/hac\/wp-content\/uploads\/2018\/02\/IDUS.png\" alt=\"\" width=\"49\" height=\"41\" \/><\/a><\/p>\n<p>&nbsp;<\/p>\n<p>&nbsp;<\/p>\n<p>[\/et_pb_text][et_pb_text _builder_version=\u00bb4.27.2&#8243; global_colors_info=\u00bb{}\u00bb]<\/p>\n<h4 style=\"text-align: center;\"><strong>\u00a0 \u00a0 \u00a0 \u00a0 \u00a0 \u00a0 \u00a0 \u00a0 \u00a0 \u00a0 \u00a0 \u00a0 \u00a0 \u00a0 \u00a0 \u00a0 \u00a0 \u00a0 \u00a0 \u00a0 \u00a0<a href=\"https:\/\/www.youtube.com\/@HealthyArchitectureandCity\" target=\"_blank\" rel=\"noopener\">Visita nuestro canal en:<\/a><\/strong><\/h4>\n<h4><strong><a href=\"https:\/\/www.youtube.com\/@HealthyArchitectureandCity\" target=\"_blank\" rel=\"noopener\"><img loading=\"lazy\" decoding=\"async\" class=\"wp-image-7429 aligncenter\" src=\"https:\/\/grupo.us.es\/hac\/wp-content\/uploads\/2024\/04\/image-1.png\" alt=\"\" width=\"201\" height=\"45\" \/><\/a><br \/><\/strong><\/h4>\n<p>[\/et_pb_text][et_pb_video src=\u00bbhttps:\/\/youtu.be\/NlnKeW9bXC8?feature=shared\u00bb _builder_version=\u00bb4.27.2&#8243; _module_preset=\u00bbdefault\u00bb global_colors_info=\u00bb{}\u00bb][\/et_pb_video][et_pb_divider show_divider=\u00bboff\u00bb _builder_version=\u00bb4.24.3&#8243; height=\u00bb50px\u00bb global_colors_info=\u00bb{}\u00bb][\/et_pb_divider][\/et_pb_column][\/et_pb_row][et_pb_row _builder_version=\u00bb4.16&#8243; background_size=\u00bbinitial\u00bb background_position=\u00bbtop_left\u00bb background_repeat=\u00bbrepeat\u00bb global_colors_info=\u00bb{}\u00bb][et_pb_column type=\u00bb4_4&#8243; _builder_version=\u00bb4.16&#8243; custom_padding=\u00bb|||\u00bb global_colors_info=\u00bb{}\u00bb custom_padding__hover=\u00bb|||\u00bb][et_pb_text _builder_version=\u00bb4.27.2&#8243; hover_enabled=\u00bb0&#8243; global_colors_info=\u00bb{}\u00bb sticky_enabled=\u00bb0&#8243;]<\/p>\n<h3 style=\"text-align: center;\"><span style=\"font-size: 14pt;\"><strong><a href=\"https:\/\/grupo.us.es\/hac\/difusion\/publicaciones\/\" target=\"_blank\" rel=\"noopener\">PUBLICACIONES<\/a>\u00a0 \u00a0| \u00a0 <a href=\"https:\/\/grupo.us.es\/hac\/difusion\/eventos\/\" target=\"_blank\" rel=\"noopener\">ACTIVIDADES<\/a>\u00a0\u00a0 |\u00a0 <a href=\"https:\/\/grupo.us.es\/hac\/difusion\/blog-difusion\/\" target=\"_blank\" rel=\"noopener\">BLOG\u00a0 DE INVESTIGACI\u00d3N<\/a><\/strong><\/span><\/h3>\n<p>[\/et_pb_text][\/et_pb_column][\/et_pb_row][\/et_pb_section]<\/p>\n","protected":false},"excerpt":{"rendered":"<p>DIVULGACI\u00d3N Conferencia Proyectar para la ausencia de memoria, impartida en Salamanca en elCentro de Referencia Estatal de Atenci\u00f3n de Personas con Enfermedad de Alzheimer y otras Demencias (CREA) del ImsersoEventos y Actividades cient\u00edficas recientes &nbsp; 2024. Healthy Architecture &amp; City ha presentado en TECNOSOCIAL 2024 un prototipo de vivienda inteligente para personas con deterioro cognitivo [&hellip;]<\/p>\n","protected":false},"author":2,"featured_media":0,"parent":0,"menu_order":0,"comment_status":"closed","ping_status":"closed","template":"","meta":{"_et_pb_use_builder":"on","_et_pb_old_content":"","_et_gb_content_width":"","wpupg_custom_link":[],"wpupg_custom_link_behaviour":["default"],"wpupg_custom_link_nofollow":["default"],"wpupg_custom_image":[],"wpupg_custom_image_id":[],"footnotes":""},"class_list":["post-377","page","type-page","status-publish","hentry"],"_links":{"self":[{"href":"https:\/\/grupo.us.es\/hac\/wp-json\/wp\/v2\/pages\/377","targetHints":{"allow":["GET"]}}],"collection":[{"href":"https:\/\/grupo.us.es\/hac\/wp-json\/wp\/v2\/pages"}],"about":[{"href":"https:\/\/grupo.us.es\/hac\/wp-json\/wp\/v2\/types\/page"}],"author":[{"embeddable":true,"href":"https:\/\/grupo.us.es\/hac\/wp-json\/wp\/v2\/users\/2"}],"replies":[{"embeddable":true,"href":"https:\/\/grupo.us.es\/hac\/wp-json\/wp\/v2\/comments?post=377"}],"version-history":[{"count":2,"href":"https:\/\/grupo.us.es\/hac\/wp-json\/wp\/v2\/pages\/377\/revisions"}],"predecessor-version":[{"id":8639,"href":"https:\/\/grupo.us.es\/hac\/wp-json\/wp\/v2\/pages\/377\/revisions\/8639"}],"wp:attachment":[{"href":"https:\/\/grupo.us.es\/hac\/wp-json\/wp\/v2\/media?parent=377"}],"curies":[{"name":"wp","href":"https:\/\/api.w.org\/{rel}","templated":true}]}}