{"id":365,"date":"2018-01-03T11:02:56","date_gmt":"2018-01-03T11:02:56","guid":{"rendered":"http:\/\/grupo.us.es\/hac\/?page_id=365\/"},"modified":"2023-09-03T17:00:31","modified_gmt":"2023-09-03T17:00:31","slug":"crece-con-nosotros","status":"publish","type":"page","link":"https:\/\/grupo.us.es\/hac\/crece-con-nosotros\/","title":{"rendered":"CRECE CON NOSOTROS"},"content":{"rendered":"<p>[et_pb_section bb_built=\u00bb1&#8243;][et_pb_row _builder_version=\u00bb3.0.89&#8243;][et_pb_column type=\u00bb4_4&#8243;][et_pb_text _builder_version=\u00bb3.0.89&#8243; background_layout=\u00bblight\u00bb]<\/p>\n<h3 style=\"text-align: center;\"><strong>CRECE CON NOSOTROS<\/strong><\/h3>\n<p>[\/et_pb_text][\/et_pb_column][\/et_pb_row][et_pb_row _builder_version=\u00bb3.0.89&#8243; width_unit=\u00bboff\u00bb use_custom_gutter=\u00bbon\u00bb gutter_width=\u00bb2&#8243;][et_pb_column type=\u00bb1_2&#8243;][et_pb_image _builder_version=\u00bb3.0.89&#8243; src=\u00bbhttps:\/\/grupo.us.es\/hac\/wp-content\/uploads\/2018\/03\/Crece-con-nosotros.jpg\u00bb show_in_lightbox=\u00bboff\u00bb url_new_window=\u00bboff\u00bb use_overlay=\u00bboff\u00bb always_center_on_mobile=\u00bbon\u00bb force_fullwidth=\u00bboff\u00bb show_bottom_space=\u00bbon\u00bb align=\u00bbright\u00bb custom_padding=\u00bb10px|||\u00bb \/][\/et_pb_column][et_pb_column type=\u00bb1_2&#8243;][et_pb_text _builder_version=\u00bb3.0.89&#8243; background_layout=\u00bblight\u00bb custom_padding=\u00bb5px|||\u00bb]<\/p>\n<p class=\"font_8\" style=\"text-align: left;\"><strong>Healthy Architecture &amp; City <\/strong>es un grupo de investigaci\u00f3n que te puede ayudar a crecer desde el punto de vista tanto como investigador como profesional. Si eres curioso y te gusta investigar te puedes integrar en las investigaciones que realizamos obteniendo experiencia y formaci\u00f3n centrada en el dise\u00f1o de entornos que habitan las personas de la cuarta edad, as\u00ed como usuarios con diversidad funcional y cognitiva, tambi\u00e9n en el dise\u00f1o y construcci\u00f3n de atm\u00f3sferas saludables y personalizadas para estos colectivos, que al final son extrapolables al resto de la sociedad.<\/p>\n<p class=\"font_8\" style=\"text-align: left;\">Te asesoramos sobre los posibles caminos y especializaciones despu\u00e9s de terminar tus estudios de grado. Si te interesa, te guiamos sobre los pasos a dar para realizar estudios de posgrado y especializaci\u00f3n, fundamentales para tener un\u00a0<strong>valor a\u00f1adido especializado<\/strong>, con el que alcanzar una mayor\u00a0<strong>empleabilidad<\/strong> en una sociedad cada d\u00eda m\u00e1s exigente y competitiva. Consulta nuestra secci\u00f3n:<\/p>\n<p>&nbsp;<\/p>\n<h4 style=\"text-align: left;\"><strong><span style=\"color: #333333;\"><span style=\"font-size: 14pt;\"><a style=\"color: #333333;\" href=\"https:\/\/grupo.us.es\/hac\/apoyo-al-investigador\/\" target=\"_blank\" rel=\"noopener\">Apoyo al investigador<\/a><\/span><\/span><\/strong><\/h4>\n<p>[\/et_pb_text][\/et_pb_column][\/et_pb_row][et_pb_row _builder_version=\u00bb3.0.89&#8243; width_unit=\u00bboff\u00bb use_custom_gutter=\u00bbon\u00bb gutter_width=\u00bb2&#8243;][et_pb_column type=\u00bb4_4&#8243;][et_pb_text _builder_version=\u00bb3.0.89&#8243; background_layout=\u00bblight\u00bb]<\/p>\n<p class=\"font_8\" style=\"text-align: justify;\">Te informamos sobre formaci\u00f3n<strong>, nacional e internacional<\/strong>, sobre los <strong><a href=\"https:\/\/grupo.us.es\/hac\/master\/\">estudios de postgrado<\/a> <\/strong>m\u00e1s valorados\u00a0y con m\u00e1s salidas profesionales. Igualmente te orientamos sobre el funcionamiento de los\u00a0<strong><a href=\"https:\/\/grupo.us.es\/hac\/doctorado\/\">estudios de doctorado<\/a>\u00a0<\/strong>y los tr\u00e1mites a realizar para obtener el grado de doctor, as\u00ed como de las convocatorias de becas y ayudas que pueden financiar estos estudios. Si est\u00e1s interesado en una carrera profesional investigadora, <strong><a href=\"https:\/\/grupo.us.es\/hac\/contacto\/\" target=\"_blank\" rel=\"noopener\">CONT\u00c1CTANOS<\/a><\/strong>.<\/p>\n<p>[\/et_pb_text][\/et_pb_column][\/et_pb_row][et_pb_row][et_pb_column type=\u00bb4_4&#8243;][et_pb_text _builder_version=\u00bb3.0.89&#8243; background_layout=\u00bblight\u00bb]<\/p>\n<h1 style=\"text-align: center;\"><a href=\"https:\/\/grupo.us.es\/hac\/\"><span style=\"font-size: 52pt;\">\u00ab<\/span><\/a><\/h1>\n<p>[\/et_pb_text][\/et_pb_column][\/et_pb_row][et_pb_row _builder_version=\u00bb3.0.89&#8243;][et_pb_column type=\u00bb4_4&#8243;][\/et_pb_column][\/et_pb_row][\/et_pb_section]<\/p>\n","protected":false},"excerpt":{"rendered":"<p>CRECE CON NOSOTROS Healthy Architecture &amp; City es un grupo de investigaci\u00f3n que te puede ayudar a crecer desde el punto de vista tanto como investigador como profesional. Si eres curioso y te gusta investigar te puedes integrar en las investigaciones que realizamos obteniendo experiencia y formaci\u00f3n centrada en el dise\u00f1o de entornos que habitan [&hellip;]<\/p>\n","protected":false},"author":2,"featured_media":0,"parent":0,"menu_order":0,"comment_status":"closed","ping_status":"closed","template":"","meta":{"_et_pb_use_builder":"on","_et_pb_old_content":"","_et_gb_content_width":"","wpupg_custom_link":[],"wpupg_custom_link_behaviour":["default"],"wpupg_custom_link_nofollow":[],"wpupg_custom_image":[],"wpupg_custom_image_id":[],"footnotes":""},"class_list":["post-365","page","type-page","status-publish","hentry"],"_links":{"self":[{"href":"https:\/\/grupo.us.es\/hac\/wp-json\/wp\/v2\/pages\/365","targetHints":{"allow":["GET"]}}],"collection":[{"href":"https:\/\/grupo.us.es\/hac\/wp-json\/wp\/v2\/pages"}],"about":[{"href":"https:\/\/grupo.us.es\/hac\/wp-json\/wp\/v2\/types\/page"}],"author":[{"embeddable":true,"href":"https:\/\/grupo.us.es\/hac\/wp-json\/wp\/v2\/users\/2"}],"replies":[{"embeddable":true,"href":"https:\/\/grupo.us.es\/hac\/wp-json\/wp\/v2\/comments?post=365"}],"version-history":[{"count":0,"href":"https:\/\/grupo.us.es\/hac\/wp-json\/wp\/v2\/pages\/365\/revisions"}],"wp:attachment":[{"href":"https:\/\/grupo.us.es\/hac\/wp-json\/wp\/v2\/media?parent=365"}],"curies":[{"name":"wp","href":"https:\/\/api.w.org\/{rel}","templated":true}]}}