{"id":360,"date":"2018-01-03T10:52:12","date_gmt":"2018-01-03T10:52:12","guid":{"rendered":"http:\/\/grupo.us.es\/hac\/?page_id=360\/"},"modified":"2024-12-28T20:33:21","modified_gmt":"2024-12-28T20:33:21","slug":"que-hacemos","status":"publish","type":"page","link":"https:\/\/grupo.us.es\/hac\/que-hacemos\/","title":{"rendered":"Consultor\u00eda y servicios"},"content":{"rendered":"<p>[et_pb_section fb_built=\u00bb1&#8243; _builder_version=\u00bb4.16&#8243; global_colors_info=\u00bb{}\u00bb][et_pb_row _builder_version=\u00bb4.16&#8243; global_colors_info=\u00bb{}\u00bb][et_pb_column type=\u00bb4_4&#8243; _builder_version=\u00bb4.16&#8243; custom_padding=\u00bb|||\u00bb global_colors_info=\u00bb{}\u00bb custom_padding__hover=\u00bb|||\u00bb][et_pb_text _builder_version=\u00bb4.16&#8243; global_colors_info=\u00bb{}\u00bb]<\/p>\n<h3 style=\"text-align: center;\"><strong>QU\u00c9 HACEMOS<\/strong><\/h3>\n<h4 style=\"text-align: center;\"><strong>CONSULTOR\u00cdA y SERVICIOS I+D+i<\/strong><\/h4>\n<p>[\/et_pb_text][et_pb_text _builder_version=\u00bb4.27.4&#8243; global_colors_info=\u00bb{}\u00bb]<\/p>\n<p style=\"text-align: justify;\"><strong>Healthy Architecture &amp; City<\/strong> es un equipo l\u00e1bil, \u00e1gil, flexible y permeable que participa, realiza y ejecuta de forma fluida <strong>proyectos, obras, consultor\u00edas de programas y servicios\u00a0I+D+i<\/strong> para empresas e instituciones p\u00fablicas de la administraci\u00f3n estatal, auton\u00f3mica y local, as\u00ed como para ciudadanos y colectivos con necesidades especiales. La colaboraci\u00f3n con nuestro grupo de investigaci\u00f3n permite a estas entidades y empresas optimizar sus recursos y procesos. adem\u00e1s de cubrir sus necesidades en <strong>servicios muy especializados<\/strong> y con\u00a0<strong>alto valor a\u00f1adido<\/strong>, convirti\u00e9ndonos en su\u00a0<strong>departamento externo de I+D+i,\u00a0<\/strong> con la solvencia a\u00f1adida que aporta la pertenencia a una instituci\u00f3n de prestigio internacional como \u00a0la<strong> Universidad de Sevilla.<\/strong><\/p>\n<p>&nbsp;<\/p>\n<p style=\"text-align: justify;\">En el actual dise\u00f1o y construcci\u00f3n de edificios y ciudades convergen varias tecnolog\u00edas avanzadas, entre las que est\u00e1n la <strong>Inteligencia Artificial (IA)<\/strong>, <strong>Building Information Modeling (BIM)<\/strong>, <strong>Modelado Digital del Terreno (MDT)<\/strong>,<strong> Dise\u00f1o Asistido por Ordenador (CAD)<\/strong> y los <strong>Sistemas de Informaci\u00f3n Geogr\u00e1fica (SIG)<\/strong>. Cada una de estas tecnolog\u00edas desempe\u00f1a un papel fundamental en diferentes etapas del proyecto, desde el dise\u00f1o inicial hasta su materializaci\u00f3n en el edificio final.<\/p>\n<p>&nbsp;<\/p>\n<p>[\/et_pb_text][\/et_pb_column][\/et_pb_row][et_pb_row column_structure=\u00bb1_2,1_2&#8243; use_custom_gutter=\u00bbon\u00bb gutter_width=\u00bb2&#8243; _builder_version=\u00bb4.16&#8243; custom_margin=\u00bb||0px|\u00bb custom_padding=\u00bb||0px|\u00bb width_unit=\u00bboff\u00bb global_colors_info=\u00bb{}\u00bb][et_pb_column type=\u00bb1_2&#8243; _builder_version=\u00bb4.16&#8243; custom_padding=\u00bb||0px|\u00bb global_colors_info=\u00bb{}\u00bb custom_padding__hover=\u00bb|||\u00bb][et_pb_text _builder_version=\u00bb4.27.4&#8243; text_orientation=\u00bbjustified\u00bb module_alignment=\u00bbleft\u00bb global_colors_info=\u00bb{}\u00bb]<\/p>\n<p>Los servicios y consultor\u00edas, que el grupo <strong>Healthy Architecture &amp; City<\/strong> <strong>(HAC)<\/strong> ofrece a instituciones p\u00fablicas y empresas, incorporan el uso de las siguientes herramientas tecnol\u00f3gicas avanzadas:<\/p>\n<p>[\/et_pb_text][et_pb_image src=\u00bbhttps:\/\/grupo.us.es\/hac\/wp-content\/uploads\/2018\/03\/1.3.jpg\u00bb align=\u00bbright\u00bb force_fullwidth=\u00bbon\u00bb align_tablet=\u00bbcenter\u00bb align_phone=\u00bbcenter\u00bb align_last_edited=\u00bbon|desktop\u00bb _builder_version=\u00bb4.16&#8243; always_center_on_mobile=\u00bbon\u00bb global_colors_info=\u00bb{}\u00bb][\/et_pb_image][et_pb_text _builder_version=\u00bb4.27.4&#8243; text_orientation=\u00bbjustified\u00bb module_alignment=\u00bbleft\u00bb global_colors_info=\u00bb{}\u00bb]<\/p>\n<p>La utilizaci\u00f3n de los modelos protocolizados que permiten estas tecnolog\u00edas es esencial para asegurar el flujo de informaci\u00f3n a trav\u00e9s de todas las etapas de los proyectos. Estos modelos establecen las normas y procedimientos para la gesti\u00f3n de los datos y garantizan que la informaci\u00f3n relevante est\u00e1 disponible para todas las partes interesadas en el momento adecuado.<\/p>\n<p>[\/et_pb_text][\/et_pb_column][et_pb_column type=\u00bb1_2&#8243; _builder_version=\u00bb4.16&#8243; custom_padding=\u00bb||0px|\u00bb global_colors_info=\u00bb{}\u00bb custom_padding__hover=\u00bb|||\u00bb][et_pb_text _builder_version=\u00bb4.27.4&#8243; global_colors_info=\u00bb{}\u00bb]<\/p>\n<p><span style=\"font-size: 12pt;\">1. <strong>Inteligencia Artificial<\/strong> <strong>(IA)<\/strong><\/span>: La IA puede ser crucial para optimizar la ubicaci\u00f3n y el dise\u00f1o de los edificios y espacios urbanos, teniendo en cuenta factores como la topograf\u00eda del terreno, las \u00e1reas m\u00e1s densamente pobladas, los vac\u00edos urbanos, el medioambiente, etc. Adem\u00e1s, la IA puede ayudar en la detecci\u00f3n temprana de problemas y fallos, analizando patrones en los datos recopilados por los sensores.<\/p>\n<p><span style=\"font-size: 12pt;\">2. <strong>Building Information Modeling<\/strong> <strong>(BIM)<\/strong><\/span>: BIM permite la creaci\u00f3n de modelos digitales 3D de los edificios, construcciones, instalaciones e infraestructuras que pueden ser utilizados para visualizaci\u00f3n, simulaci\u00f3n y an\u00e1lisis de costos. Los modelos BIM pueden incluir no s\u00f3lo las edificios, sino tambi\u00e9n otros componentes relacionados. En la fase los modelos BIM pueden ser utilizados para visualizar y rastrear el estado del desarrollo de la edificaci\u00f3n.<\/p>\n<p><span style=\"font-size: 12pt;\">3. <strong>Modelado Digital del Terreno<\/strong> <strong>(MDT)<\/strong><\/span>: El MDT proporciona una representaci\u00f3n precisa del terreno existente, que es crucial para el dise\u00f1o de las operaciones de implantaci\u00f3n urbana. Los datos del MDT pueden ser utilizados para identificar los lugares m\u00e1s eficientes, minimizando los costes.<\/p>\n<p><span style=\"font-size: 12pt;\">4. <strong>Dise\u00f1o Asistido por Ordenado<\/strong>r <strong>(CAD)<\/strong><\/span>: El CAD es una herramientas esencial para la creaci\u00f3n de los dibujos en arquitectura. Esta herramienta permite a los arquitectos e ingenieros hacer los planos en 2D y visualizar la red en 3D, lo que puede ayudar a identificar y resolver los problemas de dise\u00f1o en una etapa temprana.<\/p>\n<p><span style=\"font-size: 12pt;\">5. <strong>Sistemas de Informaci\u00f3n Geogr\u00e1fica<\/strong> <strong>(GIS<\/strong><\/span><strong>)<\/strong>: Los GIS pueden proporcionar una amplia gama de datos georreferenciados que pueden informar un dise\u00f1o o planificaci\u00f3n de ciudades o de cualquier infraestructura e implantaci\u00f3n, como la ubicaci\u00f3n de las \u00e1reas pobladas, las caracter\u00edsticas del terreno, y los patrones de uso del suelo. Los GIS tambi\u00e9n pueden ser utilizados para analizar y gestionar los datos de la red durante la fase de operaci\u00f3n y mantenimiento.<\/p>\n<p>[\/et_pb_text][\/et_pb_column][\/et_pb_row][et_pb_row _builder_version=\u00bb4.16&#8243; background_size=\u00bbinitial\u00bb background_position=\u00bbtop_left\u00bb background_repeat=\u00bbrepeat\u00bb global_colors_info=\u00bb{}\u00bb][et_pb_column type=\u00bb4_4&#8243; _builder_version=\u00bb4.16&#8243; custom_padding=\u00bb|||\u00bb global_colors_info=\u00bb{}\u00bb custom_padding__hover=\u00bb|||\u00bb][et_pb_text _builder_version=\u00bb4.16&#8243; text_orientation=\u00bbcenter\u00bb module_alignment=\u00bbcenter\u00bb global_colors_info=\u00bb{}\u00bb]El cat\u00e1logo detallado de los servicios se puede descargar en los enlaces siguientes:<\/p>\n<h4 style=\"text-align: center;\"><strong>SERVICIOS \u00a0 I + D + i<\/strong><\/h4>\n<h4 style=\"text-align: center;\"><a href='\/hac\/wp-content\/uploads\/2018\/02\/CATALOGO-GENERAL-SERVICIOS-IDi_HAC.pdf' class='small-button smallblack' target=\"_blank\">Descargar cat\u00e1logo general<\/a><\/h4>\n<p>[\/et_pb_text][et_pb_text _builder_version=\u00bb4.27.4&#8243; text_orientation=\u00bbcenter\u00bb module_alignment=\u00bbcenter\u00bb hover_enabled=\u00bb0&#8243; global_colors_info=\u00bb{}\u00bb sticky_enabled=\u00bb0&#8243;]<\/p>\n<h4>\u00a0<a href=\"https:\/\/grupo.us.es\/hac\/smart-house\/\"><img loading=\"lazy\" decoding=\"async\" class=\"alignnone wp-image-897 size-full\" src=\"https:\/\/grupo.us.es\/hac\/wp-content\/uploads\/2018\/02\/Smart-House.jpg\" alt=\"\" width=\"148\" height=\"125\" data-wp-editing=\"1\" \/><\/a><a href=\"https:\/\/grupo.us.es\/hac\/smart-building\/\"><img loading=\"lazy\" decoding=\"async\" class=\"alignnone wp-image-895 size-full\" src=\"https:\/\/grupo.us.es\/hac\/wp-content\/uploads\/2018\/02\/smart-building.jpg\" alt=\"\" width=\"145\" height=\"125\" \/><\/a><a href=\"https:\/\/grupo.us.es\/hac\/smart-city\/\">\u00a0<img loading=\"lazy\" decoding=\"async\" class=\"alignnone wp-image-896 size-full\" src=\"https:\/\/grupo.us.es\/hac\/wp-content\/uploads\/2018\/02\/smart-city.jpg\" alt=\"\" width=\"134\" height=\"125\" \/><\/a><\/h4>\n<p>[\/et_pb_text][et_pb_text _builder_version=\u00bb4.27.4&#8243; hover_enabled=\u00bb0&#8243; global_colors_info=\u00bb{}\u00bb sticky_enabled=\u00bb0&#8243;]<\/p>\n<hr \/>\n<p class=\"font_8\"><strong><span style=\"color: #333333;\">C\u00f3digos SIC\u00a0(Subject Index Codes)<\/span>:<\/strong><\/p>\n<p class=\"font_8\">1.2.15 Gesti\u00f3n de Conocimiento, Gesti\u00f3n de Procesos; 1.2.18 Interfaces de usuario, Usabilidad; 1.2.20 Software de Automatizaci\u00f3n de Edificios; 1.2.21 Control Remoto; 1.2.22 Aplicaciones Inteligentes; 1.3.1 Aplicaciones para Sanidad; 1.3.6 Sistemas de Gesti\u00f3n Medioambiental y Sistemas de Gesti\u00f3n Documental; 1.3.7 GIS Sistemas de Informaci\u00f3n Geogr\u00e1fica; 1.3.9 Sistema de Gesti\u00f3n de Calidad; 1.3.10 Sistema de Gesti\u00f3n del Mantenimiento; 1.4.1 Herencia Cultural; 1.4.6 Visualizaci\u00f3n, Realidad Virtual; 1.5.3 Comunicaciones M\u00f3viles; 2.1. Dise\u00f1o y Modelado \/ Prototipos; 2.6 Tecnolog\u00eda de la Construcci\u00f3n; 2.7 Tecnolog\u00eda de Materiales; 10 Protecci\u00f3n del hombre y del medioambiente.<\/p>\n<p class=\"font_8\"><strong><span style=\"color: #333333;\">C\u00f3digos de Actividades Industriales VEIC\u00a0(Venture Economics Industry Codes):<\/span><\/strong><\/p>\n<p class=\"font_8\">2.6.3 Servicios de formaci\u00f3n; 2.6.4 Servicios de introducci\u00f3n, proceso y an\u00e1lisis de datos; 5.2.1 Servicios terap\u00e9uticos; 7.4.3 Hogar y Muebles; 8.2.1 Gesti\u00f3n energ\u00e9tica. Incluye Eficiencia Energ\u00e9tica; 8.2.2 Equipos industriales de medida y sensores; 8.2.3 Sistemas y equipos para control de procesos; 8.2.5 Sistemas y software de visi\u00f3n artificial; 9.3.5 Servicios de Consultor\u00eda; 9.3.5.4-CV Servicios de Consultor\u00eda del sector Bio-Salud; 9.3.5.6-CV Servicios de Consultor\u00eda del sector TIC; 9.3.5.9-CV Promoci\u00f3n innovaci\u00f3n, Transf. Tecnol\u00f3gica y otros; 9.3.7.1-CV Asuntos\/Servicios Sociales; 9.7.5 Servicios para la construcci\u00f3n; 9.7.5.1-CV Conservaci\u00f3n del Patrimonio arquitect\u00f3nico; 9.7.5.2-CV Dom\u00f3tica.<\/p>\n<p>[\/et_pb_text][et_pb_text _builder_version=\u00bb4.27.4&#8243; hover_enabled=\u00bb0&#8243; global_colors_info=\u00bb{}\u00bb sticky_enabled=\u00bb0&#8243;]<\/p>\n<h1 style=\"text-align: center;\"><a href=\"https:\/\/grupo.us.es\/hac\/\"><span style=\"font-size: 52pt;\">\u00ab<\/span><\/a><\/h1>\n<p>[\/et_pb_text][\/et_pb_column][\/et_pb_row][\/et_pb_section]<\/p>\n","protected":false},"excerpt":{"rendered":"<p>QU\u00c9 HACEMOS CONSULTOR\u00cdA y SERVICIOS I+D+i Healthy Architecture &amp; City es un equipo l\u00e1bil, \u00e1gil, flexible y permeable que participa, realiza y ejecuta de forma fluida proyectos, obras, consultor\u00edas de programas y servicios\u00a0I+D+i para empresas e instituciones p\u00fablicas de la administraci\u00f3n estatal, auton\u00f3mica y local, as\u00ed como para ciudadanos y colectivos con necesidades especiales. La [&hellip;]<\/p>\n","protected":false},"author":2,"featured_media":0,"parent":0,"menu_order":0,"comment_status":"closed","ping_status":"closed","template":"","meta":{"_et_pb_use_builder":"on","_et_pb_old_content":"","_et_gb_content_width":"","wpupg_custom_link":[],"wpupg_custom_link_behaviour":["default"],"wpupg_custom_link_nofollow":["default"],"wpupg_custom_image":[],"wpupg_custom_image_id":[],"footnotes":""},"class_list":["post-360","page","type-page","status-publish","hentry"],"_links":{"self":[{"href":"https:\/\/grupo.us.es\/hac\/wp-json\/wp\/v2\/pages\/360","targetHints":{"allow":["GET"]}}],"collection":[{"href":"https:\/\/grupo.us.es\/hac\/wp-json\/wp\/v2\/pages"}],"about":[{"href":"https:\/\/grupo.us.es\/hac\/wp-json\/wp\/v2\/types\/page"}],"author":[{"embeddable":true,"href":"https:\/\/grupo.us.es\/hac\/wp-json\/wp\/v2\/users\/2"}],"replies":[{"embeddable":true,"href":"https:\/\/grupo.us.es\/hac\/wp-json\/wp\/v2\/comments?post=360"}],"version-history":[{"count":2,"href":"https:\/\/grupo.us.es\/hac\/wp-json\/wp\/v2\/pages\/360\/revisions"}],"predecessor-version":[{"id":8971,"href":"https:\/\/grupo.us.es\/hac\/wp-json\/wp\/v2\/pages\/360\/revisions\/8971"}],"wp:attachment":[{"href":"https:\/\/grupo.us.es\/hac\/wp-json\/wp\/v2\/media?parent=360"}],"curies":[{"name":"wp","href":"https:\/\/api.w.org\/{rel}","templated":true}]}}