{"id":344,"date":"2018-01-03T10:25:13","date_gmt":"2018-01-03T10:25:13","guid":{"rendered":"http:\/\/grupo.us.es\/hac\/?page_id=344\/"},"modified":"2023-09-01T09:59:35","modified_gmt":"2023-09-01T09:59:35","slug":"que-investigamos","status":"publish","type":"page","link":"https:\/\/grupo.us.es\/hac\/que-investigamos\/","title":{"rendered":"QU\u00c9 INVESTIGAMOS"},"content":{"rendered":"<p>[et_pb_section bb_built=\u00bb1&#8243;][et_pb_row _builder_version=\u00bb3.0.89&#8243;][et_pb_column type=\u00bb4_4&#8243;][et_pb_text _builder_version=\u00bb3.0.89&#8243; background_layout=\u00bblight\u00bb]<\/p>\n<h3 style=\"text-align: center;\"><strong>QU\u00c9 INVESTIGAMOS<\/strong><\/h3>\n<p>[\/et_pb_text][\/et_pb_column][\/et_pb_row][et_pb_row _builder_version=\u00bb3.0.89&#8243; width_unit=\u00bboff\u00bb use_custom_gutter=\u00bbon\u00bb gutter_width=\u00bb2&#8243;][et_pb_column type=\u00bb1_2&#8243;][et_pb_image _builder_version=\u00bb3.0.89&#8243; src=\u00bbhttps:\/\/grupo.us.es\/hac\/wp-content\/uploads\/2018\/03\/1.2.jpg\u00bb show_in_lightbox=\u00bboff\u00bb url_new_window=\u00bboff\u00bb use_overlay=\u00bboff\u00bb always_center_on_mobile=\u00bbon\u00bb force_fullwidth=\u00bbon\u00bb show_bottom_space=\u00bbon\u00bb align=\u00bbright\u00bb custom_padding=\u00bb10px|||\u00bb \/][et_pb_image _builder_version=\u00bb3.0.89&#8243; src=\u00bbhttps:\/\/grupo.us.es\/hac\/wp-content\/uploads\/2018\/03\/4.1.6.jpg\u00bb show_in_lightbox=\u00bboff\u00bb url_new_window=\u00bboff\u00bb use_overlay=\u00bboff\u00bb always_center_on_mobile=\u00bbon\u00bb force_fullwidth=\u00bboff\u00bb show_bottom_space=\u00bbon\u00bb custom_padding=\u00bb60px|||\u00bb \/][et_pb_text _builder_version=\u00bb3.0.89&#8243; background_layout=\u00bblight\u00bb]<\/p>\n<p style=\"text-align: center;\"><span style=\"font-size: 8pt; color: #808080;\">Dibujos realizados por enfermos de alzh\u00e9imer para determinar el grado de reminiscencia de sus estancias y hogares<\/span><\/p>\n<p>[\/et_pb_text][et_pb_image _builder_version=\u00bb3.0.89&#8243; src=\u00bbhttps:\/\/grupo.us.es\/hac\/wp-content\/uploads\/2018\/03\/Datos.jpg\u00bb show_in_lightbox=\u00bboff\u00bb url_new_window=\u00bboff\u00bb use_overlay=\u00bboff\u00bb always_center_on_mobile=\u00bbon\u00bb force_fullwidth=\u00bboff\u00bb show_bottom_space=\u00bbon\u00bb custom_padding=\u00bb20px|||\u00bb \/][et_pb_image _builder_version=\u00bb3.0.89&#8243; src=\u00bbhttps:\/\/grupo.us.es\/hac\/wp-content\/uploads\/2018\/03\/ensayo-Teresianas-2.jpg\u00bb show_in_lightbox=\u00bboff\u00bb url_new_window=\u00bboff\u00bb use_overlay=\u00bboff\u00bb always_center_on_mobile=\u00bbon\u00bb force_fullwidth=\u00bboff\u00bb show_bottom_space=\u00bbon\u00bb align=\u00bbcenter\u00bb \/][\/et_pb_column][et_pb_column type=\u00bb1_2&#8243;][et_pb_text _builder_version=\u00bb3.0.89&#8243; background_layout=\u00bblight\u00bb]<\/p>\n<p class=\"font_8\" style=\"text-align: left;\">El grupo Healthy Architecture &amp; City tiene unas l\u00edneas de investigaci\u00f3n que se enmarcan en los retos de la sociedad que afectan a la\u00a0<strong>salud, el cambio demogr\u00e1fico y el bienestar<\/strong>; as\u00ed como a los\u00a0<strong>cambios e innovaciones sociales; econom\u00eda y sociedad digital<\/strong>. Son retos adscritos dentro de la Acci\u00f3n Estrat\u00e9gica en Salud del\u00a0<strong>Plan Nacional de Investigaci\u00f3n Cient\u00edfica, T\u00e9cnica y de Innovaci\u00f3n.<\/strong><\/p>\n<p class=\"font_8\" style=\"text-align: left;\">Nuestras investigaciones se alinean tambi\u00e9n con la l\u00ednea de investigaci\u00f3n: <strong>Entorno, Salud<\/strong> y <strong>Enfermedades neurodegenerativas<\/strong>, contemplada en el Programa Sectorial de la Junta de Andaluc\u00eda del\u00a0<strong>Plan Andaluz de Investigaci\u00f3n, Desarrollo e Innovaci\u00f3n 2020. <\/strong>Nuestros trabajos\u00a0tienen como objetivo compatibilizar la arquitectura con el envejecimiento poblacional, la salud y los entornos amigables.<\/p>\n<p class=\"font_8\" style=\"text-align: left;\">Trabajamos en estrecha colaboraci\u00f3n con la l\u00ednea\u00a0<strong>Neurociencia b\u00e1sica y aplicada<\/strong>\u00a0del Programa de Doctorado en\u00a0<span style=\"text-decoration: underline;\"><span style=\"color: #333333;\"><a style=\"color: #333333; text-decoration: underline;\" href=\"http:\/\/www.uma.es\/doctorado-biomedicina\/\"><strong>Biomedicina, Investigaci\u00f3n traslacional y Nuevas Tecnolog\u00edas en Salud<\/strong><\/a><\/span><\/span><span style=\"color: #333333;\">\u00a0<\/span>de la Facultad de Medicina de la Universidad de M\u00e1laga, desarrollando tesis doctorales en el mismo.<\/p>\n<p>[\/et_pb_text][et_pb_text _builder_version=\u00bb3.0.89&#8243; background_layout=\u00bblight\u00bb custom_padding=\u00bb45px|||\u00bb]<\/p>\n<h3 style=\"text-align: left;\"><strong>Lineas de investigaci\u00f3n<\/strong><\/h3>\n<p>[\/et_pb_text][et_pb_text _builder_version=\u00bb3.0.89&#8243; background_layout=\u00bblight\u00bb custom_padding=\u00bb15px|||\u00bb]<\/p>\n<ul>\n<li><span style=\"font-size: 12pt; color: #000000;\"><strong>Arquitectura, Salud y Bienestar<\/strong><\/span>\u00a0<strong><span style=\"color: #808080;\"><a style=\"color: #808080;\" href=\"https:\/\/grupo.us.es\/hac\/proyectar-para-la-ausencia-de-la-memoria\/\" target=\"_blank\" rel=\"noopener\">\u00a0 \u00a0 \u00a0 \u00a0 \u00a0<\/a><\/span><\/strong><\/li>\n<\/ul>\n<p>&nbsp;<\/p>\n<p><strong><span style=\"color: #808080;\"><a style=\"color: #808080;\" href=\"https:\/\/grupo.us.es\/hac\/proyectar-para-la-ausencia-de-la-memoria\/\" target=\"_blank\" rel=\"noopener\">\u00a0 \u00a0 \u00a0 \u00a0 \u00a0 C\u00f3mo proyectar para la ausencia de la memoria<\/a><\/span><\/strong><\/p>\n<p><strong><span style=\"color: #808080;\"><a style=\"color: #808080;\" href=\"https:\/\/grupo.us.es\/hac\/arquitectura-saludable\/\" target=\"_blank\" rel=\"noopener\">\u00a0 \u00a0 \u00a0 \u00a0 \u00a0 Arquitectura saludable\u00a0y envejecimiento\u00a0poblacional<\/a><\/span><\/strong><\/p>\n<p><strong><span style=\"color: #808080;\"><a style=\"color: #808080;\" href=\"https:\/\/grupo.us.es\/hac\/vida-activa-asistida\/\" target=\"_blank\" rel=\"noopener\">\u00a0 \u00a0 \u00a0 \u00a0 \u00a0 Implantaci\u00f3n de entornos para la Vida Activa Asistida (AAL)<\/a><\/span><\/strong><\/p>\n<p><strong><span style=\"color: #808080;\"><a style=\"color: #808080;\" href=\"https:\/\/grupo.us.es\/hac\/inteligencia-ambiental\/\" target=\"_blank\" rel=\"noopener\">\u00a0 \u00a0 \u00a0 \u00a0 \u00a0 Integraci\u00f3n de Inteligencia Ambiental (AmI) en Arquitectura<\/a><\/span><\/strong><\/p>\n<p>&nbsp;<\/p>\n<ul>\n<li><span style=\"color: #808080;\"><strong> <span style=\"color: #000000;\"><span style=\"font-size: 12pt;\">Smart Cities \/ Green Cities<\/span><\/span><\/strong><\/span><\/li>\n<\/ul>\n<p>&nbsp;<\/p>\n<p><strong><span style=\"color: #808080;\"><a style=\"color: #808080;\" href=\"https:\/\/grupo.us.es\/hac\/tecnologias-emergentes-en-la-edificacion\/\" target=\"_blank\" rel=\"noopener\">\u00a0 \u00a0 \u00a0 \u00a0 \u00a0 \u00a0Tecnolog\u00edas emergentes en edificaci\u00f3n<\/a><\/span><\/strong><\/p>\n<p><span style=\"color: #808080;\"><strong><a style=\"color: #808080;\" href=\"https:\/\/grupo.us.es\/hac\/smart-city\/\" target=\"_blank\" rel=\"noopener\">\u00a0 \u00a0 \u00a0 \u00a0 \u00a0 \u00a0Smart Cit<\/a>y, <a style=\"color: #808080;\" href=\"https:\/\/grupo.us.es\/hac\/smart-building\/\" target=\"_blank\" rel=\"noopener\">Smart Building<\/a>, <a style=\"color: #808080;\" href=\"https:\/\/grupo.us.es\/hac\/smart-house\/\" target=\"_blank\" rel=\"noopener\">Smart House<\/a><\/strong><\/span><\/p>\n<p><strong><span style=\"color: #808080;\"><a style=\"color: #808080;\" href=\"https:\/\/grupo.us.es\/hac\/monitorizacion\/\" target=\"_blank\" rel=\"noopener\">\u00a0 \u00a0 \u00a0 \u00a0 \u00a0 \u00a0Monitorizaci\u00f3n,\u00a0medida y comparaci\u00f3n de datos arq. y urbanos<\/a><\/span><\/strong><\/p>\n<p>&nbsp;<\/p>\n<ul>\n<li><span style=\"color: #808080; font-size: 12pt;\"><strong><span style=\"color: #000000;\">La memoria como construcci\u00f3n del sujeto<\/span><\/strong><\/span><\/li>\n<\/ul>\n<p><strong><span style=\"color: #808080;\"><br \/>\n<\/span><\/strong><strong><span style=\"color: #808080;\">\u00a0 \u00a0 \u00a0 \u00a0 \u00a0 \u00a0<a style=\"color: #808080;\" href=\"https:\/\/grupo.us.es\/hac\/proyectosegura\/\" target=\"_blank\" rel=\"noopener\">Patrimonio, Paisaje y Proyecto Arquitect\u00f3nico<\/a><\/span><\/strong><\/p>\n<p><strong><span style=\"color: #808080;\"><a style=\"color: #808080;\" href=\"https:\/\/grupo.us.es\/hac\/analisis-urbano-y-territorial\/\" target=\"_blank\" rel=\"noopener\">\u00a0 \u00a0 \u00a0 \u00a0 \u00a0 \u00a0Arqueolog\u00eda del Paisaje<\/a><\/span><\/strong><\/p>\n<p>[\/et_pb_text][\/et_pb_column][\/et_pb_row][et_pb_row _builder_version=\u00bb3.0.89&#8243; custom_margin=\u00bb||0px|\u00bb custom_padding=\u00bb||0px|\u00bb padding_bottom_1=\u00bb0px\u00bb][et_pb_column type=\u00bb4_4&#8243;][\/et_pb_column][\/et_pb_row][et_pb_row][et_pb_column type=\u00bb4_4&#8243;][et_pb_text _builder_version=\u00bb3.0.89&#8243; background_layout=\u00bblight\u00bb]<\/p>\n<h1 style=\"text-align: center;\"><a href=\"https:\/\/grupo.us.es\/hac\/\"><span style=\"font-size: 52pt;\">\u00ab<\/span><\/a><\/h1>\n<p>[\/et_pb_text][\/et_pb_column][\/et_pb_row][\/et_pb_section]<\/p>\n","protected":false},"excerpt":{"rendered":"<p>QU\u00c9 INVESTIGAMOS Dibujos realizados por enfermos de alzh\u00e9imer para determinar el grado de reminiscencia de sus estancias y hogares El grupo Healthy Architecture &amp; City tiene unas l\u00edneas de investigaci\u00f3n que se enmarcan en los retos de la sociedad que afectan a la\u00a0salud, el cambio demogr\u00e1fico y el bienestar; as\u00ed como a los\u00a0cambios e innovaciones [&hellip;]<\/p>\n","protected":false},"author":2,"featured_media":0,"parent":0,"menu_order":0,"comment_status":"closed","ping_status":"closed","template":"","meta":{"_et_pb_use_builder":"on","_et_pb_old_content":"","_et_gb_content_width":"","wpupg_custom_link":[],"wpupg_custom_link_behaviour":["default"],"wpupg_custom_link_nofollow":[],"wpupg_custom_image":[],"wpupg_custom_image_id":[],"footnotes":""},"class_list":["post-344","page","type-page","status-publish","hentry"],"_links":{"self":[{"href":"https:\/\/grupo.us.es\/hac\/wp-json\/wp\/v2\/pages\/344","targetHints":{"allow":["GET"]}}],"collection":[{"href":"https:\/\/grupo.us.es\/hac\/wp-json\/wp\/v2\/pages"}],"about":[{"href":"https:\/\/grupo.us.es\/hac\/wp-json\/wp\/v2\/types\/page"}],"author":[{"embeddable":true,"href":"https:\/\/grupo.us.es\/hac\/wp-json\/wp\/v2\/users\/2"}],"replies":[{"embeddable":true,"href":"https:\/\/grupo.us.es\/hac\/wp-json\/wp\/v2\/comments?post=344"}],"version-history":[{"count":0,"href":"https:\/\/grupo.us.es\/hac\/wp-json\/wp\/v2\/pages\/344\/revisions"}],"wp:attachment":[{"href":"https:\/\/grupo.us.es\/hac\/wp-json\/wp\/v2\/media?parent=344"}],"curies":[{"name":"wp","href":"https:\/\/api.w.org\/{rel}","templated":true}]}}