{"id":1711,"date":"2018-03-21T12:23:07","date_gmt":"2018-03-21T12:23:07","guid":{"rendered":"http:\/\/grupo.us.es\/hac\/?page_id=1711\/"},"modified":"2023-09-21T21:30:42","modified_gmt":"2023-09-21T21:30:42","slug":"somos-memoria","status":"publish","type":"page","link":"https:\/\/grupo.us.es\/hac\/home\/somos-memoria\/","title":{"rendered":"TEMAS_Arquitectura y Memoria"},"content":{"rendered":"<p>[et_pb_section bb_built=\u00bb1&#8243;][et_pb_row _builder_version=\u00bb3.0.89&#8243;][et_pb_column type=\u00bb4_4&#8243;][et_pb_text _builder_version=\u00bb3.0.89&#8243; background_layout=\u00bblight\u00bb]<\/p>\n<h3 style=\"text-align: center;\"><strong>ARQUITECTURA Y MEMORIA<\/strong><\/h3>\n<p>[\/et_pb_text][\/et_pb_column][\/et_pb_row][et_pb_row _builder_version=\u00bb3.0.89&#8243; width_unit=\u00bboff\u00bb use_custom_gutter=\u00bbon\u00bb gutter_width=\u00bb2&#8243; custom_margin=\u00bb||0px|\u00bb custom_padding=\u00bb||0px|\u00bb padding_bottom_1=\u00bb0px\u00bb padding_bottom_2=\u00bb0px\u00bb][et_pb_column type=\u00bb1_2&#8243;][et_pb_image _builder_version=\u00bb3.0.89&#8243; src=\u00bbhttps:\/\/grupo.us.es\/hac\/wp-content\/uploads\/2018\/03\/SOMOS-MEMORIA-monumental.jpg\u00bb show_in_lightbox=\u00bboff\u00bb url_new_window=\u00bboff\u00bb use_overlay=\u00bboff\u00bb always_center_on_mobile=\u00bbon\u00bb force_fullwidth=\u00bbon\u00bb show_bottom_space=\u00bbon\u00bb align=\u00bbright\u00bb custom_margin=\u00bb||0px|\u00bb custom_padding=\u00bb5px||0px|\u00bb \/][\/et_pb_column][et_pb_column type=\u00bb1_2&#8243;][et_pb_text _builder_version=\u00bb3.0.89&#8243; background_layout=\u00bblight\u00bb custom_margin=\u00bb||0px|\u00bb custom_padding=\u00bb||0px|\u00bb]<\/p>\n<p style=\"text-align: justify;\"><strong>\u00abNunca nos permitamos vivir con\u00a0amusia&#8230;\u00a0 es decir, ni un solo d\u00eda sin la compa\u00f1\u00eda de las musas<\/strong>\u00ab, manten\u00eda el pintor vorticista Windham Lewis. Los artistas rom\u00e1nticos para crear invocaban a las musas,\u00a0 hijas de Mnem\u00f3sine, diosa de la memoria, que en la mitolog\u00eda griega siempre preced\u00eda a la funci\u00f3n po\u00e9tica. Quiz\u00e1 por eso sosten\u00eda Valle-Incl\u00e1n que sin memoria no hay poes\u00eda.<\/p>\n<p style=\"text-align: justify;\">La memoria se comprende con el estudio de su opuesto, de la desmemoria, desde el olvido. <strong>La memoria elige lo que olvida<\/strong>, dec\u00eda Borges. Por eficiencia y econom\u00eda de la mente es necesario olvidar, por lo que nos queda por vivir y por nuestro compromiso con el presente. El olvido puede ser voluntariamente provocado o involuntariamente destruido. Cuando es almacenado o estratificado est\u00e1 disponible para ser utilizado de nuevo cuando interese, en el presente o en el futuro.<\/p>\n<p style=\"text-align: justify;\">Pero si el dato ha sido borrado o arrasado aparece el olvido por destrucci\u00f3n, verdadera negaci\u00f3n del recuerdo. Es lo que ocurre con la persona que sufre problemas patol\u00f3gicos con la memoria.<\/p>\n<p>[\/et_pb_text][\/et_pb_column][\/et_pb_row][et_pb_row _builder_version=\u00bb3.0.89&#8243; custom_margin=\u00bb20px|||\u00bb custom_padding=\u00bb0px|||\u00bb padding_top_1=\u00bb0px\u00bb][et_pb_column type=\u00bb4_4&#8243;][et_pb_text _builder_version=\u00bb3.0.89&#8243; background_layout=\u00bblight\u00bb]<\/p>\n<p style=\"text-align: justify;\"><strong>Somos memoria<\/strong>. La memoria es necesaria para que el individuo contempor\u00e1neo pueda definir su identidad y su propio medio. La memoria produce intensas interferencias sobre el entorno cercano, la arquitectura y las ciudades.Tanto la memoria personal como la colectiva. La primera genera tantos paisajes como personas. La segunda es la que cada sociedad ha desarrollado sobre su propia cultura como un dep\u00f3sito de mitos, tradiciones e innovaciones que \u00e9sta interpreta d\u00e1ndoles un significado. Una memoria transmitida de manera social, que est\u00e1 constantemente cambiando y estableciendo una relaci\u00f3n simb\u00f3lica entre el sujeto y el medio en el que habita. La memoria no s\u00f3lo sirve para que sepamos qui\u00e9nes somos sino para que los dem\u00e1s sepan qui\u00e9nes somos para ellos. En la memoria, el tiempo juega un papel primordial, es una condici\u00f3n inseparable de la misma. Y tambi\u00e9n es un material del proyecto arquitect\u00f3nico, vinculado siempre a la especulaci\u00f3n del futuro desde el presente. Tanto en el proceso de proyecto como en la memoria, el tiempo interfiere como elemento distorsionador o fragmentador en la interpretaci\u00f3n de la realidad.<\/p>\n<p>[\/et_pb_text][\/et_pb_column][\/et_pb_row][et_pb_row _builder_version=\u00bb3.0.89&#8243; width_unit=\u00bboff\u00bb use_custom_gutter=\u00bbon\u00bb gutter_width=\u00bb2&#8243; custom_margin=\u00bb||0px|\u00bb custom_padding=\u00bb||0px|\u00bb padding_bottom_1=\u00bb0px\u00bb padding_bottom_2=\u00bb0px\u00bb][et_pb_column type=\u00bb1_2&#8243;][et_pb_text _builder_version=\u00bb3.0.89&#8243; background_layout=\u00bblight\u00bb custom_margin=\u00bb||0px|\u00bb custom_padding=\u00bb||0px|\u00bb]<\/p>\n<p style=\"text-align: justify;\">Cuando se diluye el poderoso ligante de la memoria, la arquitectura de los recuerdos se derrumba. El recuerdo no posee argumentaci\u00f3n, no es una narraci\u00f3n que pueda ser evocada en una l\u00ednea secuencial. El recuerdo nos presenta lo vivido como fragmentos de situaciones e im\u00e1genes inconexas no ordenadas temporalmente a las que les faltan un relato, un contexto y por tanto carecen de significaci\u00f3n. Esa relaci\u00f3n que establecemos con la realidad a trav\u00e9s del tiempo y la memoria se transmite al proceso del proyecto arquitect\u00f3nico e interviene en su praxis. Estos fragmentos se sit\u00faan en el l\u00edmite mismo de la realidad y son un campo inexplorado de investigaci\u00f3n.<\/p>\n<p style=\"text-align: justify;\">Los t\u00e9cnicos proyectamos dando por sentado que las personas destinatarias de nuestros proyectos, edificios y construcciones tienen memoria y, por tanto, que estas son capaces de recomponer mentalmente un plano o situaci\u00f3n mental previamente pensada por nosotros que les permite orientarse, recorrer o permanecer cuando usan esos espacios que dise\u00f1amos. Pero \u00bfqu\u00e9 ocurre cuando esos referentes, que se dan por conocidos, no existen o cambian r\u00e1pidamente?, \u00bfes el entorno el encargado de mantener la cal de la memoria?<\/p>\n<p>&nbsp;<\/p>\n<p style=\"text-align: justify;\"><a href=\"https:\/\/grupo.us.es\/hac\/que-investigamos\/proyectar-para-la-ausencia-de-la-memoria\/\" target=\"_blank\" rel=\"noopener\"><span style=\"font-size: 12pt;\"><strong>\u00bfC\u00f3mo proyectar para la ausencia de memoria?<\/strong><\/span><\/a><\/p>\n<p>[\/et_pb_text][\/et_pb_column][et_pb_column type=\u00bb1_2&#8243;][et_pb_image _builder_version=\u00bb3.0.89&#8243; src=\u00bbhttps:\/\/grupo.us.es\/hac\/wp-content\/uploads\/2018\/03\/Cancer-Center.-Barcelona.-2017-EMBT-3.jpg\u00bb show_in_lightbox=\u00bboff\u00bb url_new_window=\u00bboff\u00bb use_overlay=\u00bboff\u00bb always_center_on_mobile=\u00bbon\u00bb force_fullwidth=\u00bbon\u00bb show_bottom_space=\u00bbon\u00bb align=\u00bbright\u00bb custom_margin=\u00bb||0px|\u00bb custom_padding=\u00bb150px||0px|\u00bb \/][\/et_pb_column][\/et_pb_row][et_pb_row _builder_version=\u00bb3.0.89&#8243; custom_margin=\u00bb20px|||\u00bb custom_padding=\u00bb0px|||\u00bb padding_top_1=\u00bb0px\u00bb][et_pb_column type=\u00bb4_4&#8243;][et_pb_text _builder_version=\u00bb3.0.89&#8243; background_layout=\u00bblight\u00bb]<\/p>\n<h1 style=\"text-align: center;\"><a href=\"https:\/\/grupo.us.es\/hac\/\"><span style=\"font-size: 52pt;\">\u00ab<\/span><\/a><\/h1>\n<p>[\/et_pb_text][\/et_pb_column][\/et_pb_row][\/et_pb_section]<\/p>\n","protected":false},"excerpt":{"rendered":"<p>ARQUITECTURA Y MEMORIA \u00abNunca nos permitamos vivir con\u00a0amusia&#8230;\u00a0 es decir, ni un solo d\u00eda sin la compa\u00f1\u00eda de las musas\u00bb, manten\u00eda el pintor vorticista Windham Lewis. Los artistas rom\u00e1nticos para crear invocaban a las musas,\u00a0 hijas de Mnem\u00f3sine, diosa de la memoria, que en la mitolog\u00eda griega siempre preced\u00eda a la funci\u00f3n po\u00e9tica. Quiz\u00e1 por [&hellip;]<\/p>\n","protected":false},"author":2,"featured_media":0,"parent":103,"menu_order":0,"comment_status":"closed","ping_status":"closed","template":"","meta":{"_et_pb_use_builder":"on","_et_pb_old_content":"","_et_gb_content_width":"","wpupg_custom_link":[],"wpupg_custom_link_behaviour":["default"],"wpupg_custom_link_nofollow":[],"wpupg_custom_image":[],"wpupg_custom_image_id":[],"footnotes":""},"class_list":["post-1711","page","type-page","status-publish","hentry"],"_links":{"self":[{"href":"https:\/\/grupo.us.es\/hac\/wp-json\/wp\/v2\/pages\/1711","targetHints":{"allow":["GET"]}}],"collection":[{"href":"https:\/\/grupo.us.es\/hac\/wp-json\/wp\/v2\/pages"}],"about":[{"href":"https:\/\/grupo.us.es\/hac\/wp-json\/wp\/v2\/types\/page"}],"author":[{"embeddable":true,"href":"https:\/\/grupo.us.es\/hac\/wp-json\/wp\/v2\/users\/2"}],"replies":[{"embeddable":true,"href":"https:\/\/grupo.us.es\/hac\/wp-json\/wp\/v2\/comments?post=1711"}],"version-history":[{"count":0,"href":"https:\/\/grupo.us.es\/hac\/wp-json\/wp\/v2\/pages\/1711\/revisions"}],"up":[{"embeddable":true,"href":"https:\/\/grupo.us.es\/hac\/wp-json\/wp\/v2\/pages\/103"}],"wp:attachment":[{"href":"https:\/\/grupo.us.es\/hac\/wp-json\/wp\/v2\/media?parent=1711"}],"curies":[{"name":"wp","href":"https:\/\/api.w.org\/{rel}","templated":true}]}}