{"id":1706,"date":"2018-03-21T12:13:18","date_gmt":"2018-03-21T12:13:18","guid":{"rendered":"http:\/\/grupo.us.es\/hac\/?page_id=1706\/"},"modified":"2023-08-13T15:54:10","modified_gmt":"2023-08-13T15:54:10","slug":"neuroarquitectura","status":"publish","type":"page","link":"https:\/\/grupo.us.es\/hac\/home\/neuroarquitectura\/","title":{"rendered":"TEMAS_Neuroarquitectura"},"content":{"rendered":"<p>[et_pb_section bb_built=\u00bb1&#8243;][et_pb_row _builder_version=\u00bb3.0.89&#8243;][et_pb_column type=\u00bb4_4&#8243;][et_pb_text _builder_version=\u00bb3.0.89&#8243; background_layout=\u00bblight\u00bb]<\/p>\n<h3 style=\"text-align: center;\"><strong>NEUROARQUITECTURA<\/strong><\/h3>\n<p>[\/et_pb_text][\/et_pb_column][\/et_pb_row][et_pb_row _builder_version=\u00bb3.0.89&#8243; width_unit=\u00bboff\u00bb use_custom_gutter=\u00bbon\u00bb gutter_width=\u00bb2&#8243; custom_margin=\u00bb||0px|\u00bb custom_padding=\u00bb||0px|\u00bb padding_bottom_1=\u00bb0px\u00bb padding_bottom_2=\u00bb0px\u00bb][et_pb_column type=\u00bb1_2&#8243;][et_pb_image _builder_version=\u00bb3.0.89&#8243; src=\u00bbhttps:\/\/grupo.us.es\/hac\/wp-content\/uploads\/2018\/03\/Neuroarquitectura.jpg\u00bb show_in_lightbox=\u00bboff\u00bb url_new_window=\u00bboff\u00bb use_overlay=\u00bboff\u00bb always_center_on_mobile=\u00bbon\u00bb force_fullwidth=\u00bbon\u00bb show_bottom_space=\u00bbon\u00bb align=\u00bbright\u00bb custom_margin=\u00bb||0px|\u00bb custom_padding=\u00bb5px||0px|\u00bb \/][\/et_pb_column][et_pb_column type=\u00bb1_2&#8243;][et_pb_text _builder_version=\u00bb3.0.89&#8243; background_layout=\u00bblight\u00bb custom_margin=\u00bb||0px|\u00bb custom_padding=\u00bb||0px|\u00bb]<\/p>\n<p style=\"text-align: justify;\">El m\u00e9dico e investigador <strong>Jonas Salk<\/strong> durante el desarrollo de sus investigaciones, a principios de la d\u00e9cada de los cincuenta, advirti\u00f3 la importancia que el espacio ten\u00eda para el proceso creativo y para que fluyeran las ideas, la inspiraci\u00f3n y el conocimiento. Con ese convencimiento encarg\u00f3 al arquitecto <strong>Louis Kahn,<\/strong> en 1966, el dise\u00f1o y construcci\u00f3n del <a href=\"https:\/\/www.salk.edu\/\"><strong><em><span style=\"color: #808080;\">Salk Institute for Biological Studies\u00a0<\/span><\/em><\/strong><\/a>en San Diego (California). Un edificio que es un magn\u00edfico referente arquitect\u00f3nico y primer ejemplo de la relaci\u00f3n entre neurociencia y arquitectura dado que fue proyectado para fomentar las mejores condiciones de confort intelectual y f\u00edsico teniendo en cuenta c\u00f3mo funciona el cerebro humano.<\/p>\n<p style=\"text-align: justify;\">Uno de los pilares b\u00e1sicos de la relaci\u00f3n entre <strong>Arquitectura<\/strong> y <strong>Neurociencia <\/strong>surgi\u00f3 hace 25 a\u00f1os, cuando se descubri\u00f3 que <strong>el\u00a0cerebro humano <\/strong>es pl\u00e1stico. Hasta entonces, se cre\u00eda que el cerebro adulto perd\u00eda neuronas a medida que envejec\u00eda y que el organismo, a diferencia de lo que ocurr\u00eda con las c\u00e9lulas de la piel, era incapaz de reemplazarlas.<\/p>\n<p>&nbsp;<\/p>\n<p>[\/et_pb_text][\/et_pb_column][\/et_pb_row][et_pb_row _builder_version=\u00bb3.0.89&#8243; custom_margin=\u00bb20px|||\u00bb custom_padding=\u00bb0px|||\u00bb padding_top_1=\u00bb0px\u00bb][et_pb_column type=\u00bb4_4&#8243;][et_pb_text _builder_version=\u00bb3.0.89&#8243; background_layout=\u00bblight\u00bb custom_margin=\u00bb0px|||\u00bb custom_padding=\u00bb0px|||\u00bb]<\/p>\n<p>A finales de la d\u00e9cada de los noventa, varias investigaciones como la liderada por el neurobi\u00f3logo <strong>Fred Gage<\/strong> demostraron que nacen neuronas a lo largo de toda la existencia humana, sobre todo en el\u00a0hipocampo, la regi\u00f3n del cerebro dedicada a procesar nueva informaci\u00f3n y almacenar memoria y recuerdos. En 2003, el neurobi\u00f3logo americano present\u00f3 su descubrimiento en un congreso del <strong><em>American Institute of Architecture<\/em><\/strong>, enunciando una idea clave: <strong>los cambios en el entorno cambian el cerebro humano y, por tanto, modifican tambi\u00e9n su comportamiento<\/strong>. A partir de aqu\u00ed, la <strong>Neuroarquitectura<\/strong> comenz\u00f3 a desarrollarse como disciplina aut\u00f3noma en la <a href=\"http:\/\/anfarch.org\/\"><strong><em><span style=\"color: #808080;\">Academy of Neuroscience for Architecture<\/span><\/em> <\/strong><span style=\"color: #808080;\">(ANFA) <\/span><\/a>de San Diego. Su objetivo es entender c\u00f3mo el h\u00e1bitat en el que el ser humano desarrolla sus actividades de vida diaria afecta a su salud f\u00edsica y mental, a su estado de \u00e1nimo y a su comportamiento.<\/p>\n<p>[\/et_pb_text][\/et_pb_column][\/et_pb_row][et_pb_row _builder_version=\u00bb3.0.89&#8243; width_unit=\u00bboff\u00bb use_custom_gutter=\u00bbon\u00bb gutter_width=\u00bb2&#8243; custom_margin=\u00bb||0px|\u00bb custom_padding=\u00bb||0px|\u00bb padding_bottom_1=\u00bb0px\u00bb padding_bottom_2=\u00bb0px\u00bb][et_pb_column type=\u00bb1_2&#8243;][et_pb_text _builder_version=\u00bb3.0.89&#8243; background_layout=\u00bblight\u00bb custom_margin=\u00bb||0px|\u00bb custom_padding=\u00bb||0px|\u00bb]<\/p>\n<p style=\"text-align: justify;\">La <strong>Neuroarquitectura<\/strong> investiga los requisitos funcionales que deben tener los edificios para favorecer determinados actos en el desarrollo de las actividades diarias. A partir de las necesidades requeridas se abordan diversas \u00e1reas de estudio como son: percepci\u00f3n sensorial, recorridos, orientaci\u00f3n, espacio y lugar. La comprensi\u00f3n de los principios de las neurociencias sirve de gu\u00eda para el dise\u00f1o del entorno construido mejorando la orientaci\u00f3n espacial, reforzando las capacidades cognitivas, facilitando las emociones positivas y la motivaci\u00f3n. Se investiga c\u00f3mo los diferentes aspectos de un entorno arquitect\u00f3nico pueden influir sobre determinados procesos cerebrales entre los que est\u00e1n el estr\u00e9s, la emoci\u00f3n, la memoria o el aprendizaje.<\/p>\n<p style=\"text-align: justify;\">El reto para la arquitectura es conocer el funcionamiento del cerebro ante determinadas solicitaciones espaciales y entender por qu\u00e9 hay lugares que favorecen o perjudican ciertos estados de \u00e1nimo.\u00a0 La importancia del espacio construido en la vida de las personas se pone de manifiesto en base a que el 90% del tiempo que pasan despiertas lo pasan dentro de un edificio o en un entorno cerrado. La <strong>Organizaci\u00f3n Mundial de la Salud<\/strong> (OMS) mantiene que el 30% de los inmuebles actuales son edificios enfermos que no ayudan a que el organismo humano mantenga un equilibrio con lo que, consecuentemente, aparecen algunas enfermedades y otras latentes se agudizan. La Neuroarquitectura ha demostrado, a trav\u00e9s de los resultados de sus investigaciones, que una determinada configuraci\u00f3n espacial puede afectar e influir en aspectos de la conducta humana.<\/p>\n<p>[\/et_pb_text][\/et_pb_column][et_pb_column type=\u00bb1_2&#8243;][et_pb_image _builder_version=\u00bb3.0.89&#8243; src=\u00bbhttps:\/\/grupo.us.es\/hac\/wp-content\/uploads\/2018\/03\/Cancer-Center.-Barcelona.-2017-EMBT-5.jpg\u00bb show_in_lightbox=\u00bboff\u00bb url_new_window=\u00bboff\u00bb use_overlay=\u00bboff\u00bb always_center_on_mobile=\u00bbon\u00bb force_fullwidth=\u00bbon\u00bb show_bottom_space=\u00bbon\u00bb align=\u00bbright\u00bb custom_margin=\u00bb||0px|\u00bb custom_padding=\u00bb50px||0px|\u00bb \/][\/et_pb_column][\/et_pb_row][et_pb_row _builder_version=\u00bb3.0.89&#8243; custom_margin=\u00bb20px|||\u00bb custom_padding=\u00bb0px|||\u00bb padding_top_1=\u00bb0px\u00bb][et_pb_column type=\u00bb4_4&#8243;][et_pb_text _builder_version=\u00bb3.0.89&#8243; background_layout=\u00bblight\u00bb]<\/p>\n<h1 style=\"text-align: center;\"><a href=\"https:\/\/grupo.us.es\/hac\/\"><span style=\"font-size: 52pt;\">\u00ab<\/span><\/a><\/h1>\n<p>[\/et_pb_text][\/et_pb_column][\/et_pb_row][\/et_pb_section]<\/p>\n","protected":false},"excerpt":{"rendered":"<p>NEUROARQUITECTURA El m\u00e9dico e investigador Jonas Salk durante el desarrollo de sus investigaciones, a principios de la d\u00e9cada de los cincuenta, advirti\u00f3 la importancia que el espacio ten\u00eda para el proceso creativo y para que fluyeran las ideas, la inspiraci\u00f3n y el conocimiento. Con ese convencimiento encarg\u00f3 al arquitecto Louis Kahn, en 1966, el dise\u00f1o [&hellip;]<\/p>\n","protected":false},"author":2,"featured_media":0,"parent":103,"menu_order":0,"comment_status":"closed","ping_status":"closed","template":"","meta":{"_et_pb_use_builder":"on","_et_pb_old_content":"","_et_gb_content_width":"","wpupg_custom_link":[],"wpupg_custom_link_behaviour":["default"],"wpupg_custom_link_nofollow":[],"wpupg_custom_image":[],"wpupg_custom_image_id":[],"footnotes":""},"class_list":["post-1706","page","type-page","status-publish","hentry"],"_links":{"self":[{"href":"https:\/\/grupo.us.es\/hac\/wp-json\/wp\/v2\/pages\/1706","targetHints":{"allow":["GET"]}}],"collection":[{"href":"https:\/\/grupo.us.es\/hac\/wp-json\/wp\/v2\/pages"}],"about":[{"href":"https:\/\/grupo.us.es\/hac\/wp-json\/wp\/v2\/types\/page"}],"author":[{"embeddable":true,"href":"https:\/\/grupo.us.es\/hac\/wp-json\/wp\/v2\/users\/2"}],"replies":[{"embeddable":true,"href":"https:\/\/grupo.us.es\/hac\/wp-json\/wp\/v2\/comments?post=1706"}],"version-history":[{"count":0,"href":"https:\/\/grupo.us.es\/hac\/wp-json\/wp\/v2\/pages\/1706\/revisions"}],"up":[{"embeddable":true,"href":"https:\/\/grupo.us.es\/hac\/wp-json\/wp\/v2\/pages\/103"}],"wp:attachment":[{"href":"https:\/\/grupo.us.es\/hac\/wp-json\/wp\/v2\/media?parent=1706"}],"curies":[{"name":"wp","href":"https:\/\/api.w.org\/{rel}","templated":true}]}}