{"id":1695,"date":"2018-03-21T09:33:20","date_gmt":"2018-03-21T09:33:20","guid":{"rendered":"http:\/\/grupo.us.es\/hac\/?page_id=1695\/"},"modified":"2023-08-13T15:52:51","modified_gmt":"2023-08-13T15:52:51","slug":"tecnologias-emergentes","status":"publish","type":"page","link":"https:\/\/grupo.us.es\/hac\/home\/tecnologias-emergentes\/","title":{"rendered":"TEMAS_Tecnolog\u00edas Facilitadoras Esenciales (TFE)"},"content":{"rendered":"<p>[et_pb_section bb_built=\u00bb1&#8243;][et_pb_row _builder_version=\u00bb3.0.89&#8243;][et_pb_column type=\u00bb4_4&#8243;][et_pb_text _builder_version=\u00bb3.0.89&#8243; background_layout=\u00bblight\u00bb]<\/p>\n<h3 style=\"text-align: center;\"><strong>TECNOLOG\u00cdAS FACILITADORAS ESENCIALES (TFE)<\/strong><\/h3>\n<p>[\/et_pb_text][\/et_pb_column][\/et_pb_row][et_pb_row _builder_version=\u00bb3.0.89&#8243; width_unit=\u00bboff\u00bb use_custom_gutter=\u00bbon\u00bb gutter_width=\u00bb2&#8243; custom_margin=\u00bb||0px|\u00bb custom_padding=\u00bb||0px|\u00bb padding_bottom_1=\u00bb0px\u00bb padding_bottom_2=\u00bb0px\u00bb][et_pb_column type=\u00bb1_2&#8243;][et_pb_image _builder_version=\u00bb3.0.89&#8243; src=\u00bbhttps:\/\/grupo.us.es\/hac\/wp-content\/uploads\/2018\/03\/Nuevas-tecnolog\u00edas-evoluci\u00f3n-ciudad-futura.jpg\u00bb show_in_lightbox=\u00bboff\u00bb url_new_window=\u00bboff\u00bb use_overlay=\u00bboff\u00bb always_center_on_mobile=\u00bbon\u00bb force_fullwidth=\u00bbon\u00bb show_bottom_space=\u00bbon\u00bb align=\u00bbright\u00bb custom_margin=\u00bb||0px|\u00bb custom_padding=\u00bb||0px|\u00bb \/][\/et_pb_column][et_pb_column type=\u00bb1_2&#8243;][et_pb_text _builder_version=\u00bb3.0.89&#8243; background_layout=\u00bblight\u00bb custom_margin=\u00bb||0px|\u00bb custom_padding=\u00bb||0px|\u00bb]<\/p>\n<div class=\"page\" title=\"Page 2\">\n<div class=\"layoutArea\">\n<div class=\"column\">\n<p style=\"text-align: justify;\">Los principales programas de investigaci\u00f3n europeos consideran como <strong>Tecnolog\u00edas Facilitadoras Esenciales (TFE)<\/strong> o Key Enable Technologies (KETs) a la <strong>nanotecnolog\u00eda<\/strong>; la <strong>micronanoelectr\u00f3nica<\/strong>; la <strong>fot\u00f3nica<\/strong>; la <strong>biotecnolog\u00eda<\/strong>; la f<strong>abricaci\u00f3n y procesamiento avanzado<\/strong>; los <strong>materiales avanzados<\/strong>. Y una s\u00e9ptima, personalizada en las <strong>Tecnolog\u00edas de la Informaci\u00f3n y la Comunicaci\u00f3n<\/strong> (TIC), como tecnolog\u00eda facilitadora transversal. Estas tecnolog\u00edas presentan un uso intensivo en conocimiento, est\u00e1n asociadas a una elevada intensidad de I+D y muestran ciclos muy r\u00e1pidos de innovaci\u00f3n. Estas innovaciones son esenciales para el desarrollo de un territorio, potenciando la generaci\u00f3n de riqueza y la creaci\u00f3n de puestos de trabajo cualificados.<\/p>\n<p style=\"text-align: justify;\">Su relevancia no se ci\u00f1e solamente a su papel como sectores emergentes, sino que resultan estrat\u00e9gicas dado su car\u00e1cter transversal que es fundamental en la vertebraci\u00f3n de los sectores basados en el conocimiento.<\/p>\n<p>&nbsp;<\/p>\n<\/div>\n<\/div>\n<\/div>\n<p>[\/et_pb_text][\/et_pb_column][\/et_pb_row][et_pb_row _builder_version=\u00bb3.0.89&#8243; custom_margin=\u00bb20px|||\u00bb custom_padding=\u00bb0px|||\u00bb padding_top_1=\u00bb0px\u00bb][et_pb_column type=\u00bb4_4&#8243;][et_pb_text _builder_version=\u00bb3.0.89&#8243; background_layout=\u00bblight\u00bb custom_margin=\u00bb0px|||\u00bb custom_padding=\u00bb0px|||\u00bb]<\/p>\n<p>En este sentido, la Comisi\u00f3n Europea se ha marcado como objetivo la implantaci\u00f3n definitiva de las <strong>redes 5G<\/strong>. Una tecnolog\u00eda pensada para acelerar el llamado \u2018<strong>internet de las cosas<\/strong>\u2019, en ingl\u00e9s, <strong>internet of things (IoT)<\/strong>, que se propone la mutaci\u00f3n de objetos cotidianos en aparatos inteligentes capaces de interactuar entre ellos para anticiparse a las necesidades de los seres humanos. El horizonte que est\u00e1 despej\u00e1ndose es el de aparatos cotidianos comunic\u00e1ndose entre s\u00ed y con las personas. Con esta perspectiva se espera un fuerte cambio social auspiciado por las grandes transferencias de datos en un planeta hiperconectado. Internet ser\u00e1 una tecnolog\u00eda tan importante en el siglo XXI como la electricidad lo fue en el siglo XX. En pocos a\u00f1os, la econom\u00eda y la sociedad dejar\u00e1n de existir tal y como las conocemos. La innovaci\u00f3n como palanca de progreso resolver\u00e1 adecuadamente las nuevas demandas sociales.<\/p>\n<p style=\"text-align: justify;\">Gran parte de esa transformaci\u00f3n o revoluci\u00f3n silenciosa ser\u00e1 provocada por las tecnolog\u00edas emergentes que utilizar\u00e1n las redes digitales como correa de transmisi\u00f3n. Los servicios de internet ya pueden devolver informaci\u00f3n antes de que la solicite el usuario pero en un futuro se anticipar\u00e1n hasta el punto que cualquier dispositivo podr\u00e1 reconocer el estado de \u00e1nimo del usuario.<\/p>\n<p style=\"text-align: justify;\">Los campos de investigaci\u00f3n y experimentaci\u00f3n est\u00e1n trabajando para lograr una total interacci\u00f3n entre hombre y m\u00e1quina a trav\u00e9s de audio y video. La <strong>Inteligencia Artificial<\/strong> <strong>(AI)<\/strong> aplicada a entornos f\u00edsicos permitir\u00e1 que estos interact\u00faen con las personas, una utilidad que ser\u00e1 imprescindible para la mejorar y facilitar la vida a personas con diversidad funcional f\u00edsica, sensorial y\/o cognitiva.<\/p>\n<p style=\"text-align: justify;\">El desarrollo de las tecnolog\u00edas emergentes de informaci\u00f3n y comunicaci\u00f3n tendr\u00e1 lugar principalmente a trav\u00e9s del ocio y el entretenimiento (pel\u00edculas, fotos, v\u00eddeos, juegos&#8230;). La herramienta de comunicaci\u00f3n o interfaz fundamental ser\u00e1 la televisi\u00f3n digital, sobre todo cuando se integren alta definici\u00f3n e internet. Las conexiones a internet con banda ancha asegurar\u00e1n la descarga cada vez m\u00e1s r\u00e1pida de datos y contenidos en alta definici\u00f3n. Estos tres pilares (<strong>TV, internet y alta definici\u00f3n<\/strong>) son la base de la actual <strong>cuarta\u00a0d\u00e9cada digital<\/strong>.<\/p>\n<p>[\/et_pb_text][\/et_pb_column][\/et_pb_row][et_pb_row _builder_version=\u00bb3.0.89&#8243; width_unit=\u00bboff\u00bb use_custom_gutter=\u00bbon\u00bb gutter_width=\u00bb2&#8243; custom_margin=\u00bb||0px|\u00bb custom_padding=\u00bb||0px|\u00bb padding_bottom_1=\u00bb0px\u00bb padding_bottom_2=\u00bb0px\u00bb][et_pb_column type=\u00bb1_2&#8243;][et_pb_text _builder_version=\u00bb3.0.89&#8243; background_layout=\u00bblight\u00bb custom_margin=\u00bb||0px|\u00bb custom_padding=\u00bb||0px|\u00bb]<\/p>\n<p style=\"text-align: justify;\">En breve, todas las conexiones v\u00eda internet ser\u00e1n inal\u00e1mbricas por medio de WiFI, Zigbee u otras tecnolog\u00edas, que aprovechar\u00e1n para su despliegue definitivo las actuales infraestructuras p\u00fablicas. Tambi\u00e9n se podr\u00e1 utilizar la infraestructura dom\u00e9stica para optimizar recursos. Se implantar\u00e1n las redes LiFi, una tecnolog\u00eda de transmisi\u00f3n de datos bidireccional m\u00e1s r\u00e1pida que el cable \u00f3ptico y que pretende revolucionar las comunicaciones m\u00f3viles transmitiendo datos a trav\u00e9s de la iluminaci\u00f3n LED.<\/p>\n<p style=\"text-align: justify;\">Sin embargo, en la actualidad las capacidades y potencialidades que proporcionan las tecnolog\u00edas TIC no son aprovechadas por las viviendas y edificios. Su arquitectura y concepci\u00f3n va, generalmente, por detr\u00e1s de los intereses, necesidades y deseos de sus habitantes. En este sentido, la colaboraci\u00f3n multidisciplinar se convierte en imprescindible para resolver esta limitaci\u00f3n.<\/p>\n<p>[\/et_pb_text][\/et_pb_column][et_pb_column type=\u00bb1_2&#8243;][et_pb_image _builder_version=\u00bb3.0.89&#8243; src=\u00bbhttps:\/\/grupo.us.es\/hac\/wp-content\/uploads\/2018\/03\/NEUROARQUITECTURA-Nanyang-Primary-School.jpg\u00bb show_in_lightbox=\u00bboff\u00bb url_new_window=\u00bboff\u00bb use_overlay=\u00bboff\u00bb always_center_on_mobile=\u00bbon\u00bb force_fullwidth=\u00bbon\u00bb show_bottom_space=\u00bbon\u00bb align=\u00bbright\u00bb custom_margin=\u00bb||0px|\u00bb custom_padding=\u00bb-50px||0px|\u00bb \/][\/et_pb_column][\/et_pb_row][et_pb_row _builder_version=\u00bb3.0.89&#8243; custom_margin=\u00bb20px|||\u00bb custom_padding=\u00bb0px|||\u00bb padding_top_1=\u00bb0px\u00bb][et_pb_column type=\u00bb4_4&#8243;][et_pb_text _builder_version=\u00bb3.0.89&#8243; background_layout=\u00bblight\u00bb custom_margin=\u00bb0px|||\u00bb custom_padding=\u00bb0px|||\u00bb]<\/p>\n<p style=\"text-align: justify;\">Los conceptos de <strong>Hogar Digital e Inteligencia Ambiental, <\/strong>en ingl\u00e9s <strong>Ambient Intelligence (AmI),<\/strong>\u00a0son herramientas muy eficaces para conseguir la integraci\u00f3n de tecnolog\u00edas emergentes en la edificaci\u00f3n, ya que permiten resolver adecuadamente los problemas de gesti\u00f3n y ahorro energ\u00e9tico, satisfacer las necesidades de comunicaci\u00f3n e informaci\u00f3n y, adem\u00e1s, se centran en hacer el entorno f\u00edsico de personas con diversidad funcional m\u00e1s seguro, accesible y personalizado, facilitando su desarrollo personal, f\u00edsico e intelectual. Los avances obtenidos en los espacios destinados a estos colectivos espec\u00edficos ser\u00e1n extrapolables al resto de la sociedad con la consiguiente mejora en el bienestar, confort y calidad de vida en general.<\/p>\n<p>[\/et_pb_text][et_pb_text _builder_version=\u00bb3.0.89&#8243; background_layout=\u00bblight\u00bb]<\/p>\n<h1 style=\"text-align: center;\"><a href=\"https:\/\/grupo.us.es\/hac\/\"><span style=\"font-size: 52pt;\">\u00ab<\/span><\/a><\/h1>\n<p>[\/et_pb_text][\/et_pb_column][\/et_pb_row][\/et_pb_section]<\/p>\n","protected":false},"excerpt":{"rendered":"<p>TECNOLOG\u00cdAS FACILITADORAS ESENCIALES (TFE) Los principales programas de investigaci\u00f3n europeos consideran como Tecnolog\u00edas Facilitadoras Esenciales (TFE) o Key Enable Technologies (KETs) a la nanotecnolog\u00eda; la micronanoelectr\u00f3nica; la fot\u00f3nica; la biotecnolog\u00eda; la fabricaci\u00f3n y procesamiento avanzado; los materiales avanzados. Y una s\u00e9ptima, personalizada en las Tecnolog\u00edas de la Informaci\u00f3n y la Comunicaci\u00f3n (TIC), como tecnolog\u00eda facilitadora [&hellip;]<\/p>\n","protected":false},"author":2,"featured_media":0,"parent":103,"menu_order":0,"comment_status":"closed","ping_status":"closed","template":"","meta":{"_et_pb_use_builder":"on","_et_pb_old_content":"","_et_gb_content_width":"","wpupg_custom_link":[],"wpupg_custom_link_behaviour":["default"],"wpupg_custom_link_nofollow":[],"wpupg_custom_image":[],"wpupg_custom_image_id":[],"footnotes":""},"class_list":["post-1695","page","type-page","status-publish","hentry"],"_links":{"self":[{"href":"https:\/\/grupo.us.es\/hac\/wp-json\/wp\/v2\/pages\/1695","targetHints":{"allow":["GET"]}}],"collection":[{"href":"https:\/\/grupo.us.es\/hac\/wp-json\/wp\/v2\/pages"}],"about":[{"href":"https:\/\/grupo.us.es\/hac\/wp-json\/wp\/v2\/types\/page"}],"author":[{"embeddable":true,"href":"https:\/\/grupo.us.es\/hac\/wp-json\/wp\/v2\/users\/2"}],"replies":[{"embeddable":true,"href":"https:\/\/grupo.us.es\/hac\/wp-json\/wp\/v2\/comments?post=1695"}],"version-history":[{"count":0,"href":"https:\/\/grupo.us.es\/hac\/wp-json\/wp\/v2\/pages\/1695\/revisions"}],"up":[{"embeddable":true,"href":"https:\/\/grupo.us.es\/hac\/wp-json\/wp\/v2\/pages\/103"}],"wp:attachment":[{"href":"https:\/\/grupo.us.es\/hac\/wp-json\/wp\/v2\/media?parent=1695"}],"curies":[{"name":"wp","href":"https:\/\/api.w.org\/{rel}","templated":true}]}}