{"id":1684,"date":"2018-03-21T09:20:41","date_gmt":"2018-03-21T09:20:41","guid":{"rendered":"http:\/\/grupo.us.es\/hac\/?page_id=1684\/"},"modified":"2024-10-15T19:18:34","modified_gmt":"2024-10-15T19:18:34","slug":"arquitectura-saludable-decalogo","status":"publish","type":"page","link":"https:\/\/grupo.us.es\/hac\/home\/arquitectura-saludable-decalogo\/","title":{"rendered":"TEMAS_Arquitectura saludable"},"content":{"rendered":"<p>[et_pb_section fb_built=\u00bb1&#8243; _builder_version=\u00bb4.16&#8243; global_colors_info=\u00bb{}\u00bb][et_pb_row _builder_version=\u00bb4.16&#8243; global_colors_info=\u00bb{}\u00bb][et_pb_column type=\u00bb4_4&#8243; _builder_version=\u00bb4.16&#8243; custom_padding=\u00bb|||\u00bb global_colors_info=\u00bb{}\u00bb custom_padding__hover=\u00bb|||\u00bb][et_pb_text _builder_version=\u00bb4.27.2&#8243; global_colors_info=\u00bb{}\u00bb]<\/p>\n<h3 style=\"text-align: center;\"><strong>ARQUITECTURA SALUDABLE<\/strong><\/h3>\n<p>[\/et_pb_text][\/et_pb_column][\/et_pb_row][et_pb_row use_custom_gutter=\u00bbon\u00bb gutter_width=\u00bb2&#8243; _builder_version=\u00bb4.16&#8243; custom_margin=\u00bb||0px|\u00bb custom_padding=\u00bb||0px|\u00bb width_unit=\u00bboff\u00bb global_colors_info=\u00bb{}\u00bb][et_pb_column type=\u00bb4_4&#8243; _builder_version=\u00bb4.16&#8243; custom_padding=\u00bb||0px|\u00bb global_colors_info=\u00bb{}\u00bb custom_padding__hover=\u00bb|||\u00bb][et_pb_video src=\u00bbhttps:\/\/youtu.be\/9X0wm6tvSWc?si=TwQYn7U7S3NLXOOc\u00bb _builder_version=\u00bb4.27.2&#8243; _module_preset=\u00bbdefault\u00bb global_colors_info=\u00bb{}\u00bb][\/et_pb_video][\/et_pb_column][\/et_pb_row][et_pb_row _builder_version=\u00bb4.16&#8243; custom_margin=\u00bb20px|||\u00bb custom_padding=\u00bb0px|||\u00bb global_colors_info=\u00bb{}\u00bb][et_pb_column type=\u00bb4_4&#8243; _builder_version=\u00bb4.16&#8243; custom_padding=\u00bb0px|||\u00bb global_colors_info=\u00bb{}\u00bb custom_padding__hover=\u00bb|||\u00bb][et_pb_text _builder_version=\u00bb4.27.2&#8243; custom_margin=\u00bb0px|||\u00bb custom_padding=\u00bb0px|||\u00bb hover_enabled=\u00bb0&#8243; global_colors_info=\u00bb{}\u00bb sticky_enabled=\u00bb0&#8243;]<\/p>\n<p>&nbsp;<\/p>\n<p style=\"text-align: justify;\">En 1945 <strong>Henry Sigerist<\/strong>, historiador y prestigioso profesional sanitario, fue el primero en referirse a la promoci\u00f3n de la salud y su entorno como una de las cuatro acciones fundamentales en la atenci\u00f3n m\u00e9dica, seguida por la prevenci\u00f3n de enfermedades, la curaci\u00f3n y la rehabilitaci\u00f3n.\u00a0La <strong>Carta de Ottawa<\/strong> estableci\u00f3, en 1986, que la promoci\u00f3n de la salud consiste en proporcionar a los pueblos los medios necesarios para mejorar su salud y ejercer un mayor control sobre la misma. A partir de esa declaraci\u00f3n, surgen diferentes planes promovidos por la <strong>Organizaci\u00f3n Mundial de la Salud<\/strong> (OMS) destinados a crear <strong>Entornos Saludables<\/strong>. Ese mismo a\u00f1o se crea el <strong>Proyecto de Ciudades Saludables<\/strong> (Healthy Cities) que se implant\u00f3 en Espa\u00f1a bajo el nombre de <strong>Red Espa\u00f1ola de Ciudades Saludables<\/strong> con el objetivo de la promoci\u00f3n, protecci\u00f3n de la salud y el bienestar de los ciudadanos, a trav\u00e9s de la necesaria interrelaci\u00f3n entre aspectos y factores que influyen en la salud y sectores pol\u00edticos, econ\u00f3micos, culturales, sociales o medioambientales. Un a\u00f1o despu\u00e9s a la declaraci\u00f3n de Otawa se establece la exigencia de viviendas saludables en las ciudades.<\/p>\n<p style=\"text-align: justify;\">Un entorno se identifica por tener un espacio f\u00edsico definido, por un grupo de personas con funciones precisas que lo usan y por una estructura organizativa concreta. Es decir, es un espacio relacionado con el \u00e1mbito social donde los seres humanos habitan e interact\u00faan entre s\u00ed. Un entorno saludable es un espacio que apoya y ofrece protecci\u00f3n para la salud, permitiendo ampliar sus capacidades y desarrollar la autonom\u00eda de las personas respecto a la salud. Los entornos saludables deben ser todos los lugares donde viven las personas: la vivienda, su comunidad de vecinos, los lugares de trabajo o la propia ciudad. Siendo adem\u00e1s necesario que estos espacios est\u00e9n provistos de los recursos y oportunidades sanitarias; especialmente aquellas centradas en los grupos sociales m\u00e1s desfavorecidos, tanto en el terreno socioecon\u00f3mico como con alg\u00fan tipo de enfermedad.<\/p>\n<p>&nbsp;<\/p>\n<p><img loading=\"lazy\" decoding=\"async\" class=\"wp-image-3284 aligncenter size-large\" src=\"https:\/\/grupo.us.es\/hac\/wp-content\/uploads\/2021\/02\/ESP_Texto-dec\u00e1logo-1024x711.jpg\" alt=\"\" width=\"1024\" height=\"711\" srcset=\"https:\/\/grupo.us.es\/hac\/wp-content\/uploads\/2021\/02\/ESP_Texto-dec\u00e1logo-1024x711.jpg 1024w, https:\/\/grupo.us.es\/hac\/wp-content\/uploads\/2021\/02\/ESP_Texto-dec\u00e1logo-300x208.jpg 300w, https:\/\/grupo.us.es\/hac\/wp-content\/uploads\/2021\/02\/ESP_Texto-dec\u00e1logo-768x533.jpg 768w, https:\/\/grupo.us.es\/hac\/wp-content\/uploads\/2021\/02\/ESP_Texto-dec\u00e1logo-1080x749.jpg 1080w\" sizes=\"(max-width: 1024px) 100vw, 1024px\" \/><\/p>\n<p>&nbsp;<\/p>\n<p style=\"text-align: justify;\">Esta perspectiva pone de manifiesto lo importante que es entender y proyectar el lugar en el que desarrollamos las actividades de la vida diaria como un todo que debe ser y estar equilibrado, para potenciar unas condiciones de salud que produzcan como retorno unaumento en la calidad de vida de las personas. Ese entorno f\u00edsico coge especial importancia cuando cobi ja a una persona enferma o propensa a serlo pero se convierte en fundamental cuando aloja a personas mayores (&gt;65a\u00f1os). La vivienda se transforma en un elemento m\u00e1s de prevenci\u00f3n y acci\u00f3n directa en el cuidado y atenci\u00f3n de las necesidades de estos colectivos vulnerables.<\/p>\n<p style=\"text-align: justify;\">La mejora arquitect\u00f3nica en la <strong>seguridad<\/strong>, <strong>accesibilidad<\/strong>, <strong>autonom\u00eda<\/strong> y <strong>calidad de vida<\/strong> se puede conseguir con medidas como: la generaci\u00f3n de entornos limpios construidos con materiales adecuados, la interrelaci\u00f3n entre el interior y el exterior, ambientes con un control espec\u00edfico en los sistemas de climatizaci\u00f3n, incorporaci\u00f3n de aire o luz natural, introducci\u00f3n de t\u00e9cnicas como la cromoterapia, luminoterapia, aromaterapia, musicoterapia\u2026<\/p>\n<p style=\"text-align: justify;\">Los resultados que se est\u00e1n obteniendo en la aplicaci\u00f3n de estas t\u00e9cnicas en la construcci\u00f3n actual indican que un buen dise\u00f1o orientado hacia la salud de las personas, produce beneficios sociales, econ\u00f3micos y ambientales, al mismo tiempo que genera valor a\u00f1adido en la planificaci\u00f3n\u00a0 de las ciudades produciendo contextos y espacios con mayor confort y bienestar, que se aproximan a las demandas actuales de la sociedad. En el mundo global y en la sociedad hiperconectada que caracterizan el siglo XXI, el usuario o habitante conoce a la perfecci\u00f3n qu\u00e9 es positivo para \u00e9l o qu\u00e9 alimentos debe o no consumir, qu\u00e9 actividades son mejores para su forma f\u00edsica o qu\u00e9 importancia tiene tanto su estado f\u00edsico como el psicol\u00f3gico. Lo mismo ocurre con los materiales, los espacios y los entornos para vivir.<\/p>\n<p style=\"text-align: justify;\">El ser humano siempre se ha rodeado de los que ha considerado m\u00e1s beneficiosos para su salud. Cuidarse y cuidar el entorno supone un ahorro importante a largo plazo para usuarios, empresas, administraciones y Estado, previniendo y evitando que determinados problemas pasen al \u00e1mbito sanitario-hospitalario. Es m\u00e1s rentable invertir en un <strong>buen proyecto arquitect\u00f3nico<\/strong> que prevea los aspectos saludables de la edificaci\u00f3n que resolver los perjuicios que a posteriori causa no haberlos tenido en cuenta<\/p>\n<p style=\"text-align: right;\">Ver art\u00edculo relacionado:<br \/><a href=\"https:\/\/www.mdpi.com\/2075-5309\/13\/8\/2001\" target=\"_blank\" rel=\"noopener\"><strong><span style=\"font-size: 11pt;\">Towards a Healthy Architecture: A New Paradigm in the Design and Construction of Buildings<\/span><\/strong><\/a><\/p>\n<p>&nbsp;<\/p>\n<p><img loading=\"lazy\" decoding=\"async\" class=\"wp-image-3286 aligncenter size-large\" src=\"https:\/\/grupo.us.es\/hac\/wp-content\/uploads\/2021\/02\/ESP_Texto-5-puntos-1024x768.jpg\" alt=\"\" width=\"1024\" height=\"768\" srcset=\"https:\/\/grupo.us.es\/hac\/wp-content\/uploads\/2021\/02\/ESP_Texto-5-puntos-1024x768.jpg 1024w, https:\/\/grupo.us.es\/hac\/wp-content\/uploads\/2021\/02\/ESP_Texto-5-puntos-300x225.jpg 300w, https:\/\/grupo.us.es\/hac\/wp-content\/uploads\/2021\/02\/ESP_Texto-5-puntos-768x576.jpg 768w, https:\/\/grupo.us.es\/hac\/wp-content\/uploads\/2021\/02\/ESP_Texto-5-puntos-510x382.jpg 510w, https:\/\/grupo.us.es\/hac\/wp-content\/uploads\/2021\/02\/ESP_Texto-5-puntos-1080x810.jpg 1080w\" sizes=\"(max-width: 1024px) 100vw, 1024px\" \/><\/p>\n<h1 class=\"title hypothesis_container\">\u00a0<\/h1>\n<p>&nbsp;<\/p>\n<p>[\/et_pb_text][et_pb_text _builder_version=\u00bb4.27.2&#8243; global_colors_info=\u00bb{}\u00bb]<\/p>\n<h1 style=\"text-align: center;\"><a href=\"https:\/\/grupo.us.es\/hac\/\"><span style=\"font-size: 52pt;\">\u00ab<\/span><\/a><\/h1>\n<p>[\/et_pb_text][\/et_pb_column][\/et_pb_row][\/et_pb_section]<\/p>\n","protected":false},"excerpt":{"rendered":"<p>ARQUITECTURA SALUDABLE&nbsp; En 1945 Henry Sigerist, historiador y prestigioso profesional sanitario, fue el primero en referirse a la promoci\u00f3n de la salud y su entorno como una de las cuatro acciones fundamentales en la atenci\u00f3n m\u00e9dica, seguida por la prevenci\u00f3n de enfermedades, la curaci\u00f3n y la rehabilitaci\u00f3n.\u00a0La Carta de Ottawa estableci\u00f3, en 1986, que la [&hellip;]<\/p>\n","protected":false},"author":2,"featured_media":0,"parent":103,"menu_order":0,"comment_status":"closed","ping_status":"closed","template":"","meta":{"_et_pb_use_builder":"on","_et_pb_old_content":"","_et_gb_content_width":"","wpupg_custom_link":[],"wpupg_custom_link_behaviour":["default"],"wpupg_custom_link_nofollow":["default"],"wpupg_custom_image":[],"wpupg_custom_image_id":[],"footnotes":""},"class_list":["post-1684","page","type-page","status-publish","hentry"],"_links":{"self":[{"href":"https:\/\/grupo.us.es\/hac\/wp-json\/wp\/v2\/pages\/1684","targetHints":{"allow":["GET"]}}],"collection":[{"href":"https:\/\/grupo.us.es\/hac\/wp-json\/wp\/v2\/pages"}],"about":[{"href":"https:\/\/grupo.us.es\/hac\/wp-json\/wp\/v2\/types\/page"}],"author":[{"embeddable":true,"href":"https:\/\/grupo.us.es\/hac\/wp-json\/wp\/v2\/users\/2"}],"replies":[{"embeddable":true,"href":"https:\/\/grupo.us.es\/hac\/wp-json\/wp\/v2\/comments?post=1684"}],"version-history":[{"count":2,"href":"https:\/\/grupo.us.es\/hac\/wp-json\/wp\/v2\/pages\/1684\/revisions"}],"predecessor-version":[{"id":8170,"href":"https:\/\/grupo.us.es\/hac\/wp-json\/wp\/v2\/pages\/1684\/revisions\/8170"}],"up":[{"embeddable":true,"href":"https:\/\/grupo.us.es\/hac\/wp-json\/wp\/v2\/pages\/103"}],"wp:attachment":[{"href":"https:\/\/grupo.us.es\/hac\/wp-json\/wp\/v2\/media?parent=1684"}],"curies":[{"name":"wp","href":"https:\/\/api.w.org\/{rel}","templated":true}]}}