{"id":1494,"date":"2018-03-14T15:14:16","date_gmt":"2018-03-14T15:14:16","guid":{"rendered":"http:\/\/grupo.us.es\/hac\/?page_id=1494\/"},"modified":"2023-08-13T15:56:12","modified_gmt":"2023-08-13T15:56:12","slug":"envejecimiento-poblacional","status":"publish","type":"page","link":"https:\/\/grupo.us.es\/hac\/home\/envejecimiento-poblacional\/","title":{"rendered":"TEMAS_Envejecimiento poblacional"},"content":{"rendered":"<p>[et_pb_section bb_built=\u00bb1&#8243;][et_pb_row _builder_version=\u00bb3.0.89&#8243;][et_pb_column type=\u00bb4_4&#8243;][et_pb_text _builder_version=\u00bb3.0.89&#8243; background_layout=\u00bblight\u00bb]<\/p>\n<h3 style=\"text-align: center;\"><strong>ENVEJECIMIENTO POBLACIONAL<\/strong><\/h3>\n<p>[\/et_pb_text][\/et_pb_column][\/et_pb_row][et_pb_row _builder_version=\u00bb3.0.89&#8243; width_unit=\u00bboff\u00bb use_custom_gutter=\u00bbon\u00bb gutter_width=\u00bb2&#8243; custom_margin=\u00bb||0px|\u00bb custom_padding=\u00bb||0px|\u00bb padding_bottom_1=\u00bb0px\u00bb padding_bottom_2=\u00bb0px\u00bb][et_pb_column type=\u00bb1_2&#8243;][et_pb_image _builder_version=\u00bb3.0.89&#8243; show_in_lightbox=\u00bboff\u00bb url_new_window=\u00bboff\u00bb use_overlay=\u00bboff\u00bb always_center_on_mobile=\u00bbon\u00bb force_fullwidth=\u00bbon\u00bb show_bottom_space=\u00bbon\u00bb align=\u00bbright\u00bb custom_margin=\u00bb||0px|\u00bb custom_padding=\u00bb10px||0px|\u00bb src=\u00bbhttps:\/\/grupo.us.es\/hac\/wp-content\/uploads\/2018\/03\/Dundee.-Escocia.-Frank-Gehry-10.jpg\u00bb \/][\/et_pb_column][et_pb_column type=\u00bb1_2&#8243;][et_pb_text _builder_version=\u00bb3.0.89&#8243; background_layout=\u00bblight\u00bb custom_margin=\u00bb||0px|\u00bb custom_padding=\u00bb||0px|\u00bb]<\/p>\n<p style=\"text-align: justify;\">La Organizaci\u00f3n Mundial de la Salud (OMS) entiende por <strong>envejecimiento activo<\/strong> como \u201c<strong>el proceso de potenciar al m\u00e1ximo las oportunidades para mejorar la salud, la participaci\u00f3n y la seguridad. El objetivo es extender la calidad y esperanza de vida a edades avanzadas<\/strong>\u201d.<\/p>\n<p style=\"text-align: justify;\">Seg\u00fan datos de la OMS, entre los a\u00f1os 2015 y 2050 se prev\u00e9 un aumento del 12% al 22% del n\u00famero de personas con m\u00e1s de 60 a\u00f1os. La poblaci\u00f3n mundial mayor de 100 a\u00f1os crecer\u00e1 desde las 13.551 personas en 2014 hasta 372.000 en 2064. Esto constituye un importante reto para los servicios de promoci\u00f3n y prevenci\u00f3n de la salud a nivel mundial. Por ello las Naciones Unidas incluy\u00f3 en su Agenda 2030 el objetivo de garantizar una vida saludable y promover el bienestar para todas las edades. La profesora y arquitecta <strong>Blanca Lle\u00f3<\/strong> indica en su investigaci\u00f3n<strong> Vivir 100 a\u00f1os<\/strong> que, en el a\u00f1o 2022 habr\u00e1 en Espa\u00f1a una poblaci\u00f3n de 9,7 millones de personas por encima de los 64 a\u00f1os, con una esperanza de vida de 87 a\u00f1os en las mujeres y 82 en los hombres.<\/p>\n<p style=\"text-align: justify;\">A la vista de estos datos, los sistemas sanitarios occidentales, sus valores culturales e incluso la concepci\u00f3n del tiempo, deber\u00e1n ser revisados. Este importante cambio demogr\u00e1fico tendr\u00e1 repercusiones sobre la econom\u00eda, as\u00ed como en el modelo del Estado del Bienestar y su financiaci\u00f3n.<\/p>\n<p style=\"text-align: justify;\">Es necesario, por tanto, una revisi\u00f3n y un replanteamiento en los modelos de vida, de la forma de habitar y de la planificaci\u00f3n de las ciudades con el objetivo de cubrir las necesidades precisas de la <strong>cuarta edad<\/strong> y aportarle unas posibilidades que respondan al aumento en su esperanza de vida.<\/p>\n<p>[\/et_pb_text][\/et_pb_column][\/et_pb_row][et_pb_row _builder_version=\u00bb3.0.89&#8243; custom_margin=\u00bb20px|||\u00bb custom_padding=\u00bb0px|||\u00bb padding_top_1=\u00bb0px\u00bb background_position=\u00bbtop_left\u00bb background_repeat=\u00bbrepeat\u00bb background_size=\u00bbinitial\u00bb][et_pb_column type=\u00bb4_4&#8243;][et_pb_text _builder_version=\u00bb3.0.89&#8243; background_layout=\u00bblight\u00bb custom_margin=\u00bb0px|||\u00bb custom_padding=\u00bb0px|||\u00bb]<\/p>\n<p>Durante la \u00faltima d\u00e9cada del pasado siglo se ha pasado de considerar los procesos unidos al envejecimiento poblacional como hechos patol\u00f3gico a considerarlos con una visi\u00f3n positiva. Desde este punto de vista, la cuarta edad o \u00faltima etapa de la vida se asocia con una oportunidad m\u00e1s para aprovechar el progreso t\u00e9cnico y tecnol\u00f3gico, gozando de un mayor bienestar y alcanzar una existencia lo m\u00e1s plena, productiva y satisfactoria posible. Algunos pa\u00edses desarrollados, como el Reino Unido en el <strong>informe HAPPI<\/strong>, han comenzado a implementar pol\u00edticas y estrategias a largo plazo para resolver con inteligencia y eficacia este reto.<\/p>\n<p style=\"text-align: justify;\">Los factores gen\u00e9ticos determinan el proceso de envejecimiento pero los aspectos conductuales y ambientales superan la importancia de lo biol\u00f3gico en una proporci\u00f3n de un 75% frente al 25%. En este sentido, la Arquitectura tiene un papel fundamental para dar respuesta como disciplina a las nuevas necesidades que la sociedad demanda cada vez con m\u00e1s intensidad. Ser\u00e1 necesario repensar la ciudad del futuro generando edificios, viviendas y espacios que sean capaces de ajustarse a los requerimientos de una sociedad cada vez m\u00e1s envejecida.<\/p>\n<p style=\"text-align: justify;\">La Arquitectura como disciplina crea las mejores condiciones de vida para el ser humano con los recursos que tiene a su alcance, y tiene la capacidad de abordar con garant\u00edas este urgente e inaplazable reto. La pr\u00e1ctica arquitect\u00f3nica, uniendo arte y t\u00e9cnica, puede conseguir que el entorno del habitante se adapte a sus cambiantes necesidades, facilitando espacios f\u00edsicos m\u00e1s seguros, m\u00e1s accesibles y mejor personalizados, de forma que sus actividades de la vida diaria mejoren y exista una adecuada interactuaci\u00f3n con el medio en el que habita.<\/p>\n<p>[\/et_pb_text][et_pb_image _builder_version=\u00bb3.0.89&#8243; src=\u00bbhttps:\/\/grupo.us.es\/hac\/wp-content\/uploads\/2018\/03\/West-London.-Inglaterra.-2008-Rogers-Stirk-Harbour-Partners-7.jpg\u00bb show_in_lightbox=\u00bboff\u00bb url_new_window=\u00bboff\u00bb use_overlay=\u00bboff\u00bb always_center_on_mobile=\u00bbon\u00bb force_fullwidth=\u00bboff\u00bb show_bottom_space=\u00bbon\u00bb \/][et_pb_text _builder_version=\u00bb3.0.89&#8243; background_layout=\u00bblight\u00bb]<\/p>\n<h1 style=\"text-align: center;\"><a href=\"https:\/\/grupo.us.es\/hac\/\"><span style=\"font-size: 52pt;\">\u00ab<\/span><\/a><\/h1>\n<p>[\/et_pb_text][\/et_pb_column][\/et_pb_row][\/et_pb_section]<\/p>\n","protected":false},"excerpt":{"rendered":"<p>ENVEJECIMIENTO POBLACIONAL La Organizaci\u00f3n Mundial de la Salud (OMS) entiende por envejecimiento activo como \u201cel proceso de potenciar al m\u00e1ximo las oportunidades para mejorar la salud, la participaci\u00f3n y la seguridad. El objetivo es extender la calidad y esperanza de vida a edades avanzadas\u201d. Seg\u00fan datos de la OMS, entre los a\u00f1os 2015 y 2050 [&hellip;]<\/p>\n","protected":false},"author":2,"featured_media":0,"parent":103,"menu_order":0,"comment_status":"closed","ping_status":"closed","template":"","meta":{"_et_pb_use_builder":"on","_et_pb_old_content":"","_et_gb_content_width":"","wpupg_custom_link":[],"wpupg_custom_link_behaviour":["default"],"wpupg_custom_link_nofollow":[],"wpupg_custom_image":[],"wpupg_custom_image_id":[],"footnotes":""},"class_list":["post-1494","page","type-page","status-publish","hentry"],"_links":{"self":[{"href":"https:\/\/grupo.us.es\/hac\/wp-json\/wp\/v2\/pages\/1494","targetHints":{"allow":["GET"]}}],"collection":[{"href":"https:\/\/grupo.us.es\/hac\/wp-json\/wp\/v2\/pages"}],"about":[{"href":"https:\/\/grupo.us.es\/hac\/wp-json\/wp\/v2\/types\/page"}],"author":[{"embeddable":true,"href":"https:\/\/grupo.us.es\/hac\/wp-json\/wp\/v2\/users\/2"}],"replies":[{"embeddable":true,"href":"https:\/\/grupo.us.es\/hac\/wp-json\/wp\/v2\/comments?post=1494"}],"version-history":[{"count":0,"href":"https:\/\/grupo.us.es\/hac\/wp-json\/wp\/v2\/pages\/1494\/revisions"}],"up":[{"embeddable":true,"href":"https:\/\/grupo.us.es\/hac\/wp-json\/wp\/v2\/pages\/103"}],"wp:attachment":[{"href":"https:\/\/grupo.us.es\/hac\/wp-json\/wp\/v2\/media?parent=1494"}],"curies":[{"name":"wp","href":"https:\/\/api.w.org\/{rel}","templated":true}]}}