{"id":1360,"date":"2018-03-07T10:13:17","date_gmt":"2018-03-07T10:13:17","guid":{"rendered":"http:\/\/grupo.us.es\/hac\/?page_id=1360\/"},"modified":"2025-12-08T09:58:36","modified_gmt":"2025-12-08T09:58:36","slug":"guadalupe-romero-vergara","status":"publish","type":"page","link":"https:\/\/grupo.us.es\/hac\/quienes-somos\/guadalupe-romero-vergara\/","title":{"rendered":"Guadalupe Romero"},"content":{"rendered":"<p>[et_pb_section bb_built=\u00bb1&#8243; _builder_version=\u00bb3.0.89&#8243;][et_pb_row][et_pb_column type=\u00bb1_3&#8243;][et_pb_image _builder_version=\u00bb3.0.89&#8243; src=\u00bbhttps:\/\/grupo.us.es\/hac\/wp-content\/uploads\/2018\/03\/Guadalupe-foto-web.png\u00bb show_in_lightbox=\u00bboff\u00bb url_new_window=\u00bboff\u00bb use_overlay=\u00bboff\u00bb always_center_on_mobile=\u00bbon\u00bb force_fullwidth=\u00bboff\u00bb show_bottom_space=\u00bbon\u00bb module_class=\u00bbfoto-personal\u00bb \/][et_pb_text _builder_version=\u00bb3.0.89&#8243; background_layout=\u00bblight\u00bb]<\/p>\n<h4 style=\"text-align: center;\"><strong>Guadalupe Romero-Vergara<\/strong><\/h4>\n<p style=\"text-align: center;\"><strong><em>Grado en Arquitectura<\/em><\/strong><\/p>\n<p>[\/et_pb_text][\/et_pb_column][et_pb_column type=\u00bb2_3&#8243;][et_pb_text _builder_version=\u00bb3.0.89&#8243; background_layout=\u00bblight\u00bb module_class=\u00bbtexto-personal\u00bb]<\/p>\n<p>Grado en Arquitectura por la Escuela T\u00e9cnica Superior de Arquitectura de Sevilla (2016) obteniendo la calificaci\u00f3n de sobresaliente en el Trabajo Fin de Grado titulado <strong>\u201cArquitectura para el alzh\u00e9imer, \u00bfresidencias o viviendas adaptables?, experiencias nacionales e internacionales\u201d<\/strong>, como parte de la l\u00ednea de investigaci\u00f3n \u201cProyectar para la ausencia de memoria\u201d del grupo HAC.\u00a0\u00a0Ha trabajado como personal de apoyo a la investigaci\u00f3n de la Universidad de Sevilla en el Centro de Investigaciones Cient\u00edficas Isla de la Cartuja (2017) desarrolla actividades relacionadas con la Plataforma de Interacciones Biomoleculares y los proyectos de investigaci\u00f3n del grupo Biointeract\u00f3mica.\u00a0Actualmente se encuentra realizando el M\u00e1ster Universitario en Arquitectura en la E.T.S.A de Sevilla.<\/p>\n<p>Es co-editora de la publicaci\u00f3n \u201cArquitectura y alzh\u00e9imer: 12 nuevos edificios para necesidades emergentes\u201d (2018) y ha participado en la elaboraci\u00f3n de los p\u00f3ster \u201cNew techniques in architectural research to determine the influence of the physical environment on Alzheimer&#8217;s sufferers\u201d para el Alzheimer\u2019s Global Summit de Lisboa (2017) y \u201cPropuesta de nueva tipolog\u00eda arquitect\u00f3nica para enfermos con alzh\u00e9imer: estudio preliminar\u201d para las V Jornadas M\u00e1laga Alzheimer (2016).Tambi\u00e9n es co-autora de dos cap\u00edtulos de libro publicados en Granada durante 2017. Ha participado en varios concursos de arquitectura, destacando la propuesta para \u201cArch Medium: concurso para la creaci\u00f3n de la Viena House of Music\u201d en la que ha quedado entre las diez seleccionadas (2011). Ha participado en el Workshop \u201cLandscape Architecture. Delf\u201d celebrado en Holanda (2012)<\/p>\n<p>ORCID iD:\u00a0<span style=\"color: #808080;\"><strong><a style=\"color: #808080;\" href=\"https:\/\/orcid.org\/0000-0001-5854-4682?lang=es\">0000-0001-5854-4682 \u00a0<\/a><a style=\"color: #808080;\" href=\"https:\/\/orcid.org\/0000-0001-5854-4682\"><img loading=\"lazy\" decoding=\"async\" class=\"alignnone wp-image-894\" src=\"https:\/\/grupo.us.es\/hac\/wp-content\/uploads\/2018\/02\/Orcid.png\" alt=\"\" width=\"28\" height=\"28\" srcset=\"https:\/\/grupo.us.es\/hac\/wp-content\/uploads\/2018\/02\/Orcid.png 225w, https:\/\/grupo.us.es\/hac\/wp-content\/uploads\/2018\/02\/Orcid-150x150.png 150w\" sizes=\"(max-width: 28px) 100vw, 28px\" \/><\/a><\/strong><\/span><\/p>\n<p>[\/et_pb_text][\/et_pb_column][\/et_pb_row][\/et_pb_section]<\/p>\n","protected":false},"excerpt":{"rendered":"<p><div class=\"et_pb_row et_pb_row_0 et_pb_row_empty\">\n\t\t\t\t\n\t\t\t\t\n\t\t\t\t\n\t\t\t\t\n\t\t\t\t\n\t\t\t<\/div> Guadalupe Romero-Vergara Grado en Arquitectura Grado en Arquitectura por la Escuela T\u00e9cnica Superior de Arquitectura de Sevilla (2016) obteniendo la calificaci\u00f3n de sobresaliente en el Trabajo Fin de Grado titulado \u201cArquitectura para el alzh\u00e9imer, \u00bfresidencias o viviendas adaptables?, experiencias nacionales e internacionales\u201d, como parte de la l\u00ednea de investigaci\u00f3n \u201cProyectar para la ausencia de [&hellip;]<\/p>\n","protected":false},"author":2,"featured_media":0,"parent":4626,"menu_order":0,"comment_status":"closed","ping_status":"closed","template":"","meta":{"_et_pb_use_builder":"on","_et_pb_old_content":"","_et_gb_content_width":"","wpupg_custom_link":[],"wpupg_custom_link_behaviour":["default"],"wpupg_custom_link_nofollow":[],"wpupg_custom_image":[],"wpupg_custom_image_id":[],"footnotes":""},"class_list":["post-1360","page","type-page","status-publish","hentry"],"_links":{"self":[{"href":"https:\/\/grupo.us.es\/hac\/wp-json\/wp\/v2\/pages\/1360","targetHints":{"allow":["GET"]}}],"collection":[{"href":"https:\/\/grupo.us.es\/hac\/wp-json\/wp\/v2\/pages"}],"about":[{"href":"https:\/\/grupo.us.es\/hac\/wp-json\/wp\/v2\/types\/page"}],"author":[{"embeddable":true,"href":"https:\/\/grupo.us.es\/hac\/wp-json\/wp\/v2\/users\/2"}],"replies":[{"embeddable":true,"href":"https:\/\/grupo.us.es\/hac\/wp-json\/wp\/v2\/comments?post=1360"}],"version-history":[{"count":1,"href":"https:\/\/grupo.us.es\/hac\/wp-json\/wp\/v2\/pages\/1360\/revisions"}],"predecessor-version":[{"id":10046,"href":"https:\/\/grupo.us.es\/hac\/wp-json\/wp\/v2\/pages\/1360\/revisions\/10046"}],"up":[{"embeddable":true,"href":"https:\/\/grupo.us.es\/hac\/wp-json\/wp\/v2\/pages\/4626"}],"wp:attachment":[{"href":"https:\/\/grupo.us.es\/hac\/wp-json\/wp\/v2\/media?parent=1360"}],"curies":[{"name":"wp","href":"https:\/\/api.w.org\/{rel}","templated":true}]}}