{"id":5079,"date":"2023-06-11T11:13:13","date_gmt":"2023-06-11T11:13:13","guid":{"rendered":"https:\/\/grupo.us.es\/hac\/grow-with-us\/trabajo-fin-de-grado\/"},"modified":"2024-10-25T18:01:55","modified_gmt":"2024-10-25T18:01:55","slug":"final-degree-project","status":"publish","type":"page","link":"https:\/\/grupo.us.es\/hac\/en\/grow-with-us\/final-degree-project\/","title":{"rendered":"Final Degree Project"},"content":{"rendered":"<p>[et_pb_section fb_built=&#8221;1&#8243; _builder_version=&#8221;4.16&#8243; global_colors_info=&#8221;{}&#8221;][et_pb_row _builder_version=&#8221;4.16&#8243; background_size=&#8221;initial&#8221; background_position=&#8221;top_left&#8221; background_repeat=&#8221;repeat&#8221; global_colors_info=&#8221;{}&#8221;][et_pb_column type=&#8221;4_4&#8243; _builder_version=&#8221;4.16&#8243; custom_padding=&#8221;|||&#8221; global_colors_info=&#8221;{}&#8221; custom_padding__hover=&#8221;|||&#8221;][et_pb_text _builder_version=&#8221;4.16&#8243; global_colors_info=&#8221;{}&#8221;]<\/p>\n<h3 style=\"text-align: center;\"><strong>FINAL DEGREE PROJECT<\/strong><\/h3>\n<h3 style=\"text-align: center;\"><\/h3>\n<p>[\/et_pb_text][\/et_pb_column][\/et_pb_row][et_pb_row _builder_version=&#8221;4.16&#8243; background_size=&#8221;initial&#8221; background_position=&#8221;top_left&#8221; background_repeat=&#8221;repeat&#8221; global_colors_info=&#8221;{}&#8221;][et_pb_column type=&#8221;4_4&#8243; _builder_version=&#8221;4.16&#8243; custom_padding=&#8221;|||&#8221; global_colors_info=&#8221;{}&#8221; custom_padding__hover=&#8221;|||&#8221;][et_pb_text _builder_version=&#8221;4.27.2&#8243; hover_enabled=&#8221;0&#8243; global_colors_info=&#8221;{}&#8221; sticky_enabled=&#8221;0&#8243;]<\/p>\n<h3 style=\"text-align: left;\"><strong>THEMATIC LINES<br \/><\/strong><span style=\"font-size: 14pt;\">during the academic year 2024-2025<\/span><\/h3>\n<p>&nbsp;<\/p>\n<ul>\n<li><span style=\"font-size: 12pt;\"><span style=\"color: #808080;\"><strong><a style=\"color: #808080;\" href=\"https:\/\/grupo.us.es\/hac\/en\/home\/healthy-architecture\/\" target=\"_blank\" rel=\"noopener\">Healthy Architecture: Towards a new Paradigm in the Design and Construction of Buildings<\/a> <\/strong><\/span><span style=\"color: #00ccff;\"><span style=\"color: #808080;\">(<\/span>see)<\/span><\/span><\/li>\n<\/ul>\n<p>&nbsp;<\/p>\n<ul>\n<li><span style=\"color: #808080; font-size: 12pt;\"><a style=\"color: #808080;\" href=\"https:\/\/grupo.us.es\/hac\/en\/hacia-una-arquitectura-saludable-coda\/\" target=\"_blank\" rel=\"noopener\"><strong>Physiological Architectures: contemporary experiences <\/strong><\/a><span style=\"color: #00ccff;\"><a style=\"color: #00ccff;\" href=\"https:\/\/grupo.us.es\/hac\/en\/hacia-una-arquitectura-saludable-coda\/\" target=\"_blank\" rel=\"noopener\">(see)<\/a><\/span><\/span><\/li>\n<\/ul>\n<p>&nbsp;<\/p>\n<ul>\n<li><span style=\"color: #808080; font-size: 12pt;\"><a style=\"color: #808080;\" href=\"https:\/\/grupo.us.es\/hac\/en\/home\/salutogenesis\/\" target=\"_blank\" rel=\"noopener\"><strong>Salutogenesis or buildings and cities as assets for health <\/strong><\/a><span style=\"color: #00ccff;\"><a style=\"color: #00ccff;\" href=\"https:\/\/grupo.us.es\/hac\/en\/home\/salutogenesis\/\" target=\"_blank\" rel=\"noopener\">(see)<\/a><\/span><\/span><\/li>\n<\/ul>\n<p>&nbsp;<\/p>\n<ul>\n<li><span style=\"color: #808080; font-size: 12pt;\"><a style=\"color: #808080;\" href=\"https:\/\/grupo.us.es\/hac\/en\/home\/neuroarchitecture\/\" target=\"_blank\" rel=\"noopener\"><strong>Neuroarchitecture: the cognitive and emotional influence of space <\/strong><\/a><span style=\"color: #00ccff;\"><a style=\"color: #00ccff;\" href=\"https:\/\/grupo.us.es\/hac\/en\/home\/neuroarchitecture\/\" target=\"_blank\" rel=\"noopener\">(see)<\/a><\/span><\/span><\/li>\n<\/ul>\n<p>&nbsp;<\/p>\n<ul>\n<li><span style=\"color: #808080; font-size: 12pt;\"><a style=\"color: #808080;\" href=\"https:\/\/grupo.us.es\/hac\/en\/what-we-research\/how-to-design-for-the-absence-of-memory\/\" target=\"_blank\" rel=\"noopener\"><strong>Designing for the absence of memory <\/strong><\/a><a href=\"https:\/\/grupo.us.es\/hac\/en\/what-we-research\/how-to-design-for-the-absence-of-memory\/\" target=\"_blank\" rel=\"noopener\"><span style=\"color: #00ccff;\">(see)<\/span><\/a><\/span><\/li>\n<\/ul>\n<p>&nbsp;<\/p>\n<ul>\n<li><span style=\"font-size: 12pt;\"><span style=\"color: #808080;\"><strong><a href=\"https:\/\/grupo.us.es\/hac\/en\/accesibilidad-cognitiva-en-edificios-entornos-y-ciudades\/\" target=\"_blank\" rel=\"noopener\"><span style=\"color: #808080;\">Cognitive accessibility in buildings, environments and cities<\/span><\/a> <\/strong><span style=\"color: #00ccff;\">(see)<\/span><\/span><\/span><\/li>\n<\/ul>\n<p>&nbsp;<\/p>\n<ul>\n<li><span style=\"font-size: 12pt; color: #808080;\"><a style=\"color: #808080;\" href=\"https:\/\/grupo.us.es\/hac\/en\/what-we-research\/implementation-of-active-assisted-living-aal\/\" target=\"_blank\" rel=\"noopener\"><strong><strong>Active and Assisted Living (AAL) <\/strong><\/strong><\/a><a href=\"https:\/\/grupo.us.es\/hac\/en\/what-we-research\/implementation-of-active-assisted-living-aal\/\"><span style=\"color: #00ccff;\">(see)<\/span><\/a><\/span><\/li>\n<\/ul>\n<p>&nbsp;<\/p>\n<p><span style=\"color: #808080;\"><strong><span style=\"font-size: 12pt;\">\u00a0<\/span><\/strong><\/span><\/p>\n<p>[\/et_pb_text][et_pb_text _builder_version=&#8221;4.16&#8243; global_colors_info=&#8221;{}&#8221;]<\/p>\n<h3 style=\"text-align: left;\"><span style=\"color: #333333;\"><a style=\"color: #333333;\" href=\"https:\/\/grupo.us.es\/hac\/wp-content\/uploads\/2018\/03\/Metodolog\u00eda-investigaci\u00f3n-TFG_web.pdf\" target=\"_blank\" rel=\"noopener\"><strong>METHODOLOGICAL SCHEME to carry out a <span style=\"text-decoration: underline;\">good<\/span> job\u00a0 <\/strong><\/a><\/span><\/h3>\n<p style=\"text-align: center;\"><a href=\"https:\/\/grupo.us.es\/hac\/wp-content\/uploads\/2018\/03\/Metodolog\u00eda-investigaci\u00f3n-TFG_web.pdf\" target=\"_blank\" rel=\"noopener\"><img loading=\"lazy\" decoding=\"async\" class=\"wp-image-5329 alignleft\" src=\"https:\/\/grupo.us.es\/hac\/wp-content\/uploads\/2023\/08\/Paginas-desdeMetodologia-investigacion-TFG_web-300x199.jpg\" alt=\"\" width=\"561\" height=\"372\" srcset=\"https:\/\/grupo.us.es\/hac\/wp-content\/uploads\/2023\/08\/Paginas-desdeMetodologia-investigacion-TFG_web-300x199.jpg 300w, https:\/\/grupo.us.es\/hac\/wp-content\/uploads\/2023\/08\/Paginas-desdeMetodologia-investigacion-TFG_web-1024x680.jpg 1024w, https:\/\/grupo.us.es\/hac\/wp-content\/uploads\/2023\/08\/Paginas-desdeMetodologia-investigacion-TFG_web-768x510.jpg 768w, https:\/\/grupo.us.es\/hac\/wp-content\/uploads\/2023\/08\/Paginas-desdeMetodologia-investigacion-TFG_web-1536x1020.jpg 1536w, https:\/\/grupo.us.es\/hac\/wp-content\/uploads\/2023\/08\/Paginas-desdeMetodologia-investigacion-TFG_web-1080x717.jpg 1080w, https:\/\/grupo.us.es\/hac\/wp-content\/uploads\/2023\/08\/Paginas-desdeMetodologia-investigacion-TFG_web.jpg 1543w\" sizes=\"(max-width: 561px) 100vw, 561px\" \/><\/a><\/p>\n<p>&nbsp;<\/p>\n<p>&nbsp;<\/p>\n<p>&nbsp;<\/p>\n<p>&nbsp;<\/p>\n<p>&nbsp;<\/p>\n<p>&nbsp;<\/p>\n<p>&nbsp;<\/p>\n<p>&nbsp;<\/p>\n<p><span style=\"color: #00ccff;\"><br \/>\n<a style=\"color: #00ccff;\" href=\"https:\/\/grupo.us.es\/hac\/wp-content\/uploads\/2018\/03\/Metodolog\u00eda-investigaci\u00f3n-TFG_web.pdf\" target=\"_blank\" rel=\"noopener\"><span style=\"font-size: 12pt;\">(download)<\/span><\/a><strong>\u00a0<\/strong><\/span><\/p>\n<p>&nbsp;<br \/>\n[\/et_pb_text][et_pb_text _builder_version=&#8221;4.23&#8243; global_colors_info=&#8221;{}&#8221;]<\/p>\n<h3>\u00a0<\/h3>\n<h3 style=\"text-align: left;\"><strong><span style=\"color: #808080;\"><span style=\"color: #333333;\">OUSTANDING FINAL DEGREE PROJECTS<\/span><\/span><\/strong><\/h3>\n<p>&nbsp;<\/p>\n<ul style=\"list-style-type: circle;\">\n<li class=\"artifact-title\"><a href=\"https:\/\/idus.us.es\/handle\/11441\/45812\" target=\"_blank\" rel=\"noopener\"><strong><span style=\"font-size: 11pt;\">Architecture for Alzheimer&#8217;s: Residence or Adapted Housing? National and International Experiences<\/span><\/strong><\/a><span style=\"font-size: 12pt;\"><a href=\"https:\/\/idus.us.es\/handle\/11441\/45812\" target=\"_blank\" rel=\"noopener\"><strong><br \/><\/strong>Guadalupe Romero Vergara (2016) <span style=\"color: #00ccff;\">(see)<\/span><\/a><\/span><\/li>\n<\/ul>\n<p>&nbsp;<\/p>\n<ul style=\"list-style-type: circle;\">\n<li class=\"artifact-title\"><span style=\"font-size: 11pt;\"><strong><a title=\"Hacia una arquitectura m\u00e1s saludable, nuevos patrones en la creaci\u00f3n del entorno construido\" href=\"https:\/\/idus.us.es\/handle\/11441\/67645\" target=\"_blank\" rel=\"noopener\">Towards a Healthier Architecture: New Trends in the Design of the Built Environment with a Healthier Architecture<\/a><br \/><\/strong><a title=\"Hacia una arquitectura m\u00e1s saludable, nuevos patrones en la creaci\u00f3n del entorno construido\" href=\"https:\/\/idus.us.es\/handle\/11441\/67645\" target=\"_blank\" rel=\"noopener\">Sergio <\/a><a title=\"Hacia una arquitectura m\u00e1s saludable, nuevos patrones en la creaci\u00f3n del entorno construido\" href=\"https:\/\/idus.us.es\/handle\/11441\/67645\" target=\"_blank\" rel=\"noopener\">Cabalga Li\u00e1\u00f1ez (2017) <\/a><a href=\"https:\/\/idus.us.es\/handle\/11441\/67645\" target=\"_blank\" rel=\"noopener\"><span style=\"color: #00ccff;\">(see)<\/span><\/a><\/span><\/li>\n<\/ul>\n<p>&nbsp;<\/p>\n<ul style=\"list-style-type: circle;\">\n<li class=\"artifact-title\"><span style=\"font-size: 11pt;\"><strong><a title=\"Espacios residenciales para habitantes con Alzh\u00e9imer, una nueva tipolog\u00eda arquitect\u00f3nica\" href=\"https:\/\/idus.us.es\/handle\/11441\/65035\" target=\"_blank\" rel=\"noopener\">Residential Spaces for People with Alzheimer&#8217;s Disease: a New Architectural Typology<\/a><br \/><\/strong><a href=\"https:\/\/idus.us.es\/handle\/11441\/65035\" target=\"_blank\" rel=\"noopener\">Isabel Merino Vacas (2017) <\/a><\/span><span style=\"font-size: 12pt;\"><span style=\"color: #00ccff;\"><a href=\"https:\/\/idus.us.es\/handle\/11441\/65035\" target=\"_blank\" rel=\"noopener\">(see)<\/a><\/span><\/span><\/li>\n<\/ul>\n<p>&nbsp;<\/p>\n<ul style=\"list-style-type: circle;\">\n<li class=\"artifact-title\"><span style=\"font-size: 11pt;\"><a href=\"https:\/\/idus.us.es\/handle\/11441\/79124\" target=\"_blank\" rel=\"noopener\"><strong>Aspectos arquitect\u00f3nicos del antiguo psiqui\u00e1trico de Miraflores, arquitectura y mente<br \/><\/strong>Roc\u00edo Moyano Su\u00e1rez (2018)<\/a> <span style=\"color: #00ccff;\"><a href=\"https:\/\/idus.us.es\/handle\/11441\/79124\" target=\"_blank\" rel=\"noopener\">(see)<\/a><\/span><\/span><\/li>\n<\/ul>\n<p>&nbsp;<\/p>\n<ul style=\"list-style-type: circle;\">\n<li><span style=\"font-size: 11pt;\"><a href=\"https:\/\/idus.us.es\/handle\/11441\/79376\" target=\"_blank\" rel=\"noopener\"><strong>Arquitectura terap\u00e9utica para enfermos de alzheimer, construir espacios<br \/><\/strong>Rosa Escobar Usaba (2019)<\/a> <span style=\"color: #00ccff;\"><a href=\"https:\/\/idus.us.es\/handle\/11441\/79376\" target=\"_blank\" rel=\"noopener\">(see)<\/a><\/span><\/span><\/li>\n<\/ul>\n<p>&nbsp;<\/p>\n<p>&nbsp;<\/p>\n<p>[\/et_pb_text][et_pb_image src=&#8221;https:\/\/grupo.us.es\/hac\/wp-content\/uploads\/2023\/11\/Hacia-una-arquitectura-mas-saludable.jpg&#8221; title_text=&#8221;Hacia una arquitectura m\u00e1s saludable&#8221; url_new_window=&#8221;on&#8221; align_tablet=&#8221;center&#8221; align_phone=&#8221;center&#8221; align_last_edited=&#8221;on|desktop&#8221; _builder_version=&#8221;4.23&#8243; always_center_on_mobile=&#8221;on&#8221; global_colors_info=&#8221;{}&#8221;][\/et_pb_image][\/et_pb_column][\/et_pb_row][et_pb_row column_structure=&#8221;1_3,2_3&#8243; _builder_version=&#8221;4.16&#8243; background_size=&#8221;initial&#8221; background_position=&#8221;top_left&#8221; background_repeat=&#8221;repeat&#8221; global_colors_info=&#8221;{}&#8221;][et_pb_column type=&#8221;1_3&#8243; _builder_version=&#8221;4.16&#8243; custom_padding=&#8221;|||&#8221; global_colors_info=&#8221;{}&#8221; custom_padding__hover=&#8221;|||&#8221;][\/et_pb_column][et_pb_column type=&#8221;2_3&#8243; _builder_version=&#8221;4.16&#8243; custom_padding=&#8221;|||&#8221; global_colors_info=&#8221;{}&#8221; custom_padding__hover=&#8221;|||&#8221;][\/et_pb_column][\/et_pb_row][\/et_pb_section]<\/p>\n","protected":false},"excerpt":{"rendered":"<p>FINAL DEGREE PROJECT THEMATIC LINESduring the academic year 2024-2025 &nbsp; Healthy Architecture: Towards a new Paradigm in the Design and Construction of Buildings (see) &nbsp; Physiological Architectures: contemporary experiences (see) &nbsp; Salutogenesis or buildings and cities as assets for health (see) &nbsp; Neuroarchitecture: the cognitive and emotional influence of space (see) &nbsp; Designing for the [&hellip;]<\/p>\n","protected":false},"author":2,"featured_media":0,"parent":1618,"menu_order":0,"comment_status":"closed","ping_status":"closed","template":"","meta":{"_et_pb_use_builder":"on","_et_pb_old_content":"","_et_gb_content_width":"","wpupg_custom_link":[],"wpupg_custom_link_behaviour":["default"],"wpupg_custom_link_nofollow":["default"],"wpupg_custom_image":[],"wpupg_custom_image_id":[],"footnotes":""},"class_list":["post-5079","page","type-page","status-publish","hentry"],"_links":{"self":[{"href":"https:\/\/grupo.us.es\/hac\/en\/wp-json\/wp\/v2\/pages\/5079","targetHints":{"allow":["GET"]}}],"collection":[{"href":"https:\/\/grupo.us.es\/hac\/en\/wp-json\/wp\/v2\/pages"}],"about":[{"href":"https:\/\/grupo.us.es\/hac\/en\/wp-json\/wp\/v2\/types\/page"}],"author":[{"embeddable":true,"href":"https:\/\/grupo.us.es\/hac\/en\/wp-json\/wp\/v2\/users\/2"}],"replies":[{"embeddable":true,"href":"https:\/\/grupo.us.es\/hac\/en\/wp-json\/wp\/v2\/comments?post=5079"}],"version-history":[{"count":2,"href":"https:\/\/grupo.us.es\/hac\/en\/wp-json\/wp\/v2\/pages\/5079\/revisions"}],"predecessor-version":[{"id":8218,"href":"https:\/\/grupo.us.es\/hac\/en\/wp-json\/wp\/v2\/pages\/5079\/revisions\/8218"}],"up":[{"embeddable":true,"href":"https:\/\/grupo.us.es\/hac\/en\/wp-json\/wp\/v2\/pages\/1618"}],"wp:attachment":[{"href":"https:\/\/grupo.us.es\/hac\/en\/wp-json\/wp\/v2\/media?parent=5079"}],"curies":[{"name":"wp","href":"https:\/\/api.w.org\/{rel}","templated":true}]}}