{"id":4976,"date":"2023-07-10T10:17:42","date_gmt":"2023-07-10T10:17:42","guid":{"rendered":"https:\/\/grupo.us.es\/hac\/?page_id=4976\/"},"modified":"2023-08-09T22:19:43","modified_gmt":"2023-08-09T22:19:43","slug":"contact-us","status":"publish","type":"page","link":"https:\/\/grupo.us.es\/hac\/en\/contact-us\/","title":{"rendered":"CONTACT US"},"content":{"rendered":"<p>[et_pb_section bb_built=&#8221;1&#8243;][et_pb_row _builder_version=&#8221;3.0.89&#8243; background_position=&#8221;top_left&#8221; background_repeat=&#8221;repeat&#8221; background_size=&#8221;initial&#8221;][et_pb_column type=&#8221;4_4&#8243;][et_pb_text _builder_version=&#8221;3.0.89&#8243; background_layout=&#8221;light&#8221;]<\/p>\n<h3 style=\"text-align: center;\"><span style=\"font-size: 18pt;\"><strong>CONTACT WITH US<\/strong><\/span><\/h3>\n<p>[\/et_pb_text][\/et_pb_column][\/et_pb_row][et_pb_row _builder_version=&#8221;3.0.89&#8243; width_unit=&#8221;off&#8221; use_custom_gutter=&#8221;on&#8221; gutter_width=&#8221;2&#8243;][et_pb_column type=&#8221;1_2&#8243;][et_pb_image _builder_version=&#8221;3.0.89&#8243; src=&#8221;https:\/\/grupo.us.es\/hac\/wp-content\/uploads\/2023\/07\/ETSA-Sevilla-2-1.jpg&#8221; show_in_lightbox=&#8221;off&#8221; url_new_window=&#8221;off&#8221; use_overlay=&#8221;off&#8221; always_center_on_mobile=&#8221;on&#8221; force_fullwidth=&#8221;off&#8221; show_bottom_space=&#8221;on&#8221; \/][et_pb_text _builder_version=&#8221;3.0.89&#8243; background_layout=&#8221;light&#8221;]<\/p>\n<h3 style=\"text-align: left;\"><strong>Where we are<\/strong><\/h3>\n<p>[\/et_pb_text][et_pb_image _builder_version=&#8221;3.0.89&#8243; src=&#8221;https:\/\/grupo.us.es\/hac\/wp-content\/uploads\/2023\/06\/universidad-sevilla.png&#8221; show_in_lightbox=&#8221;off&#8221; url_new_window=&#8221;off&#8221; use_overlay=&#8221;off&#8221; always_center_on_mobile=&#8221;on&#8221; force_fullwidth=&#8221;on&#8221; show_bottom_space=&#8221;on&#8221; \/][et_pb_text _builder_version=&#8221;3.0.89&#8243; background_layout=&#8221;light&#8221;]<\/p>\n<p><iframe loading=\"lazy\" style=\"border: 0;\" src=\"https:\/\/www.google.com\/maps\/embed?pb=!1m18!1m12!1m3!1d1585.6089654601287!2d-5.988233460999792!3d37.361019943023194!2m3!1f0!2f0!3f0!3m2!1i1024!2i768!4f13.1!3m3!1m2!1s0xd126c2ba9ac22a5%3A0x87c4bbb322596692!2sEscuela%20T%C3%A9cnica%20Superior%20de%20Arquitectura%20(ETSA)!5e0!3m2!1ses!2ses!4v1688126253830!5m2!1ses!2ses\" width=\"600\" height=\"250\" allowfullscreen=\"allowfullscreen\" data-mce-fragment=\"1\"><\/iframe><\/p>\n<p>[\/et_pb_text][et_pb_divider _builder_version=&#8221;3.0.89&#8243; \/][\/et_pb_column][et_pb_column type=&#8221;1_2&#8243;][et_pb_text _builder_version=&#8221;3.0.89&#8243; background_layout=&#8221;light&#8221; custom_padding=&#8221;5px|||&#8221;]<\/p>\n<p>If you need help or information, do not hesitate to contact us. We will be happy to assist you and advise you on whatever you need.<\/p>\n<p>&nbsp;<\/p>\n<p>[\/et_pb_text][et_pb_contact_form _builder_version=&#8221;3.0.89&#8243; email=&#8221;hac@us.es&#8221; captcha=&#8221;on&#8221; use_redirect=&#8221;off&#8221; custom_button=&#8221;on&#8221; button_icon_placement=&#8221;left&#8221; text_orientation=&#8221;left&#8221; custom_css_before=&#8221;.et_contact_bottom_container {|| float: left !important;||}&#8221;]<\/p>\n<p>[et_pb_contact_field field_title=&#8221;Name&#8221; field_type=&#8221;input&#8221; field_id=&#8221;Name&#8221; required_mark=&#8221;on&#8221; fullwidth_field=&#8221;off&#8221; _builder_version=&#8221;3.0.89&#8243; checkbox_checked=&#8221;off&#8221; checkbox_options=&#8221;%91{%22value%22:%22Nombre%22,%22checked%22:0}%93&#8243; radio_options=&#8221;%91{%22value%22:%22Nombre%22,%22checked%22:0}%93&#8243; select_options=&#8221;%91{%22value%22:%22Nombre%22,%22checked%22:0}%93&#8243; min_length=&#8221;0&#8243; max_length=&#8221;0&#8243; allowed_symbols=&#8221;all&#8221; conditional_logic=&#8221;off&#8221; conditional_logic_relation=&#8221;off&#8221; conditional_logic_rules=&#8221;%91{%22field%22:%22email%22,%22condition%22:%22is%22,%22value%22:%22%22}%93&#8243; use_background_color_gradient=&#8221;off&#8221; background_color_gradient_start=&#8221;#2b87da&#8221; background_color_gradient_end=&#8221;#29c4a9&#8243; background_color_gradient_type=&#8221;linear&#8221; background_color_gradient_direction=&#8221;180deg&#8221; background_color_gradient_direction_radial=&#8221;center&#8221; background_color_gradient_start_position=&#8221;0%&#8221; background_color_gradient_end_position=&#8221;100%&#8221; background_color_gradient_overlays_image=&#8221;off&#8221; parallax=&#8221;off&#8221; parallax_method=&#8221;on&#8221; background_size=&#8221;cover&#8221; background_position=&#8221;center&#8221; background_repeat=&#8221;no-repeat&#8221; background_blend=&#8221;normal&#8221; allow_player_pause=&#8221;off&#8221; \/][et_pb_contact_field field_title=&#8221;Email&#8221; field_type=&#8221;email&#8221; field_id=&#8221;Email&#8221; required_mark=&#8221;on&#8221; fullwidth_field=&#8221;off&#8221; _builder_version=&#8221;3.0.89&#8243; checkbox_checked=&#8221;off&#8221; checkbox_options=&#8221;%91{%22value%22:%22Direcci\u00f3n de correo electr\u00f3nico%22,%22checked%22:0}%93&#8243; radio_options=&#8221;%91{%22value%22:%22Direcci\u00f3n de correo electr\u00f3nico%22,%22checked%22:0}%93&#8243; select_options=&#8221;%91{%22value%22:%22Direcci\u00f3n de correo electr\u00f3nico%22,%22checked%22:0}%93&#8243; min_length=&#8221;0&#8243; max_length=&#8221;0&#8243; allowed_symbols=&#8221;all&#8221; conditional_logic=&#8221;off&#8221; conditional_logic_relation=&#8221;off&#8221; conditional_logic_rules=&#8221;%91{%22field%22:%22name%22,%22condition%22:%22is%22,%22value%22:%22%22}%93&#8243; use_background_color_gradient=&#8221;off&#8221; background_color_gradient_start=&#8221;#2b87da&#8221; background_color_gradient_end=&#8221;#29c4a9&#8243; background_color_gradient_type=&#8221;linear&#8221; background_color_gradient_direction=&#8221;180deg&#8221; background_color_gradient_direction_radial=&#8221;center&#8221; background_color_gradient_start_position=&#8221;0%&#8221; background_color_gradient_end_position=&#8221;100%&#8221; background_color_gradient_overlays_image=&#8221;off&#8221; parallax=&#8221;off&#8221; parallax_method=&#8221;on&#8221; background_size=&#8221;cover&#8221; background_position=&#8221;center&#8221; background_repeat=&#8221;no-repeat&#8221; background_blend=&#8221;normal&#8221; allow_player_pause=&#8221;off&#8221; \/][et_pb_contact_field field_title=&#8221;Message&#8221; field_type=&#8221;text&#8221; field_id=&#8221;Message&#8221; required_mark=&#8221;on&#8221; fullwidth_field=&#8221;on&#8221; _builder_version=&#8221;3.0.89&#8243; checkbox_checked=&#8221;off&#8221; checkbox_options=&#8221;%91{%22value%22:%22Mensaje%22,%22checked%22:0}%93&#8243; radio_options=&#8221;%91{%22value%22:%22Mensaje%22,%22checked%22:0}%93&#8243; select_options=&#8221;%91{%22value%22:%22Mensaje%22,%22checked%22:0}%93&#8243; min_length=&#8221;0&#8243; max_length=&#8221;0&#8243; allowed_symbols=&#8221;all&#8221; conditional_logic=&#8221;off&#8221; conditional_logic_relation=&#8221;off&#8221; conditional_logic_rules=&#8221;%91{%22field%22:%22name%22,%22condition%22:%22is%22,%22value%22:%22%22}%93&#8243; use_background_color_gradient=&#8221;off&#8221; background_color_gradient_start=&#8221;#2b87da&#8221; background_color_gradient_end=&#8221;#29c4a9&#8243; background_color_gradient_type=&#8221;linear&#8221; background_color_gradient_direction=&#8221;180deg&#8221; background_color_gradient_direction_radial=&#8221;center&#8221; background_color_gradient_start_position=&#8221;0%&#8221; background_color_gradient_end_position=&#8221;100%&#8221; background_color_gradient_overlays_image=&#8221;off&#8221; parallax=&#8221;off&#8221; parallax_method=&#8221;on&#8221; background_size=&#8221;cover&#8221; background_position=&#8221;center&#8221; background_repeat=&#8221;no-repeat&#8221; background_blend=&#8221;normal&#8221; allow_player_pause=&#8221;off&#8221; \/][et_pb_contact_field _builder_version=&#8221;3.0.89&#8243; field_id=&#8221;aceptacion&#8221; field_title=&#8221;DATA PROTECTION INFORMATION. Purposes: Respond to your requests and send you information about our products and services, including by email. Legitimation: Consent of the interested party. Recipients: No data transfers are planned. Rights: You can withdraw your consent at any time, as well as access, rectify, delete your data and other rights at hac@us.es.&#8221; field_type=&#8221;checkbox&#8221; checkbox_checked=&#8221;off&#8221; checkbox_options=&#8221;%91{%22value%22:%22Acepto la Pol\u00edtica de Privacidad%22,%22checked%22:0}%93&#8243; radio_options=&#8221;%91{%22value%22:%22%22,%22checked%22:0}%93&#8243; select_options=&#8221;%91{%22value%22:%22%22,%22checked%22:0}%93&#8243; min_length=&#8221;0&#8243; max_length=&#8221;0&#8243; allowed_symbols=&#8221;all&#8221; required_mark=&#8221;on&#8221; conditional_logic=&#8221;off&#8221; conditional_logic_relation=&#8221;off&#8221; conditional_logic_rules=&#8221;%91{%22field%22:%22name%22,%22condition%22:%22is%22,%22value%22:%22%22}%93&#8243; use_background_color_gradient=&#8221;off&#8221; background_color_gradient_start=&#8221;#2b87da&#8221; background_color_gradient_end=&#8221;#29c4a9&#8243; background_color_gradient_type=&#8221;linear&#8221; background_color_gradient_direction=&#8221;180deg&#8221; background_color_gradient_direction_radial=&#8221;center&#8221; background_color_gradient_start_position=&#8221;0%&#8221; background_color_gradient_end_position=&#8221;100%&#8221; background_color_gradient_overlays_image=&#8221;off&#8221; parallax=&#8221;off&#8221; parallax_method=&#8221;on&#8221; background_size=&#8221;cover&#8221; background_position=&#8221;center&#8221; background_repeat=&#8221;no-repeat&#8221; background_blend=&#8221;normal&#8221; allow_player_pause=&#8221;off&#8221; fullwidth_field=&#8221;on&#8221; \/]<\/p>\n<p>[\/et_pb_contact_form][et_pb_text _builder_version=&#8221;3.0.89&#8243; background_layout=&#8221;light&#8221;]<\/p>\n<p><span style=\"color: #333333;\">Additional Information: you can expand the information in <a style=\"color: #333333;\" href=\"\/hac\/home\/politica-de-privacidad\/\">Privacy Policy<\/a><\/span><\/p>\n<p>[\/et_pb_text][\/et_pb_column][\/et_pb_row][\/et_pb_section]<\/p>\n","protected":false},"excerpt":{"rendered":"<p>CONTACT WITH US Where we are If you need help or information, do not hesitate to contact us. We will be happy to assist you and advise you on whatever you need. &nbsp; Additional Information: you can expand the information in Privacy Policy<\/p>\n","protected":false},"author":2,"featured_media":0,"parent":0,"menu_order":0,"comment_status":"closed","ping_status":"closed","template":"","meta":{"_et_pb_use_builder":"on","_et_pb_old_content":"<p>[et_pb_section bb_built=\"1\"][et_pb_row _builder_version=\"3.0.89\" background_position=\"top_left\" background_repeat=\"repeat\" background_size=\"initial\"][et_pb_column type=\"4_4\"][\/et_pb_column][\/et_pb_row][et_pb_row _builder_version=\"3.0.89\" width_unit=\"off\" use_custom_gutter=\"on\" gutter_width=\"2\"][et_pb_column type=\"1_2\"][et_pb_text _builder_version=\"3.0.89\" background_layout=\"light\"]<\/p><h3 style=\"text-align: left;\"><span style=\"font-size: 36pt;\"><strong>Contacta con nosotros<\/strong><\/span><\/h3><p>[\/et_pb_text][et_pb_image _builder_version=\"3.0.89\" src=\"https:\/\/grupo.us.es\/hac\/wp-content\/uploads\/2023\/06\/universidad-sevilla.png\" show_in_lightbox=\"off\" url_new_window=\"off\" use_overlay=\"off\" always_center_on_mobile=\"on\" force_fullwidth=\"on\" show_bottom_space=\"on\" \/][et_pb_text _builder_version=\"3.0.89\" background_layout=\"light\"]<\/p><p><iframe style=\"border: 0;\" src=\"https:\/\/www.google.com\/maps\/embed?pb=!1m18!1m12!1m3!1d1585.6089654601287!2d-5.988233460999792!3d37.361019943023194!2m3!1f0!2f0!3f0!3m2!1i1024!2i768!4f13.1!3m3!1m2!1s0xd126c2ba9ac22a5%3A0x87c4bbb322596692!2sEscuela%20T%C3%A9cnica%20Superior%20de%20Arquitectura%20(ETSA)!5e0!3m2!1ses!2ses!4v1688126253830!5m2!1ses!2ses\" width=\"600\" height=\"450\" allowfullscreen=\"allowfullscreen\" data-mce-fragment=\"1\"><\/iframe><\/p><p>[\/et_pb_text][\/et_pb_column][et_pb_column type=\"1_2\"][et_pb_text _builder_version=\"3.0.89\" background_layout=\"light\" custom_padding=\"5px|||\"]<\/p><p>Si necesitas ayuda o informaci\u00f3n, no dudes en contactar con nosotros. Estaremos encantados de atenderte y asesorarte en lo que necesites.<\/p><p>\u00a0<\/p><p>[\/et_pb_text][et_pb_contact_form _builder_version=\"3.0.89\" email=\"hac@us.es\" captcha=\"on\" use_redirect=\"off\" custom_button=\"on\" button_icon_placement=\"left\" text_orientation=\"left\" custom_css_before=\".et_contact_bottom_container {|| float: left !important;||}\"]<\/p><p>[et_pb_contact_field field_title=\"Nombre\" field_type=\"input\" field_id=\"Name\" required_mark=\"on\" fullwidth_field=\"off\" _builder_version=\"3.0.89\" checkbox_checked=\"off\" checkbox_options=\"%91{%22value%22:%22Nombre%22,%22checked%22:0}%93\" radio_options=\"%91{%22value%22:%22Nombre%22,%22checked%22:0}%93\" select_options=\"%91{%22value%22:%22Nombre%22,%22checked%22:0}%93\" min_length=\"0\" max_length=\"0\" allowed_symbols=\"all\" conditional_logic=\"off\" conditional_logic_relation=\"off\" conditional_logic_rules=\"%91{%22field%22:%22email%22,%22condition%22:%22is%22,%22value%22:%22%22}%93\" use_background_color_gradient=\"off\" background_color_gradient_start=\"#2b87da\" background_color_gradient_end=\"#29c4a9\" background_color_gradient_type=\"linear\" background_color_gradient_direction=\"180deg\" background_color_gradient_direction_radial=\"center\" background_color_gradient_start_position=\"0%\" background_color_gradient_end_position=\"100%\" background_color_gradient_overlays_image=\"off\" parallax=\"off\" parallax_method=\"on\" background_size=\"cover\" background_position=\"center\" background_repeat=\"no-repeat\" background_blend=\"normal\" allow_player_pause=\"off\" \/][et_pb_contact_field field_title=\"Direcci\u00f3n de correo electr\u00f3nico\" field_type=\"email\" field_id=\"Email\" required_mark=\"on\" fullwidth_field=\"off\" _builder_version=\"3.0.89\" \/][et_pb_contact_field field_title=\"Mensaje\" field_type=\"text\" field_id=\"Message\" required_mark=\"on\" fullwidth_field=\"on\" _builder_version=\"3.0.89\" \/][et_pb_contact_field _builder_version=\"3.0.89\" field_id=\"aceptacion\" field_title=\"INFORMACI\u00d3N PROTECCI\u00d3N DE DATOS. Finalidades: Responder a sus solicitudes y remitirle informaci\u00f3n de nuestros productos y servicios, incluso por correo electr\u00f3nico. Legitimaci\u00f3n: Consentimiento del interesado. Destinatarios: No est\u00e1n previstas cesiones de datos. Derechos: Puede retirar su consentimiento en cualquier momento, as\u00ed como acceder, rectificar, suprimir sus datos y dem\u00e1s derechos en hac@us.es.\" field_type=\"checkbox\" checkbox_checked=\"off\" checkbox_options=\"%91{%22value%22:%22Acepto la Pol\u00edtica de Privacidad%22,%22checked%22:0}%93\" radio_options=\"%91{%22value%22:%22%22,%22checked%22:0}%93\" select_options=\"%91{%22value%22:%22%22,%22checked%22:0}%93\" min_length=\"0\" max_length=\"0\" allowed_symbols=\"all\" required_mark=\"on\" conditional_logic=\"off\" conditional_logic_relation=\"off\" conditional_logic_rules=\"%91{%22field%22:%22name%22,%22condition%22:%22is%22,%22value%22:%22%22}%93\" use_background_color_gradient=\"off\" background_color_gradient_start=\"#2b87da\" background_color_gradient_end=\"#29c4a9\" background_color_gradient_type=\"linear\" background_color_gradient_direction=\"180deg\" background_color_gradient_direction_radial=\"center\" background_color_gradient_start_position=\"0%\" background_color_gradient_end_position=\"100%\" background_color_gradient_overlays_image=\"off\" parallax=\"off\" parallax_method=\"on\" background_size=\"cover\" background_position=\"center\" background_repeat=\"no-repeat\" background_blend=\"normal\" allow_player_pause=\"off\" fullwidth_field=\"on\" \/]<\/p><p>[\/et_pb_contact_form][et_pb_text _builder_version=\"3.0.89\" background_layout=\"light\"]<\/p><p><span style=\"color: #333333;\">Informaci\u00f3n Adicional: puede ampliar la informaci\u00f3n en <a style=\"color: #333333;\" href=\"\/hac\/home\/politica-de-privacidad\/\">Pol\u00edtica de Privacidad<\/a><\/span><\/p><p>[\/et_pb_text][\/et_pb_column][\/et_pb_row][\/et_pb_section]<\/p>","_et_gb_content_width":"","wpupg_custom_link":[],"wpupg_custom_link_behaviour":["default"],"wpupg_custom_link_nofollow":[],"wpupg_custom_image":[],"wpupg_custom_image_id":[],"footnotes":""},"class_list":["post-4976","page","type-page","status-publish","hentry"],"_links":{"self":[{"href":"https:\/\/grupo.us.es\/hac\/en\/wp-json\/wp\/v2\/pages\/4976","targetHints":{"allow":["GET"]}}],"collection":[{"href":"https:\/\/grupo.us.es\/hac\/en\/wp-json\/wp\/v2\/pages"}],"about":[{"href":"https:\/\/grupo.us.es\/hac\/en\/wp-json\/wp\/v2\/types\/page"}],"author":[{"embeddable":true,"href":"https:\/\/grupo.us.es\/hac\/en\/wp-json\/wp\/v2\/users\/2"}],"replies":[{"embeddable":true,"href":"https:\/\/grupo.us.es\/hac\/en\/wp-json\/wp\/v2\/comments?post=4976"}],"version-history":[{"count":0,"href":"https:\/\/grupo.us.es\/hac\/en\/wp-json\/wp\/v2\/pages\/4976\/revisions"}],"wp:attachment":[{"href":"https:\/\/grupo.us.es\/hac\/en\/wp-json\/wp\/v2\/media?parent=4976"}],"curies":[{"name":"wp","href":"https:\/\/api.w.org\/{rel}","templated":true}]}}