{"id":4609,"date":"2023-06-16T22:10:58","date_gmt":"2023-06-16T22:10:58","guid":{"rendered":"https:\/\/grupo.us.es\/hac\/?page_id=4609\/"},"modified":"2025-12-08T10:01:03","modified_gmt":"2025-12-08T10:01:03","slug":"thilo-gumbsch","status":"publish","type":"page","link":"https:\/\/grupo.us.es\/hac\/en\/about-us\/thilo-gumbsch\/","title":{"rendered":"Thilo Gumbsch"},"content":{"rendered":"<p>[et_pb_section bb_built=&#8221;1&#8243; _builder_version=&#8221;3.0.89&#8243;][et_pb_row][et_pb_column type=&#8221;1_3&#8243;][et_pb_image _builder_version=&#8221;3.0.89&#8243; src=&#8221;https:\/\/grupo.us.es\/hac\/wp-content\/uploads\/2023\/06\/Thilo-2.jpg&#8221; show_in_lightbox=&#8221;off&#8221; url_new_window=&#8221;off&#8221; use_overlay=&#8221;off&#8221; always_center_on_mobile=&#8221;on&#8221; force_fullwidth=&#8221;off&#8221; show_bottom_space=&#8221;on&#8221; module_class=&#8221;foto-personal&#8221; \/][et_pb_text _builder_version=&#8221;3.0.89&#8243; background_layout=&#8221;light&#8221;]<\/p>\n<h4 style=\"text-align: center;\"><strong>THILO GUMBSCH<\/strong><\/h4>\n<p style=\"text-align: center;\"><strong><em>Architect<\/em><\/strong><\/p>\n<p>[\/et_pb_text][\/et_pb_column][et_pb_column type=&#8221;2_3&#8243;][et_pb_text _builder_version=&#8221;3.0.89&#8243; background_layout=&#8221;light&#8221; module_class=&#8221;texto-personal&#8221;]<\/p>\n<p style=\"font-weight: 400;\">Architect (Dipl.Ing. der Architektur) from the University of Stuttgart (Germany) in 1996. He\u00b4s distinguished with an extraordinary prize (Architekturpreis der Universit\u00e4t Stuttgart) for the Final Degree Project: \u201cBauen im Bestand\u201d. Theater, C\u00e1diz, Spain. Obtained the NDS (PhD) scholarship from the DAAD (Deutscher Akademischer Austauschdienst) 1999-2000. Professor of the Department of Architectural Projects of the E.T.S.A. of Seville since 2000. He achieves the D.E.A. (Research Sufficiency Diploma) from the University of Seville (2013), and since 2016 he is Professor of the MIATD (Master&#8217;s Degree in Innovation in Architecture: Technology and Design) of the E.T.S.A. of Sevilla. He is coordinator of Erasmus exchange agreements with universities in Austria, Italy and Germany. As a visiting professor, he has taught at national and international universities as well as at institutions in Spain, Portugal, Mexico and Germany.<\/p>\n<p style=\"font-weight: 400;\">He has received divers awards and distinctions, national and international, in competitions and for architectural works, research and teaching, among others: he is selected by the CSCAE for the \u201c<em>Green Building Challenge Helsinki 2011 (SB11 HELSINKI)<\/em> receives the <em>Andaluc\u00eda Urban Planning Award<\/em> (PAU) 2018 and receives the European prize for teaching <em>Europ\u00e4ischer Wettbewerb f\u00fcr Lehrprogramme, Armstrong Linoleum Challenge, 2005<\/em>. He has carried out research works from the discipline of architecture on landscape, territory, architecture and settlements: Study research of the Guadalquivir Canal. Study of environmental adaptation of river spaces in the Seville area as new places of the city and territory. Approach to the mechanisms of the territory\u00b4s occupation as structuring element. Rota, city and its coastline.<\/p>\n<p>ORCID iD: <span style=\"color: #808080;\"><a style=\"color: #808080;\" href=\"https:\/\/orcid.org\/0000-0001-5930-9967\" target=\"_blank\" rel=\"noopener\"><strong>0000-0001-5930-9967<\/strong><\/a><\/span><a href=\"https:\/\/orcid.org\/0000-0001-5930-9967\" target=\"_blank\" rel=\"noopener\"><strong>\u00a0 <\/strong><\/a><strong><a href=\"https:\/\/orcid.org\/0000-0001-5930-9967\" target=\"_blank\" rel=\"noopener\"><img loading=\"lazy\" decoding=\"async\" class=\"alignnone wp-image-894\" src=\"https:\/\/grupo.us.es\/hac\/wp-content\/uploads\/2018\/02\/Orcid.png\" sizes=\"(max-width: 28px) 100vw, 28px\" srcset=\"https:\/\/grupo.us.es\/hac\/wp-content\/uploads\/2018\/02\/Orcid.png 225w, https:\/\/grupo.us.es\/hac\/wp-content\/uploads\/2018\/02\/Orcid-150x150.png 150w\" alt=\"\" width=\"28\" height=\"28\" \/><\/a><\/strong><\/p>\n<p>[\/et_pb_text][et_pb_button _builder_version=&#8221;3.0.89&#8243; button_text=&#8221;See scientific output&#8221; button_url=&#8221;https:\/\/investigacion.us.es\/sisius\/sis_showpub.php?idpers=4578&#8243; url_new_window=&#8221;on&#8221; background_layout=&#8221;light&#8221; custom_button=&#8221;on&#8221; button_icon_placement=&#8221;right&#8221; module_class=&#8221;boton-personal&#8221; button_text_size=&#8221;15&#8243; button_text_color=&#8221;#000000&#8243; button_border_width=&#8221;1&#8243; button_border_color=&#8221;#000000&#8243; button_border_radius=&#8221;0&#8243; \/][et_pb_text _builder_version=&#8221;3.0.89&#8243; background_layout=&#8221;light&#8221; module_class=&#8221;texto-personal&#8221;]<\/p>\n<p style=\"font-weight: 400;\">Dipl.Ing. der Architektur der Universit\u00e4t Stuttgart (Deutschland) im Jahr 1996 ausgezeichnet mit dem <em>Architekturpreis der Universit\u00e4t Stuttgart<\/em> f\u00fcr die Diplomarbeit: \u201e<em>Bauen im Bestand\u201c. Theater, C\u00e1diz, Spanien<\/em>. Erhielt von 1999 bis 2000 das NDS-Stipendium des DAAD (Deutscher Akademischer Austauschdienst). Seit 2000 ist er Professor f\u00fcr Entwerfen der E.T.S.A. der Universit\u00e4t Sevilla. Er bekommt die D.E.A. (Diplom der Forschungskompetenz) von der Universit\u00e4t Sevilla (2013) und seit 2016 ist er Professor des MIATD (Master&#8217;s Degree in Innovation in Architecture: Technology and Design) der E.T.S.A. von Sevilla. Er koordiniert mehrere Erasmus-Austauschabkommen mit Universit\u00e4ten in \u00d6sterreich, Italien und Deutschland. Als Gastprofessor hat er an verschiedenen nationalen und internationalen Universit\u00e4ten und Institutionen gelehrt: Spanien, Portugal, Mexiko und Deutschland.<\/p>\n<p style=\"font-weight: 400;\">Er hat nationale und internationale Preise und Auszeichnungen in Wettbewerben und f\u00fcr architektonische Arbeiten, Forschungsarbeiten und Lehrt\u00e4tigkeiten erhalten, unter anderem: ausgew\u00e4hlt von der CSCAE f\u00fcr die \u201eGreen Building Challenge Helsinki 2011 (SB11 HELSINKI)\u201c, erh\u00e4lt den <em>Andaluc\u00eda Urban Planning Award<\/em> (PAU) 2018 und erh\u00e4lt den Europ\u00e4ischen Preis im <em>Europ\u00e4ischer Wettbewerb f\u00fcr Lehrprogramme, Armstrong Linoleum Challenge, 2005<\/em>. Er hat verschiedene Forschungsarbeiten von der Disziplin der Architektur aus bez\u00fcglich Landschaft, Territorium, Architektur und Siedlungen durchgef\u00fchrt: Untersuchung des Guadalquivir-Kanals. Untersuchung der Umweltanpassung von Flussr\u00e4umen im Raum Sevilla als neue Orte der Stadt im Territorium. Ann\u00e4herung an die Mechanismen territorialer Besetzung als strukturierende Elemente. Rota, Stadt und ihre K\u00fcste.<\/p>\n<p>[\/et_pb_text][\/et_pb_column][\/et_pb_row][\/et_pb_section]<\/p>\n","protected":false},"excerpt":{"rendered":"<p><div class=\"et_pb_row et_pb_row_0 et_pb_row_empty\">\n\t\t\t\t\n\t\t\t\t\n\t\t\t\t\n\t\t\t\t\n\t\t\t\t\n\t\t\t<\/div> THILO GUMBSCH Architect Architect (Dipl.Ing. der Architektur) from the University of Stuttgart (Germany) in 1996. He\u00b4s distinguished with an extraordinary prize (Architekturpreis der Universit\u00e4t Stuttgart) for the Final Degree Project: \u201cBauen im Bestand\u201d. Theater, C\u00e1diz, Spain. Obtained the NDS (PhD) scholarship from the DAAD (Deutscher Akademischer Austauschdienst) 1999-2000. Professor of the Department of Architectural [&hellip;]<\/p>\n","protected":false},"author":2,"featured_media":0,"parent":4642,"menu_order":0,"comment_status":"closed","ping_status":"closed","template":"","meta":{"_et_pb_use_builder":"on","_et_pb_old_content":"<p style=\"font-weight: 400;\">Architect (Dipl.Ing. der Architektur) from the University of Stuttgart (Germany) in 1996. He\u00b4s distinguished with an extraordinary prize (Architekturpreis der Universit\u00e4t Stuttgart) for the Final Degree Project: \u201cBauen im Bestand\u201d. Theater, C\u00e1diz, Spain. Obtained the NDS (PhD) scholarship from the DAAD (Deutscher Akademischer Austauschdienst) 1999-2000. Professor of the Department of Architectural Projects of the E.T.S.A. of Seville since 2000. He achieves the D.E.A. (Research Sufficiency Diploma) from the University of Seville (2013), and since 2016 he is Professor of the MIATD (Master's Degree in Innovation in Architecture: Technology and Design) of the E.T.S.A. of Sevilla. He is coordinator of Erasmus exchange agreements with universities in Austria, Italy and Germany. As a visiting professor, he has taught at national and international universities as well as at institutions in Spain, Portugal, Mexico and Germany.<\/p><p style=\"font-weight: 400;\">He has received divers awards and distinctions, national and international, in competitions and for architectural works, research and teaching, among others: he is selected by the CSCAE for the \u201c<em>Green Building Challenge Helsinki 2011 (SB11 HELSINKI)<\/em> receives the <em>Andaluc\u00eda Urban Planning Award<\/em> (PAU) 2018 and receives the European prize for teaching <em>Europ\u00e4ischer Wettbewerb f\u00fcr Lehrprogramme, Armstrong Linoleum Challenge, 2005<\/em>. He has carried out research works from the discipline of architecture on landscape, territory, architecture and settlements: Study research of the Guadalquivir Canal. Study of environmental adaptation of river spaces in the Seville area as new places of the city and territory. Approach to the mechanisms of the territory\u00b4s occupation as structuring element. Rota, city and its coastline.<\/p>","_et_gb_content_width":"","wpupg_custom_link":[],"wpupg_custom_link_behaviour":["default"],"wpupg_custom_link_nofollow":[],"wpupg_custom_image":[],"wpupg_custom_image_id":[],"footnotes":""},"class_list":["post-4609","page","type-page","status-publish","hentry"],"_links":{"self":[{"href":"https:\/\/grupo.us.es\/hac\/en\/wp-json\/wp\/v2\/pages\/4609","targetHints":{"allow":["GET"]}}],"collection":[{"href":"https:\/\/grupo.us.es\/hac\/en\/wp-json\/wp\/v2\/pages"}],"about":[{"href":"https:\/\/grupo.us.es\/hac\/en\/wp-json\/wp\/v2\/types\/page"}],"author":[{"embeddable":true,"href":"https:\/\/grupo.us.es\/hac\/en\/wp-json\/wp\/v2\/users\/2"}],"replies":[{"embeddable":true,"href":"https:\/\/grupo.us.es\/hac\/en\/wp-json\/wp\/v2\/comments?post=4609"}],"version-history":[{"count":1,"href":"https:\/\/grupo.us.es\/hac\/en\/wp-json\/wp\/v2\/pages\/4609\/revisions"}],"predecessor-version":[{"id":10060,"href":"https:\/\/grupo.us.es\/hac\/en\/wp-json\/wp\/v2\/pages\/4609\/revisions\/10060"}],"up":[{"embeddable":true,"href":"https:\/\/grupo.us.es\/hac\/en\/wp-json\/wp\/v2\/pages\/4642"}],"wp:attachment":[{"href":"https:\/\/grupo.us.es\/hac\/en\/wp-json\/wp\/v2\/media?parent=4609"}],"curies":[{"name":"wp","href":"https:\/\/api.w.org\/{rel}","templated":true}]}}