{"id":1624,"date":"2018-03-20T15:28:24","date_gmt":"2018-03-20T15:28:24","guid":{"rendered":"http:\/\/grupo.us.es\/hac\/?page_id=1624\/"},"modified":"2023-09-03T17:07:41","modified_gmt":"2023-09-03T17:07:41","slug":"do-you-want-to-research","status":"publish","type":"page","link":"https:\/\/grupo.us.es\/hac\/en\/grow-with-us\/do-you-want-to-research\/","title":{"rendered":"Do you want to research?"},"content":{"rendered":"<p>[et_pb_section bb_built=&#8221;1&#8243;][et_pb_row _builder_version=&#8221;3.0.89&#8243;][et_pb_column type=&#8221;4_4&#8243;][et_pb_text _builder_version=&#8221;3.0.89&#8243; background_layout=&#8221;light&#8221;]<\/p>\n<p>&nbsp;<\/p>\n<h3 style=\"text-align: center;\"><b>DO YOU WANT TO RESEARCH?<\/b><\/h3>\n<p>[\/et_pb_text][\/et_pb_column][\/et_pb_row][et_pb_row _builder_version=&#8221;3.0.89&#8243; width_unit=&#8221;off&#8221; use_custom_gutter=&#8221;on&#8221; gutter_width=&#8221;2&#8243;][et_pb_column type=&#8221;4_4&#8243;][et_pb_text _builder_version=&#8221;3.0.89&#8243; background_layout=&#8221;light&#8221;]<\/p>\n<p style=\"text-align: justify;\">If you are curious and like researching, you can get involved in our research and gain experience and training. We will advise you about your possible paths and specialisations after you complete your undergraduate studies. If you are interested, we will guide you through the steps you need to take in order to undertake postgraduate and specialised studies, which are fundamental for having a <strong>specialised added value<\/strong> to achieve better <strong>employability<\/strong> in an increasingly demanding and competitive society. To start researching, you must find a research group related to your interests, get in touch with its leaders, and study the best way to start collaborating to grow and advance as quickly as possible. Below, we offer a series of links where you can check out the research structure at the University of Seville, its research groups, those of its architecture school, and those of the Architectural Design Department:<\/p>\n<p>&nbsp;<\/p>\n<p style=\"text-align: center;\"><span style=\"font-size: 14pt;\"><strong><a href=\"https:\/\/grupo.us.es\/hac\/en\/grow-with-us\/final-degree-project\/\" target=\"_blank\" rel=\"noopener\">Final Degree Project<\/a> \u00a0 \u00a0\u00a0 I \u00a0 \u00a0 \u00a0 <a href=\"https:\/\/grupo.us.es\/hac\/en\/grow-with-us\/masters\/\" target=\"_blank\" rel=\"noopener\">Graduate Programmes<\/a> \u00a0 \u00a0\u00a0 I \u00a0 \u00a0 \u00a0 <a href=\"https:\/\/grupo.us.es\/hac\/en\/grow-with-us\/doctorate-studies\/\" target=\"_blank\" rel=\"noopener\">Doctorate Studies<\/a> \u00a0 \u00a0\u00a0 I \u00a0 \u00a0 \u00a0 <a href=\"https:\/\/grupo.us.es\/hac\/en\/grow-with-us\/support-for-researchers\/\" target=\"_blank\" rel=\"noopener\">Support for researchers<\/a><\/strong><\/span><\/p>\n<p>&nbsp;<\/p>\n<p>[\/et_pb_text][\/et_pb_column][\/et_pb_row][et_pb_row _builder_version=&#8221;3.0.89&#8243; width_unit=&#8221;off&#8221; use_custom_gutter=&#8221;on&#8221; gutter_width=&#8221;2&#8243;][et_pb_column type=&#8221;1_2&#8243;][et_pb_text _builder_version=&#8221;3.0.89&#8243; background_layout=&#8221;light&#8221; custom_padding=&#8221;30px|||&#8221;]<\/p>\n<p>Below we offer you a series of links where you can consult the research structure of the University of Seville, its research groups, those of its School of Architecture and those of the Department of Architectural Design:<\/p>\n<p>&nbsp;<\/p>\n<p><span style=\"color: #333333;\"><a style=\"color: #333333;\" href=\"https:\/\/investigacion.us.es\/\"><b>Vice-chancellorship for Research at the University of Seville<\/b><\/a><\/span><\/p>\n<p><span style=\"color: #333333;\"><a style=\"color: #333333;\" href=\"https:\/\/investigacion.us.es\/secretariado-investigacion\/plan-propio\"><b>Research Plan at University of Seville<\/b><\/a><\/span><\/p>\n<p><span style=\"color: #333333;\"><b style=\"color: #333333;\"><a style=\"color: #333333;\" href=\"https:\/\/investigacion.us.es\/sisius\/grupo\/TEP965\">Healthy Architecture &amp; City Research Group<\/a><\/b><\/span><a style=\"color: #333333;\" href=\"https:\/\/investigacion.us.es\/sisius\/grupo\/TEP965\"><b> (TEP-965)<\/b><\/a><\/p>\n<p><span style=\"color: #333333;\"><a style=\"color: #333333;\" href=\"https:\/\/investigacion.us.es\/sisius\/sisius.php?en=6&amp;text2search=TEP\"><b>Research Groups in the field of Production Technology (TEP) <\/b><\/a><\/span><\/p>\n<p><span style=\"color: #333333;\"><a style=\"color: #333333;\" href=\"https:\/\/investigacion.us.es\/investigacion\/sisius\/grupos\"><b>University of Seville Research Groups<\/b><\/a><\/span><\/p>\n<p><span style=\"color: #333333;\"><a style=\"color: #333333;\" href=\"https:\/\/investigacion.us.es\/sisius\/sis_depgrupos.php?seltext=104&amp;selfield=IdDpto\"><b>Research Groups of Department of Architectural Design at School of Architecture<\/b><\/a><\/span><\/p>\n<p><span style=\"color: #333333;\"><span style=\"font-weight: 400;\">\u200b<\/span><a style=\"color: #333333;\" href=\"http:\/\/www.iucc.us.es\/index.php\/es\/\"><b>IUACC (University Institute of Architecture and Construction Sciences)<\/b><\/a><\/span><\/p>\n<p>&nbsp;<\/p>\n<p>[\/et_pb_text][\/et_pb_column][et_pb_column type=&#8221;1_2&#8243;][et_pb_divider _builder_version=&#8221;3.0.89&#8243; \/][et_pb_image _builder_version=&#8221;3.0.89&#8243; src=&#8221;http:\/\/grupo.us.es\/hac\/wp-content\/uploads\/2018\/03\/Crece-con-nosotros-1.jpg&#8221; show_in_lightbox=&#8221;off&#8221; url_new_window=&#8221;off&#8221; use_overlay=&#8221;off&#8221; always_center_on_mobile=&#8221;on&#8221; force_fullwidth=&#8221;on&#8221; show_bottom_space=&#8221;off&#8221; align=&#8221;right&#8221; max_width=&#8221;90%&#8221; module_alignment=&#8221;right&#8221; custom_padding=&#8221;||25px|&#8221; \/][\/et_pb_column][\/et_pb_row][et_pb_row][et_pb_column type=&#8221;4_4&#8243;][et_pb_text _builder_version=&#8221;3.0.89&#8243; background_layout=&#8221;light&#8221;]<\/p>\n<p>&nbsp;<\/p>\n<h1 style=\"text-align: center;\"><a href=\"https:\/\/grupo.us.es\/hac\/en\/grow-with-us\/\"><span style=\"font-size: 52pt;\">\u00ab<\/span><\/a><\/h1>\n<p>&nbsp;<\/p>\n<p>[\/et_pb_text][\/et_pb_column][\/et_pb_row][\/et_pb_section]<\/p>\n","protected":false},"excerpt":{"rendered":"<p>&nbsp; DO YOU WANT TO RESEARCH? If you are curious and like researching, you can get involved in our research and gain experience and training. We will advise you about your possible paths and specialisations after you complete your undergraduate studies. If you are interested, we will guide you through the steps you need to [&hellip;]<\/p>\n","protected":false},"author":2,"featured_media":0,"parent":1618,"menu_order":0,"comment_status":"closed","ping_status":"closed","template":"","meta":{"_et_pb_use_builder":"on","_et_pb_old_content":"<p>[et_pb_section bb_built=\"1\"][et_pb_row _builder_version=\"3.0.89\"][et_pb_column type=\"4_4\"][et_pb_text _builder_version=\"3.0.89\" background_layout=\"light\"]<\/p><h3 style=\"text-align: center;\"><strong>\u00bfQUIERES INVESTIGAR?<\/strong><\/h3><p>[\/et_pb_text][\/et_pb_column][\/et_pb_row][et_pb_row _builder_version=\"3.0.89\" width_unit=\"off\" use_custom_gutter=\"on\" gutter_width=\"2\"][et_pb_column type=\"4_4\"][et_pb_text _builder_version=\"3.0.89\" background_layout=\"light\"]<\/p><p class=\"font_8\" style=\"text-align: justify;\">Si eres curioso y te gusta investigar te puedes integrar en las investigaciones que realizamos, obtener experiencia y formaci\u00f3n.\u00a0Te asesoramos sobre posibles caminos y especializaciones tras terminar tus estudios de grado. Si te interesa, te guiamos sobre los pasos a dar para realizar estudios de posgrado y especializaci\u00f3n, fundamentales para tener un\u00a0<strong>valor a\u00f1adido especializado<\/strong>, con el que alcanzar una mayor\u00a0<strong>empleabilidad<\/strong>\u00a0en una sociedad cada d\u00eda m\u00e1s exigente y competitiva. Para comenzar a investigar deber\u00e1s buscar un grupo de investigaci\u00f3n af\u00edn a tus intereses, ponerte en contacto con sus responsables y estudiar la mejor manera de comenzar a colaborar de manera que puedas crecer y promover lo m\u00e1s r\u00e1pidamente posible<\/p><p class=\"font_8\" style=\"text-align: justify;\">A continuaci\u00f3n te ofrecemos una serie de enlaces donde podr\u00e1s consultar la estructura de investigaci\u00f3n de la Universidad de Sevilla, sus grupos de investigaci\u00f3n, los\u00a0 de su Escuela de Arquitectura y los del Departamento de Proyectos Arquitect\u00f3nicos:<\/p><p>\u00a0<\/p><p>[\/et_pb_text][\/et_pb_column][\/et_pb_row][et_pb_row _builder_version=\"3.0.89\" width_unit=\"off\" use_custom_gutter=\"on\" gutter_width=\"2\"][et_pb_column type=\"1_2\"][et_pb_text _builder_version=\"3.0.89\" background_layout=\"light\" custom_padding=\"30px|||\"]<\/p><p><span style=\"color: #333333;\"><strong><a style=\"color: #333333;\" href=\"https:\/\/investigacion.us.es\/\">Vicerrectorado de Investigaci\u00f3n de la Universidad de Sevilla<br \/> <\/a><\/strong><\/span><\/p><p><a href=\"https:\/\/investigacion.us.es\/secretariado-investigacion\/plan-propio\"><strong><span style=\"color: #808080;\"><span style=\"color: #333333;\">Plan Propio de Investigaci\u00f3n de la US<br \/> <\/span><\/span><\/strong><\/a><\/p><p><span style=\"color: #333333;\"><a style=\"color: #333333;\" href=\"https:\/\/investigacion.us.es\/sisius\/grupo\/TEP965\" target=\"_blank\" rel=\"noopener\"><strong>Grupo de Investigaci\u00f3n Healthy Architecture & City (TEP-965)<br \/> <\/strong><\/a><\/span><\/p><p><span style=\"color: #333333;\"><strong><a style=\"color: #333333;\" href=\"https:\/\/investigacion.us.es\/sisius\/sisius.php?en=6&text2search=TEP\">Grupos de Investigaci\u00f3n del \u00e1rea de Tecnolog\u00eda de la Producci\u00f3n (TEP)<br \/> <\/a><\/strong><\/span><\/p><p><span style=\"color: #333333;\"><strong><a style=\"color: #333333;\" href=\"https:\/\/investigacion.us.es\/investigacion\/sisius\/grupos\">Grupos de Investigaci\u00f3n de la Universidad de Sevilla<br \/> <\/a><\/strong><\/span><\/p><p><a href=\"https:\/\/investigacion.us.es\/sisius\/sis_depgrupos.php?seltext=104&selfield=IdDpto\"><strong><span style=\"color: #333333;\">Grupos de Investigaci\u00f3n Dpto. de Proyectos Arq. de la E.T.S. Arquitectura<br \/> <\/span><\/strong><\/a><\/p><p class=\"font_8\"><span class=\"wixGuard\">\u200b<\/span><strong style=\"color: #333333;\"><a style=\"color: #333333;\" href=\"http:\/\/www.iucc.us.es\/index.php\/es\/\" target=\"_blank\" rel=\"noopener\" data-content=\"http:\/\/www.iucc.us.es\/index.php\/es\/\" data-type=\"external\">IUACC (Instituto Univ. de Arquitectura y Ciencias de la Construcci\u00f3n)<\/a><\/strong><\/p><p>[\/et_pb_text][\/et_pb_column][et_pb_column type=\"1_2\"][et_pb_image _builder_version=\"3.0.89\" src=\"http:\/\/grupo.us.es\/hac\/wp-content\/uploads\/2018\/03\/Crece-con-nosotros-1.jpg\" show_in_lightbox=\"off\" url_new_window=\"off\" use_overlay=\"off\" always_center_on_mobile=\"on\" force_fullwidth=\"on\" show_bottom_space=\"off\" align=\"right\" max_width=\"90%\" module_alignment=\"right\" custom_padding=\"||25px|\" \/][\/et_pb_column][\/et_pb_row][et_pb_row][et_pb_column type=\"4_4\"][et_pb_text _builder_version=\"3.0.89\" background_layout=\"light\"]<\/p><h1 style=\"text-align: center;\"><a href=\"http:\/\/grupo.us.es\/hac\/crece-con-nosotros\/\"><span style=\"font-size: 52pt;\">\u00ab<\/span><\/a><\/h1><p>[\/et_pb_text][\/et_pb_column][\/et_pb_row][\/et_pb_section]<\/p>","_et_gb_content_width":"","wpupg_custom_link":[],"wpupg_custom_link_behaviour":["default"],"wpupg_custom_link_nofollow":[],"wpupg_custom_image":[],"wpupg_custom_image_id":[],"footnotes":""},"class_list":["post-1624","page","type-page","status-publish","hentry"],"_links":{"self":[{"href":"https:\/\/grupo.us.es\/hac\/en\/wp-json\/wp\/v2\/pages\/1624","targetHints":{"allow":["GET"]}}],"collection":[{"href":"https:\/\/grupo.us.es\/hac\/en\/wp-json\/wp\/v2\/pages"}],"about":[{"href":"https:\/\/grupo.us.es\/hac\/en\/wp-json\/wp\/v2\/types\/page"}],"author":[{"embeddable":true,"href":"https:\/\/grupo.us.es\/hac\/en\/wp-json\/wp\/v2\/users\/2"}],"replies":[{"embeddable":true,"href":"https:\/\/grupo.us.es\/hac\/en\/wp-json\/wp\/v2\/comments?post=1624"}],"version-history":[{"count":0,"href":"https:\/\/grupo.us.es\/hac\/en\/wp-json\/wp\/v2\/pages\/1624\/revisions"}],"up":[{"embeddable":true,"href":"https:\/\/grupo.us.es\/hac\/en\/wp-json\/wp\/v2\/pages\/1618"}],"wp:attachment":[{"href":"https:\/\/grupo.us.es\/hac\/en\/wp-json\/wp\/v2\/media?parent=1624"}],"curies":[{"name":"wp","href":"https:\/\/api.w.org\/{rel}","templated":true}]}}